{"id":13706,"date":"2024-03-12T07:16:38","date_gmt":"2024-03-12T07:16:38","guid":{"rendered":"https:\/\/www.paytec.eu\/produktrueckgabeantrag\/"},"modified":"2024-03-12T10:40:29","modified_gmt":"2024-03-12T10:40:29","slug":"produktrueckgabeantrag","status":"publish","type":"page","link":"https:\/\/www.paytec.eu\/de\/produktrueckgabeantrag\/","title":{"rendered":"Produktr\u00fcckgabeantrag"},"content":{"rendered":"<p>[vc_row css_animation=&#8220;&#8220; row_type=&#8220;row&#8220; use_row_as_full_screen_section=&#8220;no&#8220; type=&#8220;grid&#8220; angled_section=&#8220;no&#8220; text_align=&#8220;left&#8220; background_image_as_pattern=&#8220;without_pattern&#8220; z_index=&#8220;&#8220;][vc_column][vc_column_text]<\/p>\n<h2 style=\"text-align: center;\" data-mce-style=\"text-align: center;\">PRODUKTR\u00dcCKGABEANFRAGE<\/h2>\n<p>[\/vc_column_text][vc_column_text]<\/p>\n<p style=\"text-align: left;\">Haben Sie bei Ihrer Bestellung ein Fehler gemacht und m\u00f6chten Sie ein Produkt zur\u00fcckgeben? F\u00fcllen Sie das untenstehende Formular aus, um eine R\u00fccksendegenehmigung anzufordern, und <strong>warten Sie auf die Antwort<\/strong> unseres Verkaufsb\u00fcros, bevor Sie die Produkte versenden.<\/p>\n<p style=\"text-align: left;\">In der Zwischenzeit erinnern wir Sie an die Bestimmungen von Artikel 6 unserer Allgemeinen Verkaufsbedingungen:<\/p>\n<p style=\"text-align: left;\"><em>6.1 Nach Ablauf von 12 (zw\u00f6lf) Monaten ab dem Datum der Lieferung der Produkte an den Kunden wird Paytec kein R\u00fcckgabeverfahren oder keine R\u00fcckgabeanfrage mehr in Betracht ziehen.<\/em><br \/>\n<em>6.2 <strong>R\u00fccksendungen m\u00fcssen zuvor von Paytec \u00fcberpr\u00fcft, vereinbart und schriftlich genehmigt werden<\/strong> und m\u00fcssen Paytec innerhalb von 30 (drei\u00dfig) Tagen nach der Genehmigung erreichen. Bei Ablauf dieser Frist erlischt jegliche R\u00fcckgabevereinbarung oder Genehmigung.<br \/>\n6.3 S\u00e4mtliche Kosten f\u00fcr die R\u00fccksendung von Produkten liegen ausschlie\u00dflich in der Verantwortung des Kunden.<\/em><\/p>\n<p>[\/vc_column_text][vc_separator type=&#8220;normal&#8220;]<div role=\"form\" class=\"wpcf7\" id=\"wpcf7-f12370-o1\" lang=\"it-IT\" dir=\"ltr\">\n<div class=\"screen-reader-response\"><p role=\"status\" aria-live=\"polite\" aria-atomic=\"true\"><\/p> <ul><\/ul><\/div>\n<form action=\"\/de\/wp-json\/wp\/v2\/pages\/13706#wpcf7-f12370-o1\" method=\"post\" class=\"wpcf7-form init cf7_custom_style_1\" novalidate=\"novalidate\" data-status=\"init\">\n<div style=\"display: none;\">\n<input type=\"hidden\" name=\"_wpcf7\" value=\"12370\" \/>\n<input type=\"hidden\" name=\"_wpcf7_version\" value=\"5.5.3\" \/>\n<input type=\"hidden\" name=\"_wpcf7_locale\" value=\"it_IT\" \/>\n<input type=\"hidden\" name=\"_wpcf7_unit_tag\" value=\"wpcf7-f12370-o1\" \/>\n<input type=\"hidden\" name=\"_wpcf7_container_post\" value=\"0\" \/>\n<input type=\"hidden\" name=\"_wpcf7_posted_data_hash\" value=\"\" \/>\n<input type=\"hidden\" name=\"_wpcf7_recaptcha_response\" value=\"\" \/>\n<\/div>\n<div class=\"vc_row\">\n<div class=\"vc_col-md-12\">\n<div class=\"wpcf7-response-output\" aria-hidden=\"true\"><\/div>\n<\/div>\n<\/div>\n<div class=\"vc_row\">\n<div class=\"vc_col-md-6\"><span class=\"wpcf7-form-control-wrap ragsoc\"><input type=\"text\" name=\"ragsoc\" value=\"\" size=\"40\" class=\"wpcf7-form-control wpcf7-text wpcf7-validates-as-required\" aria-required=\"true\" aria-invalid=\"false\" placeholder=\"Ragione Sociale*\" \/><\/span><\/div>\n<div class=\"vc_col-md-6\"><span class=\"wpcf7-form-control-wrap nome\"><input type=\"text\" name=\"nome\" value=\"\" size=\"40\" class=\"wpcf7-form-control wpcf7-text wpcf7-validates-as-required\" aria-required=\"true\" aria-invalid=\"false\" placeholder=\"Nome Referente*\" \/><\/span><\/div>\n<\/div>\n<div class=\"vc_row\">\n<div class=\"vc_col-md-6\"><span class=\"wpcf7-form-control-wrap email\"><input type=\"email\" name=\"email\" value=\"\" size=\"40\" class=\"wpcf7-form-control wpcf7-text wpcf7-email wpcf7-validates-as-required wpcf7-validates-as-email\" aria-required=\"true\" aria-invalid=\"false\" placeholder=\"Email*\" \/><\/span><\/div>\n<div class=\"vc_col-md-6\"><span class=\"wpcf7-form-control-wrap tel\"><input type=\"tel\" name=\"tel\" value=\"\" size=\"40\" class=\"wpcf7-form-control wpcf7-text wpcf7-tel wpcf7-validates-as-required wpcf7-validates-as-tel\" aria-required=\"true\" aria-invalid=\"false\" placeholder=\"Telefono*\" \/><\/span><\/div>\n<\/div>\n<div class=\"vc_row\">\n<div class=\"vc_col-md-12\">\n<h4>Prodotti da rendere<\/h4>\n<\/div>\n<\/div>\n<p><span class=\"wpcf7-form-control-wrap NomeProd\"><textarea name=\"NomeProd\" cols=\"40\" rows=\"10\" class=\"wpcf7-form-control wpcf7-textarea\" aria-invalid=\"false\" placeholder=\"Nome Prodotto\"><\/textarea><\/span><br \/>\nMotivo reso:<br \/>\n<span class=\"wpcf7-form-control-wrap breveDes\"><textarea name=\"breveDes\" cols=\"40\" rows=\"10\" class=\"wpcf7-form-control wpcf7-textarea\" aria-invalid=\"false\" placeholder=\"Breve Descrizione\"><\/textarea><\/span>\n<\/p><\/div>\n<\/div>\n<div class=\"vc_col-md-12\"><span class=\"wpcf7-form-control-wrap acceptance-475\"><span class=\"wpcf7-form-control wpcf7-acceptance\"><span class=\"wpcf7-list-item\"><input type=\"checkbox\" name=\"acceptance-475\" value=\"1\" aria-invalid=\"false\" \/><\/span><\/span><\/span> <span style=\"font-size:12px;\">Ho letto la <a href=\"?page_id=20\">Privacy Policy<\/a> e acconsento al trattamento dei dati personali.<\/span><\/div>\n<div class=\"vc_row\">\n<div class=\"vc_col-md-12\"><input type=\"submit\" value=\"Invia\" class=\"wpcf7-form-control has-spinner wpcf7-submit\" \/><\/div>\n<\/div>\n<input type='hidden' class='wpcf7-pum' value='{\"closepopup\":false,\"closedelay\":0,\"openpopup\":false,\"openpopup_id\":0}' \/><\/form><\/div>[\/vc_column][\/vc_row]<\/p>\n","protected":false},"excerpt":{"rendered":"<p>[vc_row css_animation=&#8220;&#8220; row_type=&#8220;row&#8220; use_row_as_full_screen_section=&#8220;no&#8220; type=&#8220;grid&#8220; angled_section=&#8220;no&#8220; text_align=&#8220;left&#8220; background_image_as_pattern=&#8220;without_pattern&#8220; z_index=&#8220;&#8220;][vc_column][vc_column_text] PRODUKTR\u00dcCKGABEANFRAGE [\/vc_column_text][vc_column_text] Haben Sie bei Ihrer Bestellung ein Fehler gemacht und m\u00f6chten Sie ein Produkt zur\u00fcckgeben? F\u00fcllen Sie das untenstehende Formular aus, um eine R\u00fccksendegenehmigung anzufordern, und warten Sie auf die Antwort unseres Verkaufsb\u00fcros, bevor Sie&#8230;<\/p>\n","protected":false},"author":3,"featured_media":0,"parent":0,"menu_order":0,"comment_status":"closed","ping_status":"closed","template":"full_width.php","meta":{"footnotes":""},"class_list":["post-13706","page","type-page","status-publish","hentry"],"acf":[],"yoast_head":"<!-- This site is optimized with the Yoast SEO plugin v21.1 - https:\/\/yoast.com\/wordpress\/plugins\/seo\/ -->\n<title>Produktr\u00fcckgabeantrag - Paytec<\/title>\n<meta name=\"robots\" content=\"index, follow, max-snippet:-1, max-image-preview:large, max-video-preview:-1\" \/>\n<link rel=\"canonical\" href=\"https:\/\/www.paytec.eu\/richiesta-di-reso-prodotto\/\" \/>\n<meta property=\"og:locale\" content=\"de_DE\" \/>\n<meta property=\"og:type\" content=\"article\" \/>\n<meta property=\"og:title\" content=\"Produktr\u00fcckgabeantrag - Paytec\" \/>\n<meta property=\"og:description\" content=\"[vc_row css_animation=&#8220;&#8220; row_type=&#8220;row&#8220; use_row_as_full_screen_section=&#8220;no&#8220; type=&#8220;grid&#8220; angled_section=&#8220;no&#8220; text_align=&#8220;left&#8220; background_image_as_pattern=&#8220;without_pattern&#8220; z_index=&#8220;&#8220;][vc_column][vc_column_text] PRODUKTR\u00dcCKGABEANFRAGE [\/vc_column_text][vc_column_text] Haben Sie bei Ihrer Bestellung ein Fehler gemacht und m\u00f6chten Sie ein Produkt zur\u00fcckgeben? F\u00fcllen Sie das untenstehende Formular aus, um eine R\u00fccksendegenehmigung anzufordern, und warten Sie auf die Antwort unseres Verkaufsb\u00fcros, bevor Sie...\" \/>\n<meta property=\"og:url\" content=\"https:\/\/www.paytec.eu\/richiesta-di-reso-prodotto\/\" \/>\n<meta property=\"og:site_name\" content=\"Paytec\" \/>\n<meta property=\"article:modified_time\" content=\"2024-03-12T10:40:29+00:00\" \/>\n<meta name=\"twitter:card\" content=\"summary_large_image\" \/>\n<meta name=\"twitter:label1\" content=\"Gesch\u00e4tzte Lesezeit\" \/>\n\t<meta name=\"twitter:data1\" content=\"1\u00a0Minute\" \/>\n<script type=\"application\/ld+json\" class=\"yoast-schema-graph\">{\"@context\":\"https:\/\/schema.org\",\"@graph\":[{\"@type\":\"WebPage\",\"@id\":\"https:\/\/www.paytec.eu\/richiesta-di-reso-prodotto\/\",\"url\":\"https:\/\/www.paytec.eu\/richiesta-di-reso-prodotto\/\",\"name\":\"Produktr\u00fcckgabeantrag - Paytec\",\"isPartOf\":{\"@id\":\"https:\/\/www.paytec.eu\/#website\"},\"datePublished\":\"2024-03-12T07:16:38+00:00\",\"dateModified\":\"2024-03-12T10:40:29+00:00\",\"breadcrumb\":{\"@id\":\"https:\/\/www.paytec.eu\/richiesta-di-reso-prodotto\/#breadcrumb\"},\"inLanguage\":\"de\",\"potentialAction\":[{\"@type\":\"ReadAction\",\"target\":[\"https:\/\/www.paytec.eu\/richiesta-di-reso-prodotto\/\"]}]},{\"@type\":\"BreadcrumbList\",\"@id\":\"https:\/\/www.paytec.eu\/richiesta-di-reso-prodotto\/#breadcrumb\",\"itemListElement\":[{\"@type\":\"ListItem\",\"position\":1,\"name\":\"Home\",\"item\":\"https:\/\/www.paytec.eu\/de\/\"},{\"@type\":\"ListItem\",\"position\":2,\"name\":\"Produktr\u00fcckgabeantrag\"}]},{\"@type\":\"WebSite\",\"@id\":\"https:\/\/www.paytec.eu\/#website\",\"url\":\"https:\/\/www.paytec.eu\/\",\"name\":\"Paytec\",\"description\":\"Smart Payments for Vending\",\"potentialAction\":[{\"@type\":\"SearchAction\",\"target\":{\"@type\":\"EntryPoint\",\"urlTemplate\":\"https:\/\/www.paytec.eu\/?s={search_term_string}\"},\"query-input\":\"required name=search_term_string\"}],\"inLanguage\":\"de\"}]}<\/script>\n<!-- \/ Yoast SEO plugin. -->","yoast_head_json":{"title":"Produktr\u00fcckgabeantrag - Paytec","robots":{"index":"index","follow":"follow","max-snippet":"max-snippet:-1","max-image-preview":"max-image-preview:large","max-video-preview":"max-video-preview:-1"},"canonical":"https:\/\/www.paytec.eu\/richiesta-di-reso-prodotto\/","og_locale":"de_DE","og_type":"article","og_title":"Produktr\u00fcckgabeantrag - Paytec","og_description":"[vc_row css_animation=&#8220;&#8220; row_type=&#8220;row&#8220; use_row_as_full_screen_section=&#8220;no&#8220; type=&#8220;grid&#8220; angled_section=&#8220;no&#8220; text_align=&#8220;left&#8220; background_image_as_pattern=&#8220;without_pattern&#8220; z_index=&#8220;&#8220;][vc_column][vc_column_text] PRODUKTR\u00dcCKGABEANFRAGE [\/vc_column_text][vc_column_text] Haben Sie bei Ihrer Bestellung ein Fehler gemacht und m\u00f6chten Sie ein Produkt zur\u00fcckgeben? F\u00fcllen Sie das untenstehende Formular aus, um eine R\u00fccksendegenehmigung anzufordern, und warten Sie auf die Antwort unseres Verkaufsb\u00fcros, bevor Sie...","og_url":"https:\/\/www.paytec.eu\/richiesta-di-reso-prodotto\/","og_site_name":"Paytec","article_modified_time":"2024-03-12T10:40:29+00:00","twitter_card":"summary_large_image","twitter_misc":{"Gesch\u00e4tzte Lesezeit":"1\u00a0Minute"},"schema":{"@context":"https:\/\/schema.org","@graph":[{"@type":"WebPage","@id":"https:\/\/www.paytec.eu\/richiesta-di-reso-prodotto\/","url":"https:\/\/www.paytec.eu\/richiesta-di-reso-prodotto\/","name":"Produktr\u00fcckgabeantrag - Paytec","isPartOf":{"@id":"https:\/\/www.paytec.eu\/#website"},"datePublished":"2024-03-12T07:16:38+00:00","dateModified":"2024-03-12T10:40:29+00:00","breadcrumb":{"@id":"https:\/\/www.paytec.eu\/richiesta-di-reso-prodotto\/#breadcrumb"},"inLanguage":"de","potentialAction":[{"@type":"ReadAction","target":["https:\/\/www.paytec.eu\/richiesta-di-reso-prodotto\/"]}]},{"@type":"BreadcrumbList","@id":"https:\/\/www.paytec.eu\/richiesta-di-reso-prodotto\/#breadcrumb","itemListElement":[{"@type":"ListItem","position":1,"name":"Home","item":"https:\/\/www.paytec.eu\/de\/"},{"@type":"ListItem","position":2,"name":"Produktr\u00fcckgabeantrag"}]},{"@type":"WebSite","@id":"https:\/\/www.paytec.eu\/#website","url":"https:\/\/www.paytec.eu\/","name":"Paytec","description":"Smart Payments for Vending","potentialAction":[{"@type":"SearchAction","target":{"@type":"EntryPoint","urlTemplate":"https:\/\/www.paytec.eu\/?s={search_term_string}"},"query-input":"required name=search_term_string"}],"inLanguage":"de"}]}},"_links":{"self":[{"href":"https:\/\/www.paytec.eu\/de\/wp-json\/wp\/v2\/pages\/13706","targetHints":{"allow":["GET"]}}],"collection":[{"href":"https:\/\/www.paytec.eu\/de\/wp-json\/wp\/v2\/pages"}],"about":[{"href":"https:\/\/www.paytec.eu\/de\/wp-json\/wp\/v2\/types\/page"}],"author":[{"embeddable":true,"href":"https:\/\/www.paytec.eu\/de\/wp-json\/wp\/v2\/users\/3"}],"replies":[{"embeddable":true,"href":"https:\/\/www.paytec.eu\/de\/wp-json\/wp\/v2\/comments?post=13706"}],"version-history":[{"count":0,"href":"https:\/\/www.paytec.eu\/de\/wp-json\/wp\/v2\/pages\/13706\/revisions"}],"wp:attachment":[{"href":"https:\/\/www.paytec.eu\/de\/wp-json\/wp\/v2\/media?parent=13706"}],"curies":[{"name":"wp","href":"https:\/\/api.w.org\/{rel}","templated":true}]}}