{"id":8442,"date":"2022-03-31T07:28:39","date_gmt":"2022-03-31T07:28:39","guid":{"rendered":"https:\/\/www.paytec.eu\/digitale-zahlungssysteme-2\/"},"modified":"2023-10-27T04:10:45","modified_gmt":"2023-10-27T04:10:45","slug":"digitale-zahlungssysteme","status":"publish","type":"page","link":"https:\/\/www.paytec.eu\/de\/digitale-zahlungssysteme\/","title":{"rendered":"Digitale Zahlungssysteme"},"content":{"rendered":"<p>[vc_row css_animation=&#8220;&#8220; row_type=&#8220;row&#8220; use_row_as_full_screen_section=&#8220;no&#8220; type=&#8220;grid&#8220; angled_section=&#8220;no&#8220; text_align=&#8220;left&#8220; background_image_as_pattern=&#8220;without_pattern&#8220; z_index=&#8220;&#8220;][vc_column][qode_elements_holder number_of_columns=&#8220;two_columns&#8220; columns_proportion=&#8220;33_66&#8243;][qode_elements_holder_item vertical_alignment=&#8220;middle&#8220; advanced_animations=&#8220;no&#8220; custom_class=&#8220;bgBlue textwhite&#8220; item_padding=&#8220;15px 0 15px 15px&#8220;][vc_column_text css=&#8220;.vc_custom_1648111600163{padding-right: 20px !important;padding-left: 20px !important;}&#8220;]<\/p>\n<h4>Esplorare nuove soluzioni<\/h4>\n<h4>per affrontare le nuove sfide del Vending<\/h4>\n<p>[\/vc_column_text][\/qode_elements_holder_item][qode_elements_holder_item vertical_alignment=&#8220;middle&#8220; advanced_animations=&#8220;no&#8220; item_padding=&#8220;0px 0 0 15px&#8220;][vc_single_image image=&#8220;8097&#8243; img_size=&#8220;1200&#215;550&#8243; qode_css_animation=&#8220;&#8220;][\/qode_elements_holder_item][\/qode_elements_holder][\/vc_column][\/vc_row][vc_row css_animation=&#8220;&#8220; row_type=&#8220;row&#8220; use_row_as_full_screen_section=&#8220;no&#8220; type=&#8220;grid&#8220; angled_section=&#8220;no&#8220; text_align=&#8220;left&#8220; background_image_as_pattern=&#8220;without_pattern&#8220; z_index=&#8220;&#8220; padding_top=&#8220;0&#8243; padding_bottom=&#8220;0&#8243;][vc_column][vc_row_inner row_type=&#8220;row&#8220; type=&#8220;full_width&#8220; text_align=&#8220;left&#8220; row_negative_margin=&#8220;disable_negative_margin&#8220; css_animation=&#8220;&#8220; background_color=&#8220;#f3f3f3&#8243;][vc_column_inner][vc_column_text css=&#8220;.vc_custom_1648102585342{padding-right: 20px !important;padding-left: 20px !important;}&#8220;]<\/p>\n<h5 class=\"custom_font_holder\">La gestione del contante sta diventando sempre pi\u00f9 complessa e costosa.<\/h5>\n<h5 class=\"custom_font_holder\">I consumatori hanno meno monete in tasca e molti vogliono poter acquistare con metodi di pagamento utilizzati in altri contesti.<\/h5>\n<h5 class=\"custom_font_holder\">Tutto parla a favore di soluzioni di pagamento elettronico, anche nel Vending, un mondo di microtransazioni che fino ad oggi ha visto il contante giocare un ruolo dominante.<\/h5>\n<p>[\/vc_column_text][\/vc_column_inner][\/vc_row_inner][\/vc_column][\/vc_row][vc_row css_animation=&#8220;&#8220; row_type=&#8220;row&#8220; use_row_as_full_screen_section=&#8220;no&#8220; type=&#8220;grid&#8220; angled_section=&#8220;no&#8220; text_align=&#8220;left&#8220; background_image_as_pattern=&#8220;without_pattern&#8220; z_index=&#8220;&#8220;][vc_column][vc_column_text css=&#8220;.vc_custom_1648037415232{padding-right: 20px !important;padding-left: 20px !important;}&#8220;]<\/p>\n<h5>Da dove iniziare?<\/h5>\n<p>[\/vc_column_text][vc_column_text css=&#8220;.vc_custom_1648068746725{padding-right: 20px !important;padding-left: 20px !important;}&#8220;]Di fronte a questo percorso ormai segnato, il gestore si trova a doversi confrontare con una miriade di soluzioni disponibili che variano ampiamente per funzionalit\u00e0, sicurezza, facilit\u00e0 d\u2019uso e costi.<\/p>\n<p><strong>Potersi orientare nelle scelte richiede non solo capacit\u00e0 tecnologiche, ma soprattutto una profonda conoscenza dei consumatori e delle locazioni in cui si vuole andare ad operare.<\/strong><\/p>\n<p>Non esistono soluzioni migliori \u201cin assoluto\u201d, ma pi\u00f9 elementi che aiutano il gestore ad imprendere un cammino verso una riduzione progressiva del contante e delle problematiche da esso causate. Non c\u2019\u00e8 un solo modo per fidelizzare i consumatori, ma numerosi approcci e strumenti che permettono di aumentare l\u2019importo medio di acquisto e la frequenza di uso dei distributori.<\/p>\n<p>Paytec vuole assistere il gestore nell\u2019esplorazione del cammino e nella definizione del percorso, cos\u00ec come nella scelta e messa in campo degli strumenti pi\u00f9 idonei.<\/p>\n<p>Iniziamo da un breve confronto tra due dei sistemi di pagamento digitale pi\u00f9 in voga in questi ultimi tempi: il <b>LETTORE DI CARTA DI CREDITO <\/b>e l&#8216;<strong>APP SU SMARTPHONE<\/strong>.[\/vc_column_text][\/vc_column][\/vc_row][vc_row css_animation=&#8220;&#8220; row_type=&#8220;row&#8220; use_row_as_full_screen_section=&#8220;no&#8220; type=&#8220;grid&#8220; angled_section=&#8220;no&#8220; text_align=&#8220;left&#8220; background_image_as_pattern=&#8220;without_pattern&#8220; z_index=&#8220;&#8220; css=&#8220;.vc_custom_1648807740647{margin-right: 20px !important;margin-left: 20px !important;background-position: center !important;background-repeat: no-repeat !important;background-size: cover !important;}&#8220; padding_top=&#8220;0&#8243; el_class=&#8220;accordionBlu&#8220;][vc_column width=&#8220;1\/2&#8243;][vc_row_inner row_type=&#8220;row&#8220; type=&#8220;full_width&#8220; text_align=&#8220;left&#8220; row_negative_margin=&#8220;disable_negative_margin&#8220; css_animation=&#8220;&#8220; background_color=&#8220;#f3f3f3&#8243;][vc_column_inner][vc_column_text]<\/p>\n<h2 style=\"text-align: center;\">VENDOTEK<\/h2>\n<h5 style=\"text-align: center;\">Lettore di carta di credito<\/h5>\n<p>[\/vc_column_text][vc_empty_space height=&#8220;30px&#8220;][vc_gallery interval=&#8220;0&#8243; images=&#8220;6853,6838,5737&#8243; img_size=&#8220;600&#215;400&#8243; css=&#8220;.vc_custom_1648067860693{background-color: #144b8d !important;}&#8220;][vc_column_text css=&#8220;.vc_custom_1648068033236{padding-top: 15px !important;padding-right: 10px !important;padding-bottom: 15px !important;padding-left: 10px !important;}&#8220;]<\/p>\n<ul>\n<li>veloce ed universale<\/li>\n<li>immediatamente operativo<\/li>\n<li>ideale per un pubblico transitorio<\/li>\n<\/ul>\n<p>[\/vc_column_text]<div class=\"qode-accordion-holder clearfix qode-toggle qode-initial \">\n\t<h6 class=\"clearfix qode-title-holder\">\n<span class=\"qode-tab-title\">\n\t\t\t<span class=\"qode-tab-title-icon\">\n\t\t\t<span aria-hidden=\"true\" class=\"qode_icon_font_elegant arrow_down \" ><\/span>\t\t<\/span>\n\t    <span class=\"qode-tab-title-inner\">\n        Mehr lesen    <\/span>\n<\/span>\n<span class=\"qode-accordion-mark\">\n    <span class=\"qode-accordion-mark-icon\">\n        <span class=\"icon_plus\"><\/span>\n        <span class=\"icon_minus-06\"><\/span>\n    <\/span>\n<\/span>\n<\/h6>\n<div  class=\"qode-accordion-content qode-acc-title-with-icon\" >\n    <div class=\"qode-accordion-content-inner\">\n        [vc_column_text]<\/p>\n<h5>Veloce e universale<\/h5>\n<p>[\/vc_column_text][vc_column_text]An \u00f6ffentlichen oder halb\u00f6ffentlichen Orten, mit gelegentlichem Publikumsverkehr und hohem Verkehrsaufkommen &#8211; Flugh\u00e4fen, Bahnh\u00f6fe, Automatengesch\u00e4fte, aber auch Schwimmb\u00e4der, Krankenh\u00e4user, Universit\u00e4ten usw. &#8211; die Wahl eines schnellen und universellen elektronischen Zahlungsinstruments ist von grundlegender Bedeutung: Die Geste, sich einer Karte oder einem mobilen Werkzeug (Telefon, Smartwatch &#8230;) zu n\u00e4hern, um zu bezahlen, ist heute weit verbreitet.[\/vc_column_text][vc_empty_space height=&#8220;20px&#8220;][vc_column_text]<\/p>\n<h5>Immediatamente operativo<\/h5>\n<p>[\/vc_column_text][vc_column_text]Il lettore di carte <a href=\"\/?p=6867\">VENDOTEK<\/a> pu\u00f2 essere un valido alleato per accettare pagamenti da parte di consumatori non ricorrenti. Il dispositivo opera in modalit\u00e0 \u201csenza contatto\u201d (contactless) accettando le principali carte di pagamento tipo Visa, MasterCard, Maestro, cos\u00ec come soluzioni mobile come ApplePay, GooglePay o SamsungPay.<br \/>\nL\u2019offerta \u00e8 stata formulata per permette al gestore di operare immediatamente grazie ad una facile installazione, alla carta SIM preinstallata e a un contratto bancario standard gi\u00e0 negoziato e di rapida attivazione.[\/vc_column_text]    <\/div>\n<\/div><\/div>[vc_empty_space][vc_column_text css=&#8220;.vc_custom_1648068983394{padding-left: 20px !important;}&#8220;]<\/p>\n<h5>Guarda il video VENDOTEK<\/h5>\n<p>[\/vc_column_text][vc_empty_space height=&#8220;15px&#8220;][vc_column_text css=&#8220;.vc_custom_1648818425227{padding-left: 20px !important;}&#8220;]Consenti acquisti immediati ed impulsivi. Offri un modo semplice per ricaricare una chiave e ridurre la circolazione del contante.\u00a0E mantieni il controllo tramite il Portale dedicato.[\/vc_column_text][vc_empty_space height=&#8220;20px&#8220;][vc_video link=&#8220;https:\/\/youtu.be\/ocG0KPET134&#8243; el_width=&#8220;80&#8243; align=&#8220;center&#8220;][\/vc_column_inner][\/vc_row_inner][\/vc_column][vc_column width=&#8220;1\/2&#8243;][vc_row_inner row_type=&#8220;row&#8220; type=&#8220;full_width&#8220; text_align=&#8220;left&#8220; row_negative_margin=&#8220;disable_negative_margin&#8220; css_animation=&#8220;&#8220; background_color=&#8220;#f3f3f3&#8243;][vc_column_inner][vc_column_text]<\/p>\n<h2 style=\"text-align: center;\">OPTO<\/h2>\n<h5 style=\"text-align: center;\">App su Smartphone<\/h5>\n<p>[\/vc_column_text][vc_empty_space height=&#8220;30px&#8220;][vc_gallery interval=&#8220;0&#8243; images=&#8220;6848,6843,7868,7874&#8243; img_size=&#8220;600&#215;400&#8243; onclick=&#8220;&#8220; css=&#8220;.vc_custom_1648067875258{background-color: #144b8d !important;}&#8220;][vc_column_text css=&#8220;.vc_custom_1648068070639{padding-top: 15px !important;padding-right: 10px !important;padding-bottom: 15px !important;padding-left: 10px !important;}&#8220;]<\/p>\n<ul>\n<li>passaggio graduale da cash a cashless<\/li>\n<li>incrementa la fidelizzazione degli utenti<\/li>\n<li>ideale per un pubblico ricorrente<\/li>\n<\/ul>\n<p>[\/vc_column_text]<div class=\"qode-accordion-holder clearfix qode-toggle qode-initial \">\n\t<h6 class=\"clearfix qode-title-holder\">\n<span class=\"qode-tab-title\">\n\t\t\t<span class=\"qode-tab-title-icon\">\n\t\t\t<span aria-hidden=\"true\" class=\"qode_icon_font_elegant arrow_down \" ><\/span>\t\t<\/span>\n\t    <span class=\"qode-tab-title-inner\">\n        Mehr lesen    <\/span>\n<\/span>\n<span class=\"qode-accordion-mark\">\n    <span class=\"qode-accordion-mark-icon\">\n        <span class=\"icon_plus\"><\/span>\n        <span class=\"icon_minus-06\"><\/span>\n    <\/span>\n<\/span>\n<\/h6>\n<div  class=\"qode-accordion-content qode-acc-title-with-icon\" >\n    <div class=\"qode-accordion-content-inner\">\n        [vc_column_text]<\/p>\n<h5>Ridurre il contante senza perdere vendite<\/h5>\n<p>[\/vc_column_text][vc_column_text]Per locazioni private o con presenza di clienti ricorrenti, \u00e8 anche possibile offrire il pagamento con carta congiuntamente all\u2019utilizzo di chiavette, per una soluzione ibrida che permette una ricarica totalmente cashless e una drastica diminuzione del contante.<\/p>\n<p>In contesti privati dove l\u2019utilizzo delle chiavette \u00e8 invece problematico, per esempio a causa dell\u2019alta rotazione dei dipendenti, l\u2019introduzione di una APP di pagamento come <a href=\"https:\/\/www.paytec.eu\/prodotto\/pagamento-digitale-opto-vending\/\">OPTO<\/a> rappresenta spesso una soluzione vincente. <strong>OPTO pu\u00f2 complementare o addirittura rimpiazzare l\u2019uso della chiavetta in modo sicuro ed economico.<\/strong>[\/vc_column_text][vc_empty_space height=&#8220;20px&#8220;][vc_column_text]<\/p>\n<h5>Fidelizzare gli utenti per incrementare le vendite<\/h5>\n<p>[\/vc_column_text][vc_column_text]Come strumento di pagamento digitale, la soluzione non solo permette una riduzione significativa del contante, ma apre anche al gestore un mondo di <strong>nuove funzionalit\u00e0 e servizi ad alto valore aggiunto<\/strong>: profilazione degli utenti, comunicazione diretta con loro, informazioni in tempo reale sullo stato dei distributori ecc. Tutto questo con uno strumento estremamente semplice ed efficiente.<\/p>\n<p>Scopri di pi\u00f9 su: <a href=\"https:\/\/www.optopayment.com\/\" target=\"_blank\" rel=\"noopener\">optopayment.com<\/a>[\/vc_column_text]    <\/div>\n<\/div><\/div>[vc_empty_space][vc_column_text css=&#8220;.vc_custom_1648053172986{padding-left: 20px !important;}&#8220;]<\/p>\n<h5>Guarda il video OPTO<\/h5>\n<p>[\/vc_column_text][vc_empty_space height=&#8220;15px&#8220;][vc_column_text css=&#8220;.vc_custom_1648069482073{padding-left: 20px !important;}&#8220;]Sehen Sie, wie einfach es ist, \u00fcberall einzukaufen, Ihre Geldb\u00f6rse aufzuladen, das Produkt auszuw\u00e4hlen, ohne die Maschinentastatur zu ber\u00fchren, und die N\u00e4hrwertinformationen abzurufen.[\/vc_column_text][vc_empty_space height=&#8220;20px&#8220;][vc_video link=&#8220;https:\/\/www.youtube.com\/watch?v=hUpiZ0QM5_E&#8220; el_width=&#8220;80&#8243; align=&#8220;center&#8220;][\/vc_column_inner][\/vc_row_inner][\/vc_column][\/vc_row][vc_row css_animation=&#8220;&#8220; row_type=&#8220;row&#8220; use_row_as_full_screen_section=&#8220;no&#8220; type=&#8220;grid&#8220; angled_section=&#8220;no&#8220; text_align=&#8220;left&#8220; background_image_as_pattern=&#8220;without_pattern&#8220; z_index=&#8220;&#8220; el_class=&#8220;bgLeft&#8220;][vc_column][vc_row_inner row_type=&#8220;row&#8220; type=&#8220;full_width&#8220; text_align=&#8220;left&#8220; css_animation=&#8220;&#8220; css=&#8220;.vc_custom_1645797030104{background-image: url(https:\/\/www.paytec.eu\/wp-content\/uploads\/2022\/02\/assistenza-home-ok.png?id=7250) !important;background-position: center !important;background-repeat: no-repeat !important;background-size: cover !important;}&#8220;][vc_column_inner width=&#8220;5\/12&#8243;][vc_column_text]<\/p>\n<h3>Le situazioni in locazione sono sempre distinte e richiedono ogni volta un approccio ben mirato.<\/h3>\n<p>Paytec offre una gamma di soluzioni particolarmente ampia ed vuole essere al fianco del gestore nella scelta ed implementazione degli strumenti digitali pi\u00f9 adatti al raggiungimento dei suoi obiettivi.[\/vc_column_text][vc_empty_space]<a  itemprop=\"url\" href=\"https:\/\/www.paytec.eu\/contatti\/\" target=\"_self\"  class=\"qbutton  medium white default\" style=\"\">KONTAKTIEREN SIE UNS f\u00fcr eine kostenlose Beratung<\/a>[vc_empty_space][\/vc_column_inner][vc_column_inner width=&#8220;7\/12&#8243;][\/vc_column_inner][\/vc_row_inner][\/vc_column][\/vc_row]<\/p>\n","protected":false},"excerpt":{"rendered":"<p>[vc_row css_animation=&#8220;&#8220; row_type=&#8220;row&#8220; use_row_as_full_screen_section=&#8220;no&#8220; type=&#8220;grid&#8220; angled_section=&#8220;no&#8220; text_align=&#8220;left&#8220; background_image_as_pattern=&#8220;without_pattern&#8220; z_index=&#8220;&#8220;][vc_column][qode_elements_holder number_of_columns=&#8220;two_columns&#8220; columns_proportion=&#8220;33_66&#8243;][qode_elements_holder_item vertical_alignment=&#8220;middle&#8220; advanced_animations=&#8220;no&#8220; custom_class=&#8220;bgBlue textwhite&#8220; item_padding=&#8220;15px 0 15px 15px&#8220;][vc_column_text css=&#8220;.vc_custom_1648111600163{padding-right: 20px !important;padding-left: 20px !important;}&#8220;] Esplorare nuove soluzioni per affrontare le nuove sfide del Vending [\/vc_column_text][\/qode_elements_holder_item][qode_elements_holder_item vertical_alignment=&#8220;middle&#8220; advanced_animations=&#8220;no&#8220; item_padding=&#8220;0px 0 0 15px&#8220;][vc_single_image image=&#8220;8097&#8243; img_size=&#8220;1200&#215;550&#8243; qode_css_animation=&#8220;&#8220;][\/qode_elements_holder_item][\/qode_elements_holder][\/vc_column][\/vc_row][vc_row css_animation=&#8220;&#8220;&#8230;<\/p>\n","protected":false},"author":3,"featured_media":0,"parent":0,"menu_order":0,"comment_status":"closed","ping_status":"closed","template":"full_width.php","meta":{"footnotes":""},"class_list":["post-8442","page","type-page","status-publish","hentry"],"acf":[],"yoast_head":"<!-- This site is optimized with the Yoast SEO plugin v21.1 - https:\/\/yoast.com\/wordpress\/plugins\/seo\/ -->\n<title>Digitale Zahlungssysteme - Paytec<\/title>\n<meta name=\"robots\" content=\"index, follow, max-snippet:-1, max-image-preview:large, max-video-preview:-1\" \/>\n<link rel=\"canonical\" href=\"https:\/\/www.paytec.eu\/sistemi-di-pagamento-digitali\/\" \/>\n<meta property=\"og:locale\" content=\"de_DE\" \/>\n<meta property=\"og:type\" content=\"article\" \/>\n<meta property=\"og:title\" content=\"Digitale Zahlungssysteme - Paytec\" \/>\n<meta property=\"og:description\" content=\"[vc_row css_animation=&#8220;&#8220; row_type=&#8220;row&#8220; use_row_as_full_screen_section=&#8220;no&#8220; type=&#8220;grid&#8220; angled_section=&#8220;no&#8220; text_align=&#8220;left&#8220; background_image_as_pattern=&#8220;without_pattern&#8220; z_index=&#8220;&#8220;][vc_column][qode_elements_holder number_of_columns=&#8220;two_columns&#8220; columns_proportion=&#8220;33_66&#8243;][qode_elements_holder_item vertical_alignment=&#8220;middle&#8220; advanced_animations=&#8220;no&#8220; custom_class=&#8220;bgBlue textwhite&#8220; item_padding=&#8220;15px 0 15px 15px&#8220;][vc_column_text css=&#8220;.vc_custom_1648111600163{padding-right: 20px !important;padding-left: 20px !important;}&#8220;] Esplorare nuove soluzioni per affrontare le nuove sfide del Vending [\/vc_column_text][\/qode_elements_holder_item][qode_elements_holder_item vertical_alignment=&#8220;middle&#8220; advanced_animations=&#8220;no&#8220; item_padding=&#8220;0px 0 0 15px&#8220;][vc_single_image image=&#8220;8097&#8243; img_size=&#8220;1200&#215;550&#8243; qode_css_animation=&#8220;&#8220;][\/qode_elements_holder_item][\/qode_elements_holder][\/vc_column][\/vc_row][vc_row css_animation=&#8220;&#8220;...\" \/>\n<meta property=\"og:url\" content=\"https:\/\/www.paytec.eu\/sistemi-di-pagamento-digitali\/\" \/>\n<meta property=\"og:site_name\" content=\"Paytec\" \/>\n<meta property=\"article:modified_time\" content=\"2023-10-27T04:10:45+00:00\" \/>\n<meta name=\"twitter:card\" content=\"summary_large_image\" \/>\n<meta name=\"twitter:label1\" content=\"Gesch\u00e4tzte Lesezeit\" \/>\n\t<meta name=\"twitter:data1\" content=\"4\u00a0Minuten\" \/>\n<script type=\"application\/ld+json\" class=\"yoast-schema-graph\">{\"@context\":\"https:\/\/schema.org\",\"@graph\":[{\"@type\":\"WebPage\",\"@id\":\"https:\/\/www.paytec.eu\/sistemi-di-pagamento-digitali\/\",\"url\":\"https:\/\/www.paytec.eu\/sistemi-di-pagamento-digitali\/\",\"name\":\"Digitale Zahlungssysteme - Paytec\",\"isPartOf\":{\"@id\":\"https:\/\/www.paytec.eu\/#website\"},\"datePublished\":\"2022-03-31T07:28:39+00:00\",\"dateModified\":\"2023-10-27T04:10:45+00:00\",\"breadcrumb\":{\"@id\":\"https:\/\/www.paytec.eu\/sistemi-di-pagamento-digitali\/#breadcrumb\"},\"inLanguage\":\"de\",\"potentialAction\":[{\"@type\":\"ReadAction\",\"target\":[\"https:\/\/www.paytec.eu\/sistemi-di-pagamento-digitali\/\"]}]},{\"@type\":\"BreadcrumbList\",\"@id\":\"https:\/\/www.paytec.eu\/sistemi-di-pagamento-digitali\/#breadcrumb\",\"itemListElement\":[{\"@type\":\"ListItem\",\"position\":1,\"name\":\"Home\",\"item\":\"https:\/\/www.paytec.eu\/de\/\"},{\"@type\":\"ListItem\",\"position\":2,\"name\":\"Digitale Zahlungssysteme\"}]},{\"@type\":\"WebSite\",\"@id\":\"https:\/\/www.paytec.eu\/#website\",\"url\":\"https:\/\/www.paytec.eu\/\",\"name\":\"Paytec\",\"description\":\"Smart Payments for Vending\",\"potentialAction\":[{\"@type\":\"SearchAction\",\"target\":{\"@type\":\"EntryPoint\",\"urlTemplate\":\"https:\/\/www.paytec.eu\/?s={search_term_string}\"},\"query-input\":\"required name=search_term_string\"}],\"inLanguage\":\"de\"}]}<\/script>\n<!-- \/ Yoast SEO plugin. -->","yoast_head_json":{"title":"Digitale Zahlungssysteme - Paytec","robots":{"index":"index","follow":"follow","max-snippet":"max-snippet:-1","max-image-preview":"max-image-preview:large","max-video-preview":"max-video-preview:-1"},"canonical":"https:\/\/www.paytec.eu\/sistemi-di-pagamento-digitali\/","og_locale":"de_DE","og_type":"article","og_title":"Digitale Zahlungssysteme - Paytec","og_description":"[vc_row css_animation=&#8220;&#8220; row_type=&#8220;row&#8220; use_row_as_full_screen_section=&#8220;no&#8220; type=&#8220;grid&#8220; angled_section=&#8220;no&#8220; text_align=&#8220;left&#8220; background_image_as_pattern=&#8220;without_pattern&#8220; z_index=&#8220;&#8220;][vc_column][qode_elements_holder number_of_columns=&#8220;two_columns&#8220; columns_proportion=&#8220;33_66&#8243;][qode_elements_holder_item vertical_alignment=&#8220;middle&#8220; advanced_animations=&#8220;no&#8220; custom_class=&#8220;bgBlue textwhite&#8220; item_padding=&#8220;15px 0 15px 15px&#8220;][vc_column_text css=&#8220;.vc_custom_1648111600163{padding-right: 20px !important;padding-left: 20px !important;}&#8220;] Esplorare nuove soluzioni per affrontare le nuove sfide del Vending [\/vc_column_text][\/qode_elements_holder_item][qode_elements_holder_item vertical_alignment=&#8220;middle&#8220; advanced_animations=&#8220;no&#8220; item_padding=&#8220;0px 0 0 15px&#8220;][vc_single_image image=&#8220;8097&#8243; img_size=&#8220;1200&#215;550&#8243; qode_css_animation=&#8220;&#8220;][\/qode_elements_holder_item][\/qode_elements_holder][\/vc_column][\/vc_row][vc_row css_animation=&#8220;&#8220;...","og_url":"https:\/\/www.paytec.eu\/sistemi-di-pagamento-digitali\/","og_site_name":"Paytec","article_modified_time":"2023-10-27T04:10:45+00:00","twitter_card":"summary_large_image","twitter_misc":{"Gesch\u00e4tzte Lesezeit":"4\u00a0Minuten"},"schema":{"@context":"https:\/\/schema.org","@graph":[{"@type":"WebPage","@id":"https:\/\/www.paytec.eu\/sistemi-di-pagamento-digitali\/","url":"https:\/\/www.paytec.eu\/sistemi-di-pagamento-digitali\/","name":"Digitale Zahlungssysteme - Paytec","isPartOf":{"@id":"https:\/\/www.paytec.eu\/#website"},"datePublished":"2022-03-31T07:28:39+00:00","dateModified":"2023-10-27T04:10:45+00:00","breadcrumb":{"@id":"https:\/\/www.paytec.eu\/sistemi-di-pagamento-digitali\/#breadcrumb"},"inLanguage":"de","potentialAction":[{"@type":"ReadAction","target":["https:\/\/www.paytec.eu\/sistemi-di-pagamento-digitali\/"]}]},{"@type":"BreadcrumbList","@id":"https:\/\/www.paytec.eu\/sistemi-di-pagamento-digitali\/#breadcrumb","itemListElement":[{"@type":"ListItem","position":1,"name":"Home","item":"https:\/\/www.paytec.eu\/de\/"},{"@type":"ListItem","position":2,"name":"Digitale Zahlungssysteme"}]},{"@type":"WebSite","@id":"https:\/\/www.paytec.eu\/#website","url":"https:\/\/www.paytec.eu\/","name":"Paytec","description":"Smart Payments for Vending","potentialAction":[{"@type":"SearchAction","target":{"@type":"EntryPoint","urlTemplate":"https:\/\/www.paytec.eu\/?s={search_term_string}"},"query-input":"required name=search_term_string"}],"inLanguage":"de"}]}},"_links":{"self":[{"href":"https:\/\/www.paytec.eu\/de\/wp-json\/wp\/v2\/pages\/8442","targetHints":{"allow":["GET"]}}],"collection":[{"href":"https:\/\/www.paytec.eu\/de\/wp-json\/wp\/v2\/pages"}],"about":[{"href":"https:\/\/www.paytec.eu\/de\/wp-json\/wp\/v2\/types\/page"}],"author":[{"embeddable":true,"href":"https:\/\/www.paytec.eu\/de\/wp-json\/wp\/v2\/users\/3"}],"replies":[{"embeddable":true,"href":"https:\/\/www.paytec.eu\/de\/wp-json\/wp\/v2\/comments?post=8442"}],"version-history":[{"count":0,"href":"https:\/\/www.paytec.eu\/de\/wp-json\/wp\/v2\/pages\/8442\/revisions"}],"wp:attachment":[{"href":"https:\/\/www.paytec.eu\/de\/wp-json\/wp\/v2\/media?parent=8442"}],"curies":[{"name":"wp","href":"https:\/\/api.w.org\/{rel}","templated":true}]}}