{"id":10991,"date":"2023-06-01T11:49:15","date_gmt":"2023-06-01T11:49:18","guid":{"rendered":"https:\/\/www.paytec.eu\/?post_type=product&#038;p=10991"},"modified":"2023-10-27T08:40:20","modified_gmt":"2023-10-27T08:40:20","slug":"kontaktlose-mifare-karten-typ-1","status":"publish","type":"product","link":"https:\/\/www.paytec.eu\/de\/prodotto\/kontaktlose-mifare-karten-typ-1\/","title":{"rendered":"MIFARE\u00ae-KARTEN Typ 1"},"content":{"rendered":"<p>Der gro\u00dfe Vorteil der kontaktlosen Mifare-Karten liegt darin, dass dasselbe Instrument als <strong>Zahlungsinstrument f\u00fcr den Vending<\/strong>, f\u00fcr Anwendungen wie Zutrittskontrolle und <strong>Anwesenheitsverfolgung<\/strong> &gt; verwendet werden kann oder als <strong>elektronische Geldb\u00f6rse<\/strong> f\u00fcr Kantinen und Caf\u00e9s anderer Betreiber. Durch den entsprechenden Lizenzprogrammierer ist es m\u00f6glich, die von Paytec entwickelte Anwendung zu erwerben und auf den Mifare\u00ae-Medien zu schreiben, die sich bereits im Besitz des Kunden befinden (Karten, Anh\u00e4nger, Tags usw.). Diese <strong>Flexibilit\u00e4t<\/strong> erm\u00f6glicht es dem Vending-Operator, sich schnell und praktisch in bestehende Kontexte zu integrieren. Die Programmierung kontaktloser Mifare-Karten kann mit dem Caiman Mifare\u00ae-Programmierer erfolgen.<\/p>\n","protected":false},"excerpt":{"rendered":"<p>Alle Vorteile der Multi-Applikation der Mifare\u00ae-Plattform, integriert und angepasst von Paytec an die spezifischen Bed\u00fcrfnisse von Vending.<\/p>\n","protected":false},"featured_media":12345,"template":"","meta":[],"product_cat":[406],"product_tag":[],"class_list":["post-10991","product","type-product","status-publish","has-post-thumbnail","hentry","product_cat-chiavi-carte-de"],"acf":[],"yoast_head":"<!-- This site is optimized with the Yoast SEO plugin v21.1 - https:\/\/yoast.com\/wordpress\/plugins\/seo\/ -->\n<title>Kontaktlose Mifare-Karten f\u00fcr den Vending \u2013 Paytec<\/title>\n<meta name=\"description\" content=\"Die kontaktlosen Mifare-Karten von Paytec bieten alle Vorteile der Mifare\u00ae-Plattform, integriert und angepasst an die spezifischen Bed\u00fcrfnisse des Vending.\" \/>\n<meta name=\"robots\" content=\"index, follow, max-snippet:-1, max-image-preview:large, max-video-preview:-1\" \/>\n<link rel=\"canonical\" href=\"https:\/\/www.paytec.eu\/fr\/prodotto\/cartes-contactless-mifare-type-1\/\" \/>\n<meta property=\"og:locale\" content=\"de_DE\" \/>\n<meta property=\"og:type\" content=\"article\" \/>\n<meta property=\"og:title\" content=\"Kontaktlose Mifare-Karten f\u00fcr den Vending \u2013 Paytec\" \/>\n<meta property=\"og:description\" content=\"Die kontaktlosen Mifare-Karten von Paytec bieten alle Vorteile der Mifare\u00ae-Plattform, integriert und angepasst an die spezifischen Bed\u00fcrfnisse des Vending.\" \/>\n<meta property=\"og:url\" content=\"https:\/\/www.paytec.eu\/fr\/prodotto\/cartes-contactless-mifare-type-1\/\" \/>\n<meta property=\"og:site_name\" content=\"Paytec\" \/>\n<meta property=\"article:modified_time\" content=\"2023-10-27T08:40:20+00:00\" \/>\n<meta property=\"og:image\" content=\"https:\/\/www.paytec.eu\/wp-content\/uploads\/2023\/06\/Mifare_carta_1.png\" \/>\n\t<meta property=\"og:image:width\" content=\"800\" \/>\n\t<meta property=\"og:image:height\" content=\"860\" \/>\n\t<meta property=\"og:image:type\" content=\"image\/png\" \/>\n<meta name=\"twitter:card\" content=\"summary_large_image\" \/>\n<meta name=\"twitter:label1\" content=\"Gesch\u00e4tzte Lesezeit\" \/>\n\t<meta name=\"twitter:data1\" content=\"1\u00a0Minute\" \/>\n<script type=\"application\/ld+json\" class=\"yoast-schema-graph\">{\"@context\":\"https:\/\/schema.org\",\"@graph\":[{\"@type\":\"WebPage\",\"@id\":\"https:\/\/www.paytec.eu\/fr\/prodotto\/cartes-contactless-mifare-type-1\/\",\"url\":\"https:\/\/www.paytec.eu\/fr\/prodotto\/cartes-contactless-mifare-type-1\/\",\"name\":\"Kontaktlose Mifare-Karten f\u00fcr den Vending \u2013 Paytec\",\"isPartOf\":{\"@id\":\"https:\/\/www.paytec.eu\/#website\"},\"datePublished\":\"2023-06-01T11:49:18+00:00\",\"dateModified\":\"2023-10-27T08:40:20+00:00\",\"description\":\"Die kontaktlosen Mifare-Karten von Paytec bieten alle Vorteile der Mifare\u00ae-Plattform, integriert und angepasst an die spezifischen Bed\u00fcrfnisse des Vending.\",\"breadcrumb\":{\"@id\":\"https:\/\/www.paytec.eu\/fr\/prodotto\/cartes-contactless-mifare-type-1\/#breadcrumb\"},\"inLanguage\":\"de\",\"potentialAction\":[{\"@type\":\"ReadAction\",\"target\":[\"https:\/\/www.paytec.eu\/fr\/prodotto\/cartes-contactless-mifare-type-1\/\"]}]},{\"@type\":\"BreadcrumbList\",\"@id\":\"https:\/\/www.paytec.eu\/fr\/prodotto\/cartes-contactless-mifare-type-1\/#breadcrumb\",\"itemListElement\":[{\"@type\":\"ListItem\",\"position\":1,\"name\":\"Home\",\"item\":\"https:\/\/www.paytec.eu\/de\/\"},{\"@type\":\"ListItem\",\"position\":2,\"name\":\"Shop\",\"item\":\"https:\/\/www.paytec.eu\/de\/shop\/\"},{\"@type\":\"ListItem\",\"position\":3,\"name\":\"Schl\u00fcssel \/ Karten\",\"item\":\"https:\/\/www.paytec.eu\/de\/categoria-prodotto\/chiavi-carte-de\/\"},{\"@type\":\"ListItem\",\"position\":4,\"name\":\"MIFARE\u00ae-KARTEN Typ 1\"}]},{\"@type\":\"WebSite\",\"@id\":\"https:\/\/www.paytec.eu\/#website\",\"url\":\"https:\/\/www.paytec.eu\/\",\"name\":\"Paytec\",\"description\":\"Smart Payments for Vending\",\"potentialAction\":[{\"@type\":\"SearchAction\",\"target\":{\"@type\":\"EntryPoint\",\"urlTemplate\":\"https:\/\/www.paytec.eu\/?s={search_term_string}\"},\"query-input\":\"required name=search_term_string\"}],\"inLanguage\":\"de\"}]}<\/script>\n<!-- \/ Yoast SEO plugin. -->","yoast_head_json":{"title":"Kontaktlose Mifare-Karten f\u00fcr den Vending \u2013 Paytec","description":"Die kontaktlosen Mifare-Karten von Paytec bieten alle Vorteile der Mifare\u00ae-Plattform, integriert und angepasst an die spezifischen Bed\u00fcrfnisse des Vending.","robots":{"index":"index","follow":"follow","max-snippet":"max-snippet:-1","max-image-preview":"max-image-preview:large","max-video-preview":"max-video-preview:-1"},"canonical":"https:\/\/www.paytec.eu\/fr\/prodotto\/cartes-contactless-mifare-type-1\/","og_locale":"de_DE","og_type":"article","og_title":"Kontaktlose Mifare-Karten f\u00fcr den Vending \u2013 Paytec","og_description":"Die kontaktlosen Mifare-Karten von Paytec bieten alle Vorteile der Mifare\u00ae-Plattform, integriert und angepasst an die spezifischen Bed\u00fcrfnisse des Vending.","og_url":"https:\/\/www.paytec.eu\/fr\/prodotto\/cartes-contactless-mifare-type-1\/","og_site_name":"Paytec","article_modified_time":"2023-10-27T08:40:20+00:00","og_image":[{"width":800,"height":860,"url":"https:\/\/www.paytec.eu\/wp-content\/uploads\/2023\/06\/Mifare_carta_1.png","type":"image\/png"}],"twitter_card":"summary_large_image","twitter_misc":{"Gesch\u00e4tzte Lesezeit":"1\u00a0Minute"},"schema":{"@context":"https:\/\/schema.org","@graph":[{"@type":"WebPage","@id":"https:\/\/www.paytec.eu\/fr\/prodotto\/cartes-contactless-mifare-type-1\/","url":"https:\/\/www.paytec.eu\/fr\/prodotto\/cartes-contactless-mifare-type-1\/","name":"Kontaktlose Mifare-Karten f\u00fcr den Vending \u2013 Paytec","isPartOf":{"@id":"https:\/\/www.paytec.eu\/#website"},"datePublished":"2023-06-01T11:49:18+00:00","dateModified":"2023-10-27T08:40:20+00:00","description":"Die kontaktlosen Mifare-Karten von Paytec bieten alle Vorteile der Mifare\u00ae-Plattform, integriert und angepasst an die spezifischen Bed\u00fcrfnisse des Vending.","breadcrumb":{"@id":"https:\/\/www.paytec.eu\/fr\/prodotto\/cartes-contactless-mifare-type-1\/#breadcrumb"},"inLanguage":"de","potentialAction":[{"@type":"ReadAction","target":["https:\/\/www.paytec.eu\/fr\/prodotto\/cartes-contactless-mifare-type-1\/"]}]},{"@type":"BreadcrumbList","@id":"https:\/\/www.paytec.eu\/fr\/prodotto\/cartes-contactless-mifare-type-1\/#breadcrumb","itemListElement":[{"@type":"ListItem","position":1,"name":"Home","item":"https:\/\/www.paytec.eu\/de\/"},{"@type":"ListItem","position":2,"name":"Shop","item":"https:\/\/www.paytec.eu\/de\/shop\/"},{"@type":"ListItem","position":3,"name":"Schl\u00fcssel \/ Karten","item":"https:\/\/www.paytec.eu\/de\/categoria-prodotto\/chiavi-carte-de\/"},{"@type":"ListItem","position":4,"name":"MIFARE\u00ae-KARTEN Typ 1"}]},{"@type":"WebSite","@id":"https:\/\/www.paytec.eu\/#website","url":"https:\/\/www.paytec.eu\/","name":"Paytec","description":"Smart Payments for Vending","potentialAction":[{"@type":"SearchAction","target":{"@type":"EntryPoint","urlTemplate":"https:\/\/www.paytec.eu\/?s={search_term_string}"},"query-input":"required name=search_term_string"}],"inLanguage":"de"}]}},"_links":{"self":[{"href":"https:\/\/www.paytec.eu\/de\/wp-json\/wp\/v2\/product\/10991","targetHints":{"allow":["GET"]}}],"collection":[{"href":"https:\/\/www.paytec.eu\/de\/wp-json\/wp\/v2\/product"}],"about":[{"href":"https:\/\/www.paytec.eu\/de\/wp-json\/wp\/v2\/types\/product"}],"wp:featuredmedia":[{"embeddable":true,"href":"https:\/\/www.paytec.eu\/de\/wp-json\/wp\/v2\/media\/12345"}],"wp:attachment":[{"href":"https:\/\/www.paytec.eu\/de\/wp-json\/wp\/v2\/media?parent=10991"}],"wp:term":[{"taxonomy":"product_cat","embeddable":true,"href":"https:\/\/www.paytec.eu\/de\/wp-json\/wp\/v2\/product_cat?post=10991"},{"taxonomy":"product_tag","embeddable":true,"href":"https:\/\/www.paytec.eu\/de\/wp-json\/wp\/v2\/product_tag?post=10991"}],"curies":[{"name":"wp","href":"https:\/\/api.w.org\/{rel}","templated":true}]}}