{"id":12123,"date":"2023-01-25T14:09:52","date_gmt":"2023-10-27T04:06:46","guid":{"rendered":"https:\/\/www.paytec.eu\/prodotto\/antriebsriemen-apex-riemensatz-2-tlg\/"},"modified":"2023-10-27T06:14:20","modified_gmt":"2023-10-27T06:14:20","slug":"antriebsriemen-banknotenprufer-apex","status":"publish","type":"product","link":"https:\/\/www.paytec.eu\/de\/prodotto\/antriebsriemen-banknotenprufer-apex\/","title":{"rendered":"ANTRIEBSRIEMEN APEX \u2013 RIEMENSATZ 2-tlg"},"content":{"rendered":"<p>Antriebsriemen f\u00fcr <a href=\"https:\/\/www.paytec.eu\/de\/prodotto\/banknotenleser-fuer-erkaufsautomaten-apex7000\/\">Banknotenleser Apex<\/a>, Ersatzteil.<\/p>\n<p>Wird in S\u00e4tzen zu je 2 St\u00fcck verkauft<\/p>\n","protected":false},"excerpt":{"rendered":"<p>Antriebsriemen f\u00fcr Banknotenleser Apex, Ersatzteil. Wird in S\u00e4tzen zu je 2 St\u00fcck verkauft<\/p>\n","protected":false},"featured_media":10925,"template":"","meta":[],"product_cat":[168],"product_tag":[],"class_list":["post-12123","product","type-product","status-publish","has-post-thumbnail","hentry","tipologia-ersatzteile-apex","product_cat-zubehor-und-ersatzteile"],"acf":[],"yoast_head":"<!-- This site is optimized with the Yoast SEO plugin v21.1 - https:\/\/yoast.com\/wordpress\/plugins\/seo\/ -->\n<title>Antriebsriemen f\u00fcr Banknotenleser Apex - Paytec<\/title>\n<meta name=\"description\" content=\"Antriebsriemen f\u00fcr Banknotenleser Apex , Ersatzteil - 2-tlg Kit. Auch direkt auf der Website von paytec.eu zum Kauf erh\u00e4ltlich.\" \/>\n<meta name=\"robots\" content=\"index, follow, max-snippet:-1, max-image-preview:large, max-video-preview:-1\" \/>\n<link rel=\"canonical\" href=\"https:\/\/www.paytec.eu\/fr\/prodotto\/courroie-trainee-lecteur-apex\/\" \/>\n<meta property=\"og:locale\" content=\"de_DE\" \/>\n<meta property=\"og:type\" content=\"article\" \/>\n<meta property=\"og:title\" content=\"Antriebsriemen f\u00fcr Banknotenleser Apex - Paytec\" \/>\n<meta property=\"og:description\" content=\"Antriebsriemen f\u00fcr Banknotenleser Apex , Ersatzteil - 2-tlg Kit. Auch direkt auf der Website von paytec.eu zum Kauf erh\u00e4ltlich.\" \/>\n<meta property=\"og:url\" content=\"https:\/\/www.paytec.eu\/fr\/prodotto\/courroie-trainee-lecteur-apex\/\" \/>\n<meta property=\"og:site_name\" content=\"Paytec\" \/>\n<meta property=\"article:modified_time\" content=\"2023-10-27T06:14:20+00:00\" \/>\n<meta property=\"og:image\" content=\"https:\/\/www.paytec.eu\/wp-content\/uploads\/2023\/01\/timing-belt-apx-stacker-91AA0001-916x1024.png\" \/>\n\t<meta property=\"og:image:width\" content=\"916\" \/>\n\t<meta property=\"og:image:height\" content=\"1024\" \/>\n\t<meta property=\"og:image:type\" content=\"image\/png\" \/>\n<meta name=\"twitter:card\" content=\"summary_large_image\" \/>\n<meta name=\"twitter:label1\" content=\"Gesch\u00e4tzte Lesezeit\" \/>\n\t<meta name=\"twitter:data1\" content=\"1\u00a0Minute\" \/>\n<script type=\"application\/ld+json\" class=\"yoast-schema-graph\">{\"@context\":\"https:\/\/schema.org\",\"@graph\":[{\"@type\":\"WebPage\",\"@id\":\"https:\/\/www.paytec.eu\/fr\/prodotto\/courroie-trainee-lecteur-apex\/\",\"url\":\"https:\/\/www.paytec.eu\/fr\/prodotto\/courroie-trainee-lecteur-apex\/\",\"name\":\"Antriebsriemen f\u00fcr Banknotenleser Apex - Paytec\",\"isPartOf\":{\"@id\":\"https:\/\/www.paytec.eu\/#website\"},\"datePublished\":\"2023-10-27T04:06:46+00:00\",\"dateModified\":\"2023-10-27T06:14:20+00:00\",\"description\":\"Antriebsriemen f\u00fcr Banknotenleser Apex , Ersatzteil - 2-tlg Kit. Auch direkt auf der Website von paytec.eu zum Kauf erh\u00e4ltlich.\",\"breadcrumb\":{\"@id\":\"https:\/\/www.paytec.eu\/fr\/prodotto\/courroie-trainee-lecteur-apex\/#breadcrumb\"},\"inLanguage\":\"de\",\"potentialAction\":[{\"@type\":\"ReadAction\",\"target\":[\"https:\/\/www.paytec.eu\/fr\/prodotto\/courroie-trainee-lecteur-apex\/\"]}]},{\"@type\":\"BreadcrumbList\",\"@id\":\"https:\/\/www.paytec.eu\/fr\/prodotto\/courroie-trainee-lecteur-apex\/#breadcrumb\",\"itemListElement\":[{\"@type\":\"ListItem\",\"position\":1,\"name\":\"Home\",\"item\":\"https:\/\/www.paytec.eu\/de\/\"},{\"@type\":\"ListItem\",\"position\":2,\"name\":\"Shop\",\"item\":\"https:\/\/www.paytec.eu\/de\/shop\/\"},{\"@type\":\"ListItem\",\"position\":3,\"name\":\"Zubeh\u00f6r und Ersatzteile\",\"item\":\"https:\/\/www.paytec.eu\/de\/categoria-prodotto\/zubehor-und-ersatzteile\/\"},{\"@type\":\"ListItem\",\"position\":4,\"name\":\"ANTRIEBSRIEMEN APEX \u2013 RIEMENSATZ 2-tlg\"}]},{\"@type\":\"WebSite\",\"@id\":\"https:\/\/www.paytec.eu\/#website\",\"url\":\"https:\/\/www.paytec.eu\/\",\"name\":\"Paytec\",\"description\":\"Smart Payments for Vending\",\"potentialAction\":[{\"@type\":\"SearchAction\",\"target\":{\"@type\":\"EntryPoint\",\"urlTemplate\":\"https:\/\/www.paytec.eu\/?s={search_term_string}\"},\"query-input\":\"required name=search_term_string\"}],\"inLanguage\":\"de\"}]}<\/script>\n<!-- \/ Yoast SEO plugin. -->","yoast_head_json":{"title":"Antriebsriemen f\u00fcr Banknotenleser Apex - Paytec","description":"Antriebsriemen f\u00fcr Banknotenleser Apex , Ersatzteil - 2-tlg Kit. Auch direkt auf der Website von paytec.eu zum Kauf erh\u00e4ltlich.","robots":{"index":"index","follow":"follow","max-snippet":"max-snippet:-1","max-image-preview":"max-image-preview:large","max-video-preview":"max-video-preview:-1"},"canonical":"https:\/\/www.paytec.eu\/fr\/prodotto\/courroie-trainee-lecteur-apex\/","og_locale":"de_DE","og_type":"article","og_title":"Antriebsriemen f\u00fcr Banknotenleser Apex - Paytec","og_description":"Antriebsriemen f\u00fcr Banknotenleser Apex , Ersatzteil - 2-tlg Kit. Auch direkt auf der Website von paytec.eu zum Kauf erh\u00e4ltlich.","og_url":"https:\/\/www.paytec.eu\/fr\/prodotto\/courroie-trainee-lecteur-apex\/","og_site_name":"Paytec","article_modified_time":"2023-10-27T06:14:20+00:00","og_image":[{"width":916,"height":1024,"url":"https:\/\/www.paytec.eu\/wp-content\/uploads\/2023\/01\/timing-belt-apx-stacker-91AA0001-916x1024.png","type":"image\/png"}],"twitter_card":"summary_large_image","twitter_misc":{"Gesch\u00e4tzte Lesezeit":"1\u00a0Minute"},"schema":{"@context":"https:\/\/schema.org","@graph":[{"@type":"WebPage","@id":"https:\/\/www.paytec.eu\/fr\/prodotto\/courroie-trainee-lecteur-apex\/","url":"https:\/\/www.paytec.eu\/fr\/prodotto\/courroie-trainee-lecteur-apex\/","name":"Antriebsriemen f\u00fcr Banknotenleser Apex - Paytec","isPartOf":{"@id":"https:\/\/www.paytec.eu\/#website"},"datePublished":"2023-10-27T04:06:46+00:00","dateModified":"2023-10-27T06:14:20+00:00","description":"Antriebsriemen f\u00fcr Banknotenleser Apex , Ersatzteil - 2-tlg Kit. Auch direkt auf der Website von paytec.eu zum Kauf erh\u00e4ltlich.","breadcrumb":{"@id":"https:\/\/www.paytec.eu\/fr\/prodotto\/courroie-trainee-lecteur-apex\/#breadcrumb"},"inLanguage":"de","potentialAction":[{"@type":"ReadAction","target":["https:\/\/www.paytec.eu\/fr\/prodotto\/courroie-trainee-lecteur-apex\/"]}]},{"@type":"BreadcrumbList","@id":"https:\/\/www.paytec.eu\/fr\/prodotto\/courroie-trainee-lecteur-apex\/#breadcrumb","itemListElement":[{"@type":"ListItem","position":1,"name":"Home","item":"https:\/\/www.paytec.eu\/de\/"},{"@type":"ListItem","position":2,"name":"Shop","item":"https:\/\/www.paytec.eu\/de\/shop\/"},{"@type":"ListItem","position":3,"name":"Zubeh\u00f6r und Ersatzteile","item":"https:\/\/www.paytec.eu\/de\/categoria-prodotto\/zubehor-und-ersatzteile\/"},{"@type":"ListItem","position":4,"name":"ANTRIEBSRIEMEN APEX \u2013 RIEMENSATZ 2-tlg"}]},{"@type":"WebSite","@id":"https:\/\/www.paytec.eu\/#website","url":"https:\/\/www.paytec.eu\/","name":"Paytec","description":"Smart Payments for Vending","potentialAction":[{"@type":"SearchAction","target":{"@type":"EntryPoint","urlTemplate":"https:\/\/www.paytec.eu\/?s={search_term_string}"},"query-input":"required name=search_term_string"}],"inLanguage":"de"}]}},"_links":{"self":[{"href":"https:\/\/www.paytec.eu\/de\/wp-json\/wp\/v2\/product\/12123","targetHints":{"allow":["GET"]}}],"collection":[{"href":"https:\/\/www.paytec.eu\/de\/wp-json\/wp\/v2\/product"}],"about":[{"href":"https:\/\/www.paytec.eu\/de\/wp-json\/wp\/v2\/types\/product"}],"wp:featuredmedia":[{"embeddable":true,"href":"https:\/\/www.paytec.eu\/de\/wp-json\/wp\/v2\/media\/10925"}],"wp:attachment":[{"href":"https:\/\/www.paytec.eu\/de\/wp-json\/wp\/v2\/media?parent=12123"}],"wp:term":[{"taxonomy":"product_cat","embeddable":true,"href":"https:\/\/www.paytec.eu\/de\/wp-json\/wp\/v2\/product_cat?post=12123"},{"taxonomy":"product_tag","embeddable":true,"href":"https:\/\/www.paytec.eu\/de\/wp-json\/wp\/v2\/product_tag?post=12123"}],"curies":[{"name":"wp","href":"https:\/\/api.w.org\/{rel}","templated":true}]}}