{"id":12268,"date":"2023-10-31T08:21:27","date_gmt":"2023-10-31T08:21:24","guid":{"rendered":"https:\/\/www.paytec.eu\/?post_type=product&#038;p=12268"},"modified":"2023-10-31T08:33:55","modified_gmt":"2023-10-31T08:33:55","slug":"pit2-schluessel-autoprogrammierend-comat","status":"publish","type":"product","link":"https:\/\/www.paytec.eu\/de\/prodotto\/pit2-schluessel-autoprogrammierend-comat\/","title":{"rendered":"PIT2-Schl\u00fcssel Autoprogrammierend &#8211; Etikett COMAT"},"content":{"rendered":"<p>PIT2-Schl\u00fcssel Autoprogrammierend &#8211; Etikett COMAT<\/p>\n<p>Farbe: Schwarz<\/p>\n<p>&nbsp;<\/p>\n","protected":false},"excerpt":{"rendered":"<p>Die <strong>propriet\u00e4r kontaktlose PIT-Technologie <\/strong>von Paytec gew\u00e4hrleistet eine maximale technische Kontrolle der L\u00f6sung bei gleichzeitiger Gew\u00e4hrleistung von Zuverl\u00e4ssigkeit, Sicherheit und Vielseitigkeit.<\/p>\n","protected":false},"featured_media":12308,"template":"","meta":[],"product_cat":[406],"product_tag":[],"class_list":["post-12268","product","type-product","status-publish","has-post-thumbnail","hentry","product_cat-chiavi-carte-de"],"acf":[],"yoast_head":"<!-- This site is optimized with the Yoast SEO plugin v21.1 - https:\/\/yoast.com\/wordpress\/plugins\/seo\/ -->\n<title>autoprogrammierende PIT-Schl\u00fcssel - Etikett COMAT - Paytec<\/title>\n<meta name=\"description\" content=\"Die autoprogrammierende PIT-Schl\u00fcssel mit Etikett COMAT nutzen die PIT-Technologie, um Zahlungen zu erleichtern und den Umsatz zu steigern.\" \/>\n<meta name=\"robots\" content=\"index, follow, max-snippet:-1, max-image-preview:large, max-video-preview:-1\" \/>\n<link rel=\"canonical\" href=\"https:\/\/www.paytec.eu\/en\/prodotto\/autoprogrammable-pit2-comat-black\/\" \/>\n<meta property=\"og:locale\" content=\"de_DE\" \/>\n<meta property=\"og:type\" content=\"article\" \/>\n<meta property=\"og:title\" content=\"autoprogrammierende PIT-Schl\u00fcssel - Etikett COMAT - Paytec\" \/>\n<meta property=\"og:description\" content=\"Die autoprogrammierende PIT-Schl\u00fcssel mit Etikett COMAT nutzen die PIT-Technologie, um Zahlungen zu erleichtern und den Umsatz zu steigern.\" \/>\n<meta property=\"og:url\" content=\"https:\/\/www.paytec.eu\/en\/prodotto\/autoprogrammable-pit2-comat-black\/\" \/>\n<meta property=\"og:site_name\" content=\"Paytec\" \/>\n<meta property=\"article:modified_time\" content=\"2023-10-31T08:33:55+00:00\" \/>\n<meta property=\"og:image\" content=\"https:\/\/www.paytec.eu\/wp-content\/uploads\/2023\/10\/PIT2_COMAT_black.png\" \/>\n\t<meta property=\"og:image:width\" content=\"750\" \/>\n\t<meta property=\"og:image:height\" content=\"750\" \/>\n\t<meta property=\"og:image:type\" content=\"image\/png\" \/>\n<meta name=\"twitter:card\" content=\"summary_large_image\" \/>\n<meta name=\"twitter:label1\" content=\"Gesch\u00e4tzte Lesezeit\" \/>\n\t<meta name=\"twitter:data1\" content=\"1\u00a0Minute\" \/>\n<script type=\"application\/ld+json\" class=\"yoast-schema-graph\">{\"@context\":\"https:\/\/schema.org\",\"@graph\":[{\"@type\":\"WebPage\",\"@id\":\"https:\/\/www.paytec.eu\/en\/prodotto\/autoprogrammable-pit2-comat-black\/\",\"url\":\"https:\/\/www.paytec.eu\/en\/prodotto\/autoprogrammable-pit2-comat-black\/\",\"name\":\"autoprogrammierende PIT-Schl\u00fcssel - Etikett COMAT - Paytec\",\"isPartOf\":{\"@id\":\"https:\/\/www.paytec.eu\/#website\"},\"datePublished\":\"2023-10-31T08:21:24+00:00\",\"dateModified\":\"2023-10-31T08:33:55+00:00\",\"description\":\"Die autoprogrammierende PIT-Schl\u00fcssel mit Etikett COMAT nutzen die PIT-Technologie, um Zahlungen zu erleichtern und den Umsatz zu steigern.\",\"breadcrumb\":{\"@id\":\"https:\/\/www.paytec.eu\/en\/prodotto\/autoprogrammable-pit2-comat-black\/#breadcrumb\"},\"inLanguage\":\"de\",\"potentialAction\":[{\"@type\":\"ReadAction\",\"target\":[\"https:\/\/www.paytec.eu\/en\/prodotto\/autoprogrammable-pit2-comat-black\/\"]}]},{\"@type\":\"BreadcrumbList\",\"@id\":\"https:\/\/www.paytec.eu\/en\/prodotto\/autoprogrammable-pit2-comat-black\/#breadcrumb\",\"itemListElement\":[{\"@type\":\"ListItem\",\"position\":1,\"name\":\"Home\",\"item\":\"https:\/\/www.paytec.eu\/de\/\"},{\"@type\":\"ListItem\",\"position\":2,\"name\":\"Shop\",\"item\":\"https:\/\/www.paytec.eu\/de\/shop\/\"},{\"@type\":\"ListItem\",\"position\":3,\"name\":\"Schl\u00fcssel \/ Karten\",\"item\":\"https:\/\/www.paytec.eu\/de\/categoria-prodotto\/chiavi-carte-de\/\"},{\"@type\":\"ListItem\",\"position\":4,\"name\":\"PIT2-Schl\u00fcssel Autoprogrammierend &#8211; Etikett COMAT\"}]},{\"@type\":\"WebSite\",\"@id\":\"https:\/\/www.paytec.eu\/#website\",\"url\":\"https:\/\/www.paytec.eu\/\",\"name\":\"Paytec\",\"description\":\"Smart Payments for Vending\",\"potentialAction\":[{\"@type\":\"SearchAction\",\"target\":{\"@type\":\"EntryPoint\",\"urlTemplate\":\"https:\/\/www.paytec.eu\/?s={search_term_string}\"},\"query-input\":\"required name=search_term_string\"}],\"inLanguage\":\"de\"}]}<\/script>\n<!-- \/ Yoast SEO plugin. -->","yoast_head_json":{"title":"autoprogrammierende PIT-Schl\u00fcssel - Etikett COMAT - Paytec","description":"Die autoprogrammierende PIT-Schl\u00fcssel mit Etikett COMAT nutzen die PIT-Technologie, um Zahlungen zu erleichtern und den Umsatz zu steigern.","robots":{"index":"index","follow":"follow","max-snippet":"max-snippet:-1","max-image-preview":"max-image-preview:large","max-video-preview":"max-video-preview:-1"},"canonical":"https:\/\/www.paytec.eu\/en\/prodotto\/autoprogrammable-pit2-comat-black\/","og_locale":"de_DE","og_type":"article","og_title":"autoprogrammierende PIT-Schl\u00fcssel - Etikett COMAT - Paytec","og_description":"Die autoprogrammierende PIT-Schl\u00fcssel mit Etikett COMAT nutzen die PIT-Technologie, um Zahlungen zu erleichtern und den Umsatz zu steigern.","og_url":"https:\/\/www.paytec.eu\/en\/prodotto\/autoprogrammable-pit2-comat-black\/","og_site_name":"Paytec","article_modified_time":"2023-10-31T08:33:55+00:00","og_image":[{"width":750,"height":750,"url":"https:\/\/www.paytec.eu\/wp-content\/uploads\/2023\/10\/PIT2_COMAT_black.png","type":"image\/png"}],"twitter_card":"summary_large_image","twitter_misc":{"Gesch\u00e4tzte Lesezeit":"1\u00a0Minute"},"schema":{"@context":"https:\/\/schema.org","@graph":[{"@type":"WebPage","@id":"https:\/\/www.paytec.eu\/en\/prodotto\/autoprogrammable-pit2-comat-black\/","url":"https:\/\/www.paytec.eu\/en\/prodotto\/autoprogrammable-pit2-comat-black\/","name":"autoprogrammierende PIT-Schl\u00fcssel - Etikett COMAT - Paytec","isPartOf":{"@id":"https:\/\/www.paytec.eu\/#website"},"datePublished":"2023-10-31T08:21:24+00:00","dateModified":"2023-10-31T08:33:55+00:00","description":"Die autoprogrammierende PIT-Schl\u00fcssel mit Etikett COMAT nutzen die PIT-Technologie, um Zahlungen zu erleichtern und den Umsatz zu steigern.","breadcrumb":{"@id":"https:\/\/www.paytec.eu\/en\/prodotto\/autoprogrammable-pit2-comat-black\/#breadcrumb"},"inLanguage":"de","potentialAction":[{"@type":"ReadAction","target":["https:\/\/www.paytec.eu\/en\/prodotto\/autoprogrammable-pit2-comat-black\/"]}]},{"@type":"BreadcrumbList","@id":"https:\/\/www.paytec.eu\/en\/prodotto\/autoprogrammable-pit2-comat-black\/#breadcrumb","itemListElement":[{"@type":"ListItem","position":1,"name":"Home","item":"https:\/\/www.paytec.eu\/de\/"},{"@type":"ListItem","position":2,"name":"Shop","item":"https:\/\/www.paytec.eu\/de\/shop\/"},{"@type":"ListItem","position":3,"name":"Schl\u00fcssel \/ Karten","item":"https:\/\/www.paytec.eu\/de\/categoria-prodotto\/chiavi-carte-de\/"},{"@type":"ListItem","position":4,"name":"PIT2-Schl\u00fcssel Autoprogrammierend &#8211; Etikett COMAT"}]},{"@type":"WebSite","@id":"https:\/\/www.paytec.eu\/#website","url":"https:\/\/www.paytec.eu\/","name":"Paytec","description":"Smart Payments for Vending","potentialAction":[{"@type":"SearchAction","target":{"@type":"EntryPoint","urlTemplate":"https:\/\/www.paytec.eu\/?s={search_term_string}"},"query-input":"required name=search_term_string"}],"inLanguage":"de"}]}},"_links":{"self":[{"href":"https:\/\/www.paytec.eu\/de\/wp-json\/wp\/v2\/product\/12268","targetHints":{"allow":["GET"]}}],"collection":[{"href":"https:\/\/www.paytec.eu\/de\/wp-json\/wp\/v2\/product"}],"about":[{"href":"https:\/\/www.paytec.eu\/de\/wp-json\/wp\/v2\/types\/product"}],"wp:featuredmedia":[{"embeddable":true,"href":"https:\/\/www.paytec.eu\/de\/wp-json\/wp\/v2\/media\/12308"}],"wp:attachment":[{"href":"https:\/\/www.paytec.eu\/de\/wp-json\/wp\/v2\/media?parent=12268"}],"wp:term":[{"taxonomy":"product_cat","embeddable":true,"href":"https:\/\/www.paytec.eu\/de\/wp-json\/wp\/v2\/product_cat?post=12268"},{"taxonomy":"product_tag","embeddable":true,"href":"https:\/\/www.paytec.eu\/de\/wp-json\/wp\/v2\/product_tag?post=12268"}],"curies":[{"name":"wp","href":"https:\/\/api.w.org\/{rel}","templated":true}]}}