{"id":13510,"date":"2023-01-30T09:11:24","date_gmt":"2023-01-30T09:11:24","guid":{"rendered":"https:\/\/www.paytec.eu\/prodotto\/muenzwechsler-mit-6-tuben\/"},"modified":"2024-01-04T08:25:14","modified_gmt":"2024-01-04T08:25:14","slug":"muenzwechsler-mit-6-tuben","status":"publish","type":"product","link":"https:\/\/www.paytec.eu\/de\/prodotto\/muenzwechsler-mit-6-tuben\/","title":{"rendered":"EAGLE 2 EXE-MDB"},"content":{"rendered":"<p>Der M\u00fcnzwechsler mit 6 Tuben EAGLE2 verf\u00fcgt \u00fcber eine bew\u00e4hrte M\u00fcnzdiskriminierungstechnik, die auf induktiver Technologie entwickelt wurde, um <strong>auch bei unfreundlichen Verh\u00e4ltnissen oder Schmutz volle Funktionalit\u00e4t zu gew\u00e4hrleisten<\/strong>.<br \/>\nEr bietet eine breite Palette von M\u00fcnzkonfigurationen, um <strong>maximale Flexibilit\u00e4t bei der Handhabung des Restes<\/strong> zu gew\u00e4hrleisten. Die Verwaltung von M\u00fcnzen in den Tuben ist Algorithmen anvertraut, die die Abgabe des Restes kontinuierlich optimieren, um ihre Verf\u00fcgbarkeit zu verl\u00e4ngern. Sowohl die herausnehmbare Lade als auch die Tuben sind leicht austauschbar.<br \/>\nEAGLE2 wurde entwickelt, um ein integriertes bargeldloses System zu verwalten, indem einfach ein Caiman-Leser angeschlossen wird. Andere MDB-Ger\u00e4te (z. B. Kreditkartenleser, Zahlungs-App) k\u00f6nnen ebenfalls angeschlossen werden, um das Angebot an Zahlungsarten zu erh\u00f6hen.<br \/>\nDie <strong>Standardanzeige<\/strong> auf den M\u00fcnzwechsler mit 6 Tuben EAGLE2 erleichtert die Arbeit der Einstellung und Diagnostik. Ein optionales Schl\u00fcsselschloss f\u00fcr die M\u00fcnzeinheit erm\u00f6glicht ein h\u00f6heres Ma\u00df an Sicherheit, unterst\u00fctzt von Sensoren, um zu erkennen, wann die Lade ge\u00f6ffnet wird, auch wenn der M\u00fcnzwechsler ausgeschaltet ist.<\/p>\n","protected":false},"excerpt":{"rendered":"<p>Eine echte technologische Plattform, auf der eine breite Palette von Zahlungssystemen integriert werden kann.<\/p>\n","protected":false},"featured_media":10713,"template":"","meta":[],"product_cat":[156],"product_tag":[],"class_list":["post-13510","product","type-product","status-publish","has-post-thumbnail","hentry","product_cat-cash-de"],"acf":[],"yoast_head":"<!-- This site is optimized with the Yoast SEO plugin v21.1 - https:\/\/yoast.com\/wordpress\/plugins\/seo\/ -->\n<title>M\u00fcnzwechsler mit 6 Tuben EAGLE2<\/title>\n<meta name=\"description\" content=\"Der M\u00fcnzwechsler mit 6 Tuben EAGLE2 von Paytec ist eine echte technologische Plattform f\u00fcr die Verwaltung von Zahlungen an Verkaufsautomaten\" \/>\n<meta name=\"robots\" content=\"index, follow, max-snippet:-1, max-image-preview:large, max-video-preview:-1\" \/>\n<link rel=\"canonical\" href=\"https:\/\/www.paytec.eu\/de\/prodotto\/muenzwechsler-mit-6-tuben\/\" \/>\n<meta property=\"og:locale\" content=\"de_DE\" \/>\n<meta property=\"og:type\" content=\"article\" \/>\n<meta property=\"og:title\" content=\"M\u00fcnzwechsler mit 6 Tuben EAGLE2\" \/>\n<meta property=\"og:description\" content=\"Der M\u00fcnzwechsler mit 6 Tuben EAGLE2 von Paytec ist eine echte technologische Plattform f\u00fcr die Verwaltung von Zahlungen an Verkaufsautomaten\" \/>\n<meta property=\"og:url\" content=\"https:\/\/www.paytec.eu\/de\/prodotto\/muenzwechsler-mit-6-tuben\/\" \/>\n<meta property=\"og:site_name\" content=\"Paytec\" \/>\n<meta property=\"article:modified_time\" content=\"2024-01-04T08:25:14+00:00\" \/>\n<meta property=\"og:image\" content=\"https:\/\/www.paytec.eu\/wp-content\/uploads\/2021\/12\/Eagle2.png\" \/>\n\t<meta property=\"og:image:width\" content=\"539\" \/>\n\t<meta property=\"og:image:height\" content=\"567\" \/>\n\t<meta property=\"og:image:type\" content=\"image\/png\" \/>\n<meta name=\"twitter:card\" content=\"summary_large_image\" \/>\n<meta name=\"twitter:label1\" content=\"Gesch\u00e4tzte Lesezeit\" \/>\n\t<meta name=\"twitter:data1\" content=\"1\u00a0Minute\" \/>\n<script type=\"application\/ld+json\" class=\"yoast-schema-graph\">{\"@context\":\"https:\/\/schema.org\",\"@graph\":[{\"@type\":\"WebPage\",\"@id\":\"https:\/\/www.paytec.eu\/de\/prodotto\/muenzwechsler-mit-6-tuben\/\",\"url\":\"https:\/\/www.paytec.eu\/de\/prodotto\/muenzwechsler-mit-6-tuben\/\",\"name\":\"M\u00fcnzwechsler mit 6 Tuben EAGLE2\",\"isPartOf\":{\"@id\":\"https:\/\/www.paytec.eu\/#website\"},\"datePublished\":\"2023-01-30T09:11:24+00:00\",\"dateModified\":\"2024-01-04T08:25:14+00:00\",\"description\":\"Der M\u00fcnzwechsler mit 6 Tuben EAGLE2 von Paytec ist eine echte technologische Plattform f\u00fcr die Verwaltung von Zahlungen an Verkaufsautomaten\",\"breadcrumb\":{\"@id\":\"https:\/\/www.paytec.eu\/de\/prodotto\/muenzwechsler-mit-6-tuben\/#breadcrumb\"},\"inLanguage\":\"de\",\"potentialAction\":[{\"@type\":\"ReadAction\",\"target\":[\"https:\/\/www.paytec.eu\/de\/prodotto\/muenzwechsler-mit-6-tuben\/\"]}]},{\"@type\":\"BreadcrumbList\",\"@id\":\"https:\/\/www.paytec.eu\/de\/prodotto\/muenzwechsler-mit-6-tuben\/#breadcrumb\",\"itemListElement\":[{\"@type\":\"ListItem\",\"position\":1,\"name\":\"Home\",\"item\":\"https:\/\/www.paytec.eu\/de\/\"},{\"@type\":\"ListItem\",\"position\":2,\"name\":\"Shop\",\"item\":\"https:\/\/www.paytec.eu\/de\/shop\/\"},{\"@type\":\"ListItem\",\"position\":3,\"name\":\"Cash\",\"item\":\"https:\/\/www.paytec.eu\/categoria-prodotto\/cash\/\"},{\"@type\":\"ListItem\",\"position\":4,\"name\":\"EAGLE 2 EXE-MDB\"}]},{\"@type\":\"WebSite\",\"@id\":\"https:\/\/www.paytec.eu\/#website\",\"url\":\"https:\/\/www.paytec.eu\/\",\"name\":\"Paytec\",\"description\":\"Smart Payments for Vending\",\"potentialAction\":[{\"@type\":\"SearchAction\",\"target\":{\"@type\":\"EntryPoint\",\"urlTemplate\":\"https:\/\/www.paytec.eu\/?s={search_term_string}\"},\"query-input\":\"required name=search_term_string\"}],\"inLanguage\":\"de\"}]}<\/script>\n<!-- \/ Yoast SEO plugin. -->","yoast_head_json":{"title":"M\u00fcnzwechsler mit 6 Tuben EAGLE2","description":"Der M\u00fcnzwechsler mit 6 Tuben EAGLE2 von Paytec ist eine echte technologische Plattform f\u00fcr die Verwaltung von Zahlungen an Verkaufsautomaten","robots":{"index":"index","follow":"follow","max-snippet":"max-snippet:-1","max-image-preview":"max-image-preview:large","max-video-preview":"max-video-preview:-1"},"canonical":"https:\/\/www.paytec.eu\/de\/prodotto\/muenzwechsler-mit-6-tuben\/","og_locale":"de_DE","og_type":"article","og_title":"M\u00fcnzwechsler mit 6 Tuben EAGLE2","og_description":"Der M\u00fcnzwechsler mit 6 Tuben EAGLE2 von Paytec ist eine echte technologische Plattform f\u00fcr die Verwaltung von Zahlungen an Verkaufsautomaten","og_url":"https:\/\/www.paytec.eu\/de\/prodotto\/muenzwechsler-mit-6-tuben\/","og_site_name":"Paytec","article_modified_time":"2024-01-04T08:25:14+00:00","og_image":[{"width":539,"height":567,"url":"https:\/\/www.paytec.eu\/wp-content\/uploads\/2021\/12\/Eagle2.png","type":"image\/png"}],"twitter_card":"summary_large_image","twitter_misc":{"Gesch\u00e4tzte Lesezeit":"1\u00a0Minute"},"schema":{"@context":"https:\/\/schema.org","@graph":[{"@type":"WebPage","@id":"https:\/\/www.paytec.eu\/de\/prodotto\/muenzwechsler-mit-6-tuben\/","url":"https:\/\/www.paytec.eu\/de\/prodotto\/muenzwechsler-mit-6-tuben\/","name":"M\u00fcnzwechsler mit 6 Tuben EAGLE2","isPartOf":{"@id":"https:\/\/www.paytec.eu\/#website"},"datePublished":"2023-01-30T09:11:24+00:00","dateModified":"2024-01-04T08:25:14+00:00","description":"Der M\u00fcnzwechsler mit 6 Tuben EAGLE2 von Paytec ist eine echte technologische Plattform f\u00fcr die Verwaltung von Zahlungen an Verkaufsautomaten","breadcrumb":{"@id":"https:\/\/www.paytec.eu\/de\/prodotto\/muenzwechsler-mit-6-tuben\/#breadcrumb"},"inLanguage":"de","potentialAction":[{"@type":"ReadAction","target":["https:\/\/www.paytec.eu\/de\/prodotto\/muenzwechsler-mit-6-tuben\/"]}]},{"@type":"BreadcrumbList","@id":"https:\/\/www.paytec.eu\/de\/prodotto\/muenzwechsler-mit-6-tuben\/#breadcrumb","itemListElement":[{"@type":"ListItem","position":1,"name":"Home","item":"https:\/\/www.paytec.eu\/de\/"},{"@type":"ListItem","position":2,"name":"Shop","item":"https:\/\/www.paytec.eu\/de\/shop\/"},{"@type":"ListItem","position":3,"name":"Cash","item":"https:\/\/www.paytec.eu\/categoria-prodotto\/cash\/"},{"@type":"ListItem","position":4,"name":"EAGLE 2 EXE-MDB"}]},{"@type":"WebSite","@id":"https:\/\/www.paytec.eu\/#website","url":"https:\/\/www.paytec.eu\/","name":"Paytec","description":"Smart Payments for Vending","potentialAction":[{"@type":"SearchAction","target":{"@type":"EntryPoint","urlTemplate":"https:\/\/www.paytec.eu\/?s={search_term_string}"},"query-input":"required name=search_term_string"}],"inLanguage":"de"}]}},"_links":{"self":[{"href":"https:\/\/www.paytec.eu\/de\/wp-json\/wp\/v2\/product\/13510","targetHints":{"allow":["GET"]}}],"collection":[{"href":"https:\/\/www.paytec.eu\/de\/wp-json\/wp\/v2\/product"}],"about":[{"href":"https:\/\/www.paytec.eu\/de\/wp-json\/wp\/v2\/types\/product"}],"wp:featuredmedia":[{"embeddable":true,"href":"https:\/\/www.paytec.eu\/de\/wp-json\/wp\/v2\/media\/10713"}],"wp:attachment":[{"href":"https:\/\/www.paytec.eu\/de\/wp-json\/wp\/v2\/media?parent=13510"}],"wp:term":[{"taxonomy":"product_cat","embeddable":true,"href":"https:\/\/www.paytec.eu\/de\/wp-json\/wp\/v2\/product_cat?post=13510"},{"taxonomy":"product_tag","embeddable":true,"href":"https:\/\/www.paytec.eu\/de\/wp-json\/wp\/v2\/product_tag?post=13510"}],"curies":[{"name":"wp","href":"https:\/\/api.w.org\/{rel}","templated":true}]}}