{"id":13542,"date":"2021-12-21T13:57:52","date_gmt":"2021-12-21T13:57:52","guid":{"rendered":"https:\/\/www.paytec.eu\/prodotto\/rendiresto-mdb-con-4-tubi\/"},"modified":"2024-01-04T08:43:14","modified_gmt":"2024-01-04T08:43:14","slug":"munzwechsler-mdb-mit-4-tuben","status":"publish","type":"product","link":"https:\/\/www.paytec.eu\/de\/prodotto\/munzwechsler-mdb-mit-4-tuben\/","title":{"rendered":"FOUR MDB-ONLY"},"content":{"rendered":"<p>Der Einsatz des MDB-M\u00fcnzwechsler mit 4 Tuben FOUR MDB-only als Peripherieger\u00e4t erm\u00f6glicht daher eine erhebliche <strong>Optimierung von Kosten, Investitionen und Betriebskapital<\/strong>.<\/p>\n<p>Auditdaten werden normalerweise vom Master verwaltet, k\u00f6nnen aber bei Bedarf mit verschiedenen Tools lokal erfasst werden.<\/p>\n<p>Der MDB-M\u00fcnzwechsler mit 4 Tuben FOUR MDB-only ist ein ideales Ger\u00e4t f\u00fcr alle, die nicht darauf verzichten wollen, ihren Kunden den Rest zu bieten, aber kostenbewusst bleiben. FOUR MDB-only ist der M\u00fcnzpr\u00fcfer mit dem<strong>besten Preis-\/Leistungsverh\u00e4ltnis<\/strong> auf dem Markt.<\/p>\n","protected":false},"excerpt":{"rendered":"<p>Der M\u00fcnzwechsler FOUR bietet dem Operator eine komplette, zuverl\u00e4ssige und kosteng\u00fcnstige L\u00f6sung, ideal f\u00fcr Orten, wo weniger Reste ben\u00f6tigt werden.<\/p>\n","protected":false},"featured_media":11948,"template":"","meta":[],"product_cat":[156],"product_tag":[],"class_list":["post-13542","product","type-product","status-publish","has-post-thumbnail","hentry","protocollo-mdb-de","tipologia-muenzwechsler-de","pagamento-moneta-de","product_cat-cash-de"],"acf":[],"yoast_head":"<!-- This site is optimized with the Yoast SEO plugin v21.1 - https:\/\/yoast.com\/wordpress\/plugins\/seo\/ -->\n<title>MDB-M\u00fcnzwechsler mit 4 Tuben FOUR MDB-only von Paytec<\/title>\n<meta name=\"description\" content=\"Der MDB-M\u00fcnzwechsler mit 4 Tuben FOUR MDB-only von Paytec ist ideal f\u00fcr Konfigurationen, bei denen der M\u00fcnzpr\u00fcfer nicht die Rolle des Masters spielt.\" \/>\n<meta name=\"robots\" content=\"index, follow, max-snippet:-1, max-image-preview:large, max-video-preview:-1\" \/>\n<link rel=\"canonical\" href=\"https:\/\/www.paytec.eu\/de\/prodotto\/munzwechsler-mdb-mit-4-tuben\/\" \/>\n<meta property=\"og:locale\" content=\"de_DE\" \/>\n<meta property=\"og:type\" content=\"article\" \/>\n<meta property=\"og:title\" content=\"MDB-M\u00fcnzwechsler mit 4 Tuben FOUR MDB-only von Paytec\" \/>\n<meta property=\"og:description\" content=\"Der MDB-M\u00fcnzwechsler mit 4 Tuben FOUR MDB-only von Paytec ist ideal f\u00fcr Konfigurationen, bei denen der M\u00fcnzpr\u00fcfer nicht die Rolle des Masters spielt.\" \/>\n<meta property=\"og:url\" content=\"https:\/\/www.paytec.eu\/de\/prodotto\/munzwechsler-mdb-mit-4-tuben\/\" \/>\n<meta property=\"og:site_name\" content=\"Paytec\" \/>\n<meta property=\"article:modified_time\" content=\"2024-01-04T08:43:14+00:00\" \/>\n<meta property=\"og:image\" content=\"https:\/\/www.paytec.eu\/wp-content\/uploads\/2021\/12\/four-paytec.png\" \/>\n\t<meta property=\"og:image:width\" content=\"580\" \/>\n\t<meta property=\"og:image:height\" content=\"580\" \/>\n\t<meta property=\"og:image:type\" content=\"image\/png\" \/>\n<meta name=\"twitter:card\" content=\"summary_large_image\" \/>\n<meta name=\"twitter:label1\" content=\"Gesch\u00e4tzte Lesezeit\" \/>\n\t<meta name=\"twitter:data1\" content=\"1\u00a0Minute\" \/>\n<script type=\"application\/ld+json\" class=\"yoast-schema-graph\">{\"@context\":\"https:\/\/schema.org\",\"@graph\":[{\"@type\":\"WebPage\",\"@id\":\"https:\/\/www.paytec.eu\/de\/prodotto\/munzwechsler-mdb-mit-4-tuben\/\",\"url\":\"https:\/\/www.paytec.eu\/de\/prodotto\/munzwechsler-mdb-mit-4-tuben\/\",\"name\":\"MDB-M\u00fcnzwechsler mit 4 Tuben FOUR MDB-only von Paytec\",\"isPartOf\":{\"@id\":\"https:\/\/www.paytec.eu\/#website\"},\"datePublished\":\"2021-12-21T13:57:52+00:00\",\"dateModified\":\"2024-01-04T08:43:14+00:00\",\"description\":\"Der MDB-M\u00fcnzwechsler mit 4 Tuben FOUR MDB-only von Paytec ist ideal f\u00fcr Konfigurationen, bei denen der M\u00fcnzpr\u00fcfer nicht die Rolle des Masters spielt.\",\"breadcrumb\":{\"@id\":\"https:\/\/www.paytec.eu\/de\/prodotto\/munzwechsler-mdb-mit-4-tuben\/#breadcrumb\"},\"inLanguage\":\"de\",\"potentialAction\":[{\"@type\":\"ReadAction\",\"target\":[\"https:\/\/www.paytec.eu\/de\/prodotto\/munzwechsler-mdb-mit-4-tuben\/\"]}]},{\"@type\":\"BreadcrumbList\",\"@id\":\"https:\/\/www.paytec.eu\/de\/prodotto\/munzwechsler-mdb-mit-4-tuben\/#breadcrumb\",\"itemListElement\":[{\"@type\":\"ListItem\",\"position\":1,\"name\":\"Home\",\"item\":\"https:\/\/www.paytec.eu\/de\/\"},{\"@type\":\"ListItem\",\"position\":2,\"name\":\"Shop\",\"item\":\"https:\/\/www.paytec.eu\/de\/shop\/\"},{\"@type\":\"ListItem\",\"position\":3,\"name\":\"Cash\",\"item\":\"https:\/\/www.paytec.eu\/categoria-prodotto\/cash\/\"},{\"@type\":\"ListItem\",\"position\":4,\"name\":\"FOUR MDB-ONLY\"}]},{\"@type\":\"WebSite\",\"@id\":\"https:\/\/www.paytec.eu\/#website\",\"url\":\"https:\/\/www.paytec.eu\/\",\"name\":\"Paytec\",\"description\":\"Smart Payments for Vending\",\"potentialAction\":[{\"@type\":\"SearchAction\",\"target\":{\"@type\":\"EntryPoint\",\"urlTemplate\":\"https:\/\/www.paytec.eu\/?s={search_term_string}\"},\"query-input\":\"required name=search_term_string\"}],\"inLanguage\":\"de\"}]}<\/script>\n<!-- \/ Yoast SEO plugin. -->","yoast_head_json":{"title":"MDB-M\u00fcnzwechsler mit 4 Tuben FOUR MDB-only von Paytec","description":"Der MDB-M\u00fcnzwechsler mit 4 Tuben FOUR MDB-only von Paytec ist ideal f\u00fcr Konfigurationen, bei denen der M\u00fcnzpr\u00fcfer nicht die Rolle des Masters spielt.","robots":{"index":"index","follow":"follow","max-snippet":"max-snippet:-1","max-image-preview":"max-image-preview:large","max-video-preview":"max-video-preview:-1"},"canonical":"https:\/\/www.paytec.eu\/de\/prodotto\/munzwechsler-mdb-mit-4-tuben\/","og_locale":"de_DE","og_type":"article","og_title":"MDB-M\u00fcnzwechsler mit 4 Tuben FOUR MDB-only von Paytec","og_description":"Der MDB-M\u00fcnzwechsler mit 4 Tuben FOUR MDB-only von Paytec ist ideal f\u00fcr Konfigurationen, bei denen der M\u00fcnzpr\u00fcfer nicht die Rolle des Masters spielt.","og_url":"https:\/\/www.paytec.eu\/de\/prodotto\/munzwechsler-mdb-mit-4-tuben\/","og_site_name":"Paytec","article_modified_time":"2024-01-04T08:43:14+00:00","og_image":[{"width":580,"height":580,"url":"https:\/\/www.paytec.eu\/wp-content\/uploads\/2021\/12\/four-paytec.png","type":"image\/png"}],"twitter_card":"summary_large_image","twitter_misc":{"Gesch\u00e4tzte Lesezeit":"1\u00a0Minute"},"schema":{"@context":"https:\/\/schema.org","@graph":[{"@type":"WebPage","@id":"https:\/\/www.paytec.eu\/de\/prodotto\/munzwechsler-mdb-mit-4-tuben\/","url":"https:\/\/www.paytec.eu\/de\/prodotto\/munzwechsler-mdb-mit-4-tuben\/","name":"MDB-M\u00fcnzwechsler mit 4 Tuben FOUR MDB-only von Paytec","isPartOf":{"@id":"https:\/\/www.paytec.eu\/#website"},"datePublished":"2021-12-21T13:57:52+00:00","dateModified":"2024-01-04T08:43:14+00:00","description":"Der MDB-M\u00fcnzwechsler mit 4 Tuben FOUR MDB-only von Paytec ist ideal f\u00fcr Konfigurationen, bei denen der M\u00fcnzpr\u00fcfer nicht die Rolle des Masters spielt.","breadcrumb":{"@id":"https:\/\/www.paytec.eu\/de\/prodotto\/munzwechsler-mdb-mit-4-tuben\/#breadcrumb"},"inLanguage":"de","potentialAction":[{"@type":"ReadAction","target":["https:\/\/www.paytec.eu\/de\/prodotto\/munzwechsler-mdb-mit-4-tuben\/"]}]},{"@type":"BreadcrumbList","@id":"https:\/\/www.paytec.eu\/de\/prodotto\/munzwechsler-mdb-mit-4-tuben\/#breadcrumb","itemListElement":[{"@type":"ListItem","position":1,"name":"Home","item":"https:\/\/www.paytec.eu\/de\/"},{"@type":"ListItem","position":2,"name":"Shop","item":"https:\/\/www.paytec.eu\/de\/shop\/"},{"@type":"ListItem","position":3,"name":"Cash","item":"https:\/\/www.paytec.eu\/categoria-prodotto\/cash\/"},{"@type":"ListItem","position":4,"name":"FOUR MDB-ONLY"}]},{"@type":"WebSite","@id":"https:\/\/www.paytec.eu\/#website","url":"https:\/\/www.paytec.eu\/","name":"Paytec","description":"Smart Payments for Vending","potentialAction":[{"@type":"SearchAction","target":{"@type":"EntryPoint","urlTemplate":"https:\/\/www.paytec.eu\/?s={search_term_string}"},"query-input":"required name=search_term_string"}],"inLanguage":"de"}]}},"_links":{"self":[{"href":"https:\/\/www.paytec.eu\/de\/wp-json\/wp\/v2\/product\/13542","targetHints":{"allow":["GET"]}}],"collection":[{"href":"https:\/\/www.paytec.eu\/de\/wp-json\/wp\/v2\/product"}],"about":[{"href":"https:\/\/www.paytec.eu\/de\/wp-json\/wp\/v2\/types\/product"}],"wp:featuredmedia":[{"embeddable":true,"href":"https:\/\/www.paytec.eu\/de\/wp-json\/wp\/v2\/media\/11948"}],"wp:attachment":[{"href":"https:\/\/www.paytec.eu\/de\/wp-json\/wp\/v2\/media?parent=13542"}],"wp:term":[{"taxonomy":"product_cat","embeddable":true,"href":"https:\/\/www.paytec.eu\/de\/wp-json\/wp\/v2\/product_cat?post=13542"},{"taxonomy":"product_tag","embeddable":true,"href":"https:\/\/www.paytec.eu\/de\/wp-json\/wp\/v2\/product_tag?post=13542"}],"curies":[{"name":"wp","href":"https:\/\/api.w.org\/{rel}","templated":true}]}}