{"id":13628,"date":"2024-01-15T12:43:55","date_gmt":"2024-01-15T12:43:57","guid":{"rendered":"https:\/\/www.paytec.eu\/?post_type=product&#038;p=13628"},"modified":"2025-09-24T08:52:58","modified_gmt":"2025-09-24T08:52:58","slug":"cv3516-mdb-eur","status":"publish","type":"product","link":"https:\/\/www.paytec.eu\/de\/prodotto\/cv3516-mdb-eur\/","title":{"rendered":"CV3516 MDB EUR"},"content":{"rendered":"<p>Die fortschrittliche Funktionen des M\u00fcnzpr\u00fcfers CV3516 MDB, einschlie\u00dflich einer hohen Verarbeitungsgeschwindigkeit, gew\u00e4hrleisten hohe Effizienzstandards und Sicherheit, um M\u00fcnzpr\u00fcftechnologie anzubieten, die den strengsten Anforderungen gerecht wird.<br \/>\nAnti-Fishing und Anti-Jamming-L\u00f6sungen machen unsere Systeme extrem sicher.<\/p>\n<p>Der <strong>CV3516<\/strong> <strong>MDB <\/strong>ist au\u00dferdem mit einer speziellen Technologie ausgestattet, um zweifarbige M\u00fcnzen zu erkennen \u2014 ein notwendiges Merkmal f\u00fcr Euro-M\u00fcnzen und dar\u00fcber hinaus.<\/p>\n<p>Dank der Lernfunktion k\u00f6nnen Sie andere M\u00fcnzen oder Jetons sowie Standardm\u00fcnzen programmieren, ohne dass zus\u00e4tzliche Ger\u00e4te ben\u00f6tigt werden. Eine Selbstdiagnosefunktion sorgt f\u00fcr hervorragende Ergebnisse.<\/p>\n","protected":false},"excerpt":{"rendered":"<p>Der Paytec <strong>CV3516 MDB <\/strong>Selektor ist mit einem innovativen Messsystem ausgestattet, um ein H\u00f6chstma\u00df an Leistung in Bezug auf M\u00fcnzannahme und F\u00e4lschungsabsto\u00dfung zu gew\u00e4hrleisten.<\/p>\n","protected":false},"featured_media":5532,"template":"","meta":[],"product_cat":[156],"product_tag":[],"class_list":["post-13628","product","type-product","status-publish","has-post-thumbnail","hentry","protocollo-mdb-de","tipologia-validator-de","pagamento-moneta-de","product_cat-cash-de"],"acf":[],"yoast_head":"<!-- This site is optimized with the Yoast SEO plugin v21.1 - https:\/\/yoast.com\/wordpress\/plugins\/seo\/ -->\n<title>M\u00fcnzpr\u00fcfer CV3516 MDB \u2013 Paytec<\/title>\n<meta name=\"description\" content=\"Der M\u00fcnzpr\u00fcfer CV3516 MDB von Paytec sorgt f\u00fcr h\u00f6chste Pr\u00e4zision bei der M\u00fcnzannahme und F\u00e4lschungsablehnung. Kaufen Sie es auf paytec.eu!\" \/>\n<meta name=\"robots\" content=\"index, follow, max-snippet:-1, max-image-preview:large, max-video-preview:-1\" \/>\n<link rel=\"canonical\" href=\"https:\/\/www.paytec.eu\/fr\/prodotto\/cv3516-eur-12-24-vdc-avec-plaque-frontale-copia\/\" \/>\n<meta property=\"og:locale\" content=\"de_DE\" \/>\n<meta property=\"og:type\" content=\"article\" \/>\n<meta property=\"og:title\" content=\"M\u00fcnzpr\u00fcfer CV3516 MDB \u2013 Paytec\" \/>\n<meta property=\"og:description\" content=\"Der M\u00fcnzpr\u00fcfer CV3516 MDB von Paytec sorgt f\u00fcr h\u00f6chste Pr\u00e4zision bei der M\u00fcnzannahme und F\u00e4lschungsablehnung. Kaufen Sie es auf paytec.eu!\" \/>\n<meta property=\"og:url\" content=\"https:\/\/www.paytec.eu\/fr\/prodotto\/cv3516-eur-12-24-vdc-avec-plaque-frontale-copia\/\" \/>\n<meta property=\"og:site_name\" content=\"Paytec\" \/>\n<meta property=\"article:modified_time\" content=\"2025-09-24T08:52:58+00:00\" \/>\n<meta property=\"og:image\" content=\"https:\/\/www.paytec.eu\/wp-content\/uploads\/2021\/12\/cv3516-eur-1224-vdc-con-frontalino.jpg\" \/>\n\t<meta property=\"og:image:width\" content=\"744\" \/>\n\t<meta property=\"og:image:height\" content=\"800\" \/>\n\t<meta property=\"og:image:type\" content=\"image\/jpeg\" \/>\n<meta name=\"twitter:card\" content=\"summary_large_image\" \/>\n<meta name=\"twitter:label1\" content=\"Gesch\u00e4tzte Lesezeit\" \/>\n\t<meta name=\"twitter:data1\" content=\"1\u00a0Minute\" \/>\n<script type=\"application\/ld+json\" class=\"yoast-schema-graph\">{\"@context\":\"https:\/\/schema.org\",\"@graph\":[{\"@type\":\"WebPage\",\"@id\":\"https:\/\/www.paytec.eu\/fr\/prodotto\/cv3516-eur-12-24-vdc-avec-plaque-frontale-copia\/\",\"url\":\"https:\/\/www.paytec.eu\/fr\/prodotto\/cv3516-eur-12-24-vdc-avec-plaque-frontale-copia\/\",\"name\":\"M\u00fcnzpr\u00fcfer CV3516 MDB \u2013 Paytec\",\"isPartOf\":{\"@id\":\"https:\/\/www.paytec.eu\/#website\"},\"datePublished\":\"2024-01-15T12:43:57+00:00\",\"dateModified\":\"2025-09-24T08:52:58+00:00\",\"description\":\"Der M\u00fcnzpr\u00fcfer CV3516 MDB von Paytec sorgt f\u00fcr h\u00f6chste Pr\u00e4zision bei der M\u00fcnzannahme und F\u00e4lschungsablehnung. Kaufen Sie es auf paytec.eu!\",\"breadcrumb\":{\"@id\":\"https:\/\/www.paytec.eu\/fr\/prodotto\/cv3516-eur-12-24-vdc-avec-plaque-frontale-copia\/#breadcrumb\"},\"inLanguage\":\"de\",\"potentialAction\":[{\"@type\":\"ReadAction\",\"target\":[\"https:\/\/www.paytec.eu\/fr\/prodotto\/cv3516-eur-12-24-vdc-avec-plaque-frontale-copia\/\"]}]},{\"@type\":\"BreadcrumbList\",\"@id\":\"https:\/\/www.paytec.eu\/fr\/prodotto\/cv3516-eur-12-24-vdc-avec-plaque-frontale-copia\/#breadcrumb\",\"itemListElement\":[{\"@type\":\"ListItem\",\"position\":1,\"name\":\"Home\",\"item\":\"https:\/\/www.paytec.eu\/de\/\"},{\"@type\":\"ListItem\",\"position\":2,\"name\":\"Shop\",\"item\":\"https:\/\/www.paytec.eu\/de\/shop\/\"},{\"@type\":\"ListItem\",\"position\":3,\"name\":\"Cash\",\"item\":\"https:\/\/www.paytec.eu\/de\/categoria-prodotto\/cash-de\/\"},{\"@type\":\"ListItem\",\"position\":4,\"name\":\"CV3516 MDB EUR\"}]},{\"@type\":\"WebSite\",\"@id\":\"https:\/\/www.paytec.eu\/#website\",\"url\":\"https:\/\/www.paytec.eu\/\",\"name\":\"Paytec\",\"description\":\"Smart Payments for Vending\",\"potentialAction\":[{\"@type\":\"SearchAction\",\"target\":{\"@type\":\"EntryPoint\",\"urlTemplate\":\"https:\/\/www.paytec.eu\/?s={search_term_string}\"},\"query-input\":\"required name=search_term_string\"}],\"inLanguage\":\"de\"}]}<\/script>\n<!-- \/ Yoast SEO plugin. -->","yoast_head_json":{"title":"M\u00fcnzpr\u00fcfer CV3516 MDB \u2013 Paytec","description":"Der M\u00fcnzpr\u00fcfer CV3516 MDB von Paytec sorgt f\u00fcr h\u00f6chste Pr\u00e4zision bei der M\u00fcnzannahme und F\u00e4lschungsablehnung. Kaufen Sie es auf paytec.eu!","robots":{"index":"index","follow":"follow","max-snippet":"max-snippet:-1","max-image-preview":"max-image-preview:large","max-video-preview":"max-video-preview:-1"},"canonical":"https:\/\/www.paytec.eu\/fr\/prodotto\/cv3516-eur-12-24-vdc-avec-plaque-frontale-copia\/","og_locale":"de_DE","og_type":"article","og_title":"M\u00fcnzpr\u00fcfer CV3516 MDB \u2013 Paytec","og_description":"Der M\u00fcnzpr\u00fcfer CV3516 MDB von Paytec sorgt f\u00fcr h\u00f6chste Pr\u00e4zision bei der M\u00fcnzannahme und F\u00e4lschungsablehnung. Kaufen Sie es auf paytec.eu!","og_url":"https:\/\/www.paytec.eu\/fr\/prodotto\/cv3516-eur-12-24-vdc-avec-plaque-frontale-copia\/","og_site_name":"Paytec","article_modified_time":"2025-09-24T08:52:58+00:00","og_image":[{"width":744,"height":800,"url":"https:\/\/www.paytec.eu\/wp-content\/uploads\/2021\/12\/cv3516-eur-1224-vdc-con-frontalino.jpg","type":"image\/jpeg"}],"twitter_card":"summary_large_image","twitter_misc":{"Gesch\u00e4tzte Lesezeit":"1\u00a0Minute"},"schema":{"@context":"https:\/\/schema.org","@graph":[{"@type":"WebPage","@id":"https:\/\/www.paytec.eu\/fr\/prodotto\/cv3516-eur-12-24-vdc-avec-plaque-frontale-copia\/","url":"https:\/\/www.paytec.eu\/fr\/prodotto\/cv3516-eur-12-24-vdc-avec-plaque-frontale-copia\/","name":"M\u00fcnzpr\u00fcfer CV3516 MDB \u2013 Paytec","isPartOf":{"@id":"https:\/\/www.paytec.eu\/#website"},"datePublished":"2024-01-15T12:43:57+00:00","dateModified":"2025-09-24T08:52:58+00:00","description":"Der M\u00fcnzpr\u00fcfer CV3516 MDB von Paytec sorgt f\u00fcr h\u00f6chste Pr\u00e4zision bei der M\u00fcnzannahme und F\u00e4lschungsablehnung. Kaufen Sie es auf paytec.eu!","breadcrumb":{"@id":"https:\/\/www.paytec.eu\/fr\/prodotto\/cv3516-eur-12-24-vdc-avec-plaque-frontale-copia\/#breadcrumb"},"inLanguage":"de","potentialAction":[{"@type":"ReadAction","target":["https:\/\/www.paytec.eu\/fr\/prodotto\/cv3516-eur-12-24-vdc-avec-plaque-frontale-copia\/"]}]},{"@type":"BreadcrumbList","@id":"https:\/\/www.paytec.eu\/fr\/prodotto\/cv3516-eur-12-24-vdc-avec-plaque-frontale-copia\/#breadcrumb","itemListElement":[{"@type":"ListItem","position":1,"name":"Home","item":"https:\/\/www.paytec.eu\/de\/"},{"@type":"ListItem","position":2,"name":"Shop","item":"https:\/\/www.paytec.eu\/de\/shop\/"},{"@type":"ListItem","position":3,"name":"Cash","item":"https:\/\/www.paytec.eu\/de\/categoria-prodotto\/cash-de\/"},{"@type":"ListItem","position":4,"name":"CV3516 MDB EUR"}]},{"@type":"WebSite","@id":"https:\/\/www.paytec.eu\/#website","url":"https:\/\/www.paytec.eu\/","name":"Paytec","description":"Smart Payments for Vending","potentialAction":[{"@type":"SearchAction","target":{"@type":"EntryPoint","urlTemplate":"https:\/\/www.paytec.eu\/?s={search_term_string}"},"query-input":"required name=search_term_string"}],"inLanguage":"de"}]}},"_links":{"self":[{"href":"https:\/\/www.paytec.eu\/de\/wp-json\/wp\/v2\/product\/13628","targetHints":{"allow":["GET"]}}],"collection":[{"href":"https:\/\/www.paytec.eu\/de\/wp-json\/wp\/v2\/product"}],"about":[{"href":"https:\/\/www.paytec.eu\/de\/wp-json\/wp\/v2\/types\/product"}],"wp:featuredmedia":[{"embeddable":true,"href":"https:\/\/www.paytec.eu\/de\/wp-json\/wp\/v2\/media\/5532"}],"wp:attachment":[{"href":"https:\/\/www.paytec.eu\/de\/wp-json\/wp\/v2\/media?parent=13628"}],"wp:term":[{"taxonomy":"product_cat","embeddable":true,"href":"https:\/\/www.paytec.eu\/de\/wp-json\/wp\/v2\/product_cat?post=13628"},{"taxonomy":"product_tag","embeddable":true,"href":"https:\/\/www.paytec.eu\/de\/wp-json\/wp\/v2\/product_tag?post=13628"}],"curies":[{"name":"wp","href":"https:\/\/api.w.org\/{rel}","templated":true}]}}