{"id":15513,"date":"2024-07-08T08:57:03","date_gmt":"2024-07-08T08:57:10","guid":{"rendered":"https:\/\/www.paytec.eu\/?post_type=product&#038;p=15513"},"modified":"2025-05-06T11:56:38","modified_gmt":"2025-05-06T11:56:38","slug":"vendotek-copy","status":"publish","type":"product","link":"https:\/\/www.paytec.eu\/de\/prodotto\/vendotek-copy\/","title":{"rendered":"VENDOTEK 3G"},"content":{"rendered":"<p>Der Kreditkartenleser Vendotek f\u00fcr Verkaufsautomaten wirkt im kontaktlosen Modus (contactless) und akzeptiert alle g\u00e4ngigen Zahlungskarten wie Visa, MasterCard, Maestro PayPass, sowie zahlreiche mobile L\u00f6sungen wie ApplePay, GooglePay oder SamsungPay.<\/p>\n<p>Sein robustes und kompaktes Design erm\u00f6glicht ihren Einsatz in unfreundlichen Verh\u00e4ltnissen, auch im Freien.<\/p>\n<p>Das Terminal wird mit einer integrierten SIM-Karte und einem Standard-Bankvertrag geliefert, wodurch es sofort einsatzbereit ist. Bei schlechter Konnektivit\u00e4t kann Vendotek auch mit dem <strong>Ethernet-Netzwerk<\/strong> verbunden werden.<\/p>\n<p>Der Leser ist einfach zu installieren (ein Kabel und vier Schrauben) und unterst\u00fctzt die Niveaus MDB1 (\u201eCredit first\u201c) und MDB3 (\u201eSelection first\u201c). Er arbeitet undeutlich wie Cash #1 oder #2 und erm\u00f6glicht die Wiederherstellung von Auditdaten sowohl \u00fcber Kabel als auch in telematischer Form.<\/p>\n<p>In Kombination mit einer CAIMAN-Zentraleinheit kann Vendotek auch verwendet werden, um <strong>ein Guthaben direkt auf einen traditionellen Schl\u00fcssel aufzuladen<\/strong>, wodurch die Auswirkungen von Bankprovisionen erheblich reduziert werden.<\/p>\n<p>Das integrierte Display erm\u00f6glicht die sofortige Interaktion mit dem Benutzer und die Anpassung von Inhalten mit entfernt programmierbaren Bildern.<\/p>\n<p>Das dem Bediener zur Verf\u00fcgung stehende Portal erm\u00f6glicht es, alle Transaktionen, die auf dem Kreditkartenleser Vendotek f\u00fcr Verkaufsautomaten stattgefunden haben, unter Kontrolle zu behalten und bei Bedarf in die Computersysteme des Unternehmens zu integrieren.<\/p>\n","protected":false},"excerpt":{"rendered":"<p>Der VENDOTEK 3G Kartenleser ist ein speziell f\u00fcr den Vending entwickelter und sofort einsatzbereiter POS.<\/p>\n<p><em>Achtung: Version 3G!<\/em><\/p>\n<p><em>Das Produkt ist voll funktionsf\u00e4hig, wurde jedoch verwendet und weist leichte Gebrauchsspuren auf. Es wird mit einer <strong>6-monatigen Garantie<\/strong> verkauft.<\/em><\/p>\n","protected":false},"featured_media":8459,"template":"","meta":[],"product_cat":[167],"product_tag":[],"class_list":["post-15513","product","type-product","status-publish","has-post-thumbnail","hentry","product_cat-okkasion"],"acf":[],"yoast_head":"<!-- This site is optimized with the Yoast SEO plugin v21.1 - https:\/\/yoast.com\/wordpress\/plugins\/seo\/ -->\n<title>Kreditkartenleser Vendotek f\u00fcr Verkaufsautomaten<\/title>\n<meta name=\"description\" content=\"Kreditkartenleser Vendotek f\u00fcr Verkaufsautomaten: speziell f\u00fcr den Vending entwickelter und sofort einsatzbereiter POS: auch auf paytec.eu!\" \/>\n<meta name=\"robots\" content=\"index, follow, max-snippet:-1, max-image-preview:large, max-video-preview:-1\" \/>\n<link rel=\"canonical\" href=\"https:\/\/www.paytec.eu\/de\/prodotto\/vendotek-copy\/\" \/>\n<meta property=\"og:locale\" content=\"de_DE\" \/>\n<meta property=\"og:type\" content=\"article\" \/>\n<meta property=\"og:title\" content=\"Kreditkartenleser Vendotek f\u00fcr Verkaufsautomaten\" \/>\n<meta property=\"og:description\" content=\"Kreditkartenleser Vendotek f\u00fcr Verkaufsautomaten: speziell f\u00fcr den Vending entwickelter und sofort einsatzbereiter POS: auch auf paytec.eu!\" \/>\n<meta property=\"og:url\" content=\"https:\/\/www.paytec.eu\/de\/prodotto\/vendotek-copy\/\" \/>\n<meta property=\"og:site_name\" content=\"Paytec\" \/>\n<meta property=\"article:modified_time\" content=\"2025-05-06T11:56:38+00:00\" \/>\n<meta property=\"og:image\" content=\"https:\/\/www.paytec.eu\/wp-content\/uploads\/2022\/01\/vendotek-scaled.jpg\" \/>\n\t<meta property=\"og:image:width\" content=\"2289\" \/>\n\t<meta property=\"og:image:height\" content=\"2560\" \/>\n\t<meta property=\"og:image:type\" content=\"image\/jpeg\" \/>\n<meta name=\"twitter:card\" content=\"summary_large_image\" \/>\n<meta name=\"twitter:label1\" content=\"Gesch\u00e4tzte Lesezeit\" \/>\n\t<meta name=\"twitter:data1\" content=\"2\u00a0Minuten\" \/>\n<script type=\"application\/ld+json\" class=\"yoast-schema-graph\">{\"@context\":\"https:\/\/schema.org\",\"@graph\":[{\"@type\":\"WebPage\",\"@id\":\"https:\/\/www.paytec.eu\/de\/prodotto\/vendotek-copy\/\",\"url\":\"https:\/\/www.paytec.eu\/de\/prodotto\/vendotek-copy\/\",\"name\":\"Kreditkartenleser Vendotek f\u00fcr Verkaufsautomaten\",\"isPartOf\":{\"@id\":\"https:\/\/www.paytec.eu\/#website\"},\"datePublished\":\"2024-07-08T08:57:10+00:00\",\"dateModified\":\"2025-05-06T11:56:38+00:00\",\"description\":\"Kreditkartenleser Vendotek f\u00fcr Verkaufsautomaten: speziell f\u00fcr den Vending entwickelter und sofort einsatzbereiter POS: auch auf paytec.eu!\",\"breadcrumb\":{\"@id\":\"https:\/\/www.paytec.eu\/de\/prodotto\/vendotek-copy\/#breadcrumb\"},\"inLanguage\":\"de\",\"potentialAction\":[{\"@type\":\"ReadAction\",\"target\":[\"https:\/\/www.paytec.eu\/de\/prodotto\/vendotek-copy\/\"]}]},{\"@type\":\"BreadcrumbList\",\"@id\":\"https:\/\/www.paytec.eu\/de\/prodotto\/vendotek-copy\/#breadcrumb\",\"itemListElement\":[{\"@type\":\"ListItem\",\"position\":1,\"name\":\"Home\",\"item\":\"https:\/\/www.paytec.eu\/de\/\"},{\"@type\":\"ListItem\",\"position\":2,\"name\":\"Shop\",\"item\":\"https:\/\/www.paytec.eu\/de\/shop\/\"},{\"@type\":\"ListItem\",\"position\":3,\"name\":\"Occasioni\",\"item\":\"https:\/\/www.paytec.eu\/categoria-prodotto\/occasioni\/\"},{\"@type\":\"ListItem\",\"position\":4,\"name\":\"VENDOTEK 3G\"}]},{\"@type\":\"WebSite\",\"@id\":\"https:\/\/www.paytec.eu\/#website\",\"url\":\"https:\/\/www.paytec.eu\/\",\"name\":\"Paytec\",\"description\":\"Smart Payments for Vending\",\"potentialAction\":[{\"@type\":\"SearchAction\",\"target\":{\"@type\":\"EntryPoint\",\"urlTemplate\":\"https:\/\/www.paytec.eu\/?s={search_term_string}\"},\"query-input\":\"required name=search_term_string\"}],\"inLanguage\":\"de\"}]}<\/script>\n<!-- \/ Yoast SEO plugin. -->","yoast_head_json":{"title":"Kreditkartenleser Vendotek f\u00fcr Verkaufsautomaten","description":"Kreditkartenleser Vendotek f\u00fcr Verkaufsautomaten: speziell f\u00fcr den Vending entwickelter und sofort einsatzbereiter POS: auch auf paytec.eu!","robots":{"index":"index","follow":"follow","max-snippet":"max-snippet:-1","max-image-preview":"max-image-preview:large","max-video-preview":"max-video-preview:-1"},"canonical":"https:\/\/www.paytec.eu\/de\/prodotto\/vendotek-copy\/","og_locale":"de_DE","og_type":"article","og_title":"Kreditkartenleser Vendotek f\u00fcr Verkaufsautomaten","og_description":"Kreditkartenleser Vendotek f\u00fcr Verkaufsautomaten: speziell f\u00fcr den Vending entwickelter und sofort einsatzbereiter POS: auch auf paytec.eu!","og_url":"https:\/\/www.paytec.eu\/de\/prodotto\/vendotek-copy\/","og_site_name":"Paytec","article_modified_time":"2025-05-06T11:56:38+00:00","og_image":[{"width":2289,"height":2560,"url":"https:\/\/www.paytec.eu\/wp-content\/uploads\/2022\/01\/vendotek-scaled.jpg","type":"image\/jpeg"}],"twitter_card":"summary_large_image","twitter_misc":{"Gesch\u00e4tzte Lesezeit":"2\u00a0Minuten"},"schema":{"@context":"https:\/\/schema.org","@graph":[{"@type":"WebPage","@id":"https:\/\/www.paytec.eu\/de\/prodotto\/vendotek-copy\/","url":"https:\/\/www.paytec.eu\/de\/prodotto\/vendotek-copy\/","name":"Kreditkartenleser Vendotek f\u00fcr Verkaufsautomaten","isPartOf":{"@id":"https:\/\/www.paytec.eu\/#website"},"datePublished":"2024-07-08T08:57:10+00:00","dateModified":"2025-05-06T11:56:38+00:00","description":"Kreditkartenleser Vendotek f\u00fcr Verkaufsautomaten: speziell f\u00fcr den Vending entwickelter und sofort einsatzbereiter POS: auch auf paytec.eu!","breadcrumb":{"@id":"https:\/\/www.paytec.eu\/de\/prodotto\/vendotek-copy\/#breadcrumb"},"inLanguage":"de","potentialAction":[{"@type":"ReadAction","target":["https:\/\/www.paytec.eu\/de\/prodotto\/vendotek-copy\/"]}]},{"@type":"BreadcrumbList","@id":"https:\/\/www.paytec.eu\/de\/prodotto\/vendotek-copy\/#breadcrumb","itemListElement":[{"@type":"ListItem","position":1,"name":"Home","item":"https:\/\/www.paytec.eu\/de\/"},{"@type":"ListItem","position":2,"name":"Shop","item":"https:\/\/www.paytec.eu\/de\/shop\/"},{"@type":"ListItem","position":3,"name":"Occasioni","item":"https:\/\/www.paytec.eu\/categoria-prodotto\/occasioni\/"},{"@type":"ListItem","position":4,"name":"VENDOTEK 3G"}]},{"@type":"WebSite","@id":"https:\/\/www.paytec.eu\/#website","url":"https:\/\/www.paytec.eu\/","name":"Paytec","description":"Smart Payments for Vending","potentialAction":[{"@type":"SearchAction","target":{"@type":"EntryPoint","urlTemplate":"https:\/\/www.paytec.eu\/?s={search_term_string}"},"query-input":"required name=search_term_string"}],"inLanguage":"de"}]}},"_links":{"self":[{"href":"https:\/\/www.paytec.eu\/de\/wp-json\/wp\/v2\/product\/15513","targetHints":{"allow":["GET"]}}],"collection":[{"href":"https:\/\/www.paytec.eu\/de\/wp-json\/wp\/v2\/product"}],"about":[{"href":"https:\/\/www.paytec.eu\/de\/wp-json\/wp\/v2\/types\/product"}],"wp:featuredmedia":[{"embeddable":true,"href":"https:\/\/www.paytec.eu\/de\/wp-json\/wp\/v2\/media\/8459"}],"wp:attachment":[{"href":"https:\/\/www.paytec.eu\/de\/wp-json\/wp\/v2\/media?parent=15513"}],"wp:term":[{"taxonomy":"product_cat","embeddable":true,"href":"https:\/\/www.paytec.eu\/de\/wp-json\/wp\/v2\/product_cat?post=15513"},{"taxonomy":"product_tag","embeddable":true,"href":"https:\/\/www.paytec.eu\/de\/wp-json\/wp\/v2\/product_tag?post=15513"}],"curies":[{"name":"wp","href":"https:\/\/api.w.org\/{rel}","templated":true}]}}