{"id":15917,"date":"2024-08-29T08:24:26","date_gmt":"2024-08-29T08:24:30","guid":{"rendered":"https:\/\/www.paytec.eu\/?post_type=product&#038;p=15917"},"modified":"2025-12-04T11:43:22","modified_gmt":"2025-12-04T11:43:22","slug":"eagle-smart-mdb-only-copy","status":"publish","type":"product","link":"https:\/\/www.paytec.eu\/de\/prodotto\/eagle-smart-mdb-only-copy\/","title":{"rendered":"EAGLE Smart MDB-ONLY 2\u20ac-1\u20ac-10-50-20-5"},"content":{"rendered":"<p>EAGLE Smart ist ein MDB-M\u00fcnzwechsler mit 6 Tuben, der nur mit dem MDB-Protokoll ausgestattet ist, was den Betrieb vereinfacht und ideal f\u00fcr Konfigurationen ist, bei denen der M\u00fcnzwechsler nicht als Master fungiert.<\/p>\n<p>EAGLE Smart beh\u00e4lt trotzdem alle mechanischen Eigenschaften bei, einschlie\u00dflich der bew\u00e4hrte M\u00fcnzdiskriminierungstechnik, die auf induktiver Technologie entwickelt wurde, um auch bei unfreundlichen Umgebungsbedingungen oder Schmutz volle Funktionalit\u00e4t zu gew\u00e4hrleisten.<\/p>\n<p>Es bietet immer eine gro\u00dfe Auswahl an M\u00fcnzkonfigurationen, um <strong>maximale Flexibilit\u00e4t bei der Handhabung des Restes zu gew\u00e4hrleisten<\/strong>. Die Verwaltung von M\u00fcnzen in Tuben ist Algorithmen anvertraut, die die Lieferung des Restes kontinuierlich optimieren, um ihre Verf\u00fcgbarkeit zu verl\u00e4ngern.<\/p>\n<p><strong>Sowohl die herausnehmbare Lade als auch die Tuben sind leicht austauschbar.<\/strong> Ein bestimmter Sensor zeichnet jeder Entfernung der Tubenlade auf, selbst wenn einen M\u00fcnzwechsler ausgeschaltet ist. Ein optionales Schl\u00fcsselschloss f\u00fcr die Tubenlade kann das Sicherheitsniveau weiter erh\u00f6hen.<\/p>\n<p><strong>Der MDB-M\u00fcnzwechsler mit 6 Tuben EAGLE SMART <\/strong><strong>\u00fcbertr\u00e4gt dem Master alle diagnostischen und funktionellen Daten, einschlie\u00dflich Tubenstatus, Alarme und andere Anomalien<\/strong>.<\/p>\n<p>&nbsp;<\/p>\n","protected":false},"excerpt":{"rendered":"<p>Mit dem M\u00fcnzpr\u00fcfer EAGLE Smart bietet Paytec dem Operator ein spezielles Ger\u00e4t f\u00fcr die Verwaltung von Bargeld, das Kontroll- und Auditfunktionen an andere im Automaten vorhandene Systeme \u00fcbermittelt.<\/p>\n<p>Konfiguration Tuben: 2\u20ac-1\u20ac-10-50-20-5<\/p>\n","protected":false},"featured_media":5516,"template":"","meta":[],"product_cat":[167],"product_tag":[],"class_list":["post-15917","product","type-product","status-publish","has-post-thumbnail","hentry","product_cat-okkasion"],"acf":[],"yoast_head":"<!-- This site is optimized with the Yoast SEO plugin v21.1 - https:\/\/yoast.com\/wordpress\/plugins\/seo\/ -->\n<title>MDB-M\u00fcnzwechsler mit 6 Tuben EAGLE SMART - Paytec<\/title>\n<meta name=\"description\" content=\"Der MDB-M\u00fcnzwechsler mit 6 Tuben EAGLE SMART von Paytec ist ideal f\u00fcr Konfigurationen, bei denen der M\u00fcnzpr\u00fcfer nicht die Rolle des Masters spielt.\" \/>\n<meta name=\"robots\" content=\"index, follow, max-snippet:-1, max-image-preview:large, max-video-preview:-1\" \/>\n<link rel=\"canonical\" href=\"https:\/\/www.paytec.eu\/fr\/prodotto\/eagle-smart-mdb-only-copy\/\" \/>\n<meta property=\"og:locale\" content=\"de_DE\" \/>\n<meta property=\"og:type\" content=\"article\" \/>\n<meta property=\"og:title\" content=\"MDB-M\u00fcnzwechsler mit 6 Tuben EAGLE SMART - Paytec\" \/>\n<meta property=\"og:description\" content=\"Der MDB-M\u00fcnzwechsler mit 6 Tuben EAGLE SMART von Paytec ist ideal f\u00fcr Konfigurationen, bei denen der M\u00fcnzpr\u00fcfer nicht die Rolle des Masters spielt.\" \/>\n<meta property=\"og:url\" content=\"https:\/\/www.paytec.eu\/fr\/prodotto\/eagle-smart-mdb-only-copy\/\" \/>\n<meta property=\"og:site_name\" content=\"Paytec\" \/>\n<meta property=\"article:modified_time\" content=\"2025-12-04T11:43:22+00:00\" \/>\n<meta property=\"og:image\" content=\"https:\/\/www.paytec.eu\/wp-content\/uploads\/2021\/12\/eagle-smart-mdb-only.jpg\" \/>\n\t<meta property=\"og:image:width\" content=\"744\" \/>\n\t<meta property=\"og:image:height\" content=\"800\" \/>\n\t<meta property=\"og:image:type\" content=\"image\/jpeg\" \/>\n<meta name=\"twitter:card\" content=\"summary_large_image\" \/>\n<meta name=\"twitter:label1\" content=\"Gesch\u00e4tzte Lesezeit\" \/>\n\t<meta name=\"twitter:data1\" content=\"1\u00a0Minute\" \/>\n<script type=\"application\/ld+json\" class=\"yoast-schema-graph\">{\"@context\":\"https:\/\/schema.org\",\"@graph\":[{\"@type\":\"WebPage\",\"@id\":\"https:\/\/www.paytec.eu\/fr\/prodotto\/eagle-smart-mdb-only-copy\/\",\"url\":\"https:\/\/www.paytec.eu\/fr\/prodotto\/eagle-smart-mdb-only-copy\/\",\"name\":\"MDB-M\u00fcnzwechsler mit 6 Tuben EAGLE SMART - Paytec\",\"isPartOf\":{\"@id\":\"https:\/\/www.paytec.eu\/#website\"},\"datePublished\":\"2024-08-29T08:24:30+00:00\",\"dateModified\":\"2025-12-04T11:43:22+00:00\",\"description\":\"Der MDB-M\u00fcnzwechsler mit 6 Tuben EAGLE SMART von Paytec ist ideal f\u00fcr Konfigurationen, bei denen der M\u00fcnzpr\u00fcfer nicht die Rolle des Masters spielt.\",\"breadcrumb\":{\"@id\":\"https:\/\/www.paytec.eu\/fr\/prodotto\/eagle-smart-mdb-only-copy\/#breadcrumb\"},\"inLanguage\":\"de\",\"potentialAction\":[{\"@type\":\"ReadAction\",\"target\":[\"https:\/\/www.paytec.eu\/fr\/prodotto\/eagle-smart-mdb-only-copy\/\"]}]},{\"@type\":\"BreadcrumbList\",\"@id\":\"https:\/\/www.paytec.eu\/fr\/prodotto\/eagle-smart-mdb-only-copy\/#breadcrumb\",\"itemListElement\":[{\"@type\":\"ListItem\",\"position\":1,\"name\":\"Home\",\"item\":\"https:\/\/www.paytec.eu\/de\/\"},{\"@type\":\"ListItem\",\"position\":2,\"name\":\"Shop\",\"item\":\"https:\/\/www.paytec.eu\/de\/shop\/\"},{\"@type\":\"ListItem\",\"position\":3,\"name\":\"Okkasion\",\"item\":\"https:\/\/www.paytec.eu\/de\/categoria-prodotto\/okkasion\/\"},{\"@type\":\"ListItem\",\"position\":4,\"name\":\"EAGLE Smart MDB-ONLY 2\u20ac-1\u20ac-10-50-20-5\"}]},{\"@type\":\"WebSite\",\"@id\":\"https:\/\/www.paytec.eu\/#website\",\"url\":\"https:\/\/www.paytec.eu\/\",\"name\":\"Paytec\",\"description\":\"Smart Payments for Vending\",\"potentialAction\":[{\"@type\":\"SearchAction\",\"target\":{\"@type\":\"EntryPoint\",\"urlTemplate\":\"https:\/\/www.paytec.eu\/?s={search_term_string}\"},\"query-input\":\"required name=search_term_string\"}],\"inLanguage\":\"de\"}]}<\/script>\n<!-- \/ Yoast SEO plugin. -->","yoast_head_json":{"title":"MDB-M\u00fcnzwechsler mit 6 Tuben EAGLE SMART - Paytec","description":"Der MDB-M\u00fcnzwechsler mit 6 Tuben EAGLE SMART von Paytec ist ideal f\u00fcr Konfigurationen, bei denen der M\u00fcnzpr\u00fcfer nicht die Rolle des Masters spielt.","robots":{"index":"index","follow":"follow","max-snippet":"max-snippet:-1","max-image-preview":"max-image-preview:large","max-video-preview":"max-video-preview:-1"},"canonical":"https:\/\/www.paytec.eu\/fr\/prodotto\/eagle-smart-mdb-only-copy\/","og_locale":"de_DE","og_type":"article","og_title":"MDB-M\u00fcnzwechsler mit 6 Tuben EAGLE SMART - Paytec","og_description":"Der MDB-M\u00fcnzwechsler mit 6 Tuben EAGLE SMART von Paytec ist ideal f\u00fcr Konfigurationen, bei denen der M\u00fcnzpr\u00fcfer nicht die Rolle des Masters spielt.","og_url":"https:\/\/www.paytec.eu\/fr\/prodotto\/eagle-smart-mdb-only-copy\/","og_site_name":"Paytec","article_modified_time":"2025-12-04T11:43:22+00:00","og_image":[{"width":744,"height":800,"url":"https:\/\/www.paytec.eu\/wp-content\/uploads\/2021\/12\/eagle-smart-mdb-only.jpg","type":"image\/jpeg"}],"twitter_card":"summary_large_image","twitter_misc":{"Gesch\u00e4tzte Lesezeit":"1\u00a0Minute"},"schema":{"@context":"https:\/\/schema.org","@graph":[{"@type":"WebPage","@id":"https:\/\/www.paytec.eu\/fr\/prodotto\/eagle-smart-mdb-only-copy\/","url":"https:\/\/www.paytec.eu\/fr\/prodotto\/eagle-smart-mdb-only-copy\/","name":"MDB-M\u00fcnzwechsler mit 6 Tuben EAGLE SMART - Paytec","isPartOf":{"@id":"https:\/\/www.paytec.eu\/#website"},"datePublished":"2024-08-29T08:24:30+00:00","dateModified":"2025-12-04T11:43:22+00:00","description":"Der MDB-M\u00fcnzwechsler mit 6 Tuben EAGLE SMART von Paytec ist ideal f\u00fcr Konfigurationen, bei denen der M\u00fcnzpr\u00fcfer nicht die Rolle des Masters spielt.","breadcrumb":{"@id":"https:\/\/www.paytec.eu\/fr\/prodotto\/eagle-smart-mdb-only-copy\/#breadcrumb"},"inLanguage":"de","potentialAction":[{"@type":"ReadAction","target":["https:\/\/www.paytec.eu\/fr\/prodotto\/eagle-smart-mdb-only-copy\/"]}]},{"@type":"BreadcrumbList","@id":"https:\/\/www.paytec.eu\/fr\/prodotto\/eagle-smart-mdb-only-copy\/#breadcrumb","itemListElement":[{"@type":"ListItem","position":1,"name":"Home","item":"https:\/\/www.paytec.eu\/de\/"},{"@type":"ListItem","position":2,"name":"Shop","item":"https:\/\/www.paytec.eu\/de\/shop\/"},{"@type":"ListItem","position":3,"name":"Okkasion","item":"https:\/\/www.paytec.eu\/de\/categoria-prodotto\/okkasion\/"},{"@type":"ListItem","position":4,"name":"EAGLE Smart MDB-ONLY 2\u20ac-1\u20ac-10-50-20-5"}]},{"@type":"WebSite","@id":"https:\/\/www.paytec.eu\/#website","url":"https:\/\/www.paytec.eu\/","name":"Paytec","description":"Smart Payments for Vending","potentialAction":[{"@type":"SearchAction","target":{"@type":"EntryPoint","urlTemplate":"https:\/\/www.paytec.eu\/?s={search_term_string}"},"query-input":"required name=search_term_string"}],"inLanguage":"de"}]}},"_links":{"self":[{"href":"https:\/\/www.paytec.eu\/de\/wp-json\/wp\/v2\/product\/15917","targetHints":{"allow":["GET"]}}],"collection":[{"href":"https:\/\/www.paytec.eu\/de\/wp-json\/wp\/v2\/product"}],"about":[{"href":"https:\/\/www.paytec.eu\/de\/wp-json\/wp\/v2\/types\/product"}],"wp:featuredmedia":[{"embeddable":true,"href":"https:\/\/www.paytec.eu\/de\/wp-json\/wp\/v2\/media\/5516"}],"wp:attachment":[{"href":"https:\/\/www.paytec.eu\/de\/wp-json\/wp\/v2\/media?parent=15917"}],"wp:term":[{"taxonomy":"product_cat","embeddable":true,"href":"https:\/\/www.paytec.eu\/de\/wp-json\/wp\/v2\/product_cat?post=15917"},{"taxonomy":"product_tag","embeddable":true,"href":"https:\/\/www.paytec.eu\/de\/wp-json\/wp\/v2\/product_tag?post=15917"}],"curies":[{"name":"wp","href":"https:\/\/api.w.org\/{rel}","templated":true}]}}