{"id":16357,"date":"2024-10-31T08:17:44","date_gmt":"2024-10-30T14:47:15","guid":{"rendered":"https:\/\/www.paytec.eu\/prodotto\/paytools-2\/"},"modified":"2024-10-31T09:01:43","modified_gmt":"2024-10-31T09:01:43","slug":"paytools","status":"publish","type":"product","link":"https:\/\/www.paytec.eu\/de\/prodotto\/paytools\/","title":{"rendered":"PayTools"},"content":{"rendered":"<p><strong>Abruf von Audit-Dateien \u00fcber Bluetooth<\/strong>:<\/p>\n<p>cMit PayTools wird das Smartphone der ARD und des Technikers zu einem tragbaren Programmierger\u00e4t, das die Abrechnung \u00fcber Bluetooth (kein ADE) von Paytec-Systemen und von den wichtigsten M\u00fcnzpr\u00fcfermodellen anderer Hersteller \u00fcbernehmen kann<\/p>\n<p><strong>schnelle und vollst\u00e4ndige Programmierung von Paytec-Produkten:<\/strong><\/p>\n<p>PayTools erm\u00f6glicht auch eine schnelle und vollst\u00e4ndige Programmierung von Paytec-Produkten, sowohl nach der Logik des tragbaren Programmierger\u00e4ts P6000 als auch \u00fcber intuitive Konfigurationsseiten, die speziell f\u00fcr tragbare Ger\u00e4te verschiedener Gr\u00f6\u00dfen entwickelt wurden. Schlie\u00dflich erlaubt Ihnen PayTools auch die Funktionsdiagnose des M\u00fcnzwechlsers durchzuf\u00fchren<\/p>\n<p><strong>OPTO-Firmware-Update und Verwaltung der schwarzen Liste von Schl\u00fcssel:<\/strong><\/p>\n<p>Die neueste Version von PayTools erm\u00f6glicht jetzt auch das direkte Update der OPTO-Firmware ohne die Verwendung anderer Tools und die Verwaltung der Black Lists, wodurch die Nummern der zu sperrenden Schl\u00fcssel schnell geladen werden<\/p>\n<p><strong>Teilen von heruntergeladenen Dateien:<\/strong><\/p>\n<p>Die heruntergeladenen Dateien k\u00f6nnen praktisch in Echtzeit mit dem Paytec-Support geteilt werden, um die korrekte Konfiguration der Systeme direkt im Feld zu \u00fcberpr\u00fcfen.<br \/>\n\u00dcber die PayTools-App k\u00f6nnen die Audit- und Konfigurationsdateien auch auf die PayCloud-Plattform hochgeladen werden, um Ihre Automaten \u00e4hnlich wie bei Telemetriel\u00f6sungen fernzusteuern und zu aktualisieren, jedoch ohne die f\u00fcr diese Art von Diensten typischen Kosten. Alle Konfigurationen und Audits werden sicher archiviert, wodurch die M\u00f6glichkeit von Fehlern ausgeschlossen wird und immer eine maximale Sichtbarkeit der Situation vor Ort gew\u00e4hrleistet ist, ohne dass alle Verkaufsautomaten aus der Ferne verbunden werden m\u00fcssen.<\/p>\n<p>&nbsp;<\/p>\n","protected":false},"excerpt":{"rendered":"<div class=\"wpb_text_column wpb_content_element vc_custom_1648211128330\">\n<div class=\"wpb_wrapper\">\n<div class=\"q_icon_list\">\n<div class=\"wpb_text_column wpb_content_element vc_custom_1648211128330\">\n<div class=\"wpb_wrapper\">\n<div class=\"q_icon_list\">PayTools ist eine\u00a0<strong>kostenlose Android-Anwendung\u00a0<\/strong>, mit der Sie in eine\u00a0<strong>praktischere\u00a0<\/strong>Dimension f\u00fcr die Verwaltung von Zahlungssystemen einsteigen k\u00f6nnen.<\/div>\n<\/div>\n<\/div>\n<div class=\"wpb_text_column wpb_content_element vc_custom_1648209810588\">\n<div class=\"wpb_wrapper\">\n<div class=\"q_icon_list\">Mit PayTools wird das Smartphone der ARD und des Technikers zum\u00a0<strong>tragbaren Programmierger\u00e4t<\/strong>\u00a0und mehr.<\/div>\n<\/div>\n<\/div>\n<\/div>\n<\/div>\n<\/div>\n<div class=\"wpb_text_column wpb_content_element vc_custom_1648209810588\">\n<div><\/div>\n<div><strong>Sie k\u00f6nnen es sofort im Play Store oder mit dem QR-Code herunterladen.<\/strong><\/div>\n<\/div>\n<p>&nbsp;<\/p>\n","protected":false},"featured_media":16078,"template":"","meta":[],"product_cat":[1013],"product_tag":[],"class_list":["post-16357","product","type-product","status-publish","has-post-thumbnail","hentry","product_cat-software-de"],"acf":[],"yoast_head":"<!-- This site is optimized with the Yoast SEO plugin v21.1 - https:\/\/yoast.com\/wordpress\/plugins\/seo\/ -->\n<title>PayTools - Paytec<\/title>\n<meta name=\"robots\" content=\"index, follow, max-snippet:-1, max-image-preview:large, max-video-preview:-1\" \/>\n<link rel=\"canonical\" href=\"https:\/\/www.paytec.eu\/de\/prodotto\/paytools\/\" \/>\n<meta property=\"og:locale\" content=\"de_DE\" \/>\n<meta property=\"og:type\" content=\"article\" \/>\n<meta property=\"og:title\" content=\"PayTools - Paytec\" \/>\n<meta property=\"og:description\" content=\"PayTools ist eine\u00a0kostenlose Android-Anwendung\u00a0, mit der Sie in eine\u00a0praktischere\u00a0Dimension f\u00fcr die Verwaltung von Zahlungssystemen einsteigen k\u00f6nnen.     Mit PayTools wird das Smartphone der ARD und des Technikers zum\u00a0tragbaren Programmierger\u00e4t\u00a0und mehr.        Sie k\u00f6nnen es sofort im Play Store oder mit dem QR-Code herunterladen.  &nbsp;\" \/>\n<meta property=\"og:url\" content=\"https:\/\/www.paytec.eu\/de\/prodotto\/paytools\/\" \/>\n<meta property=\"og:site_name\" content=\"Paytec\" \/>\n<meta property=\"article:modified_time\" content=\"2024-10-31T09:01:43+00:00\" \/>\n<meta property=\"og:image\" content=\"https:\/\/www.paytec.eu\/wp-content\/uploads\/2024\/10\/paytools-tel.webp\" \/>\n\t<meta property=\"og:image:width\" content=\"1275\" \/>\n\t<meta property=\"og:image:height\" content=\"1275\" \/>\n\t<meta property=\"og:image:type\" content=\"image\/webp\" \/>\n<meta name=\"twitter:card\" content=\"summary_large_image\" \/>\n<meta name=\"twitter:label1\" content=\"Gesch\u00e4tzte Lesezeit\" \/>\n\t<meta name=\"twitter:data1\" content=\"2\u00a0Minuten\" \/>\n<script type=\"application\/ld+json\" class=\"yoast-schema-graph\">{\"@context\":\"https:\/\/schema.org\",\"@graph\":[{\"@type\":\"WebPage\",\"@id\":\"https:\/\/www.paytec.eu\/de\/prodotto\/paytools\/\",\"url\":\"https:\/\/www.paytec.eu\/de\/prodotto\/paytools\/\",\"name\":\"PayTools - Paytec\",\"isPartOf\":{\"@id\":\"https:\/\/www.paytec.eu\/#website\"},\"datePublished\":\"2024-10-30T14:47:15+00:00\",\"dateModified\":\"2024-10-31T09:01:43+00:00\",\"breadcrumb\":{\"@id\":\"https:\/\/www.paytec.eu\/de\/prodotto\/paytools\/#breadcrumb\"},\"inLanguage\":\"de\",\"potentialAction\":[{\"@type\":\"ReadAction\",\"target\":[\"https:\/\/www.paytec.eu\/de\/prodotto\/paytools\/\"]}]},{\"@type\":\"BreadcrumbList\",\"@id\":\"https:\/\/www.paytec.eu\/de\/prodotto\/paytools\/#breadcrumb\",\"itemListElement\":[{\"@type\":\"ListItem\",\"position\":1,\"name\":\"Home\",\"item\":\"https:\/\/www.paytec.eu\/de\/\"},{\"@type\":\"ListItem\",\"position\":2,\"name\":\"Shop\",\"item\":\"https:\/\/www.paytec.eu\/de\/shop\/\"},{\"@type\":\"ListItem\",\"position\":3,\"name\":\"Software\",\"item\":\"https:\/\/www.paytec.eu\/de\/categoria-prodotto\/software-de\/\"},{\"@type\":\"ListItem\",\"position\":4,\"name\":\"PayTools\"}]},{\"@type\":\"WebSite\",\"@id\":\"https:\/\/www.paytec.eu\/#website\",\"url\":\"https:\/\/www.paytec.eu\/\",\"name\":\"Paytec\",\"description\":\"Smart Payments for Vending\",\"potentialAction\":[{\"@type\":\"SearchAction\",\"target\":{\"@type\":\"EntryPoint\",\"urlTemplate\":\"https:\/\/www.paytec.eu\/?s={search_term_string}\"},\"query-input\":\"required name=search_term_string\"}],\"inLanguage\":\"de\"}]}<\/script>\n<!-- \/ Yoast SEO plugin. -->","yoast_head_json":{"title":"PayTools - Paytec","robots":{"index":"index","follow":"follow","max-snippet":"max-snippet:-1","max-image-preview":"max-image-preview:large","max-video-preview":"max-video-preview:-1"},"canonical":"https:\/\/www.paytec.eu\/de\/prodotto\/paytools\/","og_locale":"de_DE","og_type":"article","og_title":"PayTools - Paytec","og_description":"PayTools ist eine\u00a0kostenlose Android-Anwendung\u00a0, mit der Sie in eine\u00a0praktischere\u00a0Dimension f\u00fcr die Verwaltung von Zahlungssystemen einsteigen k\u00f6nnen.     Mit PayTools wird das Smartphone der ARD und des Technikers zum\u00a0tragbaren Programmierger\u00e4t\u00a0und mehr.        Sie k\u00f6nnen es sofort im Play Store oder mit dem QR-Code herunterladen.  &nbsp;","og_url":"https:\/\/www.paytec.eu\/de\/prodotto\/paytools\/","og_site_name":"Paytec","article_modified_time":"2024-10-31T09:01:43+00:00","og_image":[{"width":1275,"height":1275,"url":"https:\/\/www.paytec.eu\/wp-content\/uploads\/2024\/10\/paytools-tel.webp","type":"image\/webp"}],"twitter_card":"summary_large_image","twitter_misc":{"Gesch\u00e4tzte Lesezeit":"2\u00a0Minuten"},"schema":{"@context":"https:\/\/schema.org","@graph":[{"@type":"WebPage","@id":"https:\/\/www.paytec.eu\/de\/prodotto\/paytools\/","url":"https:\/\/www.paytec.eu\/de\/prodotto\/paytools\/","name":"PayTools - Paytec","isPartOf":{"@id":"https:\/\/www.paytec.eu\/#website"},"datePublished":"2024-10-30T14:47:15+00:00","dateModified":"2024-10-31T09:01:43+00:00","breadcrumb":{"@id":"https:\/\/www.paytec.eu\/de\/prodotto\/paytools\/#breadcrumb"},"inLanguage":"de","potentialAction":[{"@type":"ReadAction","target":["https:\/\/www.paytec.eu\/de\/prodotto\/paytools\/"]}]},{"@type":"BreadcrumbList","@id":"https:\/\/www.paytec.eu\/de\/prodotto\/paytools\/#breadcrumb","itemListElement":[{"@type":"ListItem","position":1,"name":"Home","item":"https:\/\/www.paytec.eu\/de\/"},{"@type":"ListItem","position":2,"name":"Shop","item":"https:\/\/www.paytec.eu\/de\/shop\/"},{"@type":"ListItem","position":3,"name":"Software","item":"https:\/\/www.paytec.eu\/de\/categoria-prodotto\/software-de\/"},{"@type":"ListItem","position":4,"name":"PayTools"}]},{"@type":"WebSite","@id":"https:\/\/www.paytec.eu\/#website","url":"https:\/\/www.paytec.eu\/","name":"Paytec","description":"Smart Payments for Vending","potentialAction":[{"@type":"SearchAction","target":{"@type":"EntryPoint","urlTemplate":"https:\/\/www.paytec.eu\/?s={search_term_string}"},"query-input":"required name=search_term_string"}],"inLanguage":"de"}]}},"_links":{"self":[{"href":"https:\/\/www.paytec.eu\/de\/wp-json\/wp\/v2\/product\/16357","targetHints":{"allow":["GET"]}}],"collection":[{"href":"https:\/\/www.paytec.eu\/de\/wp-json\/wp\/v2\/product"}],"about":[{"href":"https:\/\/www.paytec.eu\/de\/wp-json\/wp\/v2\/types\/product"}],"wp:featuredmedia":[{"embeddable":true,"href":"https:\/\/www.paytec.eu\/de\/wp-json\/wp\/v2\/media\/16078"}],"wp:attachment":[{"href":"https:\/\/www.paytec.eu\/de\/wp-json\/wp\/v2\/media?parent=16357"}],"wp:term":[{"taxonomy":"product_cat","embeddable":true,"href":"https:\/\/www.paytec.eu\/de\/wp-json\/wp\/v2\/product_cat?post=16357"},{"taxonomy":"product_tag","embeddable":true,"href":"https:\/\/www.paytec.eu\/de\/wp-json\/wp\/v2\/product_tag?post=16357"}],"curies":[{"name":"wp","href":"https:\/\/api.w.org\/{rel}","templated":true}]}}