{"id":18115,"date":"2025-03-07T09:07:30","date_gmt":"2025-03-07T09:07:32","guid":{"rendered":"https:\/\/www.paytec.eu\/?post_type=product&#038;p=18115"},"modified":"2025-03-12T08:26:16","modified_gmt":"2025-03-12T08:26:16","slug":"four-exe-mdb-10-5-20-50-10st","status":"publish","type":"product","link":"https:\/\/www.paytec.eu\/de\/prodotto\/four-exe-mdb-10-5-20-50-10st\/","title":{"rendered":"FOUR EXE-MDB 10-5-20-50 &#8211; KIT 10 St."},"content":{"rendered":"<p>Der M\u00fcnzwechsler mit 4 Tuben FOUR bietet dem Operator eine Komplettl\u00f6sung, ideal f\u00fcr Installationen, bei denen eine kleinere Vielfalt an Wechselgeld erforderlich ist. Das robuste und zuverl\u00e4ssige Produkt erm\u00f6glicht eine erhebliche Optimierung der Kosten.<\/p>\n<p>Ein Banknotenleser oder andere MDB-Peripherieger\u00e4te wie bargeldlose Systeme, Kreditkartenleser oder Zahlungs-Apps k\u00f6nnen direkt angeschlossen werden. <strong>Mit dem Zusatz eines Caiman-Lesers (PIT oder Mifare\u00ae) wird der M\u00fcnzwechsler FOUR auch zu einem kompletten bargeldlosen System.<\/strong><\/p>\n<p>Die <strong>Standardanzeige <\/strong>auf dem M\u00fcnzwechsler mit 4 Tuben FOUR erleichtert die Arbeit der Diagnostik.<\/p>\n<p>&nbsp;<\/p>\n","protected":false},"excerpt":{"rendered":"<p><strong>Sonderangebot:\u00a0 LOSSE von 10 St\u00fcck mit 40% Rabatt<\/strong><\/p>\n<p><em>(Listenpreis \u20ac545.00)<\/em><\/p>\n<p>***<\/p>\n<p>Der M\u00fcnzwechsler FOUR stellt den idealen Kompromiss zwischen Preis und Leistung dar und garantiert gleichzeitig Vielseitigkeit und Flexibilit\u00e4t im Laufe der Zeit.<\/p>\n<p>Konfiguration Tuben: 10-5-20-50<\/p>\n","protected":false},"featured_media":18146,"template":"","meta":[],"product_cat":[167,1100],"product_tag":[],"class_list":["post-18115","product","type-product","status-publish","has-post-thumbnail","hentry","product_cat-okkasion","product_cat-kit10-de"],"acf":[],"yoast_head":"<!-- This site is optimized with the Yoast SEO plugin v21.1 - https:\/\/yoast.com\/wordpress\/plugins\/seo\/ -->\n<title>M\u00fcnzwechsler mit 4 Tuben FOUR EXE MDB von Paytec<\/title>\n<meta name=\"description\" content=\"Der M\u00fcnzwechsler mit 4 Tuben FOUR von Paytec ist die ideale L\u00f6sung f\u00fcr Installationen, bei denen eine kleinere Auswahl an Wechselgeld ben\u00f6tigt wird\" \/>\n<meta name=\"robots\" content=\"index, follow, max-snippet:-1, max-image-preview:large, max-video-preview:-1\" \/>\n<link rel=\"canonical\" href=\"https:\/\/www.paytec.eu\/de\/prodotto\/four-exe-mdb-10-5-20-50-10st\/\" \/>\n<meta property=\"og:locale\" content=\"de_DE\" \/>\n<meta property=\"og:type\" content=\"article\" \/>\n<meta property=\"og:title\" content=\"M\u00fcnzwechsler mit 4 Tuben FOUR EXE MDB von Paytec\" \/>\n<meta property=\"og:description\" content=\"Der M\u00fcnzwechsler mit 4 Tuben FOUR von Paytec ist die ideale L\u00f6sung f\u00fcr Installationen, bei denen eine kleinere Auswahl an Wechselgeld ben\u00f6tigt wird\" \/>\n<meta property=\"og:url\" content=\"https:\/\/www.paytec.eu\/de\/prodotto\/four-exe-mdb-10-5-20-50-10st\/\" \/>\n<meta property=\"og:site_name\" content=\"Paytec\" \/>\n<meta property=\"article:modified_time\" content=\"2025-03-12T08:26:16+00:00\" \/>\n<meta property=\"og:image\" content=\"https:\/\/www.paytec.eu\/wp-content\/uploads\/2025\/03\/kit10four.png\" \/>\n\t<meta property=\"og:image:width\" content=\"539\" \/>\n\t<meta property=\"og:image:height\" content=\"567\" \/>\n\t<meta property=\"og:image:type\" content=\"image\/png\" \/>\n<meta name=\"twitter:card\" content=\"summary_large_image\" \/>\n<meta name=\"twitter:label1\" content=\"Gesch\u00e4tzte Lesezeit\" \/>\n\t<meta name=\"twitter:data1\" content=\"1\u00a0Minute\" \/>\n<script type=\"application\/ld+json\" class=\"yoast-schema-graph\">{\"@context\":\"https:\/\/schema.org\",\"@graph\":[{\"@type\":\"WebPage\",\"@id\":\"https:\/\/www.paytec.eu\/de\/prodotto\/four-exe-mdb-10-5-20-50-10st\/\",\"url\":\"https:\/\/www.paytec.eu\/de\/prodotto\/four-exe-mdb-10-5-20-50-10st\/\",\"name\":\"M\u00fcnzwechsler mit 4 Tuben FOUR EXE MDB von Paytec\",\"isPartOf\":{\"@id\":\"https:\/\/www.paytec.eu\/#website\"},\"datePublished\":\"2025-03-07T09:07:32+00:00\",\"dateModified\":\"2025-03-12T08:26:16+00:00\",\"description\":\"Der M\u00fcnzwechsler mit 4 Tuben FOUR von Paytec ist die ideale L\u00f6sung f\u00fcr Installationen, bei denen eine kleinere Auswahl an Wechselgeld ben\u00f6tigt wird\",\"breadcrumb\":{\"@id\":\"https:\/\/www.paytec.eu\/de\/prodotto\/four-exe-mdb-10-5-20-50-10st\/#breadcrumb\"},\"inLanguage\":\"de\",\"potentialAction\":[{\"@type\":\"ReadAction\",\"target\":[\"https:\/\/www.paytec.eu\/de\/prodotto\/four-exe-mdb-10-5-20-50-10st\/\"]}]},{\"@type\":\"BreadcrumbList\",\"@id\":\"https:\/\/www.paytec.eu\/de\/prodotto\/four-exe-mdb-10-5-20-50-10st\/#breadcrumb\",\"itemListElement\":[{\"@type\":\"ListItem\",\"position\":1,\"name\":\"Home\",\"item\":\"https:\/\/www.paytec.eu\/de\/\"},{\"@type\":\"ListItem\",\"position\":2,\"name\":\"Shop\",\"item\":\"https:\/\/www.paytec.eu\/de\/shop\/\"},{\"@type\":\"ListItem\",\"position\":3,\"name\":\"Okkasion\",\"item\":\"https:\/\/www.paytec.eu\/de\/categoria-prodotto\/okkasion\/\"},{\"@type\":\"ListItem\",\"position\":4,\"name\":\"Kit10_DE\",\"item\":\"https:\/\/www.paytec.eu\/de\/categoria-prodotto\/okkasion\/kit10-de\/\"},{\"@type\":\"ListItem\",\"position\":5,\"name\":\"FOUR EXE-MDB 10-5-20-50 &#8211; KIT 10 St.\"}]},{\"@type\":\"WebSite\",\"@id\":\"https:\/\/www.paytec.eu\/#website\",\"url\":\"https:\/\/www.paytec.eu\/\",\"name\":\"Paytec\",\"description\":\"Smart Payments for Vending\",\"potentialAction\":[{\"@type\":\"SearchAction\",\"target\":{\"@type\":\"EntryPoint\",\"urlTemplate\":\"https:\/\/www.paytec.eu\/?s={search_term_string}\"},\"query-input\":\"required name=search_term_string\"}],\"inLanguage\":\"de\"}]}<\/script>\n<!-- \/ Yoast SEO plugin. -->","yoast_head_json":{"title":"M\u00fcnzwechsler mit 4 Tuben FOUR EXE MDB von Paytec","description":"Der M\u00fcnzwechsler mit 4 Tuben FOUR von Paytec ist die ideale L\u00f6sung f\u00fcr Installationen, bei denen eine kleinere Auswahl an Wechselgeld ben\u00f6tigt wird","robots":{"index":"index","follow":"follow","max-snippet":"max-snippet:-1","max-image-preview":"max-image-preview:large","max-video-preview":"max-video-preview:-1"},"canonical":"https:\/\/www.paytec.eu\/de\/prodotto\/four-exe-mdb-10-5-20-50-10st\/","og_locale":"de_DE","og_type":"article","og_title":"M\u00fcnzwechsler mit 4 Tuben FOUR EXE MDB von Paytec","og_description":"Der M\u00fcnzwechsler mit 4 Tuben FOUR von Paytec ist die ideale L\u00f6sung f\u00fcr Installationen, bei denen eine kleinere Auswahl an Wechselgeld ben\u00f6tigt wird","og_url":"https:\/\/www.paytec.eu\/de\/prodotto\/four-exe-mdb-10-5-20-50-10st\/","og_site_name":"Paytec","article_modified_time":"2025-03-12T08:26:16+00:00","og_image":[{"width":539,"height":567,"url":"https:\/\/www.paytec.eu\/wp-content\/uploads\/2025\/03\/kit10four.png","type":"image\/png"}],"twitter_card":"summary_large_image","twitter_misc":{"Gesch\u00e4tzte Lesezeit":"1\u00a0Minute"},"schema":{"@context":"https:\/\/schema.org","@graph":[{"@type":"WebPage","@id":"https:\/\/www.paytec.eu\/de\/prodotto\/four-exe-mdb-10-5-20-50-10st\/","url":"https:\/\/www.paytec.eu\/de\/prodotto\/four-exe-mdb-10-5-20-50-10st\/","name":"M\u00fcnzwechsler mit 4 Tuben FOUR EXE MDB von Paytec","isPartOf":{"@id":"https:\/\/www.paytec.eu\/#website"},"datePublished":"2025-03-07T09:07:32+00:00","dateModified":"2025-03-12T08:26:16+00:00","description":"Der M\u00fcnzwechsler mit 4 Tuben FOUR von Paytec ist die ideale L\u00f6sung f\u00fcr Installationen, bei denen eine kleinere Auswahl an Wechselgeld ben\u00f6tigt wird","breadcrumb":{"@id":"https:\/\/www.paytec.eu\/de\/prodotto\/four-exe-mdb-10-5-20-50-10st\/#breadcrumb"},"inLanguage":"de","potentialAction":[{"@type":"ReadAction","target":["https:\/\/www.paytec.eu\/de\/prodotto\/four-exe-mdb-10-5-20-50-10st\/"]}]},{"@type":"BreadcrumbList","@id":"https:\/\/www.paytec.eu\/de\/prodotto\/four-exe-mdb-10-5-20-50-10st\/#breadcrumb","itemListElement":[{"@type":"ListItem","position":1,"name":"Home","item":"https:\/\/www.paytec.eu\/de\/"},{"@type":"ListItem","position":2,"name":"Shop","item":"https:\/\/www.paytec.eu\/de\/shop\/"},{"@type":"ListItem","position":3,"name":"Okkasion","item":"https:\/\/www.paytec.eu\/de\/categoria-prodotto\/okkasion\/"},{"@type":"ListItem","position":4,"name":"Kit10_DE","item":"https:\/\/www.paytec.eu\/de\/categoria-prodotto\/okkasion\/kit10-de\/"},{"@type":"ListItem","position":5,"name":"FOUR EXE-MDB 10-5-20-50 &#8211; KIT 10 St."}]},{"@type":"WebSite","@id":"https:\/\/www.paytec.eu\/#website","url":"https:\/\/www.paytec.eu\/","name":"Paytec","description":"Smart Payments for Vending","potentialAction":[{"@type":"SearchAction","target":{"@type":"EntryPoint","urlTemplate":"https:\/\/www.paytec.eu\/?s={search_term_string}"},"query-input":"required name=search_term_string"}],"inLanguage":"de"}]}},"_links":{"self":[{"href":"https:\/\/www.paytec.eu\/de\/wp-json\/wp\/v2\/product\/18115","targetHints":{"allow":["GET"]}}],"collection":[{"href":"https:\/\/www.paytec.eu\/de\/wp-json\/wp\/v2\/product"}],"about":[{"href":"https:\/\/www.paytec.eu\/de\/wp-json\/wp\/v2\/types\/product"}],"wp:featuredmedia":[{"embeddable":true,"href":"https:\/\/www.paytec.eu\/de\/wp-json\/wp\/v2\/media\/18146"}],"wp:attachment":[{"href":"https:\/\/www.paytec.eu\/de\/wp-json\/wp\/v2\/media?parent=18115"}],"wp:term":[{"taxonomy":"product_cat","embeddable":true,"href":"https:\/\/www.paytec.eu\/de\/wp-json\/wp\/v2\/product_cat?post=18115"},{"taxonomy":"product_tag","embeddable":true,"href":"https:\/\/www.paytec.eu\/de\/wp-json\/wp\/v2\/product_tag?post=18115"}],"curies":[{"name":"wp","href":"https:\/\/api.w.org\/{rel}","templated":true}]}}