{"id":19134,"date":"2021-12-21T14:49:02","date_gmt":"2021-12-21T14:49:02","guid":{"rendered":"https:\/\/www.paytec.eu\/prodotto\/mifare-schlussel-euro1-typ1\/"},"modified":"2021-12-21T14:49:02","modified_gmt":"2021-12-21T14:49:02","slug":"mifare-schlussel-euro1-typ1","status":"publish","type":"product","link":"https:\/\/www.paytec.eu\/de\/prodotto\/mifare-schlussel-euro1-typ1\/","title":{"rendered":"MIFARE\u00ae-SCHL\u00dcSSEL Euro1\/Typ1"},"content":{"rendered":"<p>Der gro\u00dfe Vorteil der Mifare-Schl\u00fcssel Euro1\/Typ1 f\u00fcr den Vending liegt darin, dass das gleiche Instrument als <strong>Zahlungsinstrument f\u00fcr den Vending<\/strong> f\u00fcr Anwendungen wie Zutrittskontrolle und <strong>Erkennung von verwendet werden kann Anwesenheitskontrolle<\/strong> oder als <strong>elektronische Geldb\u00f6rse<\/strong> f\u00fcr Kantinen und Caf\u00e9s anderer Betreiber.<\/p>\n<p>Dank dem entsprechenden Lizenzprogrammierer ist es m\u00f6glich, die von Paytec entwickelte Anwendung zu erwerben und auf den Mifare\u00ae-Medien zu schreiben, die sich bereits im Besitz des Kunden befinden (Karten, Anh\u00e4nger, Tags usw.). Diese <strong>Flexibilit\u00e4t<\/strong> erm\u00f6glicht es dem Vending-Operator, sich schnell und praktisch in bestehende Kontexte zu integrieren.<\/p>\n<p>Die Paytec Mifare\u00ae-Schl\u00fcssel unterscheiden sich von den PIT-Schl\u00fcsseln durch den hellgrauen Stiel, w\u00e4hrend der Griff in den gleichen Farben erh\u00e4ltlich ist: Rot, Gr\u00fcn, Gelb, Blau, Schwarz, Transparent, Orange.<\/p>\n<p>Zur eindeutigen Unterscheidung sind die Mifare\u00ae-Schl\u00fcssel Euro98\/Type98 mit dem Suffix \u201eM\u201c und einer auf den Schaft gelaserten Seriennummer gekennzeichnet.<\/p>\n<p>Auf Wunsch besteht die M\u00f6glichkeit, das Klebeetikett mit dem Logo der Gesch\u00e4ftsf\u00fchrung oder des Endkunden zu individualisieren und so f\u00fcr weitere Loyalit\u00e4tselemente zu sorgen. Die Programmierung kann mit dem Caiman Mifare\u00ae Programmierger\u00e4t erfolgen.<\/p>\n","protected":false},"excerpt":{"rendered":"<p>Alle Vorteile der Multi-Applikation der Mifare\u00ae-Plattform, integriert und angepasst von Paytec an die spezifischen Bed\u00fcrfnisse von Vending.<\/p>\n","protected":false},"featured_media":12355,"template":"","meta":[],"product_cat":[406],"product_tag":[],"class_list":["post-19134","product","type-product","status-publish","has-post-thumbnail","hentry","tipologia-schluessel-mifare-de","pagamento-chiave-de","product_cat-chiavi-carte-de"],"acf":[],"yoast_head":"<!-- This site is optimized with the Yoast SEO plugin v21.1 - https:\/\/yoast.com\/wordpress\/plugins\/seo\/ -->\n<title>Die Mifare-Schl\u00fcssel Euro1\/Typ1 von Paytec bieten alle Vorteile der Mifare\u00ae-Plattform, integriert und angepasst an die Bed\u00fcrfnisse des Vending.<\/title>\n<meta name=\"description\" content=\"Mifare-Schl\u00fcssel Euro1\/Typ1 - Paytec\" \/>\n<meta name=\"robots\" content=\"index, follow, max-snippet:-1, max-image-preview:large, max-video-preview:-1\" \/>\n<link rel=\"canonical\" href=\"https:\/\/www.paytec.eu\/de\/prodotto\/mifare-schlussel-euro1-typ1\/\" \/>\n<meta property=\"og:locale\" content=\"de_DE\" \/>\n<meta property=\"og:type\" content=\"article\" \/>\n<meta property=\"og:title\" content=\"Die Mifare-Schl\u00fcssel Euro1\/Typ1 von Paytec bieten alle Vorteile der Mifare\u00ae-Plattform, integriert und angepasst an die Bed\u00fcrfnisse des Vending.\" \/>\n<meta property=\"og:description\" content=\"Mifare-Schl\u00fcssel Euro1\/Typ1 - Paytec\" \/>\n<meta property=\"og:url\" content=\"https:\/\/www.paytec.eu\/de\/prodotto\/mifare-schlussel-euro1-typ1\/\" \/>\n<meta property=\"og:site_name\" content=\"Paytec\" \/>\n<meta property=\"og:image\" content=\"https:\/\/www.paytec.eu\/wp-content\/uploads\/2022\/05\/Mifare_chiave-1.png\" \/>\n\t<meta property=\"og:image:width\" content=\"744\" \/>\n\t<meta property=\"og:image:height\" content=\"800\" \/>\n\t<meta property=\"og:image:type\" content=\"image\/png\" \/>\n<meta name=\"twitter:card\" content=\"summary_large_image\" \/>\n<meta name=\"twitter:label1\" content=\"Gesch\u00e4tzte Lesezeit\" \/>\n\t<meta name=\"twitter:data1\" content=\"1\u00a0Minute\" \/>\n<script type=\"application\/ld+json\" class=\"yoast-schema-graph\">{\"@context\":\"https:\/\/schema.org\",\"@graph\":[{\"@type\":\"WebPage\",\"@id\":\"https:\/\/www.paytec.eu\/de\/prodotto\/mifare-schlussel-euro1-typ1\/\",\"url\":\"https:\/\/www.paytec.eu\/de\/prodotto\/mifare-schlussel-euro1-typ1\/\",\"name\":\"Die Mifare-Schl\u00fcssel Euro1\/Typ1 von Paytec bieten alle Vorteile der Mifare\u00ae-Plattform, integriert und angepasst an die Bed\u00fcrfnisse des Vending.\",\"isPartOf\":{\"@id\":\"https:\/\/www.paytec.eu\/#website\"},\"datePublished\":\"2021-12-21T14:49:02+00:00\",\"dateModified\":\"2021-12-21T14:49:02+00:00\",\"description\":\"Mifare-Schl\u00fcssel Euro1\/Typ1 - Paytec\",\"breadcrumb\":{\"@id\":\"https:\/\/www.paytec.eu\/de\/prodotto\/mifare-schlussel-euro1-typ1\/#breadcrumb\"},\"inLanguage\":\"de\",\"potentialAction\":[{\"@type\":\"ReadAction\",\"target\":[\"https:\/\/www.paytec.eu\/de\/prodotto\/mifare-schlussel-euro1-typ1\/\"]}]},{\"@type\":\"BreadcrumbList\",\"@id\":\"https:\/\/www.paytec.eu\/de\/prodotto\/mifare-schlussel-euro1-typ1\/#breadcrumb\",\"itemListElement\":[{\"@type\":\"ListItem\",\"position\":1,\"name\":\"Home\",\"item\":\"https:\/\/www.paytec.eu\/de\/\"},{\"@type\":\"ListItem\",\"position\":2,\"name\":\"Shop\",\"item\":\"https:\/\/www.paytec.eu\/de\/shop\/\"},{\"@type\":\"ListItem\",\"position\":3,\"name\":\"MIFARE\u00ae-SCHL\u00dcSSEL Euro1\/Typ1\"}]},{\"@type\":\"WebSite\",\"@id\":\"https:\/\/www.paytec.eu\/#website\",\"url\":\"https:\/\/www.paytec.eu\/\",\"name\":\"Paytec\",\"description\":\"Smart Payments for Vending\",\"potentialAction\":[{\"@type\":\"SearchAction\",\"target\":{\"@type\":\"EntryPoint\",\"urlTemplate\":\"https:\/\/www.paytec.eu\/?s={search_term_string}\"},\"query-input\":\"required name=search_term_string\"}],\"inLanguage\":\"de\"}]}<\/script>\n<!-- \/ Yoast SEO plugin. -->","yoast_head_json":{"title":"Die Mifare-Schl\u00fcssel Euro1\/Typ1 von Paytec bieten alle Vorteile der Mifare\u00ae-Plattform, integriert und angepasst an die Bed\u00fcrfnisse des Vending.","description":"Mifare-Schl\u00fcssel Euro1\/Typ1 - Paytec","robots":{"index":"index","follow":"follow","max-snippet":"max-snippet:-1","max-image-preview":"max-image-preview:large","max-video-preview":"max-video-preview:-1"},"canonical":"https:\/\/www.paytec.eu\/de\/prodotto\/mifare-schlussel-euro1-typ1\/","og_locale":"de_DE","og_type":"article","og_title":"Die Mifare-Schl\u00fcssel Euro1\/Typ1 von Paytec bieten alle Vorteile der Mifare\u00ae-Plattform, integriert und angepasst an die Bed\u00fcrfnisse des Vending.","og_description":"Mifare-Schl\u00fcssel Euro1\/Typ1 - Paytec","og_url":"https:\/\/www.paytec.eu\/de\/prodotto\/mifare-schlussel-euro1-typ1\/","og_site_name":"Paytec","og_image":[{"width":744,"height":800,"url":"https:\/\/www.paytec.eu\/wp-content\/uploads\/2022\/05\/Mifare_chiave-1.png","type":"image\/png"}],"twitter_card":"summary_large_image","twitter_misc":{"Gesch\u00e4tzte Lesezeit":"1\u00a0Minute"},"schema":{"@context":"https:\/\/schema.org","@graph":[{"@type":"WebPage","@id":"https:\/\/www.paytec.eu\/de\/prodotto\/mifare-schlussel-euro1-typ1\/","url":"https:\/\/www.paytec.eu\/de\/prodotto\/mifare-schlussel-euro1-typ1\/","name":"Die Mifare-Schl\u00fcssel Euro1\/Typ1 von Paytec bieten alle Vorteile der Mifare\u00ae-Plattform, integriert und angepasst an die Bed\u00fcrfnisse des Vending.","isPartOf":{"@id":"https:\/\/www.paytec.eu\/#website"},"datePublished":"2021-12-21T14:49:02+00:00","dateModified":"2021-12-21T14:49:02+00:00","description":"Mifare-Schl\u00fcssel Euro1\/Typ1 - Paytec","breadcrumb":{"@id":"https:\/\/www.paytec.eu\/de\/prodotto\/mifare-schlussel-euro1-typ1\/#breadcrumb"},"inLanguage":"de","potentialAction":[{"@type":"ReadAction","target":["https:\/\/www.paytec.eu\/de\/prodotto\/mifare-schlussel-euro1-typ1\/"]}]},{"@type":"BreadcrumbList","@id":"https:\/\/www.paytec.eu\/de\/prodotto\/mifare-schlussel-euro1-typ1\/#breadcrumb","itemListElement":[{"@type":"ListItem","position":1,"name":"Home","item":"https:\/\/www.paytec.eu\/de\/"},{"@type":"ListItem","position":2,"name":"Shop","item":"https:\/\/www.paytec.eu\/de\/shop\/"},{"@type":"ListItem","position":3,"name":"MIFARE\u00ae-SCHL\u00dcSSEL Euro1\/Typ1"}]},{"@type":"WebSite","@id":"https:\/\/www.paytec.eu\/#website","url":"https:\/\/www.paytec.eu\/","name":"Paytec","description":"Smart Payments for Vending","potentialAction":[{"@type":"SearchAction","target":{"@type":"EntryPoint","urlTemplate":"https:\/\/www.paytec.eu\/?s={search_term_string}"},"query-input":"required name=search_term_string"}],"inLanguage":"de"}]}},"_links":{"self":[{"href":"https:\/\/www.paytec.eu\/de\/wp-json\/wp\/v2\/product\/19134","targetHints":{"allow":["GET"]}}],"collection":[{"href":"https:\/\/www.paytec.eu\/de\/wp-json\/wp\/v2\/product"}],"about":[{"href":"https:\/\/www.paytec.eu\/de\/wp-json\/wp\/v2\/types\/product"}],"wp:featuredmedia":[{"embeddable":true,"href":"https:\/\/www.paytec.eu\/de\/wp-json\/wp\/v2\/media\/12355"}],"wp:attachment":[{"href":"https:\/\/www.paytec.eu\/de\/wp-json\/wp\/v2\/media?parent=19134"}],"wp:term":[{"taxonomy":"product_cat","embeddable":true,"href":"https:\/\/www.paytec.eu\/de\/wp-json\/wp\/v2\/product_cat?post=19134"},{"taxonomy":"product_tag","embeddable":true,"href":"https:\/\/www.paytec.eu\/de\/wp-json\/wp\/v2\/product_tag?post=19134"}],"curies":[{"name":"wp","href":"https:\/\/api.w.org\/{rel}","templated":true}]}}