{"id":19578,"date":"2025-05-23T09:57:24","date_gmt":"2025-05-23T09:57:24","guid":{"rendered":"https:\/\/www.paytec.eu\/prodotto\/paybox-giody\/"},"modified":"2025-05-26T09:04:29","modified_gmt":"2025-05-26T09:04:29","slug":"paybox-giody","status":"publish","type":"product","link":"https:\/\/www.paytec.eu\/de\/prodotto\/paybox-giody\/","title":{"rendered":"PAYBOX GIODY"},"content":{"rendered":"<p>PayBox besteht aus Metall und verf\u00fcgt \u00fcber ein mechanisches Schloss. Es ist eine robuste und gleichzeitig \u00e4sthetisch ansprechende L\u00f6sung, die sich an die \u00fcberwiegende Mehrheit der auf dem Markt erh\u00e4ltlichen Automaten anpasst.<br \/>\nPayBox ist in drei Versionen verf\u00fcgbar, abh\u00e4ngig vom Zahlungssystem, das Sie installieren m\u00f6chten, und verf\u00fcgt \u00fcber einen MDB-Anschluss f\u00fcr den Anschluss an den Automaten. Dank seines vollst\u00e4ndig modularen Aufbaus k\u00f6nnen Sie das Modul entweder rechts oder links von der Kaffeemaschine positionieren.<\/p>\n<p>PayBox GIODY ist komplett mit einer Frontplatte f\u00fcr den Einbau eines Giody-M\u00fcnzpr\u00fcfers mit integriertem PITSchl\u00fcssel. Inklusive M\u00fcnzsammler und speziellem Display.<\/p>\n<p><em>Hinweis: Zahlungssysteme nicht enthalten<\/em><\/p>\n","protected":false},"excerpt":{"rendered":"<p>PayBox-Zahlungsmodule sind so konzipiert, dass sie die M\u00f6glichkeit bieten, Zahlungsoptionen an zu bieten auf Table-Top Ger\u00e4ten und Kaffeevollautomaten, die nicht \u00fcber entsprechende Systemeinsch\u00fcbe verf\u00fcgen.<\/p>\n","protected":false},"featured_media":19564,"template":"","meta":[],"product_cat":[168],"product_tag":[],"class_list":["post-19578","product","type-product","status-publish","has-post-thumbnail","hentry","product_cat-zubehor-und-ersatzteile"],"acf":[],"yoast_head":"<!-- This site is optimized with the Yoast SEO plugin v21.1 - https:\/\/yoast.com\/wordpress\/plugins\/seo\/ -->\n<title>PAYBOX GIODY - Paytec<\/title>\n<meta name=\"robots\" content=\"index, follow, max-snippet:-1, max-image-preview:large, max-video-preview:-1\" \/>\n<link rel=\"canonical\" href=\"https:\/\/www.paytec.eu\/fr\/prodotto\/paybox-giody\/\" \/>\n<meta property=\"og:locale\" content=\"de_DE\" \/>\n<meta property=\"og:type\" content=\"article\" \/>\n<meta property=\"og:title\" content=\"PAYBOX GIODY - Paytec\" \/>\n<meta property=\"og:description\" content=\"PayBox-Zahlungsmodule sind so konzipiert, dass sie die M\u00f6glichkeit bieten, Zahlungsoptionen an zu bieten auf Table-Top Ger\u00e4ten und Kaffeevollautomaten, die nicht \u00fcber entsprechende Systemeinsch\u00fcbe verf\u00fcgen.\" \/>\n<meta property=\"og:url\" content=\"https:\/\/www.paytec.eu\/fr\/prodotto\/paybox-giody\/\" \/>\n<meta property=\"og:site_name\" content=\"Paytec\" \/>\n<meta property=\"article:modified_time\" content=\"2025-05-26T09:04:29+00:00\" \/>\n<meta property=\"og:image\" content=\"https:\/\/www.paytec.eu\/wp-content\/uploads\/2025\/05\/paybox_giody.png\" \/>\n\t<meta property=\"og:image:width\" content=\"330\" \/>\n\t<meta property=\"og:image:height\" content=\"460\" \/>\n\t<meta property=\"og:image:type\" content=\"image\/png\" \/>\n<meta name=\"twitter:card\" content=\"summary_large_image\" \/>\n<meta name=\"twitter:label1\" content=\"Gesch\u00e4tzte Lesezeit\" \/>\n\t<meta name=\"twitter:data1\" content=\"1\u00a0Minute\" \/>\n<script type=\"application\/ld+json\" class=\"yoast-schema-graph\">{\"@context\":\"https:\/\/schema.org\",\"@graph\":[{\"@type\":\"WebPage\",\"@id\":\"https:\/\/www.paytec.eu\/fr\/prodotto\/paybox-giody\/\",\"url\":\"https:\/\/www.paytec.eu\/fr\/prodotto\/paybox-giody\/\",\"name\":\"PAYBOX GIODY - Paytec\",\"isPartOf\":{\"@id\":\"https:\/\/www.paytec.eu\/#website\"},\"datePublished\":\"2025-05-23T09:57:24+00:00\",\"dateModified\":\"2025-05-26T09:04:29+00:00\",\"breadcrumb\":{\"@id\":\"https:\/\/www.paytec.eu\/fr\/prodotto\/paybox-giody\/#breadcrumb\"},\"inLanguage\":\"de\",\"potentialAction\":[{\"@type\":\"ReadAction\",\"target\":[\"https:\/\/www.paytec.eu\/fr\/prodotto\/paybox-giody\/\"]}]},{\"@type\":\"BreadcrumbList\",\"@id\":\"https:\/\/www.paytec.eu\/fr\/prodotto\/paybox-giody\/#breadcrumb\",\"itemListElement\":[{\"@type\":\"ListItem\",\"position\":1,\"name\":\"Home\",\"item\":\"https:\/\/www.paytec.eu\/de\/\"},{\"@type\":\"ListItem\",\"position\":2,\"name\":\"Shop\",\"item\":\"https:\/\/www.paytec.eu\/de\/shop\/\"},{\"@type\":\"ListItem\",\"position\":3,\"name\":\"Zubeh\u00f6r und Ersatzteile\",\"item\":\"https:\/\/www.paytec.eu\/de\/categoria-prodotto\/zubehor-und-ersatzteile\/\"},{\"@type\":\"ListItem\",\"position\":4,\"name\":\"PAYBOX GIODY\"}]},{\"@type\":\"WebSite\",\"@id\":\"https:\/\/www.paytec.eu\/#website\",\"url\":\"https:\/\/www.paytec.eu\/\",\"name\":\"Paytec\",\"description\":\"Smart Payments for Vending\",\"potentialAction\":[{\"@type\":\"SearchAction\",\"target\":{\"@type\":\"EntryPoint\",\"urlTemplate\":\"https:\/\/www.paytec.eu\/?s={search_term_string}\"},\"query-input\":\"required name=search_term_string\"}],\"inLanguage\":\"de\"}]}<\/script>\n<!-- \/ Yoast SEO plugin. -->","yoast_head_json":{"title":"PAYBOX GIODY - Paytec","robots":{"index":"index","follow":"follow","max-snippet":"max-snippet:-1","max-image-preview":"max-image-preview:large","max-video-preview":"max-video-preview:-1"},"canonical":"https:\/\/www.paytec.eu\/fr\/prodotto\/paybox-giody\/","og_locale":"de_DE","og_type":"article","og_title":"PAYBOX GIODY - Paytec","og_description":"PayBox-Zahlungsmodule sind so konzipiert, dass sie die M\u00f6glichkeit bieten, Zahlungsoptionen an zu bieten auf Table-Top Ger\u00e4ten und Kaffeevollautomaten, die nicht \u00fcber entsprechende Systemeinsch\u00fcbe verf\u00fcgen.","og_url":"https:\/\/www.paytec.eu\/fr\/prodotto\/paybox-giody\/","og_site_name":"Paytec","article_modified_time":"2025-05-26T09:04:29+00:00","og_image":[{"width":330,"height":460,"url":"https:\/\/www.paytec.eu\/wp-content\/uploads\/2025\/05\/paybox_giody.png","type":"image\/png"}],"twitter_card":"summary_large_image","twitter_misc":{"Gesch\u00e4tzte Lesezeit":"1\u00a0Minute"},"schema":{"@context":"https:\/\/schema.org","@graph":[{"@type":"WebPage","@id":"https:\/\/www.paytec.eu\/fr\/prodotto\/paybox-giody\/","url":"https:\/\/www.paytec.eu\/fr\/prodotto\/paybox-giody\/","name":"PAYBOX GIODY - Paytec","isPartOf":{"@id":"https:\/\/www.paytec.eu\/#website"},"datePublished":"2025-05-23T09:57:24+00:00","dateModified":"2025-05-26T09:04:29+00:00","breadcrumb":{"@id":"https:\/\/www.paytec.eu\/fr\/prodotto\/paybox-giody\/#breadcrumb"},"inLanguage":"de","potentialAction":[{"@type":"ReadAction","target":["https:\/\/www.paytec.eu\/fr\/prodotto\/paybox-giody\/"]}]},{"@type":"BreadcrumbList","@id":"https:\/\/www.paytec.eu\/fr\/prodotto\/paybox-giody\/#breadcrumb","itemListElement":[{"@type":"ListItem","position":1,"name":"Home","item":"https:\/\/www.paytec.eu\/de\/"},{"@type":"ListItem","position":2,"name":"Shop","item":"https:\/\/www.paytec.eu\/de\/shop\/"},{"@type":"ListItem","position":3,"name":"Zubeh\u00f6r und Ersatzteile","item":"https:\/\/www.paytec.eu\/de\/categoria-prodotto\/zubehor-und-ersatzteile\/"},{"@type":"ListItem","position":4,"name":"PAYBOX GIODY"}]},{"@type":"WebSite","@id":"https:\/\/www.paytec.eu\/#website","url":"https:\/\/www.paytec.eu\/","name":"Paytec","description":"Smart Payments for Vending","potentialAction":[{"@type":"SearchAction","target":{"@type":"EntryPoint","urlTemplate":"https:\/\/www.paytec.eu\/?s={search_term_string}"},"query-input":"required name=search_term_string"}],"inLanguage":"de"}]}},"_links":{"self":[{"href":"https:\/\/www.paytec.eu\/de\/wp-json\/wp\/v2\/product\/19578","targetHints":{"allow":["GET"]}}],"collection":[{"href":"https:\/\/www.paytec.eu\/de\/wp-json\/wp\/v2\/product"}],"about":[{"href":"https:\/\/www.paytec.eu\/de\/wp-json\/wp\/v2\/types\/product"}],"wp:featuredmedia":[{"embeddable":true,"href":"https:\/\/www.paytec.eu\/de\/wp-json\/wp\/v2\/media\/19564"}],"wp:attachment":[{"href":"https:\/\/www.paytec.eu\/de\/wp-json\/wp\/v2\/media?parent=19578"}],"wp:term":[{"taxonomy":"product_cat","embeddable":true,"href":"https:\/\/www.paytec.eu\/de\/wp-json\/wp\/v2\/product_cat?post=19578"},{"taxonomy":"product_tag","embeddable":true,"href":"https:\/\/www.paytec.eu\/de\/wp-json\/wp\/v2\/product_tag?post=19578"}],"curies":[{"name":"wp","href":"https:\/\/api.w.org\/{rel}","templated":true}]}}