{"id":19804,"date":"2025-07-24T13:33:56","date_gmt":"2025-07-24T13:33:58","guid":{"rendered":"https:\/\/www.paytec.eu\/?post_type=product&#038;p=19804"},"modified":"2025-07-25T08:14:44","modified_gmt":"2025-07-25T08:14:44","slug":"sigma","status":"publish","type":"product","link":"https:\/\/www.paytec.eu\/de\/prodotto\/sigma\/","title":{"rendered":"SIGMA"},"content":{"rendered":"<p>SIGMA wurde auf der Android 11-Plattform entwickelt, bietet ein intuitives Erlebnis und ist bereit f\u00fcr zuk\u00fcnftige Integrationen und Anwendungen. Das 5-Zoll-Touch-Display mit IP65- und IK08-Zertifizierung garantiert Wetter- und Verschlei\u00dffestigkeit und ist damit ideal f\u00fcr anspruchsvolle Umgebungen. Dank der PIN-on-Screen-Technologie sind schnelle und sichere Transaktionen unabh\u00e4ngig vom Wert m\u00f6glich.<br \/>\nSIGMA ist mit Wi-Fi-, 4G- und LAN-Verbindungen sowie einer Multi-Operator-SIM-Karte ausgestattet und gew\u00e4hrleistet so eine stabile Konnektivit\u00e4t in jeder Situation. Es unterst\u00fctzt das Niveau MDB1 (\u201ccredit first\u201d) und MDB3 (\u201cselection first\u201d) und kann als Cashless #1 oder #2 betrieben werden, wobei es sich an jedes bargeldlose System anpasst. In Kombination mit einer Caiman-Zentraleinheit erm\u00f6glicht es auch das Aufladen von Guthaben auf herk\u00f6mmliche Schl\u00fcssel, wodurch die Belastung durch Bankgeb\u00fchren deutlich reduziert wird.<br \/>\nDank einer schnellen Online-Registrierung ist das Terminal in wenigen Tagen einsatzbereit. Es wird mit einem speziellen Montagerahmen und einer 4G-Antenne geliefert, um maximale Flexibilit\u00e4t zu gew\u00e4hrleisten.<\/p>\n<p>Ein spezielles Portal erm\u00f6glicht die vollst\u00e4ndige Transaktionsverwaltung, personalisierte Berichte und R\u00fcckerstattungen mit einem Klick. Auszahlungen sind sofort \u00fcber eine verkn\u00fcpfte Gesch\u00e4fts-Debitkarte m\u00f6glich.<\/p>\n","protected":false},"excerpt":{"rendered":"<p>Der Kartenleser SIGMA ist ein fortschrittliches Terminal f\u00fcr elektronische Zahlungen mit kontaktlosen Karten, Magnetstreifenkarten, Chipkarten und digitalen Geldb\u00f6rsen.<\/p>\n","protected":false},"featured_media":16630,"template":"","meta":[],"product_cat":[170],"product_tag":[],"class_list":["post-19804","product","type-product","status-publish","has-post-thumbnail","hentry","product_cat-digital"],"acf":[],"yoast_head":"<!-- This site is optimized with the Yoast SEO plugin v21.1 - https:\/\/yoast.com\/wordpress\/plugins\/seo\/ -->\n<title>Bankkartenleser f\u00fcr den Vending SIGMA Paytec<\/title>\n<meta name=\"description\" content=\"Der SIGMA Bankkartenleser von Paytec ist ein speziell f\u00fcr den Vending-Bereich entwickeltes und sofort einsatzbereites POS.\" \/>\n<meta name=\"robots\" content=\"index, follow, max-snippet:-1, max-image-preview:large, max-video-preview:-1\" \/>\n<link rel=\"canonical\" href=\"https:\/\/www.paytec.eu\/de\/prodotto\/sigma\/\" \/>\n<meta property=\"og:locale\" content=\"de_DE\" \/>\n<meta property=\"og:type\" content=\"article\" \/>\n<meta property=\"og:title\" content=\"Bankkartenleser f\u00fcr den Vending SIGMA Paytec\" \/>\n<meta property=\"og:description\" content=\"Der SIGMA Bankkartenleser von Paytec ist ein speziell f\u00fcr den Vending-Bereich entwickeltes und sofort einsatzbereites POS.\" \/>\n<meta property=\"og:url\" content=\"https:\/\/www.paytec.eu\/de\/prodotto\/sigma\/\" \/>\n<meta property=\"og:site_name\" content=\"Paytec\" \/>\n<meta property=\"article:modified_time\" content=\"2025-07-25T08:14:44+00:00\" \/>\n<meta property=\"og:image\" content=\"https:\/\/www.paytec.eu\/wp-content\/uploads\/2024\/11\/SIGM_standby_EN-1024x817.png\" \/>\n\t<meta property=\"og:image:width\" content=\"1024\" \/>\n\t<meta property=\"og:image:height\" content=\"817\" \/>\n\t<meta property=\"og:image:type\" content=\"image\/png\" \/>\n<meta name=\"twitter:card\" content=\"summary_large_image\" \/>\n<meta name=\"twitter:label1\" content=\"Gesch\u00e4tzte Lesezeit\" \/>\n\t<meta name=\"twitter:data1\" content=\"1\u00a0Minute\" \/>\n<script type=\"application\/ld+json\" class=\"yoast-schema-graph\">{\"@context\":\"https:\/\/schema.org\",\"@graph\":[{\"@type\":\"WebPage\",\"@id\":\"https:\/\/www.paytec.eu\/de\/prodotto\/sigma\/\",\"url\":\"https:\/\/www.paytec.eu\/de\/prodotto\/sigma\/\",\"name\":\"Bankkartenleser f\u00fcr den Vending SIGMA Paytec\",\"isPartOf\":{\"@id\":\"https:\/\/www.paytec.eu\/#website\"},\"datePublished\":\"2025-07-24T13:33:58+00:00\",\"dateModified\":\"2025-07-25T08:14:44+00:00\",\"description\":\"Der SIGMA Bankkartenleser von Paytec ist ein speziell f\u00fcr den Vending-Bereich entwickeltes und sofort einsatzbereites POS.\",\"breadcrumb\":{\"@id\":\"https:\/\/www.paytec.eu\/de\/prodotto\/sigma\/#breadcrumb\"},\"inLanguage\":\"de\",\"potentialAction\":[{\"@type\":\"ReadAction\",\"target\":[\"https:\/\/www.paytec.eu\/de\/prodotto\/sigma\/\"]}]},{\"@type\":\"BreadcrumbList\",\"@id\":\"https:\/\/www.paytec.eu\/de\/prodotto\/sigma\/#breadcrumb\",\"itemListElement\":[{\"@type\":\"ListItem\",\"position\":1,\"name\":\"Home\",\"item\":\"https:\/\/www.paytec.eu\/de\/\"},{\"@type\":\"ListItem\",\"position\":2,\"name\":\"Shop\",\"item\":\"https:\/\/www.paytec.eu\/de\/shop\/\"},{\"@type\":\"ListItem\",\"position\":3,\"name\":\"Digitali\",\"item\":\"https:\/\/www.paytec.eu\/categoria-prodotto\/digitali\/\"},{\"@type\":\"ListItem\",\"position\":4,\"name\":\"SIGMA\"}]},{\"@type\":\"WebSite\",\"@id\":\"https:\/\/www.paytec.eu\/#website\",\"url\":\"https:\/\/www.paytec.eu\/\",\"name\":\"Paytec\",\"description\":\"Smart Payments for Vending\",\"potentialAction\":[{\"@type\":\"SearchAction\",\"target\":{\"@type\":\"EntryPoint\",\"urlTemplate\":\"https:\/\/www.paytec.eu\/?s={search_term_string}\"},\"query-input\":\"required name=search_term_string\"}],\"inLanguage\":\"de\"}]}<\/script>\n<!-- \/ Yoast SEO plugin. -->","yoast_head_json":{"title":"Bankkartenleser f\u00fcr den Vending SIGMA Paytec","description":"Der SIGMA Bankkartenleser von Paytec ist ein speziell f\u00fcr den Vending-Bereich entwickeltes und sofort einsatzbereites POS.","robots":{"index":"index","follow":"follow","max-snippet":"max-snippet:-1","max-image-preview":"max-image-preview:large","max-video-preview":"max-video-preview:-1"},"canonical":"https:\/\/www.paytec.eu\/de\/prodotto\/sigma\/","og_locale":"de_DE","og_type":"article","og_title":"Bankkartenleser f\u00fcr den Vending SIGMA Paytec","og_description":"Der SIGMA Bankkartenleser von Paytec ist ein speziell f\u00fcr den Vending-Bereich entwickeltes und sofort einsatzbereites POS.","og_url":"https:\/\/www.paytec.eu\/de\/prodotto\/sigma\/","og_site_name":"Paytec","article_modified_time":"2025-07-25T08:14:44+00:00","og_image":[{"width":1024,"height":817,"url":"https:\/\/www.paytec.eu\/wp-content\/uploads\/2024\/11\/SIGM_standby_EN-1024x817.png","type":"image\/png"}],"twitter_card":"summary_large_image","twitter_misc":{"Gesch\u00e4tzte Lesezeit":"1\u00a0Minute"},"schema":{"@context":"https:\/\/schema.org","@graph":[{"@type":"WebPage","@id":"https:\/\/www.paytec.eu\/de\/prodotto\/sigma\/","url":"https:\/\/www.paytec.eu\/de\/prodotto\/sigma\/","name":"Bankkartenleser f\u00fcr den Vending SIGMA Paytec","isPartOf":{"@id":"https:\/\/www.paytec.eu\/#website"},"datePublished":"2025-07-24T13:33:58+00:00","dateModified":"2025-07-25T08:14:44+00:00","description":"Der SIGMA Bankkartenleser von Paytec ist ein speziell f\u00fcr den Vending-Bereich entwickeltes und sofort einsatzbereites POS.","breadcrumb":{"@id":"https:\/\/www.paytec.eu\/de\/prodotto\/sigma\/#breadcrumb"},"inLanguage":"de","potentialAction":[{"@type":"ReadAction","target":["https:\/\/www.paytec.eu\/de\/prodotto\/sigma\/"]}]},{"@type":"BreadcrumbList","@id":"https:\/\/www.paytec.eu\/de\/prodotto\/sigma\/#breadcrumb","itemListElement":[{"@type":"ListItem","position":1,"name":"Home","item":"https:\/\/www.paytec.eu\/de\/"},{"@type":"ListItem","position":2,"name":"Shop","item":"https:\/\/www.paytec.eu\/de\/shop\/"},{"@type":"ListItem","position":3,"name":"Digitali","item":"https:\/\/www.paytec.eu\/categoria-prodotto\/digitali\/"},{"@type":"ListItem","position":4,"name":"SIGMA"}]},{"@type":"WebSite","@id":"https:\/\/www.paytec.eu\/#website","url":"https:\/\/www.paytec.eu\/","name":"Paytec","description":"Smart Payments for Vending","potentialAction":[{"@type":"SearchAction","target":{"@type":"EntryPoint","urlTemplate":"https:\/\/www.paytec.eu\/?s={search_term_string}"},"query-input":"required name=search_term_string"}],"inLanguage":"de"}]}},"_links":{"self":[{"href":"https:\/\/www.paytec.eu\/de\/wp-json\/wp\/v2\/product\/19804","targetHints":{"allow":["GET"]}}],"collection":[{"href":"https:\/\/www.paytec.eu\/de\/wp-json\/wp\/v2\/product"}],"about":[{"href":"https:\/\/www.paytec.eu\/de\/wp-json\/wp\/v2\/types\/product"}],"wp:featuredmedia":[{"embeddable":true,"href":"https:\/\/www.paytec.eu\/de\/wp-json\/wp\/v2\/media\/16630"}],"wp:attachment":[{"href":"https:\/\/www.paytec.eu\/de\/wp-json\/wp\/v2\/media?parent=19804"}],"wp:term":[{"taxonomy":"product_cat","embeddable":true,"href":"https:\/\/www.paytec.eu\/de\/wp-json\/wp\/v2\/product_cat?post=19804"},{"taxonomy":"product_tag","embeddable":true,"href":"https:\/\/www.paytec.eu\/de\/wp-json\/wp\/v2\/product_tag?post=19804"}],"curies":[{"name":"wp","href":"https:\/\/api.w.org\/{rel}","templated":true}]}}