{"id":6748,"date":"2021-12-23T16:09:02","date_gmt":"2022-01-04T06:33:12","guid":{"rendered":"https:\/\/www.paytec.eu\/prodotto\/four-premium-mifare\/"},"modified":"2023-10-27T07:08:22","modified_gmt":"2023-10-27T07:08:22","slug":"master-mit-mdb-muenzpruefer","status":"publish","type":"product","link":"https:\/\/www.paytec.eu\/de\/prodotto\/master-mit-mdb-muenzpruefer\/","title":{"rendered":"FOUR PREMIUM MIFARE"},"content":{"rendered":"<p>FOUR Premium &#8211; bestehend aus einem Master mit MDB-M\u00fcnzpr\u00fcfer mit 4-Tuben und einem Mifare-Schl\u00fcsselleser &#8211; erleichtert dem Operator die Arbeit mit einem effizienten und gleichzeitig skalierbaren Ansatz im Laufe der Zeit.<\/p>\n<p><strong>Die Steuerung und Verwaltung des Systems sind der bew\u00e4hrten Caiman-Einheit anvertraut, die neben der Verwaltung des bargeldlosen Teils, auch den neuen M\u00fcnzwechsler FOUR MDB-only direkt steuert.<\/strong> Auf diese Weise <strong>bleiben Audit- und Konfigurationsinformationen auf der Caiman-Einheit gesch\u00fctzt und verf\u00fcgbar und nicht auf dem M\u00fcnzwechsler<\/strong>.<\/p>\n<p>Die Caiman-Einheit kann auch andere MDB-Peripherieger\u00e4te (z. B. Banknoten- oder Kreditkartenleser, Zahlungsapps) steuern, um ein noch umfassenderes Zahlungssystem zu erhalten. <strong>Der Caiman-Leser erm\u00f6glicht ein schnelles und sicheres Lesen\/Schreiben von Paytec Schl\u00fcsseln (PIT oder Mifare\u00ae).<\/strong><\/p>\n<p>Das System FOUR Premium &#8211; bestehend aus einem Master mit MDB-M\u00fcnzpr\u00fcfer mit 4-Tuben und einem Mifare-Schl\u00fcsselleser &#8211; ist eine \u00e4u\u00dferst einfache, zuverl\u00e4ssige und vor allem kosteng\u00fcnstige L\u00f6sung f\u00fcr der Verwaltung der M\u00fcnzen.<\/p>\n","protected":false},"excerpt":{"rendered":"<p>Das System FOUR Premium von Paytec ist eine integrierte Low-Cost-L\u00f6sung, die es dem Operator erm\u00f6glicht, sich schrittweise und effektiv an die Marktanforderungen anzupassen.<\/p>\n","protected":false},"featured_media":14612,"template":"","meta":[],"product_cat":[156],"product_tag":[],"class_list":["post-6748","product","type-product","status-publish","has-post-thumbnail","hentry","protocollo-exe-de","protocollo-mdb-de","tipologia-master-de","tipologia-muenzwechsler-de","tipologia-schluesselleser-de","pagamento-moneta-de","pagamento-chiave-de","product_cat-cash-de"],"acf":[],"yoast_head":"<!-- This site is optimized with the Yoast SEO plugin v21.1 - https:\/\/yoast.com\/wordpress\/plugins\/seo\/ -->\n<title>Master mit MDB-M\u00fcnzpr\u00fcfer f\u00fcr Verkaufsautomaten -Paytec<\/title>\n<meta name=\"description\" content=\"Der Master mit MDB-M\u00fcnzpr\u00fcfer FOUR PREMIUM von Paytec ist eine einfache, zuverl\u00e4ssige und vor allem kosteng\u00fcnstige Zahlungsl\u00f6sung f\u00fcr Verkaufsautomaten\" \/>\n<meta name=\"robots\" content=\"index, follow, max-snippet:-1, max-image-preview:large, max-video-preview:-1\" \/>\n<link rel=\"canonical\" href=\"https:\/\/www.paytec.eu\/de\/prodotto\/master-mit-mdb-muenzpruefer\/\" \/>\n<meta property=\"og:locale\" content=\"de_DE\" \/>\n<meta property=\"og:type\" content=\"article\" \/>\n<meta property=\"og:title\" content=\"Master mit MDB-M\u00fcnzpr\u00fcfer f\u00fcr Verkaufsautomaten -Paytec\" \/>\n<meta property=\"og:description\" content=\"Der Master mit MDB-M\u00fcnzpr\u00fcfer FOUR PREMIUM von Paytec ist eine einfache, zuverl\u00e4ssige und vor allem kosteng\u00fcnstige Zahlungsl\u00f6sung f\u00fcr Verkaufsautomaten\" \/>\n<meta property=\"og:url\" content=\"https:\/\/www.paytec.eu\/de\/prodotto\/master-mit-mdb-muenzpruefer\/\" \/>\n<meta property=\"og:site_name\" content=\"Paytec\" \/>\n<meta property=\"article:modified_time\" content=\"2023-10-27T07:08:22+00:00\" \/>\n<meta property=\"og:image\" content=\"https:\/\/www.paytec.eu\/wp-content\/uploads\/2021\/12\/Four-Premium-Mifare2.jpg\" \/>\n\t<meta property=\"og:image:width\" content=\"580\" \/>\n\t<meta property=\"og:image:height\" content=\"580\" \/>\n\t<meta property=\"og:image:type\" content=\"image\/jpeg\" \/>\n<meta name=\"twitter:card\" content=\"summary_large_image\" \/>\n<meta name=\"twitter:label1\" content=\"Gesch\u00e4tzte Lesezeit\" \/>\n\t<meta name=\"twitter:data1\" content=\"1\u00a0Minute\" \/>\n<script type=\"application\/ld+json\" class=\"yoast-schema-graph\">{\"@context\":\"https:\/\/schema.org\",\"@graph\":[{\"@type\":\"WebPage\",\"@id\":\"https:\/\/www.paytec.eu\/de\/prodotto\/master-mit-mdb-muenzpruefer\/\",\"url\":\"https:\/\/www.paytec.eu\/de\/prodotto\/master-mit-mdb-muenzpruefer\/\",\"name\":\"Master mit MDB-M\u00fcnzpr\u00fcfer f\u00fcr Verkaufsautomaten -Paytec\",\"isPartOf\":{\"@id\":\"https:\/\/www.paytec.eu\/#website\"},\"datePublished\":\"2022-01-04T06:33:12+00:00\",\"dateModified\":\"2023-10-27T07:08:22+00:00\",\"description\":\"Der Master mit MDB-M\u00fcnzpr\u00fcfer FOUR PREMIUM von Paytec ist eine einfache, zuverl\u00e4ssige und vor allem kosteng\u00fcnstige Zahlungsl\u00f6sung f\u00fcr Verkaufsautomaten\",\"breadcrumb\":{\"@id\":\"https:\/\/www.paytec.eu\/de\/prodotto\/master-mit-mdb-muenzpruefer\/#breadcrumb\"},\"inLanguage\":\"de\",\"potentialAction\":[{\"@type\":\"ReadAction\",\"target\":[\"https:\/\/www.paytec.eu\/de\/prodotto\/master-mit-mdb-muenzpruefer\/\"]}]},{\"@type\":\"BreadcrumbList\",\"@id\":\"https:\/\/www.paytec.eu\/de\/prodotto\/master-mit-mdb-muenzpruefer\/#breadcrumb\",\"itemListElement\":[{\"@type\":\"ListItem\",\"position\":1,\"name\":\"Home\",\"item\":\"https:\/\/www.paytec.eu\/de\/\"},{\"@type\":\"ListItem\",\"position\":2,\"name\":\"Shop\",\"item\":\"https:\/\/www.paytec.eu\/de\/shop\/\"},{\"@type\":\"ListItem\",\"position\":3,\"name\":\"Cash\",\"item\":\"https:\/\/www.paytec.eu\/categoria-prodotto\/cash\/\"},{\"@type\":\"ListItem\",\"position\":4,\"name\":\"FOUR PREMIUM MIFARE\"}]},{\"@type\":\"WebSite\",\"@id\":\"https:\/\/www.paytec.eu\/#website\",\"url\":\"https:\/\/www.paytec.eu\/\",\"name\":\"Paytec\",\"description\":\"Smart Payments for Vending\",\"potentialAction\":[{\"@type\":\"SearchAction\",\"target\":{\"@type\":\"EntryPoint\",\"urlTemplate\":\"https:\/\/www.paytec.eu\/?s={search_term_string}\"},\"query-input\":\"required name=search_term_string\"}],\"inLanguage\":\"de\"}]}<\/script>\n<!-- \/ Yoast SEO plugin. -->","yoast_head_json":{"title":"Master mit MDB-M\u00fcnzpr\u00fcfer f\u00fcr Verkaufsautomaten -Paytec","description":"Der Master mit MDB-M\u00fcnzpr\u00fcfer FOUR PREMIUM von Paytec ist eine einfache, zuverl\u00e4ssige und vor allem kosteng\u00fcnstige Zahlungsl\u00f6sung f\u00fcr Verkaufsautomaten","robots":{"index":"index","follow":"follow","max-snippet":"max-snippet:-1","max-image-preview":"max-image-preview:large","max-video-preview":"max-video-preview:-1"},"canonical":"https:\/\/www.paytec.eu\/de\/prodotto\/master-mit-mdb-muenzpruefer\/","og_locale":"de_DE","og_type":"article","og_title":"Master mit MDB-M\u00fcnzpr\u00fcfer f\u00fcr Verkaufsautomaten -Paytec","og_description":"Der Master mit MDB-M\u00fcnzpr\u00fcfer FOUR PREMIUM von Paytec ist eine einfache, zuverl\u00e4ssige und vor allem kosteng\u00fcnstige Zahlungsl\u00f6sung f\u00fcr Verkaufsautomaten","og_url":"https:\/\/www.paytec.eu\/de\/prodotto\/master-mit-mdb-muenzpruefer\/","og_site_name":"Paytec","article_modified_time":"2023-10-27T07:08:22+00:00","og_image":[{"width":580,"height":580,"url":"https:\/\/www.paytec.eu\/wp-content\/uploads\/2021\/12\/Four-Premium-Mifare2.jpg","type":"image\/jpeg"}],"twitter_card":"summary_large_image","twitter_misc":{"Gesch\u00e4tzte Lesezeit":"1\u00a0Minute"},"schema":{"@context":"https:\/\/schema.org","@graph":[{"@type":"WebPage","@id":"https:\/\/www.paytec.eu\/de\/prodotto\/master-mit-mdb-muenzpruefer\/","url":"https:\/\/www.paytec.eu\/de\/prodotto\/master-mit-mdb-muenzpruefer\/","name":"Master mit MDB-M\u00fcnzpr\u00fcfer f\u00fcr Verkaufsautomaten -Paytec","isPartOf":{"@id":"https:\/\/www.paytec.eu\/#website"},"datePublished":"2022-01-04T06:33:12+00:00","dateModified":"2023-10-27T07:08:22+00:00","description":"Der Master mit MDB-M\u00fcnzpr\u00fcfer FOUR PREMIUM von Paytec ist eine einfache, zuverl\u00e4ssige und vor allem kosteng\u00fcnstige Zahlungsl\u00f6sung f\u00fcr Verkaufsautomaten","breadcrumb":{"@id":"https:\/\/www.paytec.eu\/de\/prodotto\/master-mit-mdb-muenzpruefer\/#breadcrumb"},"inLanguage":"de","potentialAction":[{"@type":"ReadAction","target":["https:\/\/www.paytec.eu\/de\/prodotto\/master-mit-mdb-muenzpruefer\/"]}]},{"@type":"BreadcrumbList","@id":"https:\/\/www.paytec.eu\/de\/prodotto\/master-mit-mdb-muenzpruefer\/#breadcrumb","itemListElement":[{"@type":"ListItem","position":1,"name":"Home","item":"https:\/\/www.paytec.eu\/de\/"},{"@type":"ListItem","position":2,"name":"Shop","item":"https:\/\/www.paytec.eu\/de\/shop\/"},{"@type":"ListItem","position":3,"name":"Cash","item":"https:\/\/www.paytec.eu\/categoria-prodotto\/cash\/"},{"@type":"ListItem","position":4,"name":"FOUR PREMIUM MIFARE"}]},{"@type":"WebSite","@id":"https:\/\/www.paytec.eu\/#website","url":"https:\/\/www.paytec.eu\/","name":"Paytec","description":"Smart Payments for Vending","potentialAction":[{"@type":"SearchAction","target":{"@type":"EntryPoint","urlTemplate":"https:\/\/www.paytec.eu\/?s={search_term_string}"},"query-input":"required name=search_term_string"}],"inLanguage":"de"}]}},"_links":{"self":[{"href":"https:\/\/www.paytec.eu\/de\/wp-json\/wp\/v2\/product\/6748","targetHints":{"allow":["GET"]}}],"collection":[{"href":"https:\/\/www.paytec.eu\/de\/wp-json\/wp\/v2\/product"}],"about":[{"href":"https:\/\/www.paytec.eu\/de\/wp-json\/wp\/v2\/types\/product"}],"wp:featuredmedia":[{"embeddable":true,"href":"https:\/\/www.paytec.eu\/de\/wp-json\/wp\/v2\/media\/14612"}],"wp:attachment":[{"href":"https:\/\/www.paytec.eu\/de\/wp-json\/wp\/v2\/media?parent=6748"}],"wp:term":[{"taxonomy":"product_cat","embeddable":true,"href":"https:\/\/www.paytec.eu\/de\/wp-json\/wp\/v2\/product_cat?post=6748"},{"taxonomy":"product_tag","embeddable":true,"href":"https:\/\/www.paytec.eu\/de\/wp-json\/wp\/v2\/product_tag?post=6748"}],"curies":[{"name":"wp","href":"https:\/\/api.w.org\/{rel}","templated":true}]}}