{"id":6750,"date":"2021-12-23T16:01:34","date_gmt":"2022-01-04T06:37:19","guid":{"rendered":"https:\/\/www.paytec.eu\/prodotto\/four-plus-mifare-exe-mdb-eur-10-5-20-50\/"},"modified":"2024-01-03T15:30:19","modified_gmt":"2024-01-03T15:30:19","slug":"muenzwechsler-exe-mit-mifare-schluesselleser","status":"publish","type":"product","link":"https:\/\/www.paytec.eu\/de\/prodotto\/muenzwechsler-exe-mit-mifare-schluesselleser\/","title":{"rendered":"FOUR PLUS MiFare\u00ae"},"content":{"rendered":"<p>Die robuste und zuverl\u00e4ssige Kombination bestehend auf dem M\u00fcnzwechsler EXE mit Mifare-Schl\u00fcsselleser Caiman bietet dem Bediener eine Komplettl\u00f6sung, <strong>ideal f\u00fcr Installationen, mit weniger Restbedarf<\/strong>.<\/p>\n<p>Der 4-Tuben-M\u00fcnzwechsler verwaltet direkt den Caiman-Leser, der ihn mit allen Funktionen eines fortschrittlichen bargeldlosen Systems erg\u00e4nzt und ein schnelles und sicheres Lesen\/Schreiben von Paytec-Mifare\u00ae-Schl\u00fcsseln erm\u00f6glicht. Sie k\u00f6nnen auch andere MDB bargeldlose Peripherieger\u00e4te (z.B. Kreditkartenleser, Zahlungs-App) anschlie\u00dfen, um ein noch vollst\u00e4ndigeres Zahlungssystem zu erhalten.<\/p>\n<p>Die <strong>Standardanzeige <\/strong>auf dem M\u00fcnzwechsler erleichtert die Arbeit der Diagnostik.<\/p>\n<p>Das System FOUR Plus, bestehend aus einem M\u00fcnzwechsler EXE mit Mifare-Schl\u00fcsselleser, von Paytec ist <strong>eine integrierte L\u00f6sung f\u00fcr Operatoren, die auf einfache und zuverl\u00e4ssige Weise eine Reihe von Zahlungen anbieten m\u00f6chten<\/strong>.<\/p>\n","protected":false},"excerpt":{"rendered":"<p>Das System FOUR Plus erm\u00f6glicht eine signifikante Optimierung von Kosten, Investitionen und Betriebskapital und garantiert gleichzeitig alle Cash &amp; Cashless-Zahlungsm\u00f6glichkeiten.<\/p>\n","protected":false},"featured_media":5994,"template":"","meta":[],"product_cat":[156],"product_tag":[],"class_list":["post-6750","product","type-product","status-publish","has-post-thumbnail","hentry","protocollo-exe-de","protocollo-mdb-de","tipologia-master-de","tipologia-muenzwechsler-de","tipologia-schluesselleser-de","pagamento-moneta-de","pagamento-chiave-de","product_cat-cash-de"],"acf":[],"yoast_head":"<!-- This site is optimized with the Yoast SEO plugin v21.1 - https:\/\/yoast.com\/wordpress\/plugins\/seo\/ -->\n<title>M\u00fcnzwechsler EXE mit Mifare-Schl\u00fcsselleser<\/title>\n<meta name=\"description\" content=\"M\u00fcnzwechsler EXE mit Mifare-Schl\u00fcsselleser FOUR PLUS: eine integrierte L\u00f6sung um auf einfache und zuverl\u00e4ssige Weise eine Reihe von Zahlungen an zu bieten.\" \/>\n<meta name=\"robots\" content=\"index, follow, max-snippet:-1, max-image-preview:large, max-video-preview:-1\" \/>\n<link rel=\"canonical\" href=\"https:\/\/www.paytec.eu\/de\/prodotto\/muenzwechsler-exe-mit-mifare-schluesselleser\/\" \/>\n<meta property=\"og:locale\" content=\"de_DE\" \/>\n<meta property=\"og:type\" content=\"article\" \/>\n<meta property=\"og:title\" content=\"M\u00fcnzwechsler EXE mit Mifare-Schl\u00fcsselleser\" \/>\n<meta property=\"og:description\" content=\"M\u00fcnzwechsler EXE mit Mifare-Schl\u00fcsselleser FOUR PLUS: eine integrierte L\u00f6sung um auf einfache und zuverl\u00e4ssige Weise eine Reihe von Zahlungen an zu bieten.\" \/>\n<meta property=\"og:url\" content=\"https:\/\/www.paytec.eu\/de\/prodotto\/muenzwechsler-exe-mit-mifare-schluesselleser\/\" \/>\n<meta property=\"og:site_name\" content=\"Paytec\" \/>\n<meta property=\"article:modified_time\" content=\"2024-01-03T15:30:19+00:00\" \/>\n<meta property=\"og:image\" content=\"https:\/\/www.paytec.eu\/wp-content\/uploads\/2021\/12\/four_plus_mifare.png\" \/>\n\t<meta property=\"og:image:width\" content=\"454\" \/>\n\t<meta property=\"og:image:height\" content=\"511\" \/>\n\t<meta property=\"og:image:type\" content=\"image\/png\" \/>\n<meta name=\"twitter:card\" content=\"summary_large_image\" \/>\n<meta name=\"twitter:label1\" content=\"Gesch\u00e4tzte Lesezeit\" \/>\n\t<meta name=\"twitter:data1\" content=\"1\u00a0Minute\" \/>\n<script type=\"application\/ld+json\" class=\"yoast-schema-graph\">{\"@context\":\"https:\/\/schema.org\",\"@graph\":[{\"@type\":\"WebPage\",\"@id\":\"https:\/\/www.paytec.eu\/de\/prodotto\/muenzwechsler-exe-mit-mifare-schluesselleser\/\",\"url\":\"https:\/\/www.paytec.eu\/de\/prodotto\/muenzwechsler-exe-mit-mifare-schluesselleser\/\",\"name\":\"M\u00fcnzwechsler EXE mit Mifare-Schl\u00fcsselleser\",\"isPartOf\":{\"@id\":\"https:\/\/www.paytec.eu\/#website\"},\"datePublished\":\"2022-01-04T06:37:19+00:00\",\"dateModified\":\"2024-01-03T15:30:19+00:00\",\"description\":\"M\u00fcnzwechsler EXE mit Mifare-Schl\u00fcsselleser FOUR PLUS: eine integrierte L\u00f6sung um auf einfache und zuverl\u00e4ssige Weise eine Reihe von Zahlungen an zu bieten.\",\"breadcrumb\":{\"@id\":\"https:\/\/www.paytec.eu\/de\/prodotto\/muenzwechsler-exe-mit-mifare-schluesselleser\/#breadcrumb\"},\"inLanguage\":\"de\",\"potentialAction\":[{\"@type\":\"ReadAction\",\"target\":[\"https:\/\/www.paytec.eu\/de\/prodotto\/muenzwechsler-exe-mit-mifare-schluesselleser\/\"]}]},{\"@type\":\"BreadcrumbList\",\"@id\":\"https:\/\/www.paytec.eu\/de\/prodotto\/muenzwechsler-exe-mit-mifare-schluesselleser\/#breadcrumb\",\"itemListElement\":[{\"@type\":\"ListItem\",\"position\":1,\"name\":\"Home\",\"item\":\"https:\/\/www.paytec.eu\/de\/\"},{\"@type\":\"ListItem\",\"position\":2,\"name\":\"Shop\",\"item\":\"https:\/\/www.paytec.eu\/de\/shop\/\"},{\"@type\":\"ListItem\",\"position\":3,\"name\":\"Cash\",\"item\":\"https:\/\/www.paytec.eu\/categoria-prodotto\/cash\/\"},{\"@type\":\"ListItem\",\"position\":4,\"name\":\"FOUR PLUS MiFare\u00ae\"}]},{\"@type\":\"WebSite\",\"@id\":\"https:\/\/www.paytec.eu\/#website\",\"url\":\"https:\/\/www.paytec.eu\/\",\"name\":\"Paytec\",\"description\":\"Smart Payments for Vending\",\"potentialAction\":[{\"@type\":\"SearchAction\",\"target\":{\"@type\":\"EntryPoint\",\"urlTemplate\":\"https:\/\/www.paytec.eu\/?s={search_term_string}\"},\"query-input\":\"required name=search_term_string\"}],\"inLanguage\":\"de\"}]}<\/script>\n<!-- \/ Yoast SEO plugin. -->","yoast_head_json":{"title":"M\u00fcnzwechsler EXE mit Mifare-Schl\u00fcsselleser","description":"M\u00fcnzwechsler EXE mit Mifare-Schl\u00fcsselleser FOUR PLUS: eine integrierte L\u00f6sung um auf einfache und zuverl\u00e4ssige Weise eine Reihe von Zahlungen an zu bieten.","robots":{"index":"index","follow":"follow","max-snippet":"max-snippet:-1","max-image-preview":"max-image-preview:large","max-video-preview":"max-video-preview:-1"},"canonical":"https:\/\/www.paytec.eu\/de\/prodotto\/muenzwechsler-exe-mit-mifare-schluesselleser\/","og_locale":"de_DE","og_type":"article","og_title":"M\u00fcnzwechsler EXE mit Mifare-Schl\u00fcsselleser","og_description":"M\u00fcnzwechsler EXE mit Mifare-Schl\u00fcsselleser FOUR PLUS: eine integrierte L\u00f6sung um auf einfache und zuverl\u00e4ssige Weise eine Reihe von Zahlungen an zu bieten.","og_url":"https:\/\/www.paytec.eu\/de\/prodotto\/muenzwechsler-exe-mit-mifare-schluesselleser\/","og_site_name":"Paytec","article_modified_time":"2024-01-03T15:30:19+00:00","og_image":[{"width":454,"height":511,"url":"https:\/\/www.paytec.eu\/wp-content\/uploads\/2021\/12\/four_plus_mifare.png","type":"image\/png"}],"twitter_card":"summary_large_image","twitter_misc":{"Gesch\u00e4tzte Lesezeit":"1\u00a0Minute"},"schema":{"@context":"https:\/\/schema.org","@graph":[{"@type":"WebPage","@id":"https:\/\/www.paytec.eu\/de\/prodotto\/muenzwechsler-exe-mit-mifare-schluesselleser\/","url":"https:\/\/www.paytec.eu\/de\/prodotto\/muenzwechsler-exe-mit-mifare-schluesselleser\/","name":"M\u00fcnzwechsler EXE mit Mifare-Schl\u00fcsselleser","isPartOf":{"@id":"https:\/\/www.paytec.eu\/#website"},"datePublished":"2022-01-04T06:37:19+00:00","dateModified":"2024-01-03T15:30:19+00:00","description":"M\u00fcnzwechsler EXE mit Mifare-Schl\u00fcsselleser FOUR PLUS: eine integrierte L\u00f6sung um auf einfache und zuverl\u00e4ssige Weise eine Reihe von Zahlungen an zu bieten.","breadcrumb":{"@id":"https:\/\/www.paytec.eu\/de\/prodotto\/muenzwechsler-exe-mit-mifare-schluesselleser\/#breadcrumb"},"inLanguage":"de","potentialAction":[{"@type":"ReadAction","target":["https:\/\/www.paytec.eu\/de\/prodotto\/muenzwechsler-exe-mit-mifare-schluesselleser\/"]}]},{"@type":"BreadcrumbList","@id":"https:\/\/www.paytec.eu\/de\/prodotto\/muenzwechsler-exe-mit-mifare-schluesselleser\/#breadcrumb","itemListElement":[{"@type":"ListItem","position":1,"name":"Home","item":"https:\/\/www.paytec.eu\/de\/"},{"@type":"ListItem","position":2,"name":"Shop","item":"https:\/\/www.paytec.eu\/de\/shop\/"},{"@type":"ListItem","position":3,"name":"Cash","item":"https:\/\/www.paytec.eu\/categoria-prodotto\/cash\/"},{"@type":"ListItem","position":4,"name":"FOUR PLUS MiFare\u00ae"}]},{"@type":"WebSite","@id":"https:\/\/www.paytec.eu\/#website","url":"https:\/\/www.paytec.eu\/","name":"Paytec","description":"Smart Payments for Vending","potentialAction":[{"@type":"SearchAction","target":{"@type":"EntryPoint","urlTemplate":"https:\/\/www.paytec.eu\/?s={search_term_string}"},"query-input":"required name=search_term_string"}],"inLanguage":"de"}]}},"_links":{"self":[{"href":"https:\/\/www.paytec.eu\/de\/wp-json\/wp\/v2\/product\/6750","targetHints":{"allow":["GET"]}}],"collection":[{"href":"https:\/\/www.paytec.eu\/de\/wp-json\/wp\/v2\/product"}],"about":[{"href":"https:\/\/www.paytec.eu\/de\/wp-json\/wp\/v2\/types\/product"}],"wp:featuredmedia":[{"embeddable":true,"href":"https:\/\/www.paytec.eu\/de\/wp-json\/wp\/v2\/media\/5994"}],"wp:attachment":[{"href":"https:\/\/www.paytec.eu\/de\/wp-json\/wp\/v2\/media?parent=6750"}],"wp:term":[{"taxonomy":"product_cat","embeddable":true,"href":"https:\/\/www.paytec.eu\/de\/wp-json\/wp\/v2\/product_cat?post=6750"},{"taxonomy":"product_tag","embeddable":true,"href":"https:\/\/www.paytec.eu\/de\/wp-json\/wp\/v2\/product_tag?post=6750"}],"curies":[{"name":"wp","href":"https:\/\/api.w.org\/{rel}","templated":true}]}}