{"id":6752,"date":"2021-12-23T15:55:03","date_gmt":"2022-01-04T06:39:22","guid":{"rendered":"https:\/\/www.paytec.eu\/prodotto\/eagle-premium-mifare\/"},"modified":"2023-10-27T06:50:28","modified_gmt":"2023-10-27T06:50:28","slug":"master-mit-6-tuben-uenzwechsler","status":"publish","type":"product","link":"https:\/\/www.paytec.eu\/de\/prodotto\/master-mit-6-tuben-uenzwechsler\/","title":{"rendered":"EAGLE Premium Mifare\u00ae"},"content":{"rendered":"<p>Die Steuerung und Verwaltung des Systems bestehend aus einem Master mit M\u00fcnzwechsler 6 tuben und einem Mifare-Schl\u00fcsselleser sind der bew\u00e4hrten Caiman-Einheit anvertraut, die neben der Verwaltung des bargeldlosen Teils, auch den neuen M\u00fcnzwechsler EAGLE Smart direkt steuert.<\/p>\n<p>Auf diese Weise <strong>bleiben Audit- und Konfigurationsinformationen auf der Caiman-Einheit gesch\u00fctzt und verf\u00fcgbar und nicht auf dem M\u00fcnzwechsler<\/strong>.<\/p>\n<p>Im Gegenzug kann die Caiman-Einheit andere MDB-Peripherieger\u00e4te(z. B. Banknoten- oder Kreditkartenleser, Zahlungsapps) <strong>steuern<\/strong>, um ein noch umfassenderes Zahlungssystem zu erhalten.<\/p>\n<p>Der EAGLE Smart-M\u00fcnzwechsler verf\u00fcgt \u00fcber eine etablierte Technologie f\u00fcr Diskriminierung und Trennung von M\u00fcnzen und Optimierung des Restes und die herausziehbare Tubenlade garantiert eine gro\u00dfe Vielseitigkeit bei der Kombination der Tuben.<\/p>\n<p>Der Caiman-Leser erm\u00f6glicht seinerseits das <strong>schnelle und sichere Lesen\/Schreiben von Paytec Mifare\u00ae-Schl\u00fcsseln<\/strong>.<\/p>\n","protected":false},"excerpt":{"rendered":"<p>Das Paytec EAGLE Premium-System ist eine integrierte L\u00f6sung und gleichzeitig leicht erweiterbar, um den wachsenden Anforderungen des Marktes intelligent gerecht zu werden.<\/p>\n","protected":false},"featured_media":14622,"template":"","meta":[],"product_cat":[156],"product_tag":[],"class_list":["post-6752","product","type-product","status-publish","has-post-thumbnail","hentry","protocollo-exe-de","protocollo-mdb-de","tipologia-master-de","tipologia-muenzwechsler-de","tipologia-schluesselleser-de","pagamento-moneta-de","pagamento-chiave-de","product_cat-cash-de"],"acf":[],"yoast_head":"<!-- This site is optimized with the Yoast SEO plugin v21.1 - https:\/\/yoast.com\/wordpress\/plugins\/seo\/ -->\n<title>Master mit 6-Tuben M\u00fcnzwechsler<\/title>\n<meta name=\"description\" content=\"Das EAGLE Premium System - Master mit 6-Tuben M\u00fcnzwechsler und Caiman Mifare-Leser: eine komplette Zahlungsl\u00f6sung f\u00fcr Verkaufsautomaten.\" \/>\n<meta name=\"robots\" content=\"index, follow, max-snippet:-1, max-image-preview:large, max-video-preview:-1\" \/>\n<link rel=\"canonical\" href=\"https:\/\/www.paytec.eu\/de\/prodotto\/master-mit-6-tuben-uenzwechsler\/\" \/>\n<meta property=\"og:locale\" content=\"de_DE\" \/>\n<meta property=\"og:type\" content=\"article\" \/>\n<meta property=\"og:title\" content=\"Master mit 6-Tuben M\u00fcnzwechsler\" \/>\n<meta property=\"og:description\" content=\"Das EAGLE Premium System - Master mit 6-Tuben M\u00fcnzwechsler und Caiman Mifare-Leser: eine komplette Zahlungsl\u00f6sung f\u00fcr Verkaufsautomaten.\" \/>\n<meta property=\"og:url\" content=\"https:\/\/www.paytec.eu\/de\/prodotto\/master-mit-6-tuben-uenzwechsler\/\" \/>\n<meta property=\"og:site_name\" content=\"Paytec\" \/>\n<meta property=\"article:modified_time\" content=\"2023-10-27T06:50:28+00:00\" \/>\n<meta property=\"og:image\" content=\"https:\/\/www.paytec.eu\/wp-content\/uploads\/2021\/12\/Eagle-Premium-mifare2.jpg\" \/>\n\t<meta property=\"og:image:width\" content=\"502\" \/>\n\t<meta property=\"og:image:height\" content=\"506\" \/>\n\t<meta property=\"og:image:type\" content=\"image\/jpeg\" \/>\n<meta name=\"twitter:card\" content=\"summary_large_image\" \/>\n<meta name=\"twitter:label1\" content=\"Gesch\u00e4tzte Lesezeit\" \/>\n\t<meta name=\"twitter:data1\" content=\"1\u00a0Minute\" \/>\n<script type=\"application\/ld+json\" class=\"yoast-schema-graph\">{\"@context\":\"https:\/\/schema.org\",\"@graph\":[{\"@type\":\"WebPage\",\"@id\":\"https:\/\/www.paytec.eu\/de\/prodotto\/master-mit-6-tuben-uenzwechsler\/\",\"url\":\"https:\/\/www.paytec.eu\/de\/prodotto\/master-mit-6-tuben-uenzwechsler\/\",\"name\":\"Master mit 6-Tuben M\u00fcnzwechsler\",\"isPartOf\":{\"@id\":\"https:\/\/www.paytec.eu\/#website\"},\"datePublished\":\"2022-01-04T06:39:22+00:00\",\"dateModified\":\"2023-10-27T06:50:28+00:00\",\"description\":\"Das EAGLE Premium System - Master mit 6-Tuben M\u00fcnzwechsler und Caiman Mifare-Leser: eine komplette Zahlungsl\u00f6sung f\u00fcr Verkaufsautomaten.\",\"breadcrumb\":{\"@id\":\"https:\/\/www.paytec.eu\/de\/prodotto\/master-mit-6-tuben-uenzwechsler\/#breadcrumb\"},\"inLanguage\":\"de\",\"potentialAction\":[{\"@type\":\"ReadAction\",\"target\":[\"https:\/\/www.paytec.eu\/de\/prodotto\/master-mit-6-tuben-uenzwechsler\/\"]}]},{\"@type\":\"BreadcrumbList\",\"@id\":\"https:\/\/www.paytec.eu\/de\/prodotto\/master-mit-6-tuben-uenzwechsler\/#breadcrumb\",\"itemListElement\":[{\"@type\":\"ListItem\",\"position\":1,\"name\":\"Home\",\"item\":\"https:\/\/www.paytec.eu\/de\/\"},{\"@type\":\"ListItem\",\"position\":2,\"name\":\"Shop\",\"item\":\"https:\/\/www.paytec.eu\/de\/shop\/\"},{\"@type\":\"ListItem\",\"position\":3,\"name\":\"Cash\",\"item\":\"https:\/\/www.paytec.eu\/categoria-prodotto\/cash\/\"},{\"@type\":\"ListItem\",\"position\":4,\"name\":\"EAGLE Premium Mifare\u00ae\"}]},{\"@type\":\"WebSite\",\"@id\":\"https:\/\/www.paytec.eu\/#website\",\"url\":\"https:\/\/www.paytec.eu\/\",\"name\":\"Paytec\",\"description\":\"Smart Payments for Vending\",\"potentialAction\":[{\"@type\":\"SearchAction\",\"target\":{\"@type\":\"EntryPoint\",\"urlTemplate\":\"https:\/\/www.paytec.eu\/?s={search_term_string}\"},\"query-input\":\"required name=search_term_string\"}],\"inLanguage\":\"de\"}]}<\/script>\n<!-- \/ Yoast SEO plugin. -->","yoast_head_json":{"title":"Master mit 6-Tuben M\u00fcnzwechsler","description":"Das EAGLE Premium System - Master mit 6-Tuben M\u00fcnzwechsler und Caiman Mifare-Leser: eine komplette Zahlungsl\u00f6sung f\u00fcr Verkaufsautomaten.","robots":{"index":"index","follow":"follow","max-snippet":"max-snippet:-1","max-image-preview":"max-image-preview:large","max-video-preview":"max-video-preview:-1"},"canonical":"https:\/\/www.paytec.eu\/de\/prodotto\/master-mit-6-tuben-uenzwechsler\/","og_locale":"de_DE","og_type":"article","og_title":"Master mit 6-Tuben M\u00fcnzwechsler","og_description":"Das EAGLE Premium System - Master mit 6-Tuben M\u00fcnzwechsler und Caiman Mifare-Leser: eine komplette Zahlungsl\u00f6sung f\u00fcr Verkaufsautomaten.","og_url":"https:\/\/www.paytec.eu\/de\/prodotto\/master-mit-6-tuben-uenzwechsler\/","og_site_name":"Paytec","article_modified_time":"2023-10-27T06:50:28+00:00","og_image":[{"width":502,"height":506,"url":"https:\/\/www.paytec.eu\/wp-content\/uploads\/2021\/12\/Eagle-Premium-mifare2.jpg","type":"image\/jpeg"}],"twitter_card":"summary_large_image","twitter_misc":{"Gesch\u00e4tzte Lesezeit":"1\u00a0Minute"},"schema":{"@context":"https:\/\/schema.org","@graph":[{"@type":"WebPage","@id":"https:\/\/www.paytec.eu\/de\/prodotto\/master-mit-6-tuben-uenzwechsler\/","url":"https:\/\/www.paytec.eu\/de\/prodotto\/master-mit-6-tuben-uenzwechsler\/","name":"Master mit 6-Tuben M\u00fcnzwechsler","isPartOf":{"@id":"https:\/\/www.paytec.eu\/#website"},"datePublished":"2022-01-04T06:39:22+00:00","dateModified":"2023-10-27T06:50:28+00:00","description":"Das EAGLE Premium System - Master mit 6-Tuben M\u00fcnzwechsler und Caiman Mifare-Leser: eine komplette Zahlungsl\u00f6sung f\u00fcr Verkaufsautomaten.","breadcrumb":{"@id":"https:\/\/www.paytec.eu\/de\/prodotto\/master-mit-6-tuben-uenzwechsler\/#breadcrumb"},"inLanguage":"de","potentialAction":[{"@type":"ReadAction","target":["https:\/\/www.paytec.eu\/de\/prodotto\/master-mit-6-tuben-uenzwechsler\/"]}]},{"@type":"BreadcrumbList","@id":"https:\/\/www.paytec.eu\/de\/prodotto\/master-mit-6-tuben-uenzwechsler\/#breadcrumb","itemListElement":[{"@type":"ListItem","position":1,"name":"Home","item":"https:\/\/www.paytec.eu\/de\/"},{"@type":"ListItem","position":2,"name":"Shop","item":"https:\/\/www.paytec.eu\/de\/shop\/"},{"@type":"ListItem","position":3,"name":"Cash","item":"https:\/\/www.paytec.eu\/categoria-prodotto\/cash\/"},{"@type":"ListItem","position":4,"name":"EAGLE Premium Mifare\u00ae"}]},{"@type":"WebSite","@id":"https:\/\/www.paytec.eu\/#website","url":"https:\/\/www.paytec.eu\/","name":"Paytec","description":"Smart Payments for Vending","potentialAction":[{"@type":"SearchAction","target":{"@type":"EntryPoint","urlTemplate":"https:\/\/www.paytec.eu\/?s={search_term_string}"},"query-input":"required name=search_term_string"}],"inLanguage":"de"}]}},"_links":{"self":[{"href":"https:\/\/www.paytec.eu\/de\/wp-json\/wp\/v2\/product\/6752","targetHints":{"allow":["GET"]}}],"collection":[{"href":"https:\/\/www.paytec.eu\/de\/wp-json\/wp\/v2\/product"}],"about":[{"href":"https:\/\/www.paytec.eu\/de\/wp-json\/wp\/v2\/types\/product"}],"wp:featuredmedia":[{"embeddable":true,"href":"https:\/\/www.paytec.eu\/de\/wp-json\/wp\/v2\/media\/14622"}],"wp:attachment":[{"href":"https:\/\/www.paytec.eu\/de\/wp-json\/wp\/v2\/media?parent=6752"}],"wp:term":[{"taxonomy":"product_cat","embeddable":true,"href":"https:\/\/www.paytec.eu\/de\/wp-json\/wp\/v2\/product_cat?post=6752"},{"taxonomy":"product_tag","embeddable":true,"href":"https:\/\/www.paytec.eu\/de\/wp-json\/wp\/v2\/product_tag?post=6752"}],"curies":[{"name":"wp","href":"https:\/\/api.w.org\/{rel}","templated":true}]}}