{"id":6759,"date":"2021-12-23T14:57:46","date_gmt":"2022-01-04T06:48:43","guid":{"rendered":"https:\/\/www.paytec.eu\/prodotto\/eagle-plus-mifare\/"},"modified":"2023-10-27T07:16:09","modified_gmt":"2023-10-27T07:16:09","slug":"muenzwechsler-6-tuben-mit-mifare-leser","status":"publish","type":"product","link":"https:\/\/www.paytec.eu\/de\/prodotto\/muenzwechsler-6-tuben-mit-mifare-leser\/","title":{"rendered":"EAGLE PLUS Mifare"},"content":{"rendered":"<p>Der EAGLE2-M\u00fcnzwechsler 6 Tuben mit Mifare-Leser verf\u00fcgt \u00fcber eine <strong>etablierte Technologie f\u00fcr Diskriminierung und Trennung von M\u00fcnzen und Optimierung des Restes<\/strong>.<\/p>\n<p>Der M\u00fcnzwechsler verwaltet direkt den Caiman-Leser, der ihn mit allen Funktionen eines fortschrittlichen bargeldlosen Systems erg\u00e4nzt und ein schnelles und sicheres Lesen\/Schreiben von Paytec Mifare\u00ae-Schl\u00fcsseln erm\u00f6glicht.<\/p>\n<p>Sie k\u00f6nnen auch andere MDB bargeldlose Peripherieger\u00e4te (z.B. Kreditkartenleser, Zahlungs-App) anschlie\u00dfen, um ein noch vollst\u00e4ndigeres Zahlungssystem zu erhalten.<\/p>\n<p>Das <strong>Standarddisplay <\/strong>auf dem M\u00fcnzwechsler erleichtert die Einstellung und Diagnose. Die Vielseitigkeit der Konfiguration wird gew\u00e4hrleistet sowohl durch die abnehmbare Tubenlade als auch durch die Tuben selbst, die leicht austauschbar sind. Ein optionales Schl\u00fcsselschloss f\u00fcr die M\u00fcnzeinheit erm\u00f6glicht ein h\u00f6heres Ma\u00df an Sicherheit, unterst\u00fctzt von Sensoren, um das \u00d6ffnen der Lade zu erkennen, auch wenn der M\u00fcnzwechsler ausgeschaltet ist.<\/p>\n<p>Das System Eagle Plus von Paytec &#8211; bestehend aus einem M\u00fcnzwechsler 6 Tuben mit Mifare-Leser &#8211; ist eine <strong>integrierte L\u00f6sung<\/strong>, die es dem Operator erm\u00f6glicht, <strong>verschiedene Zahlungsmethoden vollst\u00e4ndig und effektiv <\/strong>anzubieten.<\/p>\n<p>&nbsp;<\/p>\n","protected":false},"excerpt":{"rendered":"<p>Mit <strong>EAGLE Plus<\/strong>bietet Paytec eine Cash &amp;Cashless Zahlungsl\u00f6sung, die zu den umfassendsten und leistungsst\u00e4ugigsten auf dem Markt geh\u00f6rt und die Vorteile der EAGLE2-Mastereinheit mit einem CAIMAN-Schl\u00fcsselleser zusammentr\u00e4gt.<\/p>\n","protected":false},"featured_media":10718,"template":"","meta":[],"product_cat":[156,157],"product_tag":[],"class_list":["post-6759","product","type-product","status-publish","has-post-thumbnail","hentry","protocollo-exe-de","protocollo-mdb-de","tipologia-master-de","tipologia-muenzwechsler-de","tipologia-schluesselleser-de","pagamento-moneta-de","pagamento-chiave-de","product_cat-cash-de","product_cat-cashless-de"],"acf":[],"yoast_head":"<!-- This site is optimized with the Yoast SEO plugin v21.1 - https:\/\/yoast.com\/wordpress\/plugins\/seo\/ -->\n<title>M\u00fcnzwechsler 6 Tuben mit Mifare-Leser - Paytec<\/title>\n<meta name=\"description\" content=\"Der M\u00fcnzwechsler 6 Tuben mit Mifare-Leser EAGLE PLUS vereint die Vorteile von EAGLE2 mit einem CAIMAN-Leser zum sicheren Lesen\/Schreiben von Schl\u00fcsseln\" \/>\n<meta name=\"robots\" content=\"index, follow, max-snippet:-1, max-image-preview:large, max-video-preview:-1\" \/>\n<link rel=\"canonical\" href=\"https:\/\/www.paytec.eu\/de\/prodotto\/muenzwechsler-6-tuben-mit-mifare-leser\/\" \/>\n<meta property=\"og:locale\" content=\"de_DE\" \/>\n<meta property=\"og:type\" content=\"article\" \/>\n<meta property=\"og:title\" content=\"M\u00fcnzwechsler 6 Tuben mit Mifare-Leser - Paytec\" \/>\n<meta property=\"og:description\" content=\"Der M\u00fcnzwechsler 6 Tuben mit Mifare-Leser EAGLE PLUS vereint die Vorteile von EAGLE2 mit einem CAIMAN-Leser zum sicheren Lesen\/Schreiben von Schl\u00fcsseln\" \/>\n<meta property=\"og:url\" content=\"https:\/\/www.paytec.eu\/de\/prodotto\/muenzwechsler-6-tuben-mit-mifare-leser\/\" \/>\n<meta property=\"og:site_name\" content=\"Paytec\" \/>\n<meta property=\"article:modified_time\" content=\"2023-10-27T07:16:09+00:00\" \/>\n<meta property=\"og:image\" content=\"https:\/\/www.paytec.eu\/wp-content\/uploads\/2021\/12\/eagle-plus-mifare-1.png\" \/>\n\t<meta property=\"og:image:width\" content=\"539\" \/>\n\t<meta property=\"og:image:height\" content=\"567\" \/>\n\t<meta property=\"og:image:type\" content=\"image\/png\" \/>\n<meta name=\"twitter:card\" content=\"summary_large_image\" \/>\n<meta name=\"twitter:label1\" content=\"Gesch\u00e4tzte Lesezeit\" \/>\n\t<meta name=\"twitter:data1\" content=\"1\u00a0Minute\" \/>\n<script type=\"application\/ld+json\" class=\"yoast-schema-graph\">{\"@context\":\"https:\/\/schema.org\",\"@graph\":[{\"@type\":\"WebPage\",\"@id\":\"https:\/\/www.paytec.eu\/de\/prodotto\/muenzwechsler-6-tuben-mit-mifare-leser\/\",\"url\":\"https:\/\/www.paytec.eu\/de\/prodotto\/muenzwechsler-6-tuben-mit-mifare-leser\/\",\"name\":\"M\u00fcnzwechsler 6 Tuben mit Mifare-Leser - Paytec\",\"isPartOf\":{\"@id\":\"https:\/\/www.paytec.eu\/#website\"},\"datePublished\":\"2022-01-04T06:48:43+00:00\",\"dateModified\":\"2023-10-27T07:16:09+00:00\",\"description\":\"Der M\u00fcnzwechsler 6 Tuben mit Mifare-Leser EAGLE PLUS vereint die Vorteile von EAGLE2 mit einem CAIMAN-Leser zum sicheren Lesen\/Schreiben von Schl\u00fcsseln\",\"breadcrumb\":{\"@id\":\"https:\/\/www.paytec.eu\/de\/prodotto\/muenzwechsler-6-tuben-mit-mifare-leser\/#breadcrumb\"},\"inLanguage\":\"de\",\"potentialAction\":[{\"@type\":\"ReadAction\",\"target\":[\"https:\/\/www.paytec.eu\/de\/prodotto\/muenzwechsler-6-tuben-mit-mifare-leser\/\"]}]},{\"@type\":\"BreadcrumbList\",\"@id\":\"https:\/\/www.paytec.eu\/de\/prodotto\/muenzwechsler-6-tuben-mit-mifare-leser\/#breadcrumb\",\"itemListElement\":[{\"@type\":\"ListItem\",\"position\":1,\"name\":\"Home\",\"item\":\"https:\/\/www.paytec.eu\/de\/\"},{\"@type\":\"ListItem\",\"position\":2,\"name\":\"Shop\",\"item\":\"https:\/\/www.paytec.eu\/de\/shop\/\"},{\"@type\":\"ListItem\",\"position\":3,\"name\":\"Cash\",\"item\":\"https:\/\/www.paytec.eu\/categoria-prodotto\/cash\/\"},{\"@type\":\"ListItem\",\"position\":4,\"name\":\"EAGLE PLUS Mifare\"}]},{\"@type\":\"WebSite\",\"@id\":\"https:\/\/www.paytec.eu\/#website\",\"url\":\"https:\/\/www.paytec.eu\/\",\"name\":\"Paytec\",\"description\":\"Smart Payments for Vending\",\"potentialAction\":[{\"@type\":\"SearchAction\",\"target\":{\"@type\":\"EntryPoint\",\"urlTemplate\":\"https:\/\/www.paytec.eu\/?s={search_term_string}\"},\"query-input\":\"required name=search_term_string\"}],\"inLanguage\":\"de\"}]}<\/script>\n<!-- \/ Yoast SEO plugin. -->","yoast_head_json":{"title":"M\u00fcnzwechsler 6 Tuben mit Mifare-Leser - Paytec","description":"Der M\u00fcnzwechsler 6 Tuben mit Mifare-Leser EAGLE PLUS vereint die Vorteile von EAGLE2 mit einem CAIMAN-Leser zum sicheren Lesen\/Schreiben von Schl\u00fcsseln","robots":{"index":"index","follow":"follow","max-snippet":"max-snippet:-1","max-image-preview":"max-image-preview:large","max-video-preview":"max-video-preview:-1"},"canonical":"https:\/\/www.paytec.eu\/de\/prodotto\/muenzwechsler-6-tuben-mit-mifare-leser\/","og_locale":"de_DE","og_type":"article","og_title":"M\u00fcnzwechsler 6 Tuben mit Mifare-Leser - Paytec","og_description":"Der M\u00fcnzwechsler 6 Tuben mit Mifare-Leser EAGLE PLUS vereint die Vorteile von EAGLE2 mit einem CAIMAN-Leser zum sicheren Lesen\/Schreiben von Schl\u00fcsseln","og_url":"https:\/\/www.paytec.eu\/de\/prodotto\/muenzwechsler-6-tuben-mit-mifare-leser\/","og_site_name":"Paytec","article_modified_time":"2023-10-27T07:16:09+00:00","og_image":[{"width":539,"height":567,"url":"https:\/\/www.paytec.eu\/wp-content\/uploads\/2021\/12\/eagle-plus-mifare-1.png","type":"image\/png"}],"twitter_card":"summary_large_image","twitter_misc":{"Gesch\u00e4tzte Lesezeit":"1\u00a0Minute"},"schema":{"@context":"https:\/\/schema.org","@graph":[{"@type":"WebPage","@id":"https:\/\/www.paytec.eu\/de\/prodotto\/muenzwechsler-6-tuben-mit-mifare-leser\/","url":"https:\/\/www.paytec.eu\/de\/prodotto\/muenzwechsler-6-tuben-mit-mifare-leser\/","name":"M\u00fcnzwechsler 6 Tuben mit Mifare-Leser - Paytec","isPartOf":{"@id":"https:\/\/www.paytec.eu\/#website"},"datePublished":"2022-01-04T06:48:43+00:00","dateModified":"2023-10-27T07:16:09+00:00","description":"Der M\u00fcnzwechsler 6 Tuben mit Mifare-Leser EAGLE PLUS vereint die Vorteile von EAGLE2 mit einem CAIMAN-Leser zum sicheren Lesen\/Schreiben von Schl\u00fcsseln","breadcrumb":{"@id":"https:\/\/www.paytec.eu\/de\/prodotto\/muenzwechsler-6-tuben-mit-mifare-leser\/#breadcrumb"},"inLanguage":"de","potentialAction":[{"@type":"ReadAction","target":["https:\/\/www.paytec.eu\/de\/prodotto\/muenzwechsler-6-tuben-mit-mifare-leser\/"]}]},{"@type":"BreadcrumbList","@id":"https:\/\/www.paytec.eu\/de\/prodotto\/muenzwechsler-6-tuben-mit-mifare-leser\/#breadcrumb","itemListElement":[{"@type":"ListItem","position":1,"name":"Home","item":"https:\/\/www.paytec.eu\/de\/"},{"@type":"ListItem","position":2,"name":"Shop","item":"https:\/\/www.paytec.eu\/de\/shop\/"},{"@type":"ListItem","position":3,"name":"Cash","item":"https:\/\/www.paytec.eu\/categoria-prodotto\/cash\/"},{"@type":"ListItem","position":4,"name":"EAGLE PLUS Mifare"}]},{"@type":"WebSite","@id":"https:\/\/www.paytec.eu\/#website","url":"https:\/\/www.paytec.eu\/","name":"Paytec","description":"Smart Payments for Vending","potentialAction":[{"@type":"SearchAction","target":{"@type":"EntryPoint","urlTemplate":"https:\/\/www.paytec.eu\/?s={search_term_string}"},"query-input":"required name=search_term_string"}],"inLanguage":"de"}]}},"_links":{"self":[{"href":"https:\/\/www.paytec.eu\/de\/wp-json\/wp\/v2\/product\/6759","targetHints":{"allow":["GET"]}}],"collection":[{"href":"https:\/\/www.paytec.eu\/de\/wp-json\/wp\/v2\/product"}],"about":[{"href":"https:\/\/www.paytec.eu\/de\/wp-json\/wp\/v2\/types\/product"}],"wp:featuredmedia":[{"embeddable":true,"href":"https:\/\/www.paytec.eu\/de\/wp-json\/wp\/v2\/media\/10718"}],"wp:attachment":[{"href":"https:\/\/www.paytec.eu\/de\/wp-json\/wp\/v2\/media?parent=6759"}],"wp:term":[{"taxonomy":"product_cat","embeddable":true,"href":"https:\/\/www.paytec.eu\/de\/wp-json\/wp\/v2\/product_cat?post=6759"},{"taxonomy":"product_tag","embeddable":true,"href":"https:\/\/www.paytec.eu\/de\/wp-json\/wp\/v2\/product_tag?post=6759"}],"curies":[{"name":"wp","href":"https:\/\/api.w.org\/{rel}","templated":true}]}}