{"id":6774,"date":"2021-12-01T13:39:07","date_gmt":"2022-01-04T06:59:34","guid":{"rendered":"https:\/\/www.paytec.eu\/prodotto\/cv2406-validator-ohne-gehaeuse\/"},"modified":"2023-10-27T10:25:10","modified_gmt":"2023-10-27T10:25:10","slug":"muenzpruefer-fuer-verkaufsautomaten-cv2406-paytec","status":"publish","type":"product","link":"https:\/\/www.paytec.eu\/de\/prodotto\/muenzpruefer-fuer-verkaufsautomaten-cv2406-paytec\/","title":{"rendered":"CV2406 Validator ohne Geh\u00e4use"},"content":{"rendered":"<p>Dieser M\u00fcnzpr\u00fcfer f\u00fcr Verkaufsautomaten ist sehr vielseitig: es kann mit Spannungen von <strong>12V und 24V<\/strong>betrieben werden, es verf\u00fcgt \u00fcber <strong>24 programmierbare M\u00fcnzkan\u00e4le<\/strong>und kann einfach \u00fcber den Konfigurator und den DIP-Schalter konfiguriert werden M\u00fcnzen und Jetons k\u00f6nnen ohne zus\u00e4tzliche Werkzeuge programmiert werden.<\/p>\n<p>Bei Bedarf ist ein spezieller Adapter mit der Gr\u00f6\u00dfe eines M\u00fcnzwechsler verf\u00fcgbar, sodass er an allen Verkaufsautomaten installiert werden kann.<\/p>\n","protected":false},"excerpt":{"rendered":"<p>Der <strong>CV2406<\/strong>M\u00fcnzpr\u00fcfer ist f\u00fcr seine Zuverl\u00e4ssigkeit und Genauigkeit bei der M\u00fcnzdiskriminierung anerkannt..<\/p>\n","protected":false},"featured_media":5496,"template":"","meta":[],"product_cat":[156],"product_tag":[],"class_list":["post-6774","product","type-product","status-publish","has-post-thumbnail","hentry","protocollo-paralleler-standard-12-24vdc-de","tipologia-validator-de","pagamento-moneta-de","product_cat-cash-de"],"acf":[],"yoast_head":"<!-- This site is optimized with the Yoast SEO plugin v21.1 - https:\/\/yoast.com\/wordpress\/plugins\/seo\/ -->\n<title>M\u00fcnzpr\u00fcfer f\u00fcr Verkaufsautomaten CV2406 - Paytec<\/title>\n<meta name=\"description\" content=\"Der M\u00fcnzpr\u00fcfer f\u00fcr Verkaufsautomaten CV2406 von Paytec ist f\u00fcr seine Zuverl\u00e4ssigkeit und Genauigkeit bei der M\u00fcnzerkennung bekannt.\" \/>\n<meta name=\"robots\" content=\"index, follow, max-snippet:-1, max-image-preview:large, max-video-preview:-1\" \/>\n<link rel=\"canonical\" href=\"https:\/\/www.paytec.eu\/fr\/prodotto\/validateur-pieces-pour-distributeurs-automatiques-cv2406\/\" \/>\n<meta property=\"og:locale\" content=\"de_DE\" \/>\n<meta property=\"og:type\" content=\"article\" \/>\n<meta property=\"og:title\" content=\"M\u00fcnzpr\u00fcfer f\u00fcr Verkaufsautomaten CV2406 - Paytec\" \/>\n<meta property=\"og:description\" content=\"Der M\u00fcnzpr\u00fcfer f\u00fcr Verkaufsautomaten CV2406 von Paytec ist f\u00fcr seine Zuverl\u00e4ssigkeit und Genauigkeit bei der M\u00fcnzerkennung bekannt.\" \/>\n<meta property=\"og:url\" content=\"https:\/\/www.paytec.eu\/fr\/prodotto\/validateur-pieces-pour-distributeurs-automatiques-cv2406\/\" \/>\n<meta property=\"og:site_name\" content=\"Paytec\" \/>\n<meta property=\"article:modified_time\" content=\"2023-10-27T10:25:10+00:00\" \/>\n<meta property=\"og:image\" content=\"https:\/\/www.paytec.eu\/wp-content\/uploads\/2021\/12\/cv2406-validatore-eur-senza-carcassa.jpg\" \/>\n\t<meta property=\"og:image:width\" content=\"744\" \/>\n\t<meta property=\"og:image:height\" content=\"800\" \/>\n\t<meta property=\"og:image:type\" content=\"image\/jpeg\" \/>\n<meta name=\"twitter:card\" content=\"summary_large_image\" \/>\n<meta name=\"twitter:label1\" content=\"Gesch\u00e4tzte Lesezeit\" \/>\n\t<meta name=\"twitter:data1\" content=\"1\u00a0Minute\" \/>\n<script type=\"application\/ld+json\" class=\"yoast-schema-graph\">{\"@context\":\"https:\/\/schema.org\",\"@graph\":[{\"@type\":\"WebPage\",\"@id\":\"https:\/\/www.paytec.eu\/fr\/prodotto\/validateur-pieces-pour-distributeurs-automatiques-cv2406\/\",\"url\":\"https:\/\/www.paytec.eu\/fr\/prodotto\/validateur-pieces-pour-distributeurs-automatiques-cv2406\/\",\"name\":\"M\u00fcnzpr\u00fcfer f\u00fcr Verkaufsautomaten CV2406 - Paytec\",\"isPartOf\":{\"@id\":\"https:\/\/www.paytec.eu\/#website\"},\"datePublished\":\"2022-01-04T06:59:34+00:00\",\"dateModified\":\"2023-10-27T10:25:10+00:00\",\"description\":\"Der M\u00fcnzpr\u00fcfer f\u00fcr Verkaufsautomaten CV2406 von Paytec ist f\u00fcr seine Zuverl\u00e4ssigkeit und Genauigkeit bei der M\u00fcnzerkennung bekannt.\",\"breadcrumb\":{\"@id\":\"https:\/\/www.paytec.eu\/fr\/prodotto\/validateur-pieces-pour-distributeurs-automatiques-cv2406\/#breadcrumb\"},\"inLanguage\":\"de\",\"potentialAction\":[{\"@type\":\"ReadAction\",\"target\":[\"https:\/\/www.paytec.eu\/fr\/prodotto\/validateur-pieces-pour-distributeurs-automatiques-cv2406\/\"]}]},{\"@type\":\"BreadcrumbList\",\"@id\":\"https:\/\/www.paytec.eu\/fr\/prodotto\/validateur-pieces-pour-distributeurs-automatiques-cv2406\/#breadcrumb\",\"itemListElement\":[{\"@type\":\"ListItem\",\"position\":1,\"name\":\"Home\",\"item\":\"https:\/\/www.paytec.eu\/de\/\"},{\"@type\":\"ListItem\",\"position\":2,\"name\":\"Shop\",\"item\":\"https:\/\/www.paytec.eu\/de\/shop\/\"},{\"@type\":\"ListItem\",\"position\":3,\"name\":\"Cash\",\"item\":\"https:\/\/www.paytec.eu\/de\/categoria-prodotto\/cash-de\/\"},{\"@type\":\"ListItem\",\"position\":4,\"name\":\"CV2406 Validator ohne Geh\u00e4use\"}]},{\"@type\":\"WebSite\",\"@id\":\"https:\/\/www.paytec.eu\/#website\",\"url\":\"https:\/\/www.paytec.eu\/\",\"name\":\"Paytec\",\"description\":\"Smart Payments for Vending\",\"potentialAction\":[{\"@type\":\"SearchAction\",\"target\":{\"@type\":\"EntryPoint\",\"urlTemplate\":\"https:\/\/www.paytec.eu\/?s={search_term_string}\"},\"query-input\":\"required name=search_term_string\"}],\"inLanguage\":\"de\"}]}<\/script>\n<!-- \/ Yoast SEO plugin. -->","yoast_head_json":{"title":"M\u00fcnzpr\u00fcfer f\u00fcr Verkaufsautomaten CV2406 - Paytec","description":"Der M\u00fcnzpr\u00fcfer f\u00fcr Verkaufsautomaten CV2406 von Paytec ist f\u00fcr seine Zuverl\u00e4ssigkeit und Genauigkeit bei der M\u00fcnzerkennung bekannt.","robots":{"index":"index","follow":"follow","max-snippet":"max-snippet:-1","max-image-preview":"max-image-preview:large","max-video-preview":"max-video-preview:-1"},"canonical":"https:\/\/www.paytec.eu\/fr\/prodotto\/validateur-pieces-pour-distributeurs-automatiques-cv2406\/","og_locale":"de_DE","og_type":"article","og_title":"M\u00fcnzpr\u00fcfer f\u00fcr Verkaufsautomaten CV2406 - Paytec","og_description":"Der M\u00fcnzpr\u00fcfer f\u00fcr Verkaufsautomaten CV2406 von Paytec ist f\u00fcr seine Zuverl\u00e4ssigkeit und Genauigkeit bei der M\u00fcnzerkennung bekannt.","og_url":"https:\/\/www.paytec.eu\/fr\/prodotto\/validateur-pieces-pour-distributeurs-automatiques-cv2406\/","og_site_name":"Paytec","article_modified_time":"2023-10-27T10:25:10+00:00","og_image":[{"width":744,"height":800,"url":"https:\/\/www.paytec.eu\/wp-content\/uploads\/2021\/12\/cv2406-validatore-eur-senza-carcassa.jpg","type":"image\/jpeg"}],"twitter_card":"summary_large_image","twitter_misc":{"Gesch\u00e4tzte Lesezeit":"1\u00a0Minute"},"schema":{"@context":"https:\/\/schema.org","@graph":[{"@type":"WebPage","@id":"https:\/\/www.paytec.eu\/fr\/prodotto\/validateur-pieces-pour-distributeurs-automatiques-cv2406\/","url":"https:\/\/www.paytec.eu\/fr\/prodotto\/validateur-pieces-pour-distributeurs-automatiques-cv2406\/","name":"M\u00fcnzpr\u00fcfer f\u00fcr Verkaufsautomaten CV2406 - Paytec","isPartOf":{"@id":"https:\/\/www.paytec.eu\/#website"},"datePublished":"2022-01-04T06:59:34+00:00","dateModified":"2023-10-27T10:25:10+00:00","description":"Der M\u00fcnzpr\u00fcfer f\u00fcr Verkaufsautomaten CV2406 von Paytec ist f\u00fcr seine Zuverl\u00e4ssigkeit und Genauigkeit bei der M\u00fcnzerkennung bekannt.","breadcrumb":{"@id":"https:\/\/www.paytec.eu\/fr\/prodotto\/validateur-pieces-pour-distributeurs-automatiques-cv2406\/#breadcrumb"},"inLanguage":"de","potentialAction":[{"@type":"ReadAction","target":["https:\/\/www.paytec.eu\/fr\/prodotto\/validateur-pieces-pour-distributeurs-automatiques-cv2406\/"]}]},{"@type":"BreadcrumbList","@id":"https:\/\/www.paytec.eu\/fr\/prodotto\/validateur-pieces-pour-distributeurs-automatiques-cv2406\/#breadcrumb","itemListElement":[{"@type":"ListItem","position":1,"name":"Home","item":"https:\/\/www.paytec.eu\/de\/"},{"@type":"ListItem","position":2,"name":"Shop","item":"https:\/\/www.paytec.eu\/de\/shop\/"},{"@type":"ListItem","position":3,"name":"Cash","item":"https:\/\/www.paytec.eu\/de\/categoria-prodotto\/cash-de\/"},{"@type":"ListItem","position":4,"name":"CV2406 Validator ohne Geh\u00e4use"}]},{"@type":"WebSite","@id":"https:\/\/www.paytec.eu\/#website","url":"https:\/\/www.paytec.eu\/","name":"Paytec","description":"Smart Payments for Vending","potentialAction":[{"@type":"SearchAction","target":{"@type":"EntryPoint","urlTemplate":"https:\/\/www.paytec.eu\/?s={search_term_string}"},"query-input":"required name=search_term_string"}],"inLanguage":"de"}]}},"_links":{"self":[{"href":"https:\/\/www.paytec.eu\/de\/wp-json\/wp\/v2\/product\/6774","targetHints":{"allow":["GET"]}}],"collection":[{"href":"https:\/\/www.paytec.eu\/de\/wp-json\/wp\/v2\/product"}],"about":[{"href":"https:\/\/www.paytec.eu\/de\/wp-json\/wp\/v2\/types\/product"}],"wp:featuredmedia":[{"embeddable":true,"href":"https:\/\/www.paytec.eu\/de\/wp-json\/wp\/v2\/media\/5496"}],"wp:attachment":[{"href":"https:\/\/www.paytec.eu\/de\/wp-json\/wp\/v2\/media?parent=6774"}],"wp:term":[{"taxonomy":"product_cat","embeddable":true,"href":"https:\/\/www.paytec.eu\/de\/wp-json\/wp\/v2\/product_cat?post=6774"},{"taxonomy":"product_tag","embeddable":true,"href":"https:\/\/www.paytec.eu\/de\/wp-json\/wp\/v2\/product_tag?post=6774"}],"curies":[{"name":"wp","href":"https:\/\/api.w.org\/{rel}","templated":true}]}}