{"id":6777,"date":"2021-12-21T14:37:47","date_gmt":"2022-01-04T07:06:11","guid":{"rendered":"https:\/\/www.paytec.eu\/prodotto\/giody-exe-24v-eur\/"},"modified":"2023-10-27T10:20:31","modified_gmt":"2023-10-27T10:20:31","slug":"muenzpruefer-mit-schluesselleser-giody-paytec","status":"publish","type":"product","link":"https:\/\/www.paytec.eu\/de\/prodotto\/muenzpruefer-mit-schluesselleser-giody-paytec\/","title":{"rendered":"GIODY 24V EUR"},"content":{"rendered":"<p>Der GIODY-M\u00fcnzpr\u00fcfer mit integriertem PIT-Schl\u00fcsselleser kann somit ohne zus\u00e4tzliches Bohren und die Verkabelung zweier Zahlungssysteme installiert werden.<\/p>\n<p><strong>Sie k\u00f6nnen dann den M\u00fcnzw\u00e4hler\/ -akzeptor verwenden, das bargeldlose System mit PIT-Technologie nutzen oder einen Schl\u00fcssel aufladen.<\/strong><\/p>\n<p>GIODY ist nicht nur f\u00fcr EXE- oder MDB-Protokolle vorbereitet, sondern bietet auch die M\u00f6glichkeit, einen parallelen Banknotenleser anzuschlie\u00dfen.<\/p>\n<p>GIODY ist das ideale System f\u00fcr kompakte Automaten (OCS oder Tabletop), bei denen Sie immer noch ein komplettes Cash &amp; Cashless-System anbieten m\u00f6chten.<\/p>\n<p>&nbsp;<\/p>\n","protected":false},"excerpt":{"rendered":"<p>Das integrierte Cash &amp; Cashless-System bietet zwei Zahlungssysteme mit einer einzigen Standard-Frontplatte in einer Einheit mit der Gr\u00f6\u00dfe eines M\u00fcnzpr\u00fcfers.<\/p>\n","protected":false},"featured_media":5528,"template":"","meta":[],"product_cat":[157],"product_tag":[],"class_list":["post-6777","product","type-product","status-publish","has-post-thumbnail","hentry","protocollo-exe-de","protocollo-mdb-de","tipologia-validator-de","pagamento-moneta-de","pagamento-chiave-de","product_cat-cashless-de"],"acf":[],"yoast_head":"<!-- This site is optimized with the Yoast SEO plugin v21.1 - https:\/\/yoast.com\/wordpress\/plugins\/seo\/ -->\n<title>M\u00fcnzpr\u00fcfer mit Schl\u00fcsselleser Giody - Paytec<\/title>\n<meta name=\"description\" content=\"Der Paytec GIODY-m\u00fcnzpr\u00fcfer mit Schl\u00fcsselleser ist das ideale System, um ein vollst\u00e4ndiges Cash&amp;Cashless-System an OCS- oder Tischautomaten anzubieten.\" \/>\n<meta name=\"robots\" content=\"index, follow, max-snippet:-1, max-image-preview:large, max-video-preview:-1\" \/>\n<link rel=\"canonical\" href=\"https:\/\/www.paytec.eu\/de\/prodotto\/muenzpruefer-mit-schluesselleser-giody-paytec\/\" \/>\n<meta property=\"og:locale\" content=\"de_DE\" \/>\n<meta property=\"og:type\" content=\"article\" \/>\n<meta property=\"og:title\" content=\"M\u00fcnzpr\u00fcfer mit Schl\u00fcsselleser Giody - Paytec\" \/>\n<meta property=\"og:description\" content=\"Der Paytec GIODY-m\u00fcnzpr\u00fcfer mit Schl\u00fcsselleser ist das ideale System, um ein vollst\u00e4ndiges Cash&amp;Cashless-System an OCS- oder Tischautomaten anzubieten.\" \/>\n<meta property=\"og:url\" content=\"https:\/\/www.paytec.eu\/de\/prodotto\/muenzpruefer-mit-schluesselleser-giody-paytec\/\" \/>\n<meta property=\"og:site_name\" content=\"Paytec\" \/>\n<meta property=\"article:modified_time\" content=\"2023-10-27T10:20:31+00:00\" \/>\n<meta property=\"og:image\" content=\"https:\/\/www.paytec.eu\/wp-content\/uploads\/2021\/12\/giody-exe-24v-eur.jpg\" \/>\n\t<meta property=\"og:image:width\" content=\"744\" \/>\n\t<meta property=\"og:image:height\" content=\"800\" \/>\n\t<meta property=\"og:image:type\" content=\"image\/jpeg\" \/>\n<meta name=\"twitter:card\" content=\"summary_large_image\" \/>\n<meta name=\"twitter:label1\" content=\"Gesch\u00e4tzte Lesezeit\" \/>\n\t<meta name=\"twitter:data1\" content=\"1\u00a0Minute\" \/>\n<script type=\"application\/ld+json\" class=\"yoast-schema-graph\">{\"@context\":\"https:\/\/schema.org\",\"@graph\":[{\"@type\":\"WebPage\",\"@id\":\"https:\/\/www.paytec.eu\/de\/prodotto\/muenzpruefer-mit-schluesselleser-giody-paytec\/\",\"url\":\"https:\/\/www.paytec.eu\/de\/prodotto\/muenzpruefer-mit-schluesselleser-giody-paytec\/\",\"name\":\"M\u00fcnzpr\u00fcfer mit Schl\u00fcsselleser Giody - Paytec\",\"isPartOf\":{\"@id\":\"https:\/\/www.paytec.eu\/#website\"},\"datePublished\":\"2022-01-04T07:06:11+00:00\",\"dateModified\":\"2023-10-27T10:20:31+00:00\",\"description\":\"Der Paytec GIODY-m\u00fcnzpr\u00fcfer mit Schl\u00fcsselleser ist das ideale System, um ein vollst\u00e4ndiges Cash&Cashless-System an OCS- oder Tischautomaten anzubieten.\",\"breadcrumb\":{\"@id\":\"https:\/\/www.paytec.eu\/de\/prodotto\/muenzpruefer-mit-schluesselleser-giody-paytec\/#breadcrumb\"},\"inLanguage\":\"de\",\"potentialAction\":[{\"@type\":\"ReadAction\",\"target\":[\"https:\/\/www.paytec.eu\/de\/prodotto\/muenzpruefer-mit-schluesselleser-giody-paytec\/\"]}]},{\"@type\":\"BreadcrumbList\",\"@id\":\"https:\/\/www.paytec.eu\/de\/prodotto\/muenzpruefer-mit-schluesselleser-giody-paytec\/#breadcrumb\",\"itemListElement\":[{\"@type\":\"ListItem\",\"position\":1,\"name\":\"Home\",\"item\":\"https:\/\/www.paytec.eu\/de\/\"},{\"@type\":\"ListItem\",\"position\":2,\"name\":\"Shop\",\"item\":\"https:\/\/www.paytec.eu\/de\/shop\/\"},{\"@type\":\"ListItem\",\"position\":3,\"name\":\"Cashless\",\"item\":\"https:\/\/www.paytec.eu\/categoria-prodotto\/cashless\/\"},{\"@type\":\"ListItem\",\"position\":4,\"name\":\"GIODY 24V EUR\"}]},{\"@type\":\"WebSite\",\"@id\":\"https:\/\/www.paytec.eu\/#website\",\"url\":\"https:\/\/www.paytec.eu\/\",\"name\":\"Paytec\",\"description\":\"Smart Payments for Vending\",\"potentialAction\":[{\"@type\":\"SearchAction\",\"target\":{\"@type\":\"EntryPoint\",\"urlTemplate\":\"https:\/\/www.paytec.eu\/?s={search_term_string}\"},\"query-input\":\"required name=search_term_string\"}],\"inLanguage\":\"de\"}]}<\/script>\n<!-- \/ Yoast SEO plugin. -->","yoast_head_json":{"title":"M\u00fcnzpr\u00fcfer mit Schl\u00fcsselleser Giody - Paytec","description":"Der Paytec GIODY-m\u00fcnzpr\u00fcfer mit Schl\u00fcsselleser ist das ideale System, um ein vollst\u00e4ndiges Cash&Cashless-System an OCS- oder Tischautomaten anzubieten.","robots":{"index":"index","follow":"follow","max-snippet":"max-snippet:-1","max-image-preview":"max-image-preview:large","max-video-preview":"max-video-preview:-1"},"canonical":"https:\/\/www.paytec.eu\/de\/prodotto\/muenzpruefer-mit-schluesselleser-giody-paytec\/","og_locale":"de_DE","og_type":"article","og_title":"M\u00fcnzpr\u00fcfer mit Schl\u00fcsselleser Giody - Paytec","og_description":"Der Paytec GIODY-m\u00fcnzpr\u00fcfer mit Schl\u00fcsselleser ist das ideale System, um ein vollst\u00e4ndiges Cash&Cashless-System an OCS- oder Tischautomaten anzubieten.","og_url":"https:\/\/www.paytec.eu\/de\/prodotto\/muenzpruefer-mit-schluesselleser-giody-paytec\/","og_site_name":"Paytec","article_modified_time":"2023-10-27T10:20:31+00:00","og_image":[{"width":744,"height":800,"url":"https:\/\/www.paytec.eu\/wp-content\/uploads\/2021\/12\/giody-exe-24v-eur.jpg","type":"image\/jpeg"}],"twitter_card":"summary_large_image","twitter_misc":{"Gesch\u00e4tzte Lesezeit":"1\u00a0Minute"},"schema":{"@context":"https:\/\/schema.org","@graph":[{"@type":"WebPage","@id":"https:\/\/www.paytec.eu\/de\/prodotto\/muenzpruefer-mit-schluesselleser-giody-paytec\/","url":"https:\/\/www.paytec.eu\/de\/prodotto\/muenzpruefer-mit-schluesselleser-giody-paytec\/","name":"M\u00fcnzpr\u00fcfer mit Schl\u00fcsselleser Giody - Paytec","isPartOf":{"@id":"https:\/\/www.paytec.eu\/#website"},"datePublished":"2022-01-04T07:06:11+00:00","dateModified":"2023-10-27T10:20:31+00:00","description":"Der Paytec GIODY-m\u00fcnzpr\u00fcfer mit Schl\u00fcsselleser ist das ideale System, um ein vollst\u00e4ndiges Cash&Cashless-System an OCS- oder Tischautomaten anzubieten.","breadcrumb":{"@id":"https:\/\/www.paytec.eu\/de\/prodotto\/muenzpruefer-mit-schluesselleser-giody-paytec\/#breadcrumb"},"inLanguage":"de","potentialAction":[{"@type":"ReadAction","target":["https:\/\/www.paytec.eu\/de\/prodotto\/muenzpruefer-mit-schluesselleser-giody-paytec\/"]}]},{"@type":"BreadcrumbList","@id":"https:\/\/www.paytec.eu\/de\/prodotto\/muenzpruefer-mit-schluesselleser-giody-paytec\/#breadcrumb","itemListElement":[{"@type":"ListItem","position":1,"name":"Home","item":"https:\/\/www.paytec.eu\/de\/"},{"@type":"ListItem","position":2,"name":"Shop","item":"https:\/\/www.paytec.eu\/de\/shop\/"},{"@type":"ListItem","position":3,"name":"Cashless","item":"https:\/\/www.paytec.eu\/categoria-prodotto\/cashless\/"},{"@type":"ListItem","position":4,"name":"GIODY 24V EUR"}]},{"@type":"WebSite","@id":"https:\/\/www.paytec.eu\/#website","url":"https:\/\/www.paytec.eu\/","name":"Paytec","description":"Smart Payments for Vending","potentialAction":[{"@type":"SearchAction","target":{"@type":"EntryPoint","urlTemplate":"https:\/\/www.paytec.eu\/?s={search_term_string}"},"query-input":"required name=search_term_string"}],"inLanguage":"de"}]}},"_links":{"self":[{"href":"https:\/\/www.paytec.eu\/de\/wp-json\/wp\/v2\/product\/6777","targetHints":{"allow":["GET"]}}],"collection":[{"href":"https:\/\/www.paytec.eu\/de\/wp-json\/wp\/v2\/product"}],"about":[{"href":"https:\/\/www.paytec.eu\/de\/wp-json\/wp\/v2\/types\/product"}],"wp:featuredmedia":[{"embeddable":true,"href":"https:\/\/www.paytec.eu\/de\/wp-json\/wp\/v2\/media\/5528"}],"wp:attachment":[{"href":"https:\/\/www.paytec.eu\/de\/wp-json\/wp\/v2\/media?parent=6777"}],"wp:term":[{"taxonomy":"product_cat","embeddable":true,"href":"https:\/\/www.paytec.eu\/de\/wp-json\/wp\/v2\/product_cat?post=6777"},{"taxonomy":"product_tag","embeddable":true,"href":"https:\/\/www.paytec.eu\/de\/wp-json\/wp\/v2\/product_tag?post=6777"}],"curies":[{"name":"wp","href":"https:\/\/api.w.org\/{rel}","templated":true}]}}