{"id":6778,"date":"2021-11-30T13:13:59","date_gmt":"2022-01-04T07:08:30","guid":{"rendered":"https:\/\/www.paytec.eu\/prodotto\/banknotenleser-apex-7000-mdb-stack200-eur\/"},"modified":"2023-10-27T11:55:02","modified_gmt":"2023-10-27T11:55:02","slug":"banknotenleser-fuer-erkaufsautomaten-apex7000","status":"publish","type":"product","link":"https:\/\/www.paytec.eu\/de\/prodotto\/banknotenleser-fuer-erkaufsautomaten-apex7000\/","title":{"rendered":"BANKNOTENLESER APEX7000"},"content":{"rendered":"<p>Die Zuverl\u00e4ssigkeit der Banknotenleser f\u00fcr Verkaufsautomaten APEX7000 wird durch mehr als 10 Jahre Einsatz vor Ort und kontinuierliche Verbesserungen gew\u00e4hrleistet.<\/p>\n<p>Die <strong>Funktion \u201eEscrow\u201c<\/strong>erm\u00f6glicht auch die R\u00fcckgabe der Banknote im Falle eines Nichtverkaufs oder einer Nichtverf\u00fcgbarkeit des Restes M\u00fcnzen. Der Leser wird mit ein Stapler von 200 Banknoten angeboten, aber die Version mit 500 Banknoten ist ebenfalls verf\u00fcgbar.<\/p>\n<p>APEX 7000 ist mit einem <strong>automatischen Kalibrierungssystem<\/strong>ausgestattet, und ist einfach \u00fcber einen DIP-Schalter konfigurierbar.<\/p>\n","protected":false},"excerpt":{"rendered":"<p>APEX 7000 verf\u00fcgt \u00fcber ein innovatives zweistufiges optisches Anti-Fishing-System mit 8 Sensoren, das das System vor Betrugs- oder Manipulationsversuchen sch\u00fctzt.<\/p>\n","protected":false},"featured_media":5376,"template":"","meta":[],"product_cat":[156],"product_tag":[],"class_list":["post-6778","product","type-product","status-publish","has-post-thumbnail","hentry","protocollo-mdb-de","tipologia-banknotenleser-de","pagamento-banconote-de","product_cat-cash-de"],"acf":[],"yoast_head":"<!-- This site is optimized with the Yoast SEO plugin v21.1 - https:\/\/yoast.com\/wordpress\/plugins\/seo\/ -->\n<title>Banknotenleser f\u00fcr Verkaufsautomaten APEX7000 - Paytec<\/title>\n<meta name=\"description\" content=\"Der Banknotenleser f\u00fcr Verkaufsautomaten APEX7000 garantiert mit einem zweistufigen optischen Anti-Fishing-System und 8 Sensoren einen hohen Betrugsschutz.\" \/>\n<meta name=\"robots\" content=\"index, follow, max-snippet:-1, max-image-preview:large, max-video-preview:-1\" \/>\n<link rel=\"canonical\" href=\"https:\/\/www.paytec.eu\/fr\/prodotto\/accepteur-de-billets-apex7000\/\" \/>\n<meta property=\"og:locale\" content=\"de_DE\" \/>\n<meta property=\"og:type\" content=\"article\" \/>\n<meta property=\"og:title\" content=\"Banknotenleser f\u00fcr Verkaufsautomaten APEX7000 - Paytec\" \/>\n<meta property=\"og:description\" content=\"Der Banknotenleser f\u00fcr Verkaufsautomaten APEX7000 garantiert mit einem zweistufigen optischen Anti-Fishing-System und 8 Sensoren einen hohen Betrugsschutz.\" \/>\n<meta property=\"og:url\" content=\"https:\/\/www.paytec.eu\/fr\/prodotto\/accepteur-de-billets-apex7000\/\" \/>\n<meta property=\"og:site_name\" content=\"Paytec\" \/>\n<meta property=\"article:modified_time\" content=\"2023-10-27T11:55:02+00:00\" \/>\n<meta property=\"og:image\" content=\"https:\/\/www.paytec.eu\/wp-content\/uploads\/2021\/11\/lettoreApex7000.png\" \/>\n\t<meta property=\"og:image:width\" content=\"800\" \/>\n\t<meta property=\"og:image:height\" content=\"800\" \/>\n\t<meta property=\"og:image:type\" content=\"image\/png\" \/>\n<meta name=\"twitter:card\" content=\"summary_large_image\" \/>\n<meta name=\"twitter:label1\" content=\"Gesch\u00e4tzte Lesezeit\" \/>\n\t<meta name=\"twitter:data1\" content=\"1\u00a0Minute\" \/>\n<script type=\"application\/ld+json\" class=\"yoast-schema-graph\">{\"@context\":\"https:\/\/schema.org\",\"@graph\":[{\"@type\":\"WebPage\",\"@id\":\"https:\/\/www.paytec.eu\/fr\/prodotto\/accepteur-de-billets-apex7000\/\",\"url\":\"https:\/\/www.paytec.eu\/fr\/prodotto\/accepteur-de-billets-apex7000\/\",\"name\":\"Banknotenleser f\u00fcr Verkaufsautomaten APEX7000 - Paytec\",\"isPartOf\":{\"@id\":\"https:\/\/www.paytec.eu\/#website\"},\"datePublished\":\"2022-01-04T07:08:30+00:00\",\"dateModified\":\"2023-10-27T11:55:02+00:00\",\"description\":\"Der Banknotenleser f\u00fcr Verkaufsautomaten APEX7000 garantiert mit einem zweistufigen optischen Anti-Fishing-System und 8 Sensoren einen hohen Betrugsschutz.\",\"breadcrumb\":{\"@id\":\"https:\/\/www.paytec.eu\/fr\/prodotto\/accepteur-de-billets-apex7000\/#breadcrumb\"},\"inLanguage\":\"de\",\"potentialAction\":[{\"@type\":\"ReadAction\",\"target\":[\"https:\/\/www.paytec.eu\/fr\/prodotto\/accepteur-de-billets-apex7000\/\"]}]},{\"@type\":\"BreadcrumbList\",\"@id\":\"https:\/\/www.paytec.eu\/fr\/prodotto\/accepteur-de-billets-apex7000\/#breadcrumb\",\"itemListElement\":[{\"@type\":\"ListItem\",\"position\":1,\"name\":\"Home\",\"item\":\"https:\/\/www.paytec.eu\/de\/\"},{\"@type\":\"ListItem\",\"position\":2,\"name\":\"Shop\",\"item\":\"https:\/\/www.paytec.eu\/de\/shop\/\"},{\"@type\":\"ListItem\",\"position\":3,\"name\":\"Cash\",\"item\":\"https:\/\/www.paytec.eu\/de\/categoria-prodotto\/cash-de\/\"},{\"@type\":\"ListItem\",\"position\":4,\"name\":\"BANKNOTENLESER APEX7000\"}]},{\"@type\":\"WebSite\",\"@id\":\"https:\/\/www.paytec.eu\/#website\",\"url\":\"https:\/\/www.paytec.eu\/\",\"name\":\"Paytec\",\"description\":\"Smart Payments for Vending\",\"potentialAction\":[{\"@type\":\"SearchAction\",\"target\":{\"@type\":\"EntryPoint\",\"urlTemplate\":\"https:\/\/www.paytec.eu\/?s={search_term_string}\"},\"query-input\":\"required name=search_term_string\"}],\"inLanguage\":\"de\"}]}<\/script>\n<!-- \/ Yoast SEO plugin. -->","yoast_head_json":{"title":"Banknotenleser f\u00fcr Verkaufsautomaten APEX7000 - Paytec","description":"Der Banknotenleser f\u00fcr Verkaufsautomaten APEX7000 garantiert mit einem zweistufigen optischen Anti-Fishing-System und 8 Sensoren einen hohen Betrugsschutz.","robots":{"index":"index","follow":"follow","max-snippet":"max-snippet:-1","max-image-preview":"max-image-preview:large","max-video-preview":"max-video-preview:-1"},"canonical":"https:\/\/www.paytec.eu\/fr\/prodotto\/accepteur-de-billets-apex7000\/","og_locale":"de_DE","og_type":"article","og_title":"Banknotenleser f\u00fcr Verkaufsautomaten APEX7000 - Paytec","og_description":"Der Banknotenleser f\u00fcr Verkaufsautomaten APEX7000 garantiert mit einem zweistufigen optischen Anti-Fishing-System und 8 Sensoren einen hohen Betrugsschutz.","og_url":"https:\/\/www.paytec.eu\/fr\/prodotto\/accepteur-de-billets-apex7000\/","og_site_name":"Paytec","article_modified_time":"2023-10-27T11:55:02+00:00","og_image":[{"width":800,"height":800,"url":"https:\/\/www.paytec.eu\/wp-content\/uploads\/2021\/11\/lettoreApex7000.png","type":"image\/png"}],"twitter_card":"summary_large_image","twitter_misc":{"Gesch\u00e4tzte Lesezeit":"1\u00a0Minute"},"schema":{"@context":"https:\/\/schema.org","@graph":[{"@type":"WebPage","@id":"https:\/\/www.paytec.eu\/fr\/prodotto\/accepteur-de-billets-apex7000\/","url":"https:\/\/www.paytec.eu\/fr\/prodotto\/accepteur-de-billets-apex7000\/","name":"Banknotenleser f\u00fcr Verkaufsautomaten APEX7000 - Paytec","isPartOf":{"@id":"https:\/\/www.paytec.eu\/#website"},"datePublished":"2022-01-04T07:08:30+00:00","dateModified":"2023-10-27T11:55:02+00:00","description":"Der Banknotenleser f\u00fcr Verkaufsautomaten APEX7000 garantiert mit einem zweistufigen optischen Anti-Fishing-System und 8 Sensoren einen hohen Betrugsschutz.","breadcrumb":{"@id":"https:\/\/www.paytec.eu\/fr\/prodotto\/accepteur-de-billets-apex7000\/#breadcrumb"},"inLanguage":"de","potentialAction":[{"@type":"ReadAction","target":["https:\/\/www.paytec.eu\/fr\/prodotto\/accepteur-de-billets-apex7000\/"]}]},{"@type":"BreadcrumbList","@id":"https:\/\/www.paytec.eu\/fr\/prodotto\/accepteur-de-billets-apex7000\/#breadcrumb","itemListElement":[{"@type":"ListItem","position":1,"name":"Home","item":"https:\/\/www.paytec.eu\/de\/"},{"@type":"ListItem","position":2,"name":"Shop","item":"https:\/\/www.paytec.eu\/de\/shop\/"},{"@type":"ListItem","position":3,"name":"Cash","item":"https:\/\/www.paytec.eu\/de\/categoria-prodotto\/cash-de\/"},{"@type":"ListItem","position":4,"name":"BANKNOTENLESER APEX7000"}]},{"@type":"WebSite","@id":"https:\/\/www.paytec.eu\/#website","url":"https:\/\/www.paytec.eu\/","name":"Paytec","description":"Smart Payments for Vending","potentialAction":[{"@type":"SearchAction","target":{"@type":"EntryPoint","urlTemplate":"https:\/\/www.paytec.eu\/?s={search_term_string}"},"query-input":"required name=search_term_string"}],"inLanguage":"de"}]}},"_links":{"self":[{"href":"https:\/\/www.paytec.eu\/de\/wp-json\/wp\/v2\/product\/6778","targetHints":{"allow":["GET"]}}],"collection":[{"href":"https:\/\/www.paytec.eu\/de\/wp-json\/wp\/v2\/product"}],"about":[{"href":"https:\/\/www.paytec.eu\/de\/wp-json\/wp\/v2\/types\/product"}],"wp:featuredmedia":[{"embeddable":true,"href":"https:\/\/www.paytec.eu\/de\/wp-json\/wp\/v2\/media\/5376"}],"wp:attachment":[{"href":"https:\/\/www.paytec.eu\/de\/wp-json\/wp\/v2\/media?parent=6778"}],"wp:term":[{"taxonomy":"product_cat","embeddable":true,"href":"https:\/\/www.paytec.eu\/de\/wp-json\/wp\/v2\/product_cat?post=6778"},{"taxonomy":"product_tag","embeddable":true,"href":"https:\/\/www.paytec.eu\/de\/wp-json\/wp\/v2\/product_tag?post=6778"}],"curies":[{"name":"wp","href":"https:\/\/api.w.org\/{rel}","templated":true}]}}