{"id":6780,"date":"2021-12-21T14:51:48","date_gmt":"2022-01-04T07:11:06","guid":{"rendered":"https:\/\/www.paytec.eu\/prodotto\/pit-schluessel-autoprogrammierend\/"},"modified":"2023-10-27T08:32:19","modified_gmt":"2023-10-27T08:32:19","slug":"autoprogrammierende-schlussel-pit-vending","status":"publish","type":"product","link":"https:\/\/www.paytec.eu\/de\/prodotto\/autoprogrammierende-schlussel-pit-vending\/","title":{"rendered":"PIT2-Schl\u00fcssel Autoprogrammierend"},"content":{"rendered":"<p>Mit mehr als 15 Millionen von Paytec verkauften Einheiten im Laufe der Jahre sind die autoprogrammierende PIT-Schl\u00fcssel f\u00fcr Vending von Paytec (Programmierbaren-Identifikationstransponder) f\u00fcr viele Operatoren zu einem unverzichtbaren Element geworden.<br \/>\nDie verf\u00fcgbaren Verkaufsfunktionen machen die Schl\u00fcssel zu einem wichtigen Marketinginstrument, da sie nicht nur die Zahlung erm\u00f6glichen und so den Umsatz steigern, sondern auch die Kundenloyalit\u00e4t mit leicht konfigurierbaren L\u00f6sungen (differenzierte Preise, kostenlose Verk\u00e4ufe, kostenlose Gutschriften, Zeitfenster usw.).<br \/>\nDie autoprogrammierende PIT-Schl\u00fcssel f\u00fcr Vending von Paytec zeichnen sich durch die Vielfalt von Farben und ihre einfache Anpassung aus. W\u00e4hrend der Stang immer schwarz ist, ist der Griff in Rot, Gr\u00fcn, Gelb, Blau, Schwarz, Transparent und Transparent Orange erh\u00e4ltlich.<br \/>\nDie Schl\u00fcssel sind mit einer am Stiel angebrachten Laserseriennummer gekennzeichnet, um eine eindeutige Unterscheidung zu erm\u00f6glichen.<br \/>\nAuf Wunsch k\u00f6nnen Sie den Aufkleber mit dem Logo des Operators oder des Endkunden anpassen und zus\u00e4tzliche Loyalit\u00e4tselemente bereitstellen.<br \/>\nDie Konfiguration erfolgt mit dem Caiman PIT-Programmierer.<\/p>\n","protected":false},"excerpt":{"rendered":"<p>Die <strong>propriet\u00e4r kontaktlose PIT-Technologie<\/strong>von Paytec gew\u00e4hrleistet eine maximale technische Kontrolle der L\u00f6sung bei gleichzeitiger Gew\u00e4hrleistung von Zuverl\u00e4ssigkeit, Sicherheit und Vielseitigkeit.<\/p>\n","protected":false},"featured_media":11911,"template":"","meta":[],"product_cat":[406],"product_tag":[],"class_list":["post-6780","product","type-product","status-publish","has-post-thumbnail","hentry","tipologia-schluessel-pit-de","pagamento-chiave-de","product_cat-chiavi-carte-de"],"acf":[],"yoast_head":"<!-- This site is optimized with the Yoast SEO plugin v21.1 - https:\/\/yoast.com\/wordpress\/plugins\/seo\/ -->\n<title>autoprogrammierende PIT-Schl\u00fcssel f\u00fcr Vending - Paytec<\/title>\n<meta name=\"description\" content=\"Die autoprogrammierende PIT-Schl\u00fcssel f\u00fcr Vending nutzen die PIT-Technologie, um Zahlungen zu erleichtern und den Umsatz auf sichere Weise zu steigern.\" \/>\n<meta name=\"robots\" content=\"index, follow, max-snippet:-1, max-image-preview:large, max-video-preview:-1\" \/>\n<link rel=\"canonical\" href=\"https:\/\/www.paytec.eu\/de\/prodotto\/autoprogrammierende-schlussel-pit-vending\/\" \/>\n<meta property=\"og:locale\" content=\"de_DE\" \/>\n<meta property=\"og:type\" content=\"article\" \/>\n<meta property=\"og:title\" content=\"autoprogrammierende PIT-Schl\u00fcssel f\u00fcr Vending - Paytec\" \/>\n<meta property=\"og:description\" content=\"Die autoprogrammierende PIT-Schl\u00fcssel f\u00fcr Vending nutzen die PIT-Technologie, um Zahlungen zu erleichtern und den Umsatz auf sichere Weise zu steigern.\" \/>\n<meta property=\"og:url\" content=\"https:\/\/www.paytec.eu\/de\/prodotto\/autoprogrammierende-schlussel-pit-vending\/\" \/>\n<meta property=\"og:site_name\" content=\"Paytec\" \/>\n<meta property=\"article:modified_time\" content=\"2023-10-27T08:32:19+00:00\" \/>\n<meta property=\"og:image\" content=\"https:\/\/www.paytec.eu\/wp-content\/uploads\/2021\/12\/PIT2-row.png\" \/>\n\t<meta property=\"og:image:width\" content=\"800\" \/>\n\t<meta property=\"og:image:height\" content=\"363\" \/>\n\t<meta property=\"og:image:type\" content=\"image\/png\" \/>\n<meta name=\"twitter:card\" content=\"summary_large_image\" \/>\n<meta name=\"twitter:label1\" content=\"Gesch\u00e4tzte Lesezeit\" \/>\n\t<meta name=\"twitter:data1\" content=\"1\u00a0Minute\" \/>\n<script type=\"application\/ld+json\" class=\"yoast-schema-graph\">{\"@context\":\"https:\/\/schema.org\",\"@graph\":[{\"@type\":\"WebPage\",\"@id\":\"https:\/\/www.paytec.eu\/de\/prodotto\/autoprogrammierende-schlussel-pit-vending\/\",\"url\":\"https:\/\/www.paytec.eu\/de\/prodotto\/autoprogrammierende-schlussel-pit-vending\/\",\"name\":\"autoprogrammierende PIT-Schl\u00fcssel f\u00fcr Vending - Paytec\",\"isPartOf\":{\"@id\":\"https:\/\/www.paytec.eu\/#website\"},\"datePublished\":\"2022-01-04T07:11:06+00:00\",\"dateModified\":\"2023-10-27T08:32:19+00:00\",\"description\":\"Die autoprogrammierende PIT-Schl\u00fcssel f\u00fcr Vending nutzen die PIT-Technologie, um Zahlungen zu erleichtern und den Umsatz auf sichere Weise zu steigern.\",\"breadcrumb\":{\"@id\":\"https:\/\/www.paytec.eu\/de\/prodotto\/autoprogrammierende-schlussel-pit-vending\/#breadcrumb\"},\"inLanguage\":\"de\",\"potentialAction\":[{\"@type\":\"ReadAction\",\"target\":[\"https:\/\/www.paytec.eu\/de\/prodotto\/autoprogrammierende-schlussel-pit-vending\/\"]}]},{\"@type\":\"BreadcrumbList\",\"@id\":\"https:\/\/www.paytec.eu\/de\/prodotto\/autoprogrammierende-schlussel-pit-vending\/#breadcrumb\",\"itemListElement\":[{\"@type\":\"ListItem\",\"position\":1,\"name\":\"Home\",\"item\":\"https:\/\/www.paytec.eu\/de\/\"},{\"@type\":\"ListItem\",\"position\":2,\"name\":\"Shop\",\"item\":\"https:\/\/www.paytec.eu\/de\/shop\/\"},{\"@type\":\"ListItem\",\"position\":3,\"name\":\"Chiavi \/ Carte\",\"item\":\"https:\/\/www.paytec.eu\/categoria-prodotto\/chiavi-carte\/\"},{\"@type\":\"ListItem\",\"position\":4,\"name\":\"PIT2-Schl\u00fcssel Autoprogrammierend\"}]},{\"@type\":\"WebSite\",\"@id\":\"https:\/\/www.paytec.eu\/#website\",\"url\":\"https:\/\/www.paytec.eu\/\",\"name\":\"Paytec\",\"description\":\"Smart Payments for Vending\",\"potentialAction\":[{\"@type\":\"SearchAction\",\"target\":{\"@type\":\"EntryPoint\",\"urlTemplate\":\"https:\/\/www.paytec.eu\/?s={search_term_string}\"},\"query-input\":\"required name=search_term_string\"}],\"inLanguage\":\"de\"}]}<\/script>\n<!-- \/ Yoast SEO plugin. -->","yoast_head_json":{"title":"autoprogrammierende PIT-Schl\u00fcssel f\u00fcr Vending - Paytec","description":"Die autoprogrammierende PIT-Schl\u00fcssel f\u00fcr Vending nutzen die PIT-Technologie, um Zahlungen zu erleichtern und den Umsatz auf sichere Weise zu steigern.","robots":{"index":"index","follow":"follow","max-snippet":"max-snippet:-1","max-image-preview":"max-image-preview:large","max-video-preview":"max-video-preview:-1"},"canonical":"https:\/\/www.paytec.eu\/de\/prodotto\/autoprogrammierende-schlussel-pit-vending\/","og_locale":"de_DE","og_type":"article","og_title":"autoprogrammierende PIT-Schl\u00fcssel f\u00fcr Vending - Paytec","og_description":"Die autoprogrammierende PIT-Schl\u00fcssel f\u00fcr Vending nutzen die PIT-Technologie, um Zahlungen zu erleichtern und den Umsatz auf sichere Weise zu steigern.","og_url":"https:\/\/www.paytec.eu\/de\/prodotto\/autoprogrammierende-schlussel-pit-vending\/","og_site_name":"Paytec","article_modified_time":"2023-10-27T08:32:19+00:00","og_image":[{"url":"https:\/\/www.paytec.eu\/wp-content\/uploads\/2021\/12\/PIT2-row.png","width":800,"height":363,"type":"image\/png"}],"twitter_card":"summary_large_image","twitter_misc":{"Gesch\u00e4tzte Lesezeit":"1\u00a0Minute"},"schema":{"@context":"https:\/\/schema.org","@graph":[{"@type":"WebPage","@id":"https:\/\/www.paytec.eu\/de\/prodotto\/autoprogrammierende-schlussel-pit-vending\/","url":"https:\/\/www.paytec.eu\/de\/prodotto\/autoprogrammierende-schlussel-pit-vending\/","name":"autoprogrammierende PIT-Schl\u00fcssel f\u00fcr Vending - Paytec","isPartOf":{"@id":"https:\/\/www.paytec.eu\/#website"},"datePublished":"2022-01-04T07:11:06+00:00","dateModified":"2023-10-27T08:32:19+00:00","description":"Die autoprogrammierende PIT-Schl\u00fcssel f\u00fcr Vending nutzen die PIT-Technologie, um Zahlungen zu erleichtern und den Umsatz auf sichere Weise zu steigern.","breadcrumb":{"@id":"https:\/\/www.paytec.eu\/de\/prodotto\/autoprogrammierende-schlussel-pit-vending\/#breadcrumb"},"inLanguage":"de","potentialAction":[{"@type":"ReadAction","target":["https:\/\/www.paytec.eu\/de\/prodotto\/autoprogrammierende-schlussel-pit-vending\/"]}]},{"@type":"BreadcrumbList","@id":"https:\/\/www.paytec.eu\/de\/prodotto\/autoprogrammierende-schlussel-pit-vending\/#breadcrumb","itemListElement":[{"@type":"ListItem","position":1,"name":"Home","item":"https:\/\/www.paytec.eu\/de\/"},{"@type":"ListItem","position":2,"name":"Shop","item":"https:\/\/www.paytec.eu\/de\/shop\/"},{"@type":"ListItem","position":3,"name":"Chiavi \/ Carte","item":"https:\/\/www.paytec.eu\/categoria-prodotto\/chiavi-carte\/"},{"@type":"ListItem","position":4,"name":"PIT2-Schl\u00fcssel Autoprogrammierend"}]},{"@type":"WebSite","@id":"https:\/\/www.paytec.eu\/#website","url":"https:\/\/www.paytec.eu\/","name":"Paytec","description":"Smart Payments for Vending","potentialAction":[{"@type":"SearchAction","target":{"@type":"EntryPoint","urlTemplate":"https:\/\/www.paytec.eu\/?s={search_term_string}"},"query-input":"required name=search_term_string"}],"inLanguage":"de"}]}},"_links":{"self":[{"href":"https:\/\/www.paytec.eu\/de\/wp-json\/wp\/v2\/product\/6780","targetHints":{"allow":["GET"]}}],"collection":[{"href":"https:\/\/www.paytec.eu\/de\/wp-json\/wp\/v2\/product"}],"about":[{"href":"https:\/\/www.paytec.eu\/de\/wp-json\/wp\/v2\/types\/product"}],"wp:featuredmedia":[{"embeddable":true,"href":"https:\/\/www.paytec.eu\/de\/wp-json\/wp\/v2\/media\/11911"}],"wp:attachment":[{"href":"https:\/\/www.paytec.eu\/de\/wp-json\/wp\/v2\/media?parent=6780"}],"wp:term":[{"taxonomy":"product_cat","embeddable":true,"href":"https:\/\/www.paytec.eu\/de\/wp-json\/wp\/v2\/product_cat?post=6780"},{"taxonomy":"product_tag","embeddable":true,"href":"https:\/\/www.paytec.eu\/de\/wp-json\/wp\/v2\/product_tag?post=6780"}],"curies":[{"name":"wp","href":"https:\/\/api.w.org\/{rel}","templated":true}]}}