{"id":6800,"date":"2021-12-21T13:52:00","date_gmt":"2022-01-04T07:40:03","guid":{"rendered":"https:\/\/www.paytec.eu\/prodotto\/caiman-lite-exe\/"},"modified":"2023-10-27T09:55:03","modified_gmt":"2023-10-27T09:55:03","slug":"pit-schluesselleser-caiman-lite-exe","status":"publish","type":"product","link":"https:\/\/www.paytec.eu\/de\/prodotto\/pit-schluesselleser-caiman-lite-exe\/","title":{"rendered":"CAIMAN LITE EXE"},"content":{"rendered":"<p>Der PIT-Schl\u00fcsselleser Caiman Lite EXE ist vom Markt f\u00fcr ihre <strong>Kompaktheit und Praktikabilit\u00e4t <\/strong>sowohl im Einsatz als auch in der Installation anerkannt.<\/p>\n<p>Das System arbeitet im Price Holding Modus mit 100 Preisen oder es kann das Preismanagement an den Automaten zuweisen. Man kann einen M\u00fcnzpr\u00fcfer im impulsiven Modus anschlie\u00dfen.<\/p>\n<p>Auditdaten sind sowohl in Standard- als auch in erweiterten Formaten verf\u00fcgbar und k\u00f6nnen mit einer Vielzahl von Tools und Technologien gesammelt werden, einschlie\u00dflich IrDA \u00fcber ein optionales externes Modul. Die Systemkonfiguration kann auch per PC, mit Paytec Terminals, mit der Key\/Data Card oder mit PayTools erfolgen.<\/p>\n<p>Der PIT-Schl\u00fcsselleser Caiman Lite EXE ist auch erh\u00e4ltlich in einer Version zum Lesen\/Schreiben von <strong>Paytec Mifare-Schl\u00fcsseln<\/strong>.<\/p>\n","protected":false},"excerpt":{"rendered":"<p>Die Reihe Caiman Lite ist einfach zu installieren und zu programmieren und eignet sich ideal f\u00fcr Operatoren, die ein bargeldloses System auf M\u00fcnzwechsler oder auf ausschlie\u00dflich bargeldlose Automaten einf\u00fchren m\u00f6chten.<\/p>\n","protected":false},"featured_media":5504,"template":"","meta":[],"product_cat":[157],"product_tag":[],"class_list":["post-6800","product","type-product","status-publish","has-post-thumbnail","hentry","protocollo-exe-de","tipologia-master-de","tipologia-schluesselleser-de","pagamento-chiave-de","product_cat-cashless-de"],"acf":[],"yoast_head":"<!-- This site is optimized with the Yoast SEO plugin v21.1 - https:\/\/yoast.com\/wordpress\/plugins\/seo\/ -->\n<title>PIT-Schl\u00fcsselleser Caiman Lite EXE - Paytec<\/title>\n<meta name=\"description\" content=\"Der PIT-Schl\u00fcsselleser CAIMAN LITE EXE Mifare ist eine kompakte und praktische Zahlungsl\u00f6sung f\u00fcr den Vending - Jetzt kaufen auf www.paytec.eu\" \/>\n<meta name=\"robots\" content=\"index, follow, max-snippet:-1, max-image-preview:large, max-video-preview:-1\" \/>\n<link rel=\"canonical\" href=\"https:\/\/www.paytec.eu\/fr\/prodotto\/lecteur-cles-pit-caiman-lite-exe\/\" \/>\n<meta property=\"og:locale\" content=\"de_DE\" \/>\n<meta property=\"og:type\" content=\"article\" \/>\n<meta property=\"og:title\" content=\"PIT-Schl\u00fcsselleser Caiman Lite EXE - Paytec\" \/>\n<meta property=\"og:description\" content=\"Der PIT-Schl\u00fcsselleser CAIMAN LITE EXE Mifare ist eine kompakte und praktische Zahlungsl\u00f6sung f\u00fcr den Vending - Jetzt kaufen auf www.paytec.eu\" \/>\n<meta property=\"og:url\" content=\"https:\/\/www.paytec.eu\/fr\/prodotto\/lecteur-cles-pit-caiman-lite-exe\/\" \/>\n<meta property=\"og:site_name\" content=\"Paytec\" \/>\n<meta property=\"article:modified_time\" content=\"2023-10-27T09:55:03+00:00\" \/>\n<meta property=\"og:image\" content=\"https:\/\/www.paytec.eu\/wp-content\/uploads\/2021\/12\/caiman-lite-exe-eur.jpg\" \/>\n\t<meta property=\"og:image:width\" content=\"744\" \/>\n\t<meta property=\"og:image:height\" content=\"800\" \/>\n\t<meta property=\"og:image:type\" content=\"image\/jpeg\" \/>\n<meta name=\"twitter:card\" content=\"summary_large_image\" \/>\n<meta name=\"twitter:label1\" content=\"Gesch\u00e4tzte Lesezeit\" \/>\n\t<meta name=\"twitter:data1\" content=\"1\u00a0Minute\" \/>\n<script type=\"application\/ld+json\" class=\"yoast-schema-graph\">{\"@context\":\"https:\/\/schema.org\",\"@graph\":[{\"@type\":\"WebPage\",\"@id\":\"https:\/\/www.paytec.eu\/fr\/prodotto\/lecteur-cles-pit-caiman-lite-exe\/\",\"url\":\"https:\/\/www.paytec.eu\/fr\/prodotto\/lecteur-cles-pit-caiman-lite-exe\/\",\"name\":\"PIT-Schl\u00fcsselleser Caiman Lite EXE - Paytec\",\"isPartOf\":{\"@id\":\"https:\/\/www.paytec.eu\/#website\"},\"datePublished\":\"2022-01-04T07:40:03+00:00\",\"dateModified\":\"2023-10-27T09:55:03+00:00\",\"description\":\"Der PIT-Schl\u00fcsselleser CAIMAN LITE EXE Mifare ist eine kompakte und praktische Zahlungsl\u00f6sung f\u00fcr den Vending - Jetzt kaufen auf www.paytec.eu\",\"breadcrumb\":{\"@id\":\"https:\/\/www.paytec.eu\/fr\/prodotto\/lecteur-cles-pit-caiman-lite-exe\/#breadcrumb\"},\"inLanguage\":\"de\",\"potentialAction\":[{\"@type\":\"ReadAction\",\"target\":[\"https:\/\/www.paytec.eu\/fr\/prodotto\/lecteur-cles-pit-caiman-lite-exe\/\"]}]},{\"@type\":\"BreadcrumbList\",\"@id\":\"https:\/\/www.paytec.eu\/fr\/prodotto\/lecteur-cles-pit-caiman-lite-exe\/#breadcrumb\",\"itemListElement\":[{\"@type\":\"ListItem\",\"position\":1,\"name\":\"Home\",\"item\":\"https:\/\/www.paytec.eu\/de\/\"},{\"@type\":\"ListItem\",\"position\":2,\"name\":\"Shop\",\"item\":\"https:\/\/www.paytec.eu\/de\/shop\/\"},{\"@type\":\"ListItem\",\"position\":3,\"name\":\"Cashless\",\"item\":\"https:\/\/www.paytec.eu\/de\/categoria-prodotto\/cashless-de\/\"},{\"@type\":\"ListItem\",\"position\":4,\"name\":\"CAIMAN LITE EXE\"}]},{\"@type\":\"WebSite\",\"@id\":\"https:\/\/www.paytec.eu\/#website\",\"url\":\"https:\/\/www.paytec.eu\/\",\"name\":\"Paytec\",\"description\":\"Smart Payments for Vending\",\"potentialAction\":[{\"@type\":\"SearchAction\",\"target\":{\"@type\":\"EntryPoint\",\"urlTemplate\":\"https:\/\/www.paytec.eu\/?s={search_term_string}\"},\"query-input\":\"required name=search_term_string\"}],\"inLanguage\":\"de\"}]}<\/script>\n<!-- \/ Yoast SEO plugin. -->","yoast_head_json":{"title":"PIT-Schl\u00fcsselleser Caiman Lite EXE - Paytec","description":"Der PIT-Schl\u00fcsselleser CAIMAN LITE EXE Mifare ist eine kompakte und praktische Zahlungsl\u00f6sung f\u00fcr den Vending - Jetzt kaufen auf www.paytec.eu","robots":{"index":"index","follow":"follow","max-snippet":"max-snippet:-1","max-image-preview":"max-image-preview:large","max-video-preview":"max-video-preview:-1"},"canonical":"https:\/\/www.paytec.eu\/fr\/prodotto\/lecteur-cles-pit-caiman-lite-exe\/","og_locale":"de_DE","og_type":"article","og_title":"PIT-Schl\u00fcsselleser Caiman Lite EXE - Paytec","og_description":"Der PIT-Schl\u00fcsselleser CAIMAN LITE EXE Mifare ist eine kompakte und praktische Zahlungsl\u00f6sung f\u00fcr den Vending - Jetzt kaufen auf www.paytec.eu","og_url":"https:\/\/www.paytec.eu\/fr\/prodotto\/lecteur-cles-pit-caiman-lite-exe\/","og_site_name":"Paytec","article_modified_time":"2023-10-27T09:55:03+00:00","og_image":[{"width":744,"height":800,"url":"https:\/\/www.paytec.eu\/wp-content\/uploads\/2021\/12\/caiman-lite-exe-eur.jpg","type":"image\/jpeg"}],"twitter_card":"summary_large_image","twitter_misc":{"Gesch\u00e4tzte Lesezeit":"1\u00a0Minute"},"schema":{"@context":"https:\/\/schema.org","@graph":[{"@type":"WebPage","@id":"https:\/\/www.paytec.eu\/fr\/prodotto\/lecteur-cles-pit-caiman-lite-exe\/","url":"https:\/\/www.paytec.eu\/fr\/prodotto\/lecteur-cles-pit-caiman-lite-exe\/","name":"PIT-Schl\u00fcsselleser Caiman Lite EXE - Paytec","isPartOf":{"@id":"https:\/\/www.paytec.eu\/#website"},"datePublished":"2022-01-04T07:40:03+00:00","dateModified":"2023-10-27T09:55:03+00:00","description":"Der PIT-Schl\u00fcsselleser CAIMAN LITE EXE Mifare ist eine kompakte und praktische Zahlungsl\u00f6sung f\u00fcr den Vending - Jetzt kaufen auf www.paytec.eu","breadcrumb":{"@id":"https:\/\/www.paytec.eu\/fr\/prodotto\/lecteur-cles-pit-caiman-lite-exe\/#breadcrumb"},"inLanguage":"de","potentialAction":[{"@type":"ReadAction","target":["https:\/\/www.paytec.eu\/fr\/prodotto\/lecteur-cles-pit-caiman-lite-exe\/"]}]},{"@type":"BreadcrumbList","@id":"https:\/\/www.paytec.eu\/fr\/prodotto\/lecteur-cles-pit-caiman-lite-exe\/#breadcrumb","itemListElement":[{"@type":"ListItem","position":1,"name":"Home","item":"https:\/\/www.paytec.eu\/de\/"},{"@type":"ListItem","position":2,"name":"Shop","item":"https:\/\/www.paytec.eu\/de\/shop\/"},{"@type":"ListItem","position":3,"name":"Cashless","item":"https:\/\/www.paytec.eu\/de\/categoria-prodotto\/cashless-de\/"},{"@type":"ListItem","position":4,"name":"CAIMAN LITE EXE"}]},{"@type":"WebSite","@id":"https:\/\/www.paytec.eu\/#website","url":"https:\/\/www.paytec.eu\/","name":"Paytec","description":"Smart Payments for Vending","potentialAction":[{"@type":"SearchAction","target":{"@type":"EntryPoint","urlTemplate":"https:\/\/www.paytec.eu\/?s={search_term_string}"},"query-input":"required name=search_term_string"}],"inLanguage":"de"}]}},"_links":{"self":[{"href":"https:\/\/www.paytec.eu\/de\/wp-json\/wp\/v2\/product\/6800","targetHints":{"allow":["GET"]}}],"collection":[{"href":"https:\/\/www.paytec.eu\/de\/wp-json\/wp\/v2\/product"}],"about":[{"href":"https:\/\/www.paytec.eu\/de\/wp-json\/wp\/v2\/types\/product"}],"wp:featuredmedia":[{"embeddable":true,"href":"https:\/\/www.paytec.eu\/de\/wp-json\/wp\/v2\/media\/5504"}],"wp:attachment":[{"href":"https:\/\/www.paytec.eu\/de\/wp-json\/wp\/v2\/media?parent=6800"}],"wp:term":[{"taxonomy":"product_cat","embeddable":true,"href":"https:\/\/www.paytec.eu\/de\/wp-json\/wp\/v2\/product_cat?post=6800"},{"taxonomy":"product_tag","embeddable":true,"href":"https:\/\/www.paytec.eu\/de\/wp-json\/wp\/v2\/product_tag?post=6800"}],"curies":[{"name":"wp","href":"https:\/\/api.w.org\/{rel}","templated":true}]}}