{"id":6805,"date":"2021-12-31T16:57:59","date_gmt":"2022-01-04T07:46:58","guid":{"rendered":"https:\/\/www.paytec.eu\/prodotto\/adapter-rs232\/"},"modified":"2024-02-12T12:58:14","modified_gmt":"2024-02-12T12:58:14","slug":"rs232-adapter-fuer-paytec-zahlungssysteme","status":"publish","type":"product","link":"https:\/\/www.paytec.eu\/de\/prodotto\/rs232-adapter-fuer-paytec-zahlungssysteme\/","title":{"rendered":"Adapter RS232 LTB2"},"content":{"rendered":"<p>Ersatz-Adapter RS232 LTB2, der zusammen mit dem 6000-Kabel verwendet werden kann, um die Konfiguration von Zahlungssystemen \u00fcber den PC zu erm\u00f6glichen (der PC muss mit einem RS232-Anschluss ausgestattet sein).<\/p>\n","protected":false},"excerpt":{"rendered":"<p>Ersatz-Adapter RS232 LTB2, der zusammen mit dem 6000-Kabel verwendet werden kann, um die Konfiguration von Zahlungssystemen \u00fcber den PC zu erm\u00f6glichen (der PC muss mit einem RS232-Anschluss ausgestattet sein).<\/p>\n","protected":false},"featured_media":6028,"template":"","meta":[],"product_cat":[168],"product_tag":[],"class_list":["post-6805","product","type-product","status-publish","has-post-thumbnail","hentry","tipologia-datenerfassung-und-programmierung-de","product_cat-zubehor-und-ersatzteile"],"acf":[],"yoast_head":"<!-- This site is optimized with the Yoast SEO plugin v21.1 - https:\/\/yoast.com\/wordpress\/plugins\/seo\/ -->\n<title>RS232-Adapter f\u00fcr Paytec-Zahlungssysteme<\/title>\n<meta name=\"description\" content=\"Ersatz-RS232-Adapter f\u00fcr Konfiguration von Zahlungssystemen \u00fcber PC. Kaufen Sie es jetzt im E-Commerce www.paytec.eu\" \/>\n<meta name=\"robots\" content=\"index, follow, max-snippet:-1, max-image-preview:large, max-video-preview:-1\" \/>\n<link rel=\"canonical\" href=\"https:\/\/www.paytec.eu\/fr\/prodotto\/adaptateur-rs232\/\" \/>\n<meta property=\"og:locale\" content=\"de_DE\" \/>\n<meta property=\"og:type\" content=\"article\" \/>\n<meta property=\"og:title\" content=\"RS232-Adapter f\u00fcr Paytec-Zahlungssysteme\" \/>\n<meta property=\"og:description\" content=\"Ersatz-RS232-Adapter f\u00fcr Konfiguration von Zahlungssystemen \u00fcber PC. Kaufen Sie es jetzt im E-Commerce www.paytec.eu\" \/>\n<meta property=\"og:url\" content=\"https:\/\/www.paytec.eu\/fr\/prodotto\/adaptateur-rs232\/\" \/>\n<meta property=\"og:site_name\" content=\"Paytec\" \/>\n<meta property=\"article:modified_time\" content=\"2024-02-12T12:58:14+00:00\" \/>\n<meta property=\"og:image\" content=\"https:\/\/www.paytec.eu\/wp-content\/uploads\/2021\/12\/adattatore-rs232.jpg\" \/>\n\t<meta property=\"og:image:width\" content=\"744\" \/>\n\t<meta property=\"og:image:height\" content=\"800\" \/>\n\t<meta property=\"og:image:type\" content=\"image\/jpeg\" \/>\n<meta name=\"twitter:card\" content=\"summary_large_image\" \/>\n<meta name=\"twitter:label1\" content=\"Gesch\u00e4tzte Lesezeit\" \/>\n\t<meta name=\"twitter:data1\" content=\"1\u00a0Minute\" \/>\n<script type=\"application\/ld+json\" class=\"yoast-schema-graph\">{\"@context\":\"https:\/\/schema.org\",\"@graph\":[{\"@type\":\"WebPage\",\"@id\":\"https:\/\/www.paytec.eu\/fr\/prodotto\/adaptateur-rs232\/\",\"url\":\"https:\/\/www.paytec.eu\/fr\/prodotto\/adaptateur-rs232\/\",\"name\":\"RS232-Adapter f\u00fcr Paytec-Zahlungssysteme\",\"isPartOf\":{\"@id\":\"https:\/\/www.paytec.eu\/#website\"},\"datePublished\":\"2022-01-04T07:46:58+00:00\",\"dateModified\":\"2024-02-12T12:58:14+00:00\",\"description\":\"Ersatz-RS232-Adapter f\u00fcr Konfiguration von Zahlungssystemen \u00fcber PC. Kaufen Sie es jetzt im E-Commerce www.paytec.eu\",\"breadcrumb\":{\"@id\":\"https:\/\/www.paytec.eu\/fr\/prodotto\/adaptateur-rs232\/#breadcrumb\"},\"inLanguage\":\"de\",\"potentialAction\":[{\"@type\":\"ReadAction\",\"target\":[\"https:\/\/www.paytec.eu\/fr\/prodotto\/adaptateur-rs232\/\"]}]},{\"@type\":\"BreadcrumbList\",\"@id\":\"https:\/\/www.paytec.eu\/fr\/prodotto\/adaptateur-rs232\/#breadcrumb\",\"itemListElement\":[{\"@type\":\"ListItem\",\"position\":1,\"name\":\"Home\",\"item\":\"https:\/\/www.paytec.eu\/de\/\"},{\"@type\":\"ListItem\",\"position\":2,\"name\":\"Shop\",\"item\":\"https:\/\/www.paytec.eu\/de\/shop\/\"},{\"@type\":\"ListItem\",\"position\":3,\"name\":\"Zubeh\u00f6r und Ersatzteile\",\"item\":\"https:\/\/www.paytec.eu\/de\/categoria-prodotto\/zubehor-und-ersatzteile\/\"},{\"@type\":\"ListItem\",\"position\":4,\"name\":\"Adapter RS232 LTB2\"}]},{\"@type\":\"WebSite\",\"@id\":\"https:\/\/www.paytec.eu\/#website\",\"url\":\"https:\/\/www.paytec.eu\/\",\"name\":\"Paytec\",\"description\":\"Smart Payments for Vending\",\"potentialAction\":[{\"@type\":\"SearchAction\",\"target\":{\"@type\":\"EntryPoint\",\"urlTemplate\":\"https:\/\/www.paytec.eu\/?s={search_term_string}\"},\"query-input\":\"required name=search_term_string\"}],\"inLanguage\":\"de\"}]}<\/script>\n<!-- \/ Yoast SEO plugin. -->","yoast_head_json":{"title":"RS232-Adapter f\u00fcr Paytec-Zahlungssysteme","description":"Ersatz-RS232-Adapter f\u00fcr Konfiguration von Zahlungssystemen \u00fcber PC. Kaufen Sie es jetzt im E-Commerce www.paytec.eu","robots":{"index":"index","follow":"follow","max-snippet":"max-snippet:-1","max-image-preview":"max-image-preview:large","max-video-preview":"max-video-preview:-1"},"canonical":"https:\/\/www.paytec.eu\/fr\/prodotto\/adaptateur-rs232\/","og_locale":"de_DE","og_type":"article","og_title":"RS232-Adapter f\u00fcr Paytec-Zahlungssysteme","og_description":"Ersatz-RS232-Adapter f\u00fcr Konfiguration von Zahlungssystemen \u00fcber PC. Kaufen Sie es jetzt im E-Commerce www.paytec.eu","og_url":"https:\/\/www.paytec.eu\/fr\/prodotto\/adaptateur-rs232\/","og_site_name":"Paytec","article_modified_time":"2024-02-12T12:58:14+00:00","og_image":[{"width":744,"height":800,"url":"https:\/\/www.paytec.eu\/wp-content\/uploads\/2021\/12\/adattatore-rs232.jpg","type":"image\/jpeg"}],"twitter_card":"summary_large_image","twitter_misc":{"Gesch\u00e4tzte Lesezeit":"1\u00a0Minute"},"schema":{"@context":"https:\/\/schema.org","@graph":[{"@type":"WebPage","@id":"https:\/\/www.paytec.eu\/fr\/prodotto\/adaptateur-rs232\/","url":"https:\/\/www.paytec.eu\/fr\/prodotto\/adaptateur-rs232\/","name":"RS232-Adapter f\u00fcr Paytec-Zahlungssysteme","isPartOf":{"@id":"https:\/\/www.paytec.eu\/#website"},"datePublished":"2022-01-04T07:46:58+00:00","dateModified":"2024-02-12T12:58:14+00:00","description":"Ersatz-RS232-Adapter f\u00fcr Konfiguration von Zahlungssystemen \u00fcber PC. Kaufen Sie es jetzt im E-Commerce www.paytec.eu","breadcrumb":{"@id":"https:\/\/www.paytec.eu\/fr\/prodotto\/adaptateur-rs232\/#breadcrumb"},"inLanguage":"de","potentialAction":[{"@type":"ReadAction","target":["https:\/\/www.paytec.eu\/fr\/prodotto\/adaptateur-rs232\/"]}]},{"@type":"BreadcrumbList","@id":"https:\/\/www.paytec.eu\/fr\/prodotto\/adaptateur-rs232\/#breadcrumb","itemListElement":[{"@type":"ListItem","position":1,"name":"Home","item":"https:\/\/www.paytec.eu\/de\/"},{"@type":"ListItem","position":2,"name":"Shop","item":"https:\/\/www.paytec.eu\/de\/shop\/"},{"@type":"ListItem","position":3,"name":"Zubeh\u00f6r und Ersatzteile","item":"https:\/\/www.paytec.eu\/de\/categoria-prodotto\/zubehor-und-ersatzteile\/"},{"@type":"ListItem","position":4,"name":"Adapter RS232 LTB2"}]},{"@type":"WebSite","@id":"https:\/\/www.paytec.eu\/#website","url":"https:\/\/www.paytec.eu\/","name":"Paytec","description":"Smart Payments for Vending","potentialAction":[{"@type":"SearchAction","target":{"@type":"EntryPoint","urlTemplate":"https:\/\/www.paytec.eu\/?s={search_term_string}"},"query-input":"required name=search_term_string"}],"inLanguage":"de"}]}},"_links":{"self":[{"href":"https:\/\/www.paytec.eu\/de\/wp-json\/wp\/v2\/product\/6805","targetHints":{"allow":["GET"]}}],"collection":[{"href":"https:\/\/www.paytec.eu\/de\/wp-json\/wp\/v2\/product"}],"about":[{"href":"https:\/\/www.paytec.eu\/de\/wp-json\/wp\/v2\/types\/product"}],"wp:featuredmedia":[{"embeddable":true,"href":"https:\/\/www.paytec.eu\/de\/wp-json\/wp\/v2\/media\/6028"}],"wp:attachment":[{"href":"https:\/\/www.paytec.eu\/de\/wp-json\/wp\/v2\/media?parent=6805"}],"wp:term":[{"taxonomy":"product_cat","embeddable":true,"href":"https:\/\/www.paytec.eu\/de\/wp-json\/wp\/v2\/product_cat?post=6805"},{"taxonomy":"product_tag","embeddable":true,"href":"https:\/\/www.paytec.eu\/de\/wp-json\/wp\/v2\/product_tag?post=6805"}],"curies":[{"name":"wp","href":"https:\/\/api.w.org\/{rel}","templated":true}]}}