{"id":6807,"date":"2021-12-31T17:01:56","date_gmt":"2022-01-04T07:50:16","guid":{"rendered":"https:\/\/www.paytec.eu\/prodotto\/bt6002-kabel-6000\/"},"modified":"2023-10-27T11:51:35","modified_gmt":"2023-10-27T11:51:35","slug":"bt6002-bluetooth","status":"publish","type":"product","link":"https:\/\/www.paytec.eu\/de\/prodotto\/bt6002-bluetooth\/","title":{"rendered":"BT6002 + KABEL 6000"},"content":{"rendered":"<p>Mit dem BT6002 k\u00f6nnen Bluetooth-Terminals (Handhelds, Tablets, Smartphones, PCs&#8230;) sich verbinden, ohne auf eine Verkabelung zur\u00fcckgreifen zu m\u00fcssen. BT6002 wird direkt vom Zahlungssystem mit Strom versorgt und ben\u00f6tigt keine zus\u00e4tzlichen Adapter. Es ist ein praktisches handliches Werkzeug, das den Bediener in seinem t\u00e4glichen Gesch\u00e4ft begleitet.<br \/>\nIn Verbindung mit PayTools wird es zu einem unersetzlichen Arbeitskollegen.<\/p>\n","protected":false},"excerpt":{"rendered":"<p>BT6002 ist ein tragbares Zubeh\u00f6r, mit dem Sie eine Bluetooth-Kommunikation mit den Zahlungssystemen herstellen k\u00f6nnen.<\/p>\n","protected":false},"featured_media":6041,"template":"","meta":[],"product_cat":[168],"product_tag":[],"class_list":["post-6807","product","type-product","status-publish","has-post-thumbnail","hentry","tipologia-datenerfassung-und-programmierung-de","product_cat-zubehor-und-ersatzteile"],"acf":[],"yoast_head":"<!-- This site is optimized with the Yoast SEO plugin v21.1 - https:\/\/yoast.com\/wordpress\/plugins\/seo\/ -->\n<title>BT6002 Bluetooth-Kommunikation \u2013 Vending - Paytec<\/title>\n<meta name=\"description\" content=\"BT6002 ist das tragbare Zubeh\u00f6r, mit dem Sie eine Bluetooth-Kommunikation mit Zahlungssystemen f\u00fcr Verkaufsautomaten herstellen k\u00f6nnen.\" \/>\n<meta name=\"robots\" content=\"index, follow, max-snippet:-1, max-image-preview:large, max-video-preview:-1\" \/>\n<link rel=\"canonical\" href=\"https:\/\/www.paytec.eu\/de\/prodotto\/bt6002-bluetooth\/\" \/>\n<meta property=\"og:locale\" content=\"de_DE\" \/>\n<meta property=\"og:type\" content=\"article\" \/>\n<meta property=\"og:title\" content=\"BT6002 Bluetooth-Kommunikation \u2013 Vending - Paytec\" \/>\n<meta property=\"og:description\" content=\"BT6002 ist das tragbare Zubeh\u00f6r, mit dem Sie eine Bluetooth-Kommunikation mit Zahlungssystemen f\u00fcr Verkaufsautomaten herstellen k\u00f6nnen.\" \/>\n<meta property=\"og:url\" content=\"https:\/\/www.paytec.eu\/de\/prodotto\/bt6002-bluetooth\/\" \/>\n<meta property=\"og:site_name\" content=\"Paytec\" \/>\n<meta property=\"article:modified_time\" content=\"2023-10-27T11:51:35+00:00\" \/>\n<meta property=\"og:image\" content=\"https:\/\/www.paytec.eu\/wp-content\/uploads\/2021\/12\/bt6002-cavo-6000.jpg\" \/>\n\t<meta property=\"og:image:width\" content=\"744\" \/>\n\t<meta property=\"og:image:height\" content=\"800\" \/>\n\t<meta property=\"og:image:type\" content=\"image\/jpeg\" \/>\n<meta name=\"twitter:card\" content=\"summary_large_image\" \/>\n<meta name=\"twitter:label1\" content=\"Gesch\u00e4tzte Lesezeit\" \/>\n\t<meta name=\"twitter:data1\" content=\"1\u00a0Minute\" \/>\n<script type=\"application\/ld+json\" class=\"yoast-schema-graph\">{\"@context\":\"https:\/\/schema.org\",\"@graph\":[{\"@type\":\"WebPage\",\"@id\":\"https:\/\/www.paytec.eu\/de\/prodotto\/bt6002-bluetooth\/\",\"url\":\"https:\/\/www.paytec.eu\/de\/prodotto\/bt6002-bluetooth\/\",\"name\":\"BT6002 Bluetooth-Kommunikation \u2013 Vending - Paytec\",\"isPartOf\":{\"@id\":\"https:\/\/www.paytec.eu\/#website\"},\"datePublished\":\"2022-01-04T07:50:16+00:00\",\"dateModified\":\"2023-10-27T11:51:35+00:00\",\"description\":\"BT6002 ist das tragbare Zubeh\u00f6r, mit dem Sie eine Bluetooth-Kommunikation mit Zahlungssystemen f\u00fcr Verkaufsautomaten herstellen k\u00f6nnen.\",\"breadcrumb\":{\"@id\":\"https:\/\/www.paytec.eu\/de\/prodotto\/bt6002-bluetooth\/#breadcrumb\"},\"inLanguage\":\"de\",\"potentialAction\":[{\"@type\":\"ReadAction\",\"target\":[\"https:\/\/www.paytec.eu\/de\/prodotto\/bt6002-bluetooth\/\"]}]},{\"@type\":\"BreadcrumbList\",\"@id\":\"https:\/\/www.paytec.eu\/de\/prodotto\/bt6002-bluetooth\/#breadcrumb\",\"itemListElement\":[{\"@type\":\"ListItem\",\"position\":1,\"name\":\"Home\",\"item\":\"https:\/\/www.paytec.eu\/de\/\"},{\"@type\":\"ListItem\",\"position\":2,\"name\":\"Shop\",\"item\":\"https:\/\/www.paytec.eu\/de\/shop\/\"},{\"@type\":\"ListItem\",\"position\":3,\"name\":\"Accessori e Ricambi\",\"item\":\"https:\/\/www.paytec.eu\/categoria-prodotto\/accessori-e-ricambi\/\"},{\"@type\":\"ListItem\",\"position\":4,\"name\":\"BT6002 + KABEL 6000\"}]},{\"@type\":\"WebSite\",\"@id\":\"https:\/\/www.paytec.eu\/#website\",\"url\":\"https:\/\/www.paytec.eu\/\",\"name\":\"Paytec\",\"description\":\"Smart Payments for Vending\",\"potentialAction\":[{\"@type\":\"SearchAction\",\"target\":{\"@type\":\"EntryPoint\",\"urlTemplate\":\"https:\/\/www.paytec.eu\/?s={search_term_string}\"},\"query-input\":\"required name=search_term_string\"}],\"inLanguage\":\"de\"}]}<\/script>\n<!-- \/ Yoast SEO plugin. -->","yoast_head_json":{"title":"BT6002 Bluetooth-Kommunikation \u2013 Vending - Paytec","description":"BT6002 ist das tragbare Zubeh\u00f6r, mit dem Sie eine Bluetooth-Kommunikation mit Zahlungssystemen f\u00fcr Verkaufsautomaten herstellen k\u00f6nnen.","robots":{"index":"index","follow":"follow","max-snippet":"max-snippet:-1","max-image-preview":"max-image-preview:large","max-video-preview":"max-video-preview:-1"},"canonical":"https:\/\/www.paytec.eu\/de\/prodotto\/bt6002-bluetooth\/","og_locale":"de_DE","og_type":"article","og_title":"BT6002 Bluetooth-Kommunikation \u2013 Vending - Paytec","og_description":"BT6002 ist das tragbare Zubeh\u00f6r, mit dem Sie eine Bluetooth-Kommunikation mit Zahlungssystemen f\u00fcr Verkaufsautomaten herstellen k\u00f6nnen.","og_url":"https:\/\/www.paytec.eu\/de\/prodotto\/bt6002-bluetooth\/","og_site_name":"Paytec","article_modified_time":"2023-10-27T11:51:35+00:00","og_image":[{"width":744,"height":800,"url":"https:\/\/www.paytec.eu\/wp-content\/uploads\/2021\/12\/bt6002-cavo-6000.jpg","type":"image\/jpeg"}],"twitter_card":"summary_large_image","twitter_misc":{"Gesch\u00e4tzte Lesezeit":"1\u00a0Minute"},"schema":{"@context":"https:\/\/schema.org","@graph":[{"@type":"WebPage","@id":"https:\/\/www.paytec.eu\/de\/prodotto\/bt6002-bluetooth\/","url":"https:\/\/www.paytec.eu\/de\/prodotto\/bt6002-bluetooth\/","name":"BT6002 Bluetooth-Kommunikation \u2013 Vending - Paytec","isPartOf":{"@id":"https:\/\/www.paytec.eu\/#website"},"datePublished":"2022-01-04T07:50:16+00:00","dateModified":"2023-10-27T11:51:35+00:00","description":"BT6002 ist das tragbare Zubeh\u00f6r, mit dem Sie eine Bluetooth-Kommunikation mit Zahlungssystemen f\u00fcr Verkaufsautomaten herstellen k\u00f6nnen.","breadcrumb":{"@id":"https:\/\/www.paytec.eu\/de\/prodotto\/bt6002-bluetooth\/#breadcrumb"},"inLanguage":"de","potentialAction":[{"@type":"ReadAction","target":["https:\/\/www.paytec.eu\/de\/prodotto\/bt6002-bluetooth\/"]}]},{"@type":"BreadcrumbList","@id":"https:\/\/www.paytec.eu\/de\/prodotto\/bt6002-bluetooth\/#breadcrumb","itemListElement":[{"@type":"ListItem","position":1,"name":"Home","item":"https:\/\/www.paytec.eu\/de\/"},{"@type":"ListItem","position":2,"name":"Shop","item":"https:\/\/www.paytec.eu\/de\/shop\/"},{"@type":"ListItem","position":3,"name":"Accessori e Ricambi","item":"https:\/\/www.paytec.eu\/categoria-prodotto\/accessori-e-ricambi\/"},{"@type":"ListItem","position":4,"name":"BT6002 + KABEL 6000"}]},{"@type":"WebSite","@id":"https:\/\/www.paytec.eu\/#website","url":"https:\/\/www.paytec.eu\/","name":"Paytec","description":"Smart Payments for Vending","potentialAction":[{"@type":"SearchAction","target":{"@type":"EntryPoint","urlTemplate":"https:\/\/www.paytec.eu\/?s={search_term_string}"},"query-input":"required name=search_term_string"}],"inLanguage":"de"}]}},"_links":{"self":[{"href":"https:\/\/www.paytec.eu\/de\/wp-json\/wp\/v2\/product\/6807","targetHints":{"allow":["GET"]}}],"collection":[{"href":"https:\/\/www.paytec.eu\/de\/wp-json\/wp\/v2\/product"}],"about":[{"href":"https:\/\/www.paytec.eu\/de\/wp-json\/wp\/v2\/types\/product"}],"wp:featuredmedia":[{"embeddable":true,"href":"https:\/\/www.paytec.eu\/de\/wp-json\/wp\/v2\/media\/6041"}],"wp:attachment":[{"href":"https:\/\/www.paytec.eu\/de\/wp-json\/wp\/v2\/media?parent=6807"}],"wp:term":[{"taxonomy":"product_cat","embeddable":true,"href":"https:\/\/www.paytec.eu\/de\/wp-json\/wp\/v2\/product_cat?post=6807"},{"taxonomy":"product_tag","embeddable":true,"href":"https:\/\/www.paytec.eu\/de\/wp-json\/wp\/v2\/product_tag?post=6807"}],"curies":[{"name":"wp","href":"https:\/\/api.w.org\/{rel}","templated":true}]}}