{"id":6810,"date":"2021-12-31T17:09:26","date_gmt":"2022-01-04T07:52:50","guid":{"rendered":"https:\/\/www.paytec.eu\/prodotto\/externe-irda-schnittstelle\/"},"modified":"2023-10-27T12:20:35","modified_gmt":"2023-10-27T12:20:35","slug":"externe-irda-schnittstelle","status":"publish","type":"product","link":"https:\/\/www.paytec.eu\/de\/prodotto\/externe-irda-schnittstelle\/","title":{"rendered":"EXTERNE IRDA-SCHNITTSTELLE"},"content":{"rendered":"<p>Die externe IrDA-Schnittstelle ist ein Zubeh\u00f6rteil, das dauerhaft im Verkaufsautomat angebracht wird und die Datenerfassung \u00fcber PDAs oder andere Erkennungsinstrumente erm\u00f6glicht.<\/p>\n","protected":false},"excerpt":{"rendered":"<p>F\u00fcr diejenigen, die bereits seit einiger Zeit IrDA-Technologie zur Audit-Datenerfassung eingesetzt haben, bietet Paytec eine Reihe praktischer und flexibler L\u00f6sungen f\u00fcr Produkte, die keinen integrierten IrDA-Anschluss haben.<\/p>\n","protected":false},"featured_media":6059,"template":"","meta":[],"product_cat":[168],"product_tag":[],"class_list":["post-6810","product","type-product","status-publish","has-post-thumbnail","hentry","tipologia-datenerfassung-und-programmierung-de","product_cat-zubehor-und-ersatzteile"],"acf":[],"yoast_head":"<!-- This site is optimized with the Yoast SEO plugin v21.1 - https:\/\/yoast.com\/wordpress\/plugins\/seo\/ -->\n<title>Externe IrDA-Schnittstelle<\/title>\n<meta name=\"description\" content=\"Externe IrDA-Schnittstelle f\u00fcr Datenerfassung an Verkaufsautomaten \u00fcber PDAs oder andere Erkennungsinstrumente - Vending - Auch auf www.paytec.eu.\" \/>\n<meta name=\"robots\" content=\"index, follow, max-snippet:-1, max-image-preview:large, max-video-preview:-1\" \/>\n<link rel=\"canonical\" href=\"https:\/\/www.paytec.eu\/fr\/prodotto\/interface-irda-externe\/\" \/>\n<meta property=\"og:locale\" content=\"de_DE\" \/>\n<meta property=\"og:type\" content=\"article\" \/>\n<meta property=\"og:title\" content=\"Externe IrDA-Schnittstelle\" \/>\n<meta property=\"og:description\" content=\"Externe IrDA-Schnittstelle f\u00fcr Datenerfassung an Verkaufsautomaten \u00fcber PDAs oder andere Erkennungsinstrumente - Vending - Auch auf www.paytec.eu.\" \/>\n<meta property=\"og:url\" content=\"https:\/\/www.paytec.eu\/fr\/prodotto\/interface-irda-externe\/\" \/>\n<meta property=\"og:site_name\" content=\"Paytec\" \/>\n<meta property=\"article:modified_time\" content=\"2023-10-27T12:20:35+00:00\" \/>\n<meta property=\"og:image\" content=\"https:\/\/www.paytec.eu\/wp-content\/uploads\/2021\/12\/interfaccia-irda-esterna.jpg\" \/>\n\t<meta property=\"og:image:width\" content=\"744\" \/>\n\t<meta property=\"og:image:height\" content=\"800\" \/>\n\t<meta property=\"og:image:type\" content=\"image\/jpeg\" \/>\n<meta name=\"twitter:card\" content=\"summary_large_image\" \/>\n<meta name=\"twitter:label1\" content=\"Gesch\u00e4tzte Lesezeit\" \/>\n\t<meta name=\"twitter:data1\" content=\"1\u00a0Minute\" \/>\n<script type=\"application\/ld+json\" class=\"yoast-schema-graph\">{\"@context\":\"https:\/\/schema.org\",\"@graph\":[{\"@type\":\"WebPage\",\"@id\":\"https:\/\/www.paytec.eu\/fr\/prodotto\/interface-irda-externe\/\",\"url\":\"https:\/\/www.paytec.eu\/fr\/prodotto\/interface-irda-externe\/\",\"name\":\"Externe IrDA-Schnittstelle\",\"isPartOf\":{\"@id\":\"https:\/\/www.paytec.eu\/#website\"},\"datePublished\":\"2022-01-04T07:52:50+00:00\",\"dateModified\":\"2023-10-27T12:20:35+00:00\",\"description\":\"Externe IrDA-Schnittstelle f\u00fcr Datenerfassung an Verkaufsautomaten \u00fcber PDAs oder andere Erkennungsinstrumente - Vending - Auch auf www.paytec.eu.\",\"breadcrumb\":{\"@id\":\"https:\/\/www.paytec.eu\/fr\/prodotto\/interface-irda-externe\/#breadcrumb\"},\"inLanguage\":\"de\",\"potentialAction\":[{\"@type\":\"ReadAction\",\"target\":[\"https:\/\/www.paytec.eu\/fr\/prodotto\/interface-irda-externe\/\"]}]},{\"@type\":\"BreadcrumbList\",\"@id\":\"https:\/\/www.paytec.eu\/fr\/prodotto\/interface-irda-externe\/#breadcrumb\",\"itemListElement\":[{\"@type\":\"ListItem\",\"position\":1,\"name\":\"Home\",\"item\":\"https:\/\/www.paytec.eu\/de\/\"},{\"@type\":\"ListItem\",\"position\":2,\"name\":\"Shop\",\"item\":\"https:\/\/www.paytec.eu\/de\/shop\/\"},{\"@type\":\"ListItem\",\"position\":3,\"name\":\"Zubeh\u00f6r und Ersatzteile\",\"item\":\"https:\/\/www.paytec.eu\/de\/categoria-prodotto\/zubehor-und-ersatzteile\/\"},{\"@type\":\"ListItem\",\"position\":4,\"name\":\"EXTERNE IRDA-SCHNITTSTELLE\"}]},{\"@type\":\"WebSite\",\"@id\":\"https:\/\/www.paytec.eu\/#website\",\"url\":\"https:\/\/www.paytec.eu\/\",\"name\":\"Paytec\",\"description\":\"Smart Payments for Vending\",\"potentialAction\":[{\"@type\":\"SearchAction\",\"target\":{\"@type\":\"EntryPoint\",\"urlTemplate\":\"https:\/\/www.paytec.eu\/?s={search_term_string}\"},\"query-input\":\"required name=search_term_string\"}],\"inLanguage\":\"de\"}]}<\/script>\n<!-- \/ Yoast SEO plugin. -->","yoast_head_json":{"title":"Externe IrDA-Schnittstelle","description":"Externe IrDA-Schnittstelle f\u00fcr Datenerfassung an Verkaufsautomaten \u00fcber PDAs oder andere Erkennungsinstrumente - Vending - Auch auf www.paytec.eu.","robots":{"index":"index","follow":"follow","max-snippet":"max-snippet:-1","max-image-preview":"max-image-preview:large","max-video-preview":"max-video-preview:-1"},"canonical":"https:\/\/www.paytec.eu\/fr\/prodotto\/interface-irda-externe\/","og_locale":"de_DE","og_type":"article","og_title":"Externe IrDA-Schnittstelle","og_description":"Externe IrDA-Schnittstelle f\u00fcr Datenerfassung an Verkaufsautomaten \u00fcber PDAs oder andere Erkennungsinstrumente - Vending - Auch auf www.paytec.eu.","og_url":"https:\/\/www.paytec.eu\/fr\/prodotto\/interface-irda-externe\/","og_site_name":"Paytec","article_modified_time":"2023-10-27T12:20:35+00:00","og_image":[{"width":744,"height":800,"url":"https:\/\/www.paytec.eu\/wp-content\/uploads\/2021\/12\/interfaccia-irda-esterna.jpg","type":"image\/jpeg"}],"twitter_card":"summary_large_image","twitter_misc":{"Gesch\u00e4tzte Lesezeit":"1\u00a0Minute"},"schema":{"@context":"https:\/\/schema.org","@graph":[{"@type":"WebPage","@id":"https:\/\/www.paytec.eu\/fr\/prodotto\/interface-irda-externe\/","url":"https:\/\/www.paytec.eu\/fr\/prodotto\/interface-irda-externe\/","name":"Externe IrDA-Schnittstelle","isPartOf":{"@id":"https:\/\/www.paytec.eu\/#website"},"datePublished":"2022-01-04T07:52:50+00:00","dateModified":"2023-10-27T12:20:35+00:00","description":"Externe IrDA-Schnittstelle f\u00fcr Datenerfassung an Verkaufsautomaten \u00fcber PDAs oder andere Erkennungsinstrumente - Vending - Auch auf www.paytec.eu.","breadcrumb":{"@id":"https:\/\/www.paytec.eu\/fr\/prodotto\/interface-irda-externe\/#breadcrumb"},"inLanguage":"de","potentialAction":[{"@type":"ReadAction","target":["https:\/\/www.paytec.eu\/fr\/prodotto\/interface-irda-externe\/"]}]},{"@type":"BreadcrumbList","@id":"https:\/\/www.paytec.eu\/fr\/prodotto\/interface-irda-externe\/#breadcrumb","itemListElement":[{"@type":"ListItem","position":1,"name":"Home","item":"https:\/\/www.paytec.eu\/de\/"},{"@type":"ListItem","position":2,"name":"Shop","item":"https:\/\/www.paytec.eu\/de\/shop\/"},{"@type":"ListItem","position":3,"name":"Zubeh\u00f6r und Ersatzteile","item":"https:\/\/www.paytec.eu\/de\/categoria-prodotto\/zubehor-und-ersatzteile\/"},{"@type":"ListItem","position":4,"name":"EXTERNE IRDA-SCHNITTSTELLE"}]},{"@type":"WebSite","@id":"https:\/\/www.paytec.eu\/#website","url":"https:\/\/www.paytec.eu\/","name":"Paytec","description":"Smart Payments for Vending","potentialAction":[{"@type":"SearchAction","target":{"@type":"EntryPoint","urlTemplate":"https:\/\/www.paytec.eu\/?s={search_term_string}"},"query-input":"required name=search_term_string"}],"inLanguage":"de"}]}},"_links":{"self":[{"href":"https:\/\/www.paytec.eu\/de\/wp-json\/wp\/v2\/product\/6810","targetHints":{"allow":["GET"]}}],"collection":[{"href":"https:\/\/www.paytec.eu\/de\/wp-json\/wp\/v2\/product"}],"about":[{"href":"https:\/\/www.paytec.eu\/de\/wp-json\/wp\/v2\/types\/product"}],"wp:featuredmedia":[{"embeddable":true,"href":"https:\/\/www.paytec.eu\/de\/wp-json\/wp\/v2\/media\/6059"}],"wp:attachment":[{"href":"https:\/\/www.paytec.eu\/de\/wp-json\/wp\/v2\/media?parent=6810"}],"wp:term":[{"taxonomy":"product_cat","embeddable":true,"href":"https:\/\/www.paytec.eu\/de\/wp-json\/wp\/v2\/product_cat?post=6810"},{"taxonomy":"product_tag","embeddable":true,"href":"https:\/\/www.paytec.eu\/de\/wp-json\/wp\/v2\/product_tag?post=6810"}],"curies":[{"name":"wp","href":"https:\/\/api.w.org\/{rel}","templated":true}]}}