{"id":6817,"date":"2021-12-31T17:28:56","date_gmt":"2022-01-04T08:21:08","guid":{"rendered":"https:\/\/www.paytec.eu\/prodotto\/vorderer-rahmen-banknotenleser-schrauben-kit-5-st\/"},"modified":"2023-10-27T12:43:49","modified_gmt":"2023-10-27T12:43:49","slug":"frontrahmen-fuer-banknotenleser","status":"publish","type":"product","link":"https:\/\/www.paytec.eu\/de\/prodotto\/frontrahmen-fuer-banknotenleser\/","title":{"rendered":"VORDERER RAHMEN BANKNOTENLESER + SCHRAUBEN (KIT 5 ST.)"},"content":{"rendered":"<p>Ersatz-Frontrahmen f\u00fcr Banknotenleser, der den Einbau des Banknotenlesers Apex 7000 in Verkaufsautomaten erm\u00f6glicht, die keinen Rahmen haben.<\/p>\n<p>Komplett mit Schrauben. Verkauft in Sets zu je 5 St\u00fcck.<\/p>\n","protected":false},"excerpt":{"rendered":"<p>Ersatz-Frontrahmen f\u00fcr Banknotenleser, der den Einbau des Banknotenlesers Apex 7000 in Verkaufsautomaten erm\u00f6glicht, die keinen Rahmen haben. Komplett mit Schrauben. Verkauft in Sets zu je 5 St\u00fcck.<\/p>\n","protected":false},"featured_media":6096,"template":"","meta":[],"product_cat":[168],"product_tag":[],"class_list":["post-6817","product","type-product","status-publish","has-post-thumbnail","hentry","tipologia-zubehoer-cashless-de","product_cat-zubehor-und-ersatzteile"],"acf":[],"yoast_head":"<!-- This site is optimized with the Yoast SEO plugin v21.1 - https:\/\/yoast.com\/wordpress\/plugins\/seo\/ -->\n<title>Frontrahmen f\u00fcr Banknotenleser Apex7000 - Vending - Paytec<\/title>\n<meta name=\"description\" content=\"Frontrahmen f\u00fcr Banknotenleser: f\u00fcr Einbau von Apex7000 in Verkaufsautomaten - Paytec-Ersatzteil, auch verf\u00fcgbar auf www.paytec.eu\" \/>\n<meta name=\"robots\" content=\"index, follow, max-snippet:-1, max-image-preview:large, max-video-preview:-1\" \/>\n<link rel=\"canonical\" href=\"https:\/\/www.paytec.eu\/fr\/prodotto\/plaque-frontale-lecteur-billets\/\" \/>\n<meta property=\"og:locale\" content=\"de_DE\" \/>\n<meta property=\"og:type\" content=\"article\" \/>\n<meta property=\"og:title\" content=\"Frontrahmen f\u00fcr Banknotenleser Apex7000 - Vending - Paytec\" \/>\n<meta property=\"og:description\" content=\"Frontrahmen f\u00fcr Banknotenleser: f\u00fcr Einbau von Apex7000 in Verkaufsautomaten - Paytec-Ersatzteil, auch verf\u00fcgbar auf www.paytec.eu\" \/>\n<meta property=\"og:url\" content=\"https:\/\/www.paytec.eu\/fr\/prodotto\/plaque-frontale-lecteur-billets\/\" \/>\n<meta property=\"og:site_name\" content=\"Paytec\" \/>\n<meta property=\"article:modified_time\" content=\"2023-10-27T12:43:49+00:00\" \/>\n<meta property=\"og:image\" content=\"https:\/\/www.paytec.eu\/wp-content\/uploads\/2021\/12\/cornice-frontale-lettore-banconote-viteria-kit-5-pz.jpg\" \/>\n\t<meta property=\"og:image:width\" content=\"744\" \/>\n\t<meta property=\"og:image:height\" content=\"800\" \/>\n\t<meta property=\"og:image:type\" content=\"image\/jpeg\" \/>\n<meta name=\"twitter:card\" content=\"summary_large_image\" \/>\n<meta name=\"twitter:label1\" content=\"Gesch\u00e4tzte Lesezeit\" \/>\n\t<meta name=\"twitter:data1\" content=\"1\u00a0Minute\" \/>\n<script type=\"application\/ld+json\" class=\"yoast-schema-graph\">{\"@context\":\"https:\/\/schema.org\",\"@graph\":[{\"@type\":\"WebPage\",\"@id\":\"https:\/\/www.paytec.eu\/fr\/prodotto\/plaque-frontale-lecteur-billets\/\",\"url\":\"https:\/\/www.paytec.eu\/fr\/prodotto\/plaque-frontale-lecteur-billets\/\",\"name\":\"Frontrahmen f\u00fcr Banknotenleser Apex7000 - Vending - Paytec\",\"isPartOf\":{\"@id\":\"https:\/\/www.paytec.eu\/#website\"},\"datePublished\":\"2022-01-04T08:21:08+00:00\",\"dateModified\":\"2023-10-27T12:43:49+00:00\",\"description\":\"Frontrahmen f\u00fcr Banknotenleser: f\u00fcr Einbau von Apex7000 in Verkaufsautomaten - Paytec-Ersatzteil, auch verf\u00fcgbar auf www.paytec.eu\",\"breadcrumb\":{\"@id\":\"https:\/\/www.paytec.eu\/fr\/prodotto\/plaque-frontale-lecteur-billets\/#breadcrumb\"},\"inLanguage\":\"de\",\"potentialAction\":[{\"@type\":\"ReadAction\",\"target\":[\"https:\/\/www.paytec.eu\/fr\/prodotto\/plaque-frontale-lecteur-billets\/\"]}]},{\"@type\":\"BreadcrumbList\",\"@id\":\"https:\/\/www.paytec.eu\/fr\/prodotto\/plaque-frontale-lecteur-billets\/#breadcrumb\",\"itemListElement\":[{\"@type\":\"ListItem\",\"position\":1,\"name\":\"Home\",\"item\":\"https:\/\/www.paytec.eu\/de\/\"},{\"@type\":\"ListItem\",\"position\":2,\"name\":\"Shop\",\"item\":\"https:\/\/www.paytec.eu\/de\/shop\/\"},{\"@type\":\"ListItem\",\"position\":3,\"name\":\"Zubeh\u00f6r und Ersatzteile\",\"item\":\"https:\/\/www.paytec.eu\/de\/categoria-prodotto\/zubehor-und-ersatzteile\/\"},{\"@type\":\"ListItem\",\"position\":4,\"name\":\"VORDERER RAHMEN BANKNOTENLESER + SCHRAUBEN (KIT 5 ST.)\"}]},{\"@type\":\"WebSite\",\"@id\":\"https:\/\/www.paytec.eu\/#website\",\"url\":\"https:\/\/www.paytec.eu\/\",\"name\":\"Paytec\",\"description\":\"Smart Payments for Vending\",\"potentialAction\":[{\"@type\":\"SearchAction\",\"target\":{\"@type\":\"EntryPoint\",\"urlTemplate\":\"https:\/\/www.paytec.eu\/?s={search_term_string}\"},\"query-input\":\"required name=search_term_string\"}],\"inLanguage\":\"de\"}]}<\/script>\n<!-- \/ Yoast SEO plugin. -->","yoast_head_json":{"title":"Frontrahmen f\u00fcr Banknotenleser Apex7000 - Vending - Paytec","description":"Frontrahmen f\u00fcr Banknotenleser: f\u00fcr Einbau von Apex7000 in Verkaufsautomaten - Paytec-Ersatzteil, auch verf\u00fcgbar auf www.paytec.eu","robots":{"index":"index","follow":"follow","max-snippet":"max-snippet:-1","max-image-preview":"max-image-preview:large","max-video-preview":"max-video-preview:-1"},"canonical":"https:\/\/www.paytec.eu\/fr\/prodotto\/plaque-frontale-lecteur-billets\/","og_locale":"de_DE","og_type":"article","og_title":"Frontrahmen f\u00fcr Banknotenleser Apex7000 - Vending - Paytec","og_description":"Frontrahmen f\u00fcr Banknotenleser: f\u00fcr Einbau von Apex7000 in Verkaufsautomaten - Paytec-Ersatzteil, auch verf\u00fcgbar auf www.paytec.eu","og_url":"https:\/\/www.paytec.eu\/fr\/prodotto\/plaque-frontale-lecteur-billets\/","og_site_name":"Paytec","article_modified_time":"2023-10-27T12:43:49+00:00","og_image":[{"width":744,"height":800,"url":"https:\/\/www.paytec.eu\/wp-content\/uploads\/2021\/12\/cornice-frontale-lettore-banconote-viteria-kit-5-pz.jpg","type":"image\/jpeg"}],"twitter_card":"summary_large_image","twitter_misc":{"Gesch\u00e4tzte Lesezeit":"1\u00a0Minute"},"schema":{"@context":"https:\/\/schema.org","@graph":[{"@type":"WebPage","@id":"https:\/\/www.paytec.eu\/fr\/prodotto\/plaque-frontale-lecteur-billets\/","url":"https:\/\/www.paytec.eu\/fr\/prodotto\/plaque-frontale-lecteur-billets\/","name":"Frontrahmen f\u00fcr Banknotenleser Apex7000 - Vending - Paytec","isPartOf":{"@id":"https:\/\/www.paytec.eu\/#website"},"datePublished":"2022-01-04T08:21:08+00:00","dateModified":"2023-10-27T12:43:49+00:00","description":"Frontrahmen f\u00fcr Banknotenleser: f\u00fcr Einbau von Apex7000 in Verkaufsautomaten - Paytec-Ersatzteil, auch verf\u00fcgbar auf www.paytec.eu","breadcrumb":{"@id":"https:\/\/www.paytec.eu\/fr\/prodotto\/plaque-frontale-lecteur-billets\/#breadcrumb"},"inLanguage":"de","potentialAction":[{"@type":"ReadAction","target":["https:\/\/www.paytec.eu\/fr\/prodotto\/plaque-frontale-lecteur-billets\/"]}]},{"@type":"BreadcrumbList","@id":"https:\/\/www.paytec.eu\/fr\/prodotto\/plaque-frontale-lecteur-billets\/#breadcrumb","itemListElement":[{"@type":"ListItem","position":1,"name":"Home","item":"https:\/\/www.paytec.eu\/de\/"},{"@type":"ListItem","position":2,"name":"Shop","item":"https:\/\/www.paytec.eu\/de\/shop\/"},{"@type":"ListItem","position":3,"name":"Zubeh\u00f6r und Ersatzteile","item":"https:\/\/www.paytec.eu\/de\/categoria-prodotto\/zubehor-und-ersatzteile\/"},{"@type":"ListItem","position":4,"name":"VORDERER RAHMEN BANKNOTENLESER + SCHRAUBEN (KIT 5 ST.)"}]},{"@type":"WebSite","@id":"https:\/\/www.paytec.eu\/#website","url":"https:\/\/www.paytec.eu\/","name":"Paytec","description":"Smart Payments for Vending","potentialAction":[{"@type":"SearchAction","target":{"@type":"EntryPoint","urlTemplate":"https:\/\/www.paytec.eu\/?s={search_term_string}"},"query-input":"required name=search_term_string"}],"inLanguage":"de"}]}},"_links":{"self":[{"href":"https:\/\/www.paytec.eu\/de\/wp-json\/wp\/v2\/product\/6817","targetHints":{"allow":["GET"]}}],"collection":[{"href":"https:\/\/www.paytec.eu\/de\/wp-json\/wp\/v2\/product"}],"about":[{"href":"https:\/\/www.paytec.eu\/de\/wp-json\/wp\/v2\/types\/product"}],"wp:featuredmedia":[{"embeddable":true,"href":"https:\/\/www.paytec.eu\/de\/wp-json\/wp\/v2\/media\/6096"}],"wp:attachment":[{"href":"https:\/\/www.paytec.eu\/de\/wp-json\/wp\/v2\/media?parent=6817"}],"wp:term":[{"taxonomy":"product_cat","embeddable":true,"href":"https:\/\/www.paytec.eu\/de\/wp-json\/wp\/v2\/product_cat?post=6817"},{"taxonomy":"product_tag","embeddable":true,"href":"https:\/\/www.paytec.eu\/de\/wp-json\/wp\/v2\/product_tag?post=6817"}],"curies":[{"name":"wp","href":"https:\/\/api.w.org\/{rel}","templated":true}]}}