{"id":6820,"date":"2021-12-31T17:36:36","date_gmt":"2022-01-04T08:22:26","guid":{"rendered":"https:\/\/www.paytec.eu\/prodotto\/caiman-pit-leser-kabel-four-8900-eagle\/"},"modified":"2023-10-27T11:08:44","modified_gmt":"2023-10-27T11:08:44","slug":"caiman-pit-schlussel-leser","status":"publish","type":"product","link":"https:\/\/www.paytec.eu\/de\/prodotto\/caiman-pit-schlussel-leser\/","title":{"rendered":"CAIMAN PIT LESER + KABEL FOUR 8900 \/ EAGLE"},"content":{"rendered":"<p>Caiman PIT-Schl\u00fcsselleser zum schnellen und sicheren Lesen und Schreiben von PIT-Schl\u00fcsseln, zum Anschluss in MDB an den M\u00fcnzwechsler Eagle2 (6 Tuben ) oder Four (4 Tuben).<\/p>\n<p>&nbsp;<\/p>\n","protected":false},"excerpt":{"rendered":"<p>Caiman PIT-Schl\u00fcsselleser zum schnellen und sicheren Lesen und Schreiben von PIT-Schl\u00fcsseln, zum Anschluss in MDB an den M\u00fcnzwechsler Eagle2 (6 Tuben ) oder Four (4 Tuben). &nbsp;<\/p>\n","protected":false},"featured_media":6114,"template":"","meta":[],"product_cat":[168],"product_tag":[],"class_list":["post-6820","product","type-product","status-publish","has-post-thumbnail","hentry","tipologia-zubehoer-cashless-de","product_cat-zubehor-und-ersatzteile"],"acf":[],"yoast_head":"<!-- This site is optimized with the Yoast SEO plugin v21.1 - https:\/\/yoast.com\/wordpress\/plugins\/seo\/ -->\n<title>Caiman PIT-Schl\u00fcsselleser f\u00fcr Verkaufsautomaten<\/title>\n<meta name=\"description\" content=\"Der Caiman PIT-Schl\u00fcsselleser wird in MDB an die Eagle2- oder Four-M\u00fcnzwechsler angeschlossen, um schnell und sicher PIT-Schl\u00fcssel zu lesen\/schreiben.\" \/>\n<meta name=\"robots\" content=\"index, follow, max-snippet:-1, max-image-preview:large, max-video-preview:-1\" \/>\n<link rel=\"canonical\" href=\"https:\/\/www.paytec.eu\/fr\/prodotto\/lecteur-cles-caiman-pit\/\" \/>\n<meta property=\"og:locale\" content=\"de_DE\" \/>\n<meta property=\"og:type\" content=\"article\" \/>\n<meta property=\"og:title\" content=\"Caiman PIT-Schl\u00fcsselleser f\u00fcr Verkaufsautomaten\" \/>\n<meta property=\"og:description\" content=\"Der Caiman PIT-Schl\u00fcsselleser wird in MDB an die Eagle2- oder Four-M\u00fcnzwechsler angeschlossen, um schnell und sicher PIT-Schl\u00fcssel zu lesen\/schreiben.\" \/>\n<meta property=\"og:url\" content=\"https:\/\/www.paytec.eu\/fr\/prodotto\/lecteur-cles-caiman-pit\/\" \/>\n<meta property=\"og:site_name\" content=\"Paytec\" \/>\n<meta property=\"article:modified_time\" content=\"2023-10-27T11:08:44+00:00\" \/>\n<meta property=\"og:image\" content=\"https:\/\/www.paytec.eu\/wp-content\/uploads\/2021\/12\/caiman-pit-lettore-cavo-four-8900-eagle.jpg\" \/>\n\t<meta property=\"og:image:width\" content=\"744\" \/>\n\t<meta property=\"og:image:height\" content=\"800\" \/>\n\t<meta property=\"og:image:type\" content=\"image\/jpeg\" \/>\n<meta name=\"twitter:card\" content=\"summary_large_image\" \/>\n<meta name=\"twitter:label1\" content=\"Gesch\u00e4tzte Lesezeit\" \/>\n\t<meta name=\"twitter:data1\" content=\"1\u00a0Minute\" \/>\n<script type=\"application\/ld+json\" class=\"yoast-schema-graph\">{\"@context\":\"https:\/\/schema.org\",\"@graph\":[{\"@type\":\"WebPage\",\"@id\":\"https:\/\/www.paytec.eu\/fr\/prodotto\/lecteur-cles-caiman-pit\/\",\"url\":\"https:\/\/www.paytec.eu\/fr\/prodotto\/lecteur-cles-caiman-pit\/\",\"name\":\"Caiman PIT-Schl\u00fcsselleser f\u00fcr Verkaufsautomaten\",\"isPartOf\":{\"@id\":\"https:\/\/www.paytec.eu\/#website\"},\"datePublished\":\"2022-01-04T08:22:26+00:00\",\"dateModified\":\"2023-10-27T11:08:44+00:00\",\"description\":\"Der Caiman PIT-Schl\u00fcsselleser wird in MDB an die Eagle2- oder Four-M\u00fcnzwechsler angeschlossen, um schnell und sicher PIT-Schl\u00fcssel zu lesen\/schreiben.\",\"breadcrumb\":{\"@id\":\"https:\/\/www.paytec.eu\/fr\/prodotto\/lecteur-cles-caiman-pit\/#breadcrumb\"},\"inLanguage\":\"de\",\"potentialAction\":[{\"@type\":\"ReadAction\",\"target\":[\"https:\/\/www.paytec.eu\/fr\/prodotto\/lecteur-cles-caiman-pit\/\"]}]},{\"@type\":\"BreadcrumbList\",\"@id\":\"https:\/\/www.paytec.eu\/fr\/prodotto\/lecteur-cles-caiman-pit\/#breadcrumb\",\"itemListElement\":[{\"@type\":\"ListItem\",\"position\":1,\"name\":\"Home\",\"item\":\"https:\/\/www.paytec.eu\/de\/\"},{\"@type\":\"ListItem\",\"position\":2,\"name\":\"Shop\",\"item\":\"https:\/\/www.paytec.eu\/de\/shop\/\"},{\"@type\":\"ListItem\",\"position\":3,\"name\":\"Zubeh\u00f6r und Ersatzteile\",\"item\":\"https:\/\/www.paytec.eu\/de\/categoria-prodotto\/zubehor-und-ersatzteile\/\"},{\"@type\":\"ListItem\",\"position\":4,\"name\":\"CAIMAN PIT LESER + KABEL FOUR 8900 \/ EAGLE\"}]},{\"@type\":\"WebSite\",\"@id\":\"https:\/\/www.paytec.eu\/#website\",\"url\":\"https:\/\/www.paytec.eu\/\",\"name\":\"Paytec\",\"description\":\"Smart Payments for Vending\",\"potentialAction\":[{\"@type\":\"SearchAction\",\"target\":{\"@type\":\"EntryPoint\",\"urlTemplate\":\"https:\/\/www.paytec.eu\/?s={search_term_string}\"},\"query-input\":\"required name=search_term_string\"}],\"inLanguage\":\"de\"}]}<\/script>\n<!-- \/ Yoast SEO plugin. -->","yoast_head_json":{"title":"Caiman PIT-Schl\u00fcsselleser f\u00fcr Verkaufsautomaten","description":"Der Caiman PIT-Schl\u00fcsselleser wird in MDB an die Eagle2- oder Four-M\u00fcnzwechsler angeschlossen, um schnell und sicher PIT-Schl\u00fcssel zu lesen\/schreiben.","robots":{"index":"index","follow":"follow","max-snippet":"max-snippet:-1","max-image-preview":"max-image-preview:large","max-video-preview":"max-video-preview:-1"},"canonical":"https:\/\/www.paytec.eu\/fr\/prodotto\/lecteur-cles-caiman-pit\/","og_locale":"de_DE","og_type":"article","og_title":"Caiman PIT-Schl\u00fcsselleser f\u00fcr Verkaufsautomaten","og_description":"Der Caiman PIT-Schl\u00fcsselleser wird in MDB an die Eagle2- oder Four-M\u00fcnzwechsler angeschlossen, um schnell und sicher PIT-Schl\u00fcssel zu lesen\/schreiben.","og_url":"https:\/\/www.paytec.eu\/fr\/prodotto\/lecteur-cles-caiman-pit\/","og_site_name":"Paytec","article_modified_time":"2023-10-27T11:08:44+00:00","og_image":[{"width":744,"height":800,"url":"https:\/\/www.paytec.eu\/wp-content\/uploads\/2021\/12\/caiman-pit-lettore-cavo-four-8900-eagle.jpg","type":"image\/jpeg"}],"twitter_card":"summary_large_image","twitter_misc":{"Gesch\u00e4tzte Lesezeit":"1\u00a0Minute"},"schema":{"@context":"https:\/\/schema.org","@graph":[{"@type":"WebPage","@id":"https:\/\/www.paytec.eu\/fr\/prodotto\/lecteur-cles-caiman-pit\/","url":"https:\/\/www.paytec.eu\/fr\/prodotto\/lecteur-cles-caiman-pit\/","name":"Caiman PIT-Schl\u00fcsselleser f\u00fcr Verkaufsautomaten","isPartOf":{"@id":"https:\/\/www.paytec.eu\/#website"},"datePublished":"2022-01-04T08:22:26+00:00","dateModified":"2023-10-27T11:08:44+00:00","description":"Der Caiman PIT-Schl\u00fcsselleser wird in MDB an die Eagle2- oder Four-M\u00fcnzwechsler angeschlossen, um schnell und sicher PIT-Schl\u00fcssel zu lesen\/schreiben.","breadcrumb":{"@id":"https:\/\/www.paytec.eu\/fr\/prodotto\/lecteur-cles-caiman-pit\/#breadcrumb"},"inLanguage":"de","potentialAction":[{"@type":"ReadAction","target":["https:\/\/www.paytec.eu\/fr\/prodotto\/lecteur-cles-caiman-pit\/"]}]},{"@type":"BreadcrumbList","@id":"https:\/\/www.paytec.eu\/fr\/prodotto\/lecteur-cles-caiman-pit\/#breadcrumb","itemListElement":[{"@type":"ListItem","position":1,"name":"Home","item":"https:\/\/www.paytec.eu\/de\/"},{"@type":"ListItem","position":2,"name":"Shop","item":"https:\/\/www.paytec.eu\/de\/shop\/"},{"@type":"ListItem","position":3,"name":"Zubeh\u00f6r und Ersatzteile","item":"https:\/\/www.paytec.eu\/de\/categoria-prodotto\/zubehor-und-ersatzteile\/"},{"@type":"ListItem","position":4,"name":"CAIMAN PIT LESER + KABEL FOUR 8900 \/ EAGLE"}]},{"@type":"WebSite","@id":"https:\/\/www.paytec.eu\/#website","url":"https:\/\/www.paytec.eu\/","name":"Paytec","description":"Smart Payments for Vending","potentialAction":[{"@type":"SearchAction","target":{"@type":"EntryPoint","urlTemplate":"https:\/\/www.paytec.eu\/?s={search_term_string}"},"query-input":"required name=search_term_string"}],"inLanguage":"de"}]}},"_links":{"self":[{"href":"https:\/\/www.paytec.eu\/de\/wp-json\/wp\/v2\/product\/6820","targetHints":{"allow":["GET"]}}],"collection":[{"href":"https:\/\/www.paytec.eu\/de\/wp-json\/wp\/v2\/product"}],"about":[{"href":"https:\/\/www.paytec.eu\/de\/wp-json\/wp\/v2\/types\/product"}],"wp:featuredmedia":[{"embeddable":true,"href":"https:\/\/www.paytec.eu\/de\/wp-json\/wp\/v2\/media\/6114"}],"wp:attachment":[{"href":"https:\/\/www.paytec.eu\/de\/wp-json\/wp\/v2\/media?parent=6820"}],"wp:term":[{"taxonomy":"product_cat","embeddable":true,"href":"https:\/\/www.paytec.eu\/de\/wp-json\/wp\/v2\/product_cat?post=6820"},{"taxonomy":"product_tag","embeddable":true,"href":"https:\/\/www.paytec.eu\/de\/wp-json\/wp\/v2\/product_tag?post=6820"}],"curies":[{"name":"wp","href":"https:\/\/api.w.org\/{rel}","templated":true}]}}