{"id":6823,"date":"2021-12-31T17:44:04","date_gmt":"2022-01-04T08:24:59","guid":{"rendered":"https:\/\/www.paytec.eu\/prodotto\/schluesselleser-mifare-four8900-eagle\/"},"modified":"2023-10-27T11:05:07","modified_gmt":"2023-10-27T11:05:07","slug":"caiman-mifare-schlusselleser","status":"publish","type":"product","link":"https:\/\/www.paytec.eu\/de\/prodotto\/caiman-mifare-schlusselleser\/","title":{"rendered":"CAIMAN MIFARE\u00ae SCHL\u00dcSSEL-LESEGER\u00c4T + FOUR\/EAGLE KABEL"},"content":{"rendered":"<p>Caiman Mifare-Schl\u00fcsselleser f\u00fcr schnelles und sicheres Lesen und Schreiben von Mifare\u00ae-Schl\u00fcsseln, zum Anschluss im MDB an den M\u00fcnzpr\u00fcfer <a href=\"\/?p=10736\">Eagle2<\/a> (6 Tuben) oder <a href=\"\/?p=6772\">Four<\/a> (4 Tuben).<\/p>\n","protected":false},"excerpt":{"rendered":"<p>Caiman Mifare-Schl\u00fcsselleser f\u00fcr schnelles und sicheres Lesen und Schreiben von Mifare\u00ae-Schl\u00fcsseln, zum Anschluss im MDB an den M\u00fcnzpr\u00fcfer Eagle2 (6 Tuben) oder Four (4 Tuben).<\/p>\n","protected":false},"featured_media":6132,"template":"","meta":[],"product_cat":[168],"product_tag":[],"class_list":["post-6823","product","type-product","status-publish","has-post-thumbnail","hentry","tipologia-zubehoer-cashless-de","product_cat-zubehor-und-ersatzteile"],"acf":[],"yoast_head":"<!-- This site is optimized with the Yoast SEO plugin v21.1 - https:\/\/yoast.com\/wordpress\/plugins\/seo\/ -->\n<title>Caiman Mifare-Schl\u00fcsselleser f\u00fcr Verkaufsautomaten<\/title>\n<meta name=\"description\" content=\"Der Caiman Mifare-Schl\u00fcsselleser wird in MDB an die Eagle2- oder Four-M\u00fcnzwechsler angeschlossen, um schnell und sicher Mifare-Schl\u00fcssel zu lesen\/schreiben.\" \/>\n<meta name=\"robots\" content=\"index, follow, max-snippet:-1, max-image-preview:large, max-video-preview:-1\" \/>\n<link rel=\"canonical\" href=\"https:\/\/www.paytec.eu\/fr\/prodotto\/lecteur-cles-caiman-mifare\/\" \/>\n<meta property=\"og:locale\" content=\"de_DE\" \/>\n<meta property=\"og:type\" content=\"article\" \/>\n<meta property=\"og:title\" content=\"Caiman Mifare-Schl\u00fcsselleser f\u00fcr Verkaufsautomaten\" \/>\n<meta property=\"og:description\" content=\"Der Caiman Mifare-Schl\u00fcsselleser wird in MDB an die Eagle2- oder Four-M\u00fcnzwechsler angeschlossen, um schnell und sicher Mifare-Schl\u00fcssel zu lesen\/schreiben.\" \/>\n<meta property=\"og:url\" content=\"https:\/\/www.paytec.eu\/fr\/prodotto\/lecteur-cles-caiman-mifare\/\" \/>\n<meta property=\"og:site_name\" content=\"Paytec\" \/>\n<meta property=\"article:modified_time\" content=\"2023-10-27T11:05:07+00:00\" \/>\n<meta property=\"og:image\" content=\"https:\/\/www.paytec.eu\/wp-content\/uploads\/2021\/12\/lettore-chiave-mifare-four8900eagle.jpg\" \/>\n\t<meta property=\"og:image:width\" content=\"744\" \/>\n\t<meta property=\"og:image:height\" content=\"800\" \/>\n\t<meta property=\"og:image:type\" content=\"image\/jpeg\" \/>\n<meta name=\"twitter:card\" content=\"summary_large_image\" \/>\n<meta name=\"twitter:label1\" content=\"Gesch\u00e4tzte Lesezeit\" \/>\n\t<meta name=\"twitter:data1\" content=\"1\u00a0Minute\" \/>\n<script type=\"application\/ld+json\" class=\"yoast-schema-graph\">{\"@context\":\"https:\/\/schema.org\",\"@graph\":[{\"@type\":\"WebPage\",\"@id\":\"https:\/\/www.paytec.eu\/fr\/prodotto\/lecteur-cles-caiman-mifare\/\",\"url\":\"https:\/\/www.paytec.eu\/fr\/prodotto\/lecteur-cles-caiman-mifare\/\",\"name\":\"Caiman Mifare-Schl\u00fcsselleser f\u00fcr Verkaufsautomaten\",\"isPartOf\":{\"@id\":\"https:\/\/www.paytec.eu\/#website\"},\"datePublished\":\"2022-01-04T08:24:59+00:00\",\"dateModified\":\"2023-10-27T11:05:07+00:00\",\"description\":\"Der Caiman Mifare-Schl\u00fcsselleser wird in MDB an die Eagle2- oder Four-M\u00fcnzwechsler angeschlossen, um schnell und sicher Mifare-Schl\u00fcssel zu lesen\/schreiben.\",\"breadcrumb\":{\"@id\":\"https:\/\/www.paytec.eu\/fr\/prodotto\/lecteur-cles-caiman-mifare\/#breadcrumb\"},\"inLanguage\":\"de\",\"potentialAction\":[{\"@type\":\"ReadAction\",\"target\":[\"https:\/\/www.paytec.eu\/fr\/prodotto\/lecteur-cles-caiman-mifare\/\"]}]},{\"@type\":\"BreadcrumbList\",\"@id\":\"https:\/\/www.paytec.eu\/fr\/prodotto\/lecteur-cles-caiman-mifare\/#breadcrumb\",\"itemListElement\":[{\"@type\":\"ListItem\",\"position\":1,\"name\":\"Home\",\"item\":\"https:\/\/www.paytec.eu\/de\/\"},{\"@type\":\"ListItem\",\"position\":2,\"name\":\"Shop\",\"item\":\"https:\/\/www.paytec.eu\/de\/shop\/\"},{\"@type\":\"ListItem\",\"position\":3,\"name\":\"Zubeh\u00f6r und Ersatzteile\",\"item\":\"https:\/\/www.paytec.eu\/de\/categoria-prodotto\/zubehor-und-ersatzteile\/\"},{\"@type\":\"ListItem\",\"position\":4,\"name\":\"CAIMAN MIFARE\u00ae SCHL\u00dcSSEL-LESEGER\u00c4T + FOUR\/EAGLE KABEL\"}]},{\"@type\":\"WebSite\",\"@id\":\"https:\/\/www.paytec.eu\/#website\",\"url\":\"https:\/\/www.paytec.eu\/\",\"name\":\"Paytec\",\"description\":\"Smart Payments for Vending\",\"potentialAction\":[{\"@type\":\"SearchAction\",\"target\":{\"@type\":\"EntryPoint\",\"urlTemplate\":\"https:\/\/www.paytec.eu\/?s={search_term_string}\"},\"query-input\":\"required name=search_term_string\"}],\"inLanguage\":\"de\"}]}<\/script>\n<!-- \/ Yoast SEO plugin. -->","yoast_head_json":{"title":"Caiman Mifare-Schl\u00fcsselleser f\u00fcr Verkaufsautomaten","description":"Der Caiman Mifare-Schl\u00fcsselleser wird in MDB an die Eagle2- oder Four-M\u00fcnzwechsler angeschlossen, um schnell und sicher Mifare-Schl\u00fcssel zu lesen\/schreiben.","robots":{"index":"index","follow":"follow","max-snippet":"max-snippet:-1","max-image-preview":"max-image-preview:large","max-video-preview":"max-video-preview:-1"},"canonical":"https:\/\/www.paytec.eu\/fr\/prodotto\/lecteur-cles-caiman-mifare\/","og_locale":"de_DE","og_type":"article","og_title":"Caiman Mifare-Schl\u00fcsselleser f\u00fcr Verkaufsautomaten","og_description":"Der Caiman Mifare-Schl\u00fcsselleser wird in MDB an die Eagle2- oder Four-M\u00fcnzwechsler angeschlossen, um schnell und sicher Mifare-Schl\u00fcssel zu lesen\/schreiben.","og_url":"https:\/\/www.paytec.eu\/fr\/prodotto\/lecteur-cles-caiman-mifare\/","og_site_name":"Paytec","article_modified_time":"2023-10-27T11:05:07+00:00","og_image":[{"width":744,"height":800,"url":"https:\/\/www.paytec.eu\/wp-content\/uploads\/2021\/12\/lettore-chiave-mifare-four8900eagle.jpg","type":"image\/jpeg"}],"twitter_card":"summary_large_image","twitter_misc":{"Gesch\u00e4tzte Lesezeit":"1\u00a0Minute"},"schema":{"@context":"https:\/\/schema.org","@graph":[{"@type":"WebPage","@id":"https:\/\/www.paytec.eu\/fr\/prodotto\/lecteur-cles-caiman-mifare\/","url":"https:\/\/www.paytec.eu\/fr\/prodotto\/lecteur-cles-caiman-mifare\/","name":"Caiman Mifare-Schl\u00fcsselleser f\u00fcr Verkaufsautomaten","isPartOf":{"@id":"https:\/\/www.paytec.eu\/#website"},"datePublished":"2022-01-04T08:24:59+00:00","dateModified":"2023-10-27T11:05:07+00:00","description":"Der Caiman Mifare-Schl\u00fcsselleser wird in MDB an die Eagle2- oder Four-M\u00fcnzwechsler angeschlossen, um schnell und sicher Mifare-Schl\u00fcssel zu lesen\/schreiben.","breadcrumb":{"@id":"https:\/\/www.paytec.eu\/fr\/prodotto\/lecteur-cles-caiman-mifare\/#breadcrumb"},"inLanguage":"de","potentialAction":[{"@type":"ReadAction","target":["https:\/\/www.paytec.eu\/fr\/prodotto\/lecteur-cles-caiman-mifare\/"]}]},{"@type":"BreadcrumbList","@id":"https:\/\/www.paytec.eu\/fr\/prodotto\/lecteur-cles-caiman-mifare\/#breadcrumb","itemListElement":[{"@type":"ListItem","position":1,"name":"Home","item":"https:\/\/www.paytec.eu\/de\/"},{"@type":"ListItem","position":2,"name":"Shop","item":"https:\/\/www.paytec.eu\/de\/shop\/"},{"@type":"ListItem","position":3,"name":"Zubeh\u00f6r und Ersatzteile","item":"https:\/\/www.paytec.eu\/de\/categoria-prodotto\/zubehor-und-ersatzteile\/"},{"@type":"ListItem","position":4,"name":"CAIMAN MIFARE\u00ae SCHL\u00dcSSEL-LESEGER\u00c4T + FOUR\/EAGLE KABEL"}]},{"@type":"WebSite","@id":"https:\/\/www.paytec.eu\/#website","url":"https:\/\/www.paytec.eu\/","name":"Paytec","description":"Smart Payments for Vending","potentialAction":[{"@type":"SearchAction","target":{"@type":"EntryPoint","urlTemplate":"https:\/\/www.paytec.eu\/?s={search_term_string}"},"query-input":"required name=search_term_string"}],"inLanguage":"de"}]}},"_links":{"self":[{"href":"https:\/\/www.paytec.eu\/de\/wp-json\/wp\/v2\/product\/6823","targetHints":{"allow":["GET"]}}],"collection":[{"href":"https:\/\/www.paytec.eu\/de\/wp-json\/wp\/v2\/product"}],"about":[{"href":"https:\/\/www.paytec.eu\/de\/wp-json\/wp\/v2\/types\/product"}],"wp:featuredmedia":[{"embeddable":true,"href":"https:\/\/www.paytec.eu\/de\/wp-json\/wp\/v2\/media\/6132"}],"wp:attachment":[{"href":"https:\/\/www.paytec.eu\/de\/wp-json\/wp\/v2\/media?parent=6823"}],"wp:term":[{"taxonomy":"product_cat","embeddable":true,"href":"https:\/\/www.paytec.eu\/de\/wp-json\/wp\/v2\/product_cat?post=6823"},{"taxonomy":"product_tag","embeddable":true,"href":"https:\/\/www.paytec.eu\/de\/wp-json\/wp\/v2\/product_tag?post=6823"}],"curies":[{"name":"wp","href":"https:\/\/api.w.org\/{rel}","templated":true}]}}