{"id":6864,"date":"2022-01-05T09:10:43","date_gmt":"2022-01-05T11:28:10","guid":{"rendered":"https:\/\/www.paytec.eu\/prodotto\/opto\/"},"modified":"2023-10-27T06:35:57","modified_gmt":"2023-10-27T06:35:57","slug":"digitale-zahlungsloesung-opto","status":"publish","type":"product","link":"https:\/\/www.paytec.eu\/de\/prodotto\/digitale-zahlungsloesung-opto\/","title":{"rendered":"OPTO"},"content":{"rendered":"<p>Die digitale Zahlungsl\u00f6sung OPTO besteht aus drei Elementen:<\/p>\n<ul>\n<li>Das erste Element ist der <strong>OPTO-Leser<\/strong>, ein kleines Peripherieger\u00e4t mit MDB-Protokoll, das einen optischen Sensor und ein Bluetooth-Modul integriert, um die Verbindung mit dem Smartphone des Benutzers herzustellen. Der OPTO-Leser enth\u00e4lt kein Modem oder keine SIM-Karte, was die Kosten senkt und die Installation und den Betrieb des Systems vereinfacht. Der OPTO-PIT-Leser integriert auch ein <strong>traditionelles \u201eSchl\u00fcssel\u201c-System<\/strong>, dessen Funktionsweise v\u00f6llig unabh\u00e4ngig von der digitalen L\u00f6sung ist.<\/li>\n<\/ul>\n<ul>\n<li>Die <strong>App OPTO i<\/strong>st kostenlos f\u00fcr Android, iOS und Huawei verf\u00fcgbar und erm\u00f6glicht mit allen Automaten die mit einem OPTO-Leser ausgestattet sind problemlos zu arbeiten, unabh\u00e4ngig von Automaten-Marken, Operatoren oder nationalen Grenzen. Das Auff\u00fcllen der elektronischen Geldb\u00f6rse kann entweder mit Kreditkarte oder mit Bargeld erfolgen. Bei entsprechend aktivierten Verkaufsautomaten kann OPTO auch die Automatenauswahltastatur auf dem Telefonbildschirm des Benutzers nachbilden. Mit nur einem Klick kann der Verbraucher das Produkt ausw\u00e4hlen und direkt von seinem Telefon aus bezahlen. Das Einkaufserlebnis wird dank der digitale Zahlungsl\u00f6sung OPTO so noch unmittelbarer, einfacher und effektiver.<\/li>\n<\/ul>\n<ul>\n<li>Das <strong>OPTO-Portal<\/strong> (auch Server oder Backend) enth\u00e4lt die wichtige Daten und Informationen und befindet sich in sicheren und zertifizierten Rechenzentren. Der Server verwaltet die Zahlungsstr\u00f6me mit einem externen Bankpartner, der E-Geld ausgibt und f\u00fcr den Betrieb in der gesamten Europ\u00e4ischen Union berechtigt ist. Der Operator kann auf das OPTO-Portal zugreifen, f\u00fcr einen vollst\u00e4ndigen \u00dcberblick \u00fcber die Situation und um die \u00dcberweisung von Geldern von seinem E-Geld-Konto auf sein normales Bankkonto durch zu f\u00fchren.<\/li>\n<\/ul>\n","protected":false},"excerpt":{"rendered":"<p><strong>OPTO <\/strong>ist eine kontaktlose, sichere und universelle digitale Zahlungsl\u00f6sung.<\/p>\n<p>Die Verbindung mit dem Automaten wird automatisch ohne NFC- oder QR-Codes hergestellt, sondern durch eine <strong>patentierte Technologie<\/strong>, die auf dem Licht des Telefonbildschirms basiert und h\u00f6chste Sicherheitsstandards garantiert.<\/p>\n","protected":false},"featured_media":5420,"template":"","meta":[],"product_cat":[170],"product_tag":[],"class_list":["post-6864","product","type-product","status-publish","has-post-thumbnail","hentry","protocollo-mdb-de","tipologia-app-de","pagamento-app-telefono-de","pagamento-chiave-de","product_cat-digital"],"acf":[],"yoast_head":"<!-- This site is optimized with the Yoast SEO plugin v21.1 - https:\/\/yoast.com\/wordpress\/plugins\/seo\/ -->\n<title>digitale Zahlungsl\u00f6sung OPTO f\u00fcr Vending - Paytec<\/title>\n<meta name=\"description\" content=\"Die digitale Zahlungsl\u00f6sung OPTO ist sicher und universel f\u00fcr Verkaufsautomaten. Patentierte Technologie, basiert auf dem Licht des Telefonbildschirms.\" \/>\n<meta name=\"robots\" content=\"index, follow, max-snippet:-1, max-image-preview:large, max-video-preview:-1\" \/>\n<link rel=\"canonical\" href=\"https:\/\/www.paytec.eu\/fr\/prodotto\/paiement-digital-opto-vending\/\" \/>\n<meta property=\"og:locale\" content=\"de_DE\" \/>\n<meta property=\"og:type\" content=\"article\" \/>\n<meta property=\"og:title\" content=\"digitale Zahlungsl\u00f6sung OPTO f\u00fcr Vending - Paytec\" \/>\n<meta property=\"og:description\" content=\"Die digitale Zahlungsl\u00f6sung OPTO ist sicher und universel f\u00fcr Verkaufsautomaten. Patentierte Technologie, basiert auf dem Licht des Telefonbildschirms.\" \/>\n<meta property=\"og:url\" content=\"https:\/\/www.paytec.eu\/fr\/prodotto\/paiement-digital-opto-vending\/\" \/>\n<meta property=\"og:site_name\" content=\"Paytec\" \/>\n<meta property=\"article:modified_time\" content=\"2023-10-27T06:35:57+00:00\" \/>\n<meta property=\"og:image\" content=\"https:\/\/www.paytec.eu\/wp-content\/uploads\/2021\/12\/lettore_opto.jpg\" \/>\n\t<meta property=\"og:image:width\" content=\"679\" \/>\n\t<meta property=\"og:image:height\" content=\"603\" \/>\n\t<meta property=\"og:image:type\" content=\"image\/jpeg\" \/>\n<meta name=\"twitter:card\" content=\"summary_large_image\" \/>\n<meta name=\"twitter:label1\" content=\"Gesch\u00e4tzte Lesezeit\" \/>\n\t<meta name=\"twitter:data1\" content=\"2\u00a0Minuten\" \/>\n<script type=\"application\/ld+json\" class=\"yoast-schema-graph\">{\"@context\":\"https:\/\/schema.org\",\"@graph\":[{\"@type\":\"WebPage\",\"@id\":\"https:\/\/www.paytec.eu\/fr\/prodotto\/paiement-digital-opto-vending\/\",\"url\":\"https:\/\/www.paytec.eu\/fr\/prodotto\/paiement-digital-opto-vending\/\",\"name\":\"digitale Zahlungsl\u00f6sung OPTO f\u00fcr Vending - Paytec\",\"isPartOf\":{\"@id\":\"https:\/\/www.paytec.eu\/#website\"},\"datePublished\":\"2022-01-05T11:28:10+00:00\",\"dateModified\":\"2023-10-27T06:35:57+00:00\",\"description\":\"Die digitale Zahlungsl\u00f6sung OPTO ist sicher und universel f\u00fcr Verkaufsautomaten. Patentierte Technologie, basiert auf dem Licht des Telefonbildschirms.\",\"breadcrumb\":{\"@id\":\"https:\/\/www.paytec.eu\/fr\/prodotto\/paiement-digital-opto-vending\/#breadcrumb\"},\"inLanguage\":\"de\",\"potentialAction\":[{\"@type\":\"ReadAction\",\"target\":[\"https:\/\/www.paytec.eu\/fr\/prodotto\/paiement-digital-opto-vending\/\"]}]},{\"@type\":\"BreadcrumbList\",\"@id\":\"https:\/\/www.paytec.eu\/fr\/prodotto\/paiement-digital-opto-vending\/#breadcrumb\",\"itemListElement\":[{\"@type\":\"ListItem\",\"position\":1,\"name\":\"Home\",\"item\":\"https:\/\/www.paytec.eu\/de\/\"},{\"@type\":\"ListItem\",\"position\":2,\"name\":\"Shop\",\"item\":\"https:\/\/www.paytec.eu\/de\/shop\/\"},{\"@type\":\"ListItem\",\"position\":3,\"name\":\"Digital\",\"item\":\"https:\/\/www.paytec.eu\/de\/categoria-prodotto\/digital\/\"},{\"@type\":\"ListItem\",\"position\":4,\"name\":\"OPTO\"}]},{\"@type\":\"WebSite\",\"@id\":\"https:\/\/www.paytec.eu\/#website\",\"url\":\"https:\/\/www.paytec.eu\/\",\"name\":\"Paytec\",\"description\":\"Smart Payments for Vending\",\"potentialAction\":[{\"@type\":\"SearchAction\",\"target\":{\"@type\":\"EntryPoint\",\"urlTemplate\":\"https:\/\/www.paytec.eu\/?s={search_term_string}\"},\"query-input\":\"required name=search_term_string\"}],\"inLanguage\":\"de\"}]}<\/script>\n<!-- \/ Yoast SEO plugin. -->","yoast_head_json":{"title":"digitale Zahlungsl\u00f6sung OPTO f\u00fcr Vending - Paytec","description":"Die digitale Zahlungsl\u00f6sung OPTO ist sicher und universel f\u00fcr Verkaufsautomaten. Patentierte Technologie, basiert auf dem Licht des Telefonbildschirms.","robots":{"index":"index","follow":"follow","max-snippet":"max-snippet:-1","max-image-preview":"max-image-preview:large","max-video-preview":"max-video-preview:-1"},"canonical":"https:\/\/www.paytec.eu\/fr\/prodotto\/paiement-digital-opto-vending\/","og_locale":"de_DE","og_type":"article","og_title":"digitale Zahlungsl\u00f6sung OPTO f\u00fcr Vending - Paytec","og_description":"Die digitale Zahlungsl\u00f6sung OPTO ist sicher und universel f\u00fcr Verkaufsautomaten. Patentierte Technologie, basiert auf dem Licht des Telefonbildschirms.","og_url":"https:\/\/www.paytec.eu\/fr\/prodotto\/paiement-digital-opto-vending\/","og_site_name":"Paytec","article_modified_time":"2023-10-27T06:35:57+00:00","og_image":[{"width":679,"height":603,"url":"https:\/\/www.paytec.eu\/wp-content\/uploads\/2021\/12\/lettore_opto.jpg","type":"image\/jpeg"}],"twitter_card":"summary_large_image","twitter_misc":{"Gesch\u00e4tzte Lesezeit":"2\u00a0Minuten"},"schema":{"@context":"https:\/\/schema.org","@graph":[{"@type":"WebPage","@id":"https:\/\/www.paytec.eu\/fr\/prodotto\/paiement-digital-opto-vending\/","url":"https:\/\/www.paytec.eu\/fr\/prodotto\/paiement-digital-opto-vending\/","name":"digitale Zahlungsl\u00f6sung OPTO f\u00fcr Vending - Paytec","isPartOf":{"@id":"https:\/\/www.paytec.eu\/#website"},"datePublished":"2022-01-05T11:28:10+00:00","dateModified":"2023-10-27T06:35:57+00:00","description":"Die digitale Zahlungsl\u00f6sung OPTO ist sicher und universel f\u00fcr Verkaufsautomaten. Patentierte Technologie, basiert auf dem Licht des Telefonbildschirms.","breadcrumb":{"@id":"https:\/\/www.paytec.eu\/fr\/prodotto\/paiement-digital-opto-vending\/#breadcrumb"},"inLanguage":"de","potentialAction":[{"@type":"ReadAction","target":["https:\/\/www.paytec.eu\/fr\/prodotto\/paiement-digital-opto-vending\/"]}]},{"@type":"BreadcrumbList","@id":"https:\/\/www.paytec.eu\/fr\/prodotto\/paiement-digital-opto-vending\/#breadcrumb","itemListElement":[{"@type":"ListItem","position":1,"name":"Home","item":"https:\/\/www.paytec.eu\/de\/"},{"@type":"ListItem","position":2,"name":"Shop","item":"https:\/\/www.paytec.eu\/de\/shop\/"},{"@type":"ListItem","position":3,"name":"Digital","item":"https:\/\/www.paytec.eu\/de\/categoria-prodotto\/digital\/"},{"@type":"ListItem","position":4,"name":"OPTO"}]},{"@type":"WebSite","@id":"https:\/\/www.paytec.eu\/#website","url":"https:\/\/www.paytec.eu\/","name":"Paytec","description":"Smart Payments for Vending","potentialAction":[{"@type":"SearchAction","target":{"@type":"EntryPoint","urlTemplate":"https:\/\/www.paytec.eu\/?s={search_term_string}"},"query-input":"required name=search_term_string"}],"inLanguage":"de"}]}},"_links":{"self":[{"href":"https:\/\/www.paytec.eu\/de\/wp-json\/wp\/v2\/product\/6864","targetHints":{"allow":["GET"]}}],"collection":[{"href":"https:\/\/www.paytec.eu\/de\/wp-json\/wp\/v2\/product"}],"about":[{"href":"https:\/\/www.paytec.eu\/de\/wp-json\/wp\/v2\/types\/product"}],"wp:featuredmedia":[{"embeddable":true,"href":"https:\/\/www.paytec.eu\/de\/wp-json\/wp\/v2\/media\/5420"}],"wp:attachment":[{"href":"https:\/\/www.paytec.eu\/de\/wp-json\/wp\/v2\/media?parent=6864"}],"wp:term":[{"taxonomy":"product_cat","embeddable":true,"href":"https:\/\/www.paytec.eu\/de\/wp-json\/wp\/v2\/product_cat?post=6864"},{"taxonomy":"product_tag","embeddable":true,"href":"https:\/\/www.paytec.eu\/de\/wp-json\/wp\/v2\/product_tag?post=6864"}],"curies":[{"name":"wp","href":"https:\/\/api.w.org\/{rel}","templated":true}]}}