{"id":8451,"date":"2022-02-21T13:20:58","date_gmt":"2022-02-21T13:20:58","guid":{"rendered":"https:\/\/www.paytec.eu\/prodotto\/programmatore-caiman-pit\/"},"modified":"2023-10-27T12:13:57","modified_gmt":"2023-10-27T12:13:57","slug":"caiman-pit-programmierer","status":"publish","type":"product","link":"https:\/\/www.paytec.eu\/de\/prodotto\/caiman-pit-programmierer\/","title":{"rendered":"CAIMAN PIT-PROGRAMMIERER"},"content":{"rendered":"<p>Der Caiman PIT-Programmierer wird verwendet, um die f\u00fcr den Endbenutzer bestimmten PIT-Schl\u00fcssel zu codieren und zu konfigurieren und die Audit-Daten \u00fcber die Datenschl\u00fcssel \/-karten herunterzuladen. Die Datenschl\u00fcssel\/-karten kann programmiert werden, um die Konfiguration der bereits installierten Systeme zu aktualisieren. Das Produkt wird mit der Verwaltungssoftware \u201ePC Programmer\u201c geliefert.<\/p>\n","protected":false},"excerpt":{"rendered":"<p>Der Caiman PIT-Programmierer wird verwendet, um die f\u00fcr den Endbenutzer bestimmten PIT-Schl\u00fcssel zu codieren und zu konfigurieren und die Audit-Daten \u00fcber die Datenschl\u00fcssel \/-karten herunterzuladen. Die Datenschl\u00fcssel\/-karten kann programmiert werden, um die Konfiguration der bereits installierten Systeme zu aktualisieren. Das Produkt wird mit der Verwaltungssoftware&#8230;<\/p>\n","protected":false},"featured_media":7378,"template":"","meta":[],"product_cat":[168],"product_tag":[],"class_list":["post-8451","product","type-product","status-publish","has-post-thumbnail","hentry","tipologia-datenerfassung-und-programmierung-de","product_cat-zubehor-und-ersatzteile"],"acf":[],"yoast_head":"<!-- This site is optimized with the Yoast SEO plugin v21.1 - https:\/\/yoast.com\/wordpress\/plugins\/seo\/ -->\n<title>CAIMAN PIT-Programmierer f\u00fcr PIT-Schl\u00fcssel f\u00fcr den Vending<\/title>\n<meta name=\"description\" content=\"Caiman PIT-Programmierer ist ideal f\u00fcr Codierung und Konfiguration von PIT-Schl\u00fcsseln und Herunterladen von Auditdaten aus Zahlungssystemen im Vending.\" \/>\n<meta name=\"robots\" content=\"index, follow, max-snippet:-1, max-image-preview:large, max-video-preview:-1\" \/>\n<link rel=\"canonical\" href=\"https:\/\/www.paytec.eu\/fr\/prodotto\/programmateur-caiman-pit\/\" \/>\n<meta property=\"og:locale\" content=\"de_DE\" \/>\n<meta property=\"og:type\" content=\"article\" \/>\n<meta property=\"og:title\" content=\"CAIMAN PIT-Programmierer f\u00fcr PIT-Schl\u00fcssel f\u00fcr den Vending\" \/>\n<meta property=\"og:description\" content=\"Caiman PIT-Programmierer ist ideal f\u00fcr Codierung und Konfiguration von PIT-Schl\u00fcsseln und Herunterladen von Auditdaten aus Zahlungssystemen im Vending.\" \/>\n<meta property=\"og:url\" content=\"https:\/\/www.paytec.eu\/fr\/prodotto\/programmateur-caiman-pit\/\" \/>\n<meta property=\"og:site_name\" content=\"Paytec\" \/>\n<meta property=\"article:modified_time\" content=\"2023-10-27T12:13:57+00:00\" \/>\n<meta property=\"og:image\" content=\"https:\/\/www.paytec.eu\/wp-content\/uploads\/2022\/02\/programmatore-caiman.jpg\" \/>\n\t<meta property=\"og:image:width\" content=\"414\" \/>\n\t<meta property=\"og:image:height\" content=\"591\" \/>\n\t<meta property=\"og:image:type\" content=\"image\/jpeg\" \/>\n<meta name=\"twitter:card\" content=\"summary_large_image\" \/>\n<meta name=\"twitter:label1\" content=\"Gesch\u00e4tzte Lesezeit\" \/>\n\t<meta name=\"twitter:data1\" content=\"1\u00a0Minute\" \/>\n<script type=\"application\/ld+json\" class=\"yoast-schema-graph\">{\"@context\":\"https:\/\/schema.org\",\"@graph\":[{\"@type\":\"WebPage\",\"@id\":\"https:\/\/www.paytec.eu\/fr\/prodotto\/programmateur-caiman-pit\/\",\"url\":\"https:\/\/www.paytec.eu\/fr\/prodotto\/programmateur-caiman-pit\/\",\"name\":\"CAIMAN PIT-Programmierer f\u00fcr PIT-Schl\u00fcssel f\u00fcr den Vending\",\"isPartOf\":{\"@id\":\"https:\/\/www.paytec.eu\/#website\"},\"datePublished\":\"2022-02-21T13:20:58+00:00\",\"dateModified\":\"2023-10-27T12:13:57+00:00\",\"description\":\"Caiman PIT-Programmierer ist ideal f\u00fcr Codierung und Konfiguration von PIT-Schl\u00fcsseln und Herunterladen von Auditdaten aus Zahlungssystemen im Vending.\",\"breadcrumb\":{\"@id\":\"https:\/\/www.paytec.eu\/fr\/prodotto\/programmateur-caiman-pit\/#breadcrumb\"},\"inLanguage\":\"de\",\"potentialAction\":[{\"@type\":\"ReadAction\",\"target\":[\"https:\/\/www.paytec.eu\/fr\/prodotto\/programmateur-caiman-pit\/\"]}]},{\"@type\":\"BreadcrumbList\",\"@id\":\"https:\/\/www.paytec.eu\/fr\/prodotto\/programmateur-caiman-pit\/#breadcrumb\",\"itemListElement\":[{\"@type\":\"ListItem\",\"position\":1,\"name\":\"Home\",\"item\":\"https:\/\/www.paytec.eu\/de\/\"},{\"@type\":\"ListItem\",\"position\":2,\"name\":\"Shop\",\"item\":\"https:\/\/www.paytec.eu\/de\/shop\/\"},{\"@type\":\"ListItem\",\"position\":3,\"name\":\"Zubeh\u00f6r und Ersatzteile\",\"item\":\"https:\/\/www.paytec.eu\/de\/categoria-prodotto\/zubehor-und-ersatzteile\/\"},{\"@type\":\"ListItem\",\"position\":4,\"name\":\"CAIMAN PIT-PROGRAMMIERER\"}]},{\"@type\":\"WebSite\",\"@id\":\"https:\/\/www.paytec.eu\/#website\",\"url\":\"https:\/\/www.paytec.eu\/\",\"name\":\"Paytec\",\"description\":\"Smart Payments for Vending\",\"potentialAction\":[{\"@type\":\"SearchAction\",\"target\":{\"@type\":\"EntryPoint\",\"urlTemplate\":\"https:\/\/www.paytec.eu\/?s={search_term_string}\"},\"query-input\":\"required name=search_term_string\"}],\"inLanguage\":\"de\"}]}<\/script>\n<!-- \/ Yoast SEO plugin. -->","yoast_head_json":{"title":"CAIMAN PIT-Programmierer f\u00fcr PIT-Schl\u00fcssel f\u00fcr den Vending","description":"Caiman PIT-Programmierer ist ideal f\u00fcr Codierung und Konfiguration von PIT-Schl\u00fcsseln und Herunterladen von Auditdaten aus Zahlungssystemen im Vending.","robots":{"index":"index","follow":"follow","max-snippet":"max-snippet:-1","max-image-preview":"max-image-preview:large","max-video-preview":"max-video-preview:-1"},"canonical":"https:\/\/www.paytec.eu\/fr\/prodotto\/programmateur-caiman-pit\/","og_locale":"de_DE","og_type":"article","og_title":"CAIMAN PIT-Programmierer f\u00fcr PIT-Schl\u00fcssel f\u00fcr den Vending","og_description":"Caiman PIT-Programmierer ist ideal f\u00fcr Codierung und Konfiguration von PIT-Schl\u00fcsseln und Herunterladen von Auditdaten aus Zahlungssystemen im Vending.","og_url":"https:\/\/www.paytec.eu\/fr\/prodotto\/programmateur-caiman-pit\/","og_site_name":"Paytec","article_modified_time":"2023-10-27T12:13:57+00:00","og_image":[{"width":414,"height":591,"url":"https:\/\/www.paytec.eu\/wp-content\/uploads\/2022\/02\/programmatore-caiman.jpg","type":"image\/jpeg"}],"twitter_card":"summary_large_image","twitter_misc":{"Gesch\u00e4tzte Lesezeit":"1\u00a0Minute"},"schema":{"@context":"https:\/\/schema.org","@graph":[{"@type":"WebPage","@id":"https:\/\/www.paytec.eu\/fr\/prodotto\/programmateur-caiman-pit\/","url":"https:\/\/www.paytec.eu\/fr\/prodotto\/programmateur-caiman-pit\/","name":"CAIMAN PIT-Programmierer f\u00fcr PIT-Schl\u00fcssel f\u00fcr den Vending","isPartOf":{"@id":"https:\/\/www.paytec.eu\/#website"},"datePublished":"2022-02-21T13:20:58+00:00","dateModified":"2023-10-27T12:13:57+00:00","description":"Caiman PIT-Programmierer ist ideal f\u00fcr Codierung und Konfiguration von PIT-Schl\u00fcsseln und Herunterladen von Auditdaten aus Zahlungssystemen im Vending.","breadcrumb":{"@id":"https:\/\/www.paytec.eu\/fr\/prodotto\/programmateur-caiman-pit\/#breadcrumb"},"inLanguage":"de","potentialAction":[{"@type":"ReadAction","target":["https:\/\/www.paytec.eu\/fr\/prodotto\/programmateur-caiman-pit\/"]}]},{"@type":"BreadcrumbList","@id":"https:\/\/www.paytec.eu\/fr\/prodotto\/programmateur-caiman-pit\/#breadcrumb","itemListElement":[{"@type":"ListItem","position":1,"name":"Home","item":"https:\/\/www.paytec.eu\/de\/"},{"@type":"ListItem","position":2,"name":"Shop","item":"https:\/\/www.paytec.eu\/de\/shop\/"},{"@type":"ListItem","position":3,"name":"Zubeh\u00f6r und Ersatzteile","item":"https:\/\/www.paytec.eu\/de\/categoria-prodotto\/zubehor-und-ersatzteile\/"},{"@type":"ListItem","position":4,"name":"CAIMAN PIT-PROGRAMMIERER"}]},{"@type":"WebSite","@id":"https:\/\/www.paytec.eu\/#website","url":"https:\/\/www.paytec.eu\/","name":"Paytec","description":"Smart Payments for Vending","potentialAction":[{"@type":"SearchAction","target":{"@type":"EntryPoint","urlTemplate":"https:\/\/www.paytec.eu\/?s={search_term_string}"},"query-input":"required name=search_term_string"}],"inLanguage":"de"}]}},"_links":{"self":[{"href":"https:\/\/www.paytec.eu\/de\/wp-json\/wp\/v2\/product\/8451","targetHints":{"allow":["GET"]}}],"collection":[{"href":"https:\/\/www.paytec.eu\/de\/wp-json\/wp\/v2\/product"}],"about":[{"href":"https:\/\/www.paytec.eu\/de\/wp-json\/wp\/v2\/types\/product"}],"wp:featuredmedia":[{"embeddable":true,"href":"https:\/\/www.paytec.eu\/de\/wp-json\/wp\/v2\/media\/7378"}],"wp:attachment":[{"href":"https:\/\/www.paytec.eu\/de\/wp-json\/wp\/v2\/media?parent=8451"}],"wp:term":[{"taxonomy":"product_cat","embeddable":true,"href":"https:\/\/www.paytec.eu\/de\/wp-json\/wp\/v2\/product_cat?post=8451"},{"taxonomy":"product_tag","embeddable":true,"href":"https:\/\/www.paytec.eu\/de\/wp-json\/wp\/v2\/product_tag?post=8451"}],"curies":[{"name":"wp","href":"https:\/\/api.w.org\/{rel}","templated":true}]}}