{"id":8454,"date":"2022-02-21T13:10:49","date_gmt":"2022-02-21T13:10:49","guid":{"rendered":"https:\/\/www.paytec.eu\/prodotto\/kabel-p6000\/"},"modified":"2023-10-27T12:36:37","modified_gmt":"2023-10-27T12:36:37","slug":"ersatzkabel-fur-p6000-programmiergerat","status":"publish","type":"product","link":"https:\/\/www.paytec.eu\/de\/prodotto\/ersatzkabel-fur-p6000-programmiergerat\/","title":{"rendered":"KABEL P6000"},"content":{"rendered":"<p>Ersatzkabel f\u00fcr P6000-Programmierger\u00e4t: Kabel f\u00fcr die Verkabelung des Paytec P6000 Handprogrammierger\u00e4ts.<\/p>\n<p>&nbsp;<\/p>\n","protected":false},"excerpt":{"rendered":"<p>Ersatzkabel f\u00fcr P6000-Programmierger\u00e4t: Kabel f\u00fcr die Verkabelung des Paytec P6000 Handprogrammierger\u00e4ts. &nbsp;<\/p>\n","protected":false},"featured_media":7372,"template":"","meta":[],"product_cat":[168],"product_tag":[],"class_list":["post-8454","product","type-product","status-publish","has-post-thumbnail","hentry","tipologia-datenerfassung-und-programmierung-de","product_cat-zubehor-und-ersatzteile"],"acf":[],"yoast_head":"<!-- This site is optimized with the Yoast SEO plugin v21.1 - https:\/\/yoast.com\/wordpress\/plugins\/seo\/ -->\n<title>Ersatzkabel f\u00fcr P6000-Programmierger\u00e4t - Vending - Paytec<\/title>\n<meta name=\"description\" content=\"Ersatzkabel f\u00fcr P6000-Programmierger\u00e4t von Paytec f\u00fcr schnelle Programmierung von Verkaufsautomaten. Jetzt kaufen bei paytec.eu\" \/>\n<meta name=\"robots\" content=\"index, follow, max-snippet:-1, max-image-preview:large, max-video-preview:-1\" \/>\n<link rel=\"canonical\" href=\"https:\/\/www.paytec.eu\/fr\/prodotto\/cable-rechange-pour-programmateur-p6000\/\" \/>\n<meta property=\"og:locale\" content=\"de_DE\" \/>\n<meta property=\"og:type\" content=\"article\" \/>\n<meta property=\"og:title\" content=\"Ersatzkabel f\u00fcr P6000-Programmierger\u00e4t - Vending - Paytec\" \/>\n<meta property=\"og:description\" content=\"Ersatzkabel f\u00fcr P6000-Programmierger\u00e4t von Paytec f\u00fcr schnelle Programmierung von Verkaufsautomaten. Jetzt kaufen bei paytec.eu\" \/>\n<meta property=\"og:url\" content=\"https:\/\/www.paytec.eu\/fr\/prodotto\/cable-rechange-pour-programmateur-p6000\/\" \/>\n<meta property=\"og:site_name\" content=\"Paytec\" \/>\n<meta property=\"article:modified_time\" content=\"2023-10-27T12:36:37+00:00\" \/>\n<meta property=\"og:image\" content=\"https:\/\/www.paytec.eu\/wp-content\/uploads\/2022\/02\/cavoP6000.png\" \/>\n\t<meta property=\"og:image:width\" content=\"2005\" \/>\n\t<meta property=\"og:image:height\" content=\"2498\" \/>\n\t<meta property=\"og:image:type\" content=\"image\/png\" \/>\n<meta name=\"twitter:card\" content=\"summary_large_image\" \/>\n<meta name=\"twitter:label1\" content=\"Gesch\u00e4tzte Lesezeit\" \/>\n\t<meta name=\"twitter:data1\" content=\"1\u00a0Minute\" \/>\n<script type=\"application\/ld+json\" class=\"yoast-schema-graph\">{\"@context\":\"https:\/\/schema.org\",\"@graph\":[{\"@type\":\"WebPage\",\"@id\":\"https:\/\/www.paytec.eu\/fr\/prodotto\/cable-rechange-pour-programmateur-p6000\/\",\"url\":\"https:\/\/www.paytec.eu\/fr\/prodotto\/cable-rechange-pour-programmateur-p6000\/\",\"name\":\"Ersatzkabel f\u00fcr P6000-Programmierger\u00e4t - Vending - Paytec\",\"isPartOf\":{\"@id\":\"https:\/\/www.paytec.eu\/#website\"},\"datePublished\":\"2022-02-21T13:10:49+00:00\",\"dateModified\":\"2023-10-27T12:36:37+00:00\",\"description\":\"Ersatzkabel f\u00fcr P6000-Programmierger\u00e4t von Paytec f\u00fcr schnelle Programmierung von Verkaufsautomaten. Jetzt kaufen bei paytec.eu\",\"breadcrumb\":{\"@id\":\"https:\/\/www.paytec.eu\/fr\/prodotto\/cable-rechange-pour-programmateur-p6000\/#breadcrumb\"},\"inLanguage\":\"de\",\"potentialAction\":[{\"@type\":\"ReadAction\",\"target\":[\"https:\/\/www.paytec.eu\/fr\/prodotto\/cable-rechange-pour-programmateur-p6000\/\"]}]},{\"@type\":\"BreadcrumbList\",\"@id\":\"https:\/\/www.paytec.eu\/fr\/prodotto\/cable-rechange-pour-programmateur-p6000\/#breadcrumb\",\"itemListElement\":[{\"@type\":\"ListItem\",\"position\":1,\"name\":\"Home\",\"item\":\"https:\/\/www.paytec.eu\/de\/\"},{\"@type\":\"ListItem\",\"position\":2,\"name\":\"Shop\",\"item\":\"https:\/\/www.paytec.eu\/de\/shop\/\"},{\"@type\":\"ListItem\",\"position\":3,\"name\":\"Zubeh\u00f6r und Ersatzteile\",\"item\":\"https:\/\/www.paytec.eu\/de\/categoria-prodotto\/zubehor-und-ersatzteile\/\"},{\"@type\":\"ListItem\",\"position\":4,\"name\":\"KABEL P6000\"}]},{\"@type\":\"WebSite\",\"@id\":\"https:\/\/www.paytec.eu\/#website\",\"url\":\"https:\/\/www.paytec.eu\/\",\"name\":\"Paytec\",\"description\":\"Smart Payments for Vending\",\"potentialAction\":[{\"@type\":\"SearchAction\",\"target\":{\"@type\":\"EntryPoint\",\"urlTemplate\":\"https:\/\/www.paytec.eu\/?s={search_term_string}\"},\"query-input\":\"required name=search_term_string\"}],\"inLanguage\":\"de\"}]}<\/script>\n<!-- \/ Yoast SEO plugin. -->","yoast_head_json":{"title":"Ersatzkabel f\u00fcr P6000-Programmierger\u00e4t - Vending - Paytec","description":"Ersatzkabel f\u00fcr P6000-Programmierger\u00e4t von Paytec f\u00fcr schnelle Programmierung von Verkaufsautomaten. Jetzt kaufen bei paytec.eu","robots":{"index":"index","follow":"follow","max-snippet":"max-snippet:-1","max-image-preview":"max-image-preview:large","max-video-preview":"max-video-preview:-1"},"canonical":"https:\/\/www.paytec.eu\/fr\/prodotto\/cable-rechange-pour-programmateur-p6000\/","og_locale":"de_DE","og_type":"article","og_title":"Ersatzkabel f\u00fcr P6000-Programmierger\u00e4t - Vending - Paytec","og_description":"Ersatzkabel f\u00fcr P6000-Programmierger\u00e4t von Paytec f\u00fcr schnelle Programmierung von Verkaufsautomaten. Jetzt kaufen bei paytec.eu","og_url":"https:\/\/www.paytec.eu\/fr\/prodotto\/cable-rechange-pour-programmateur-p6000\/","og_site_name":"Paytec","article_modified_time":"2023-10-27T12:36:37+00:00","og_image":[{"width":2005,"height":2498,"url":"https:\/\/www.paytec.eu\/wp-content\/uploads\/2022\/02\/cavoP6000.png","type":"image\/png"}],"twitter_card":"summary_large_image","twitter_misc":{"Gesch\u00e4tzte Lesezeit":"1\u00a0Minute"},"schema":{"@context":"https:\/\/schema.org","@graph":[{"@type":"WebPage","@id":"https:\/\/www.paytec.eu\/fr\/prodotto\/cable-rechange-pour-programmateur-p6000\/","url":"https:\/\/www.paytec.eu\/fr\/prodotto\/cable-rechange-pour-programmateur-p6000\/","name":"Ersatzkabel f\u00fcr P6000-Programmierger\u00e4t - Vending - Paytec","isPartOf":{"@id":"https:\/\/www.paytec.eu\/#website"},"datePublished":"2022-02-21T13:10:49+00:00","dateModified":"2023-10-27T12:36:37+00:00","description":"Ersatzkabel f\u00fcr P6000-Programmierger\u00e4t von Paytec f\u00fcr schnelle Programmierung von Verkaufsautomaten. Jetzt kaufen bei paytec.eu","breadcrumb":{"@id":"https:\/\/www.paytec.eu\/fr\/prodotto\/cable-rechange-pour-programmateur-p6000\/#breadcrumb"},"inLanguage":"de","potentialAction":[{"@type":"ReadAction","target":["https:\/\/www.paytec.eu\/fr\/prodotto\/cable-rechange-pour-programmateur-p6000\/"]}]},{"@type":"BreadcrumbList","@id":"https:\/\/www.paytec.eu\/fr\/prodotto\/cable-rechange-pour-programmateur-p6000\/#breadcrumb","itemListElement":[{"@type":"ListItem","position":1,"name":"Home","item":"https:\/\/www.paytec.eu\/de\/"},{"@type":"ListItem","position":2,"name":"Shop","item":"https:\/\/www.paytec.eu\/de\/shop\/"},{"@type":"ListItem","position":3,"name":"Zubeh\u00f6r und Ersatzteile","item":"https:\/\/www.paytec.eu\/de\/categoria-prodotto\/zubehor-und-ersatzteile\/"},{"@type":"ListItem","position":4,"name":"KABEL P6000"}]},{"@type":"WebSite","@id":"https:\/\/www.paytec.eu\/#website","url":"https:\/\/www.paytec.eu\/","name":"Paytec","description":"Smart Payments for Vending","potentialAction":[{"@type":"SearchAction","target":{"@type":"EntryPoint","urlTemplate":"https:\/\/www.paytec.eu\/?s={search_term_string}"},"query-input":"required name=search_term_string"}],"inLanguage":"de"}]}},"_links":{"self":[{"href":"https:\/\/www.paytec.eu\/de\/wp-json\/wp\/v2\/product\/8454","targetHints":{"allow":["GET"]}}],"collection":[{"href":"https:\/\/www.paytec.eu\/de\/wp-json\/wp\/v2\/product"}],"about":[{"href":"https:\/\/www.paytec.eu\/de\/wp-json\/wp\/v2\/types\/product"}],"wp:featuredmedia":[{"embeddable":true,"href":"https:\/\/www.paytec.eu\/de\/wp-json\/wp\/v2\/media\/7372"}],"wp:attachment":[{"href":"https:\/\/www.paytec.eu\/de\/wp-json\/wp\/v2\/media?parent=8454"}],"wp:term":[{"taxonomy":"product_cat","embeddable":true,"href":"https:\/\/www.paytec.eu\/de\/wp-json\/wp\/v2\/product_cat?post=8454"},{"taxonomy":"product_tag","embeddable":true,"href":"https:\/\/www.paytec.eu\/de\/wp-json\/wp\/v2\/product_tag?post=8454"}],"curies":[{"name":"wp","href":"https:\/\/api.w.org\/{rel}","templated":true}]}}