{"id":8501,"date":"2022-03-31T12:29:30","date_gmt":"2022-03-31T12:29:32","guid":{"rendered":"https:\/\/www.paytec.eu\/?post_type=product&#038;p=8501"},"modified":"2023-10-27T07:48:24","modified_gmt":"2023-10-27T07:48:24","slug":"mdb-master-mit-mifare-lesegerat","status":"publish","type":"product","link":"https:\/\/www.paytec.eu\/de\/prodotto\/mdb-master-mit-mifare-lesegerat\/","title":{"rendered":"CAIMAN2 MIFARE\u00ae MDB-MDB EUR"},"content":{"rendered":"<p>Der MDB-Master mit Mifare-Leseger\u00e4t CAIMAN MDB-MDB ist f\u00fcr den Betrieb mit dem Verkaufsautomaten im MDB-Modus ausgelegt. Das System bietet nicht nur alle bargeldlosen Funktionen, sondern erm\u00f6glicht auch den Anschluss und die Verwaltung zahlreicher MDB-Peripherieger\u00e4te, wie z. B. M\u00fcnzpr\u00fcfer f\u00fcr Wechselgeldgeber, Banknotenleser, einen 24-V-M\u00fcnzpr\u00fcfer oder andere bargeldlose Systeme. Es erm\u00f6glicht auch die Wiederherstellung von Audit-Daten, indem es sich wie eine Master-Einheit verh\u00e4lt.<br \/>\nZu den zahlreichen Funktionen, die das Caiman-System bietet, geh\u00f6ren neben der klassischen Verwaltung des auf den Schl\u00fcsseln vorhandenen Guthabens die Verwaltung von Preisen und Rabatten, die Erstellung bestimmter Zeitfenster, kostenlose Verk\u00e4ufe und Gutschriften, die Erstellung von Treuesystemen, die Verwaltung einer Blacklist f\u00fcr verlorene Schl\u00fcssel oder den Ausschluss von der System.<br \/>\nDie Installation eines MDB-Mastersystem mit Mifare-Leseger\u00e4t CAIMAN MDB-MDB erh\u00f6ht das Potenzial des Automaten und stattet ihn mit wichtigen Marketing- und Werbeinstrumenten aus, um den Umsatz zu steigern und die Kundenbindung zu verbessern.<\/p>\n","protected":false},"excerpt":{"rendered":"<div id=\"product-description-short-105\">\n<p>Caiman MDB-MDB bietet alle bargeldlosen Funktionen, steuert die Peripherieger\u00e4te und zentralisiert deren Daten, wodurch die Zahlungsm\u00f6glichkeiten der MDB-Automaten erweitert werden.<\/p>\n<\/div>\n<div class=\"product-actions\">\n<form id=\"add-to-cart-or-refresh\" action=\"https:\/\/shop.paytec.eu\/it\/carrello\" method=\"post\">\n<div class=\"product-variants\"><\/div>\n<section class=\"product-discounts\"><\/section>\n<\/form>\n<\/div>\n","protected":false},"featured_media":14602,"template":"","meta":[],"product_cat":[],"product_tag":[],"class_list":["post-8501","product","type-product","status-publish","has-post-thumbnail","hentry"],"acf":[],"yoast_head":"<!-- This site is optimized with the Yoast SEO plugin v21.1 - https:\/\/yoast.com\/wordpress\/plugins\/seo\/ -->\n<title>MDB-Master mit Mifare-Leseger\u00e4t CAIMAN MDB-MDB - Paytec<\/title>\n<meta name=\"description\" content=\"Der MDB-Master mit Mifare-Leseger\u00e4t CAIMAN MDB-MDB bietet alle bargeldlosen Funktionen zusammen mit schnellem und sicherem Lesen\/Schreiben von Schl\u00fcsseln.\" \/>\n<meta name=\"robots\" content=\"index, follow, max-snippet:-1, max-image-preview:large, max-video-preview:-1\" \/>\n<link rel=\"canonical\" href=\"https:\/\/www.paytec.eu\/fr\/prodotto\/maitre-mdb-avec-lecteur-mifare\/\" \/>\n<meta property=\"og:locale\" content=\"de_DE\" \/>\n<meta property=\"og:type\" content=\"article\" \/>\n<meta property=\"og:title\" content=\"MDB-Master mit Mifare-Leseger\u00e4t CAIMAN MDB-MDB - Paytec\" \/>\n<meta property=\"og:description\" content=\"Der MDB-Master mit Mifare-Leseger\u00e4t CAIMAN MDB-MDB bietet alle bargeldlosen Funktionen zusammen mit schnellem und sicherem Lesen\/Schreiben von Schl\u00fcsseln.\" \/>\n<meta property=\"og:url\" content=\"https:\/\/www.paytec.eu\/fr\/prodotto\/maitre-mdb-avec-lecteur-mifare\/\" \/>\n<meta property=\"og:site_name\" content=\"Paytec\" \/>\n<meta property=\"article:modified_time\" content=\"2023-10-27T07:48:24+00:00\" \/>\n<meta property=\"og:image\" content=\"https:\/\/www.paytec.eu\/wp-content\/uploads\/2022\/03\/caiman2-exe-eur-MiFare.jpg\" \/>\n\t<meta property=\"og:image:width\" content=\"744\" \/>\n\t<meta property=\"og:image:height\" content=\"800\" \/>\n\t<meta property=\"og:image:type\" content=\"image\/jpeg\" \/>\n<meta name=\"twitter:card\" content=\"summary_large_image\" \/>\n<meta name=\"twitter:label1\" content=\"Gesch\u00e4tzte Lesezeit\" \/>\n\t<meta name=\"twitter:data1\" content=\"1\u00a0Minute\" \/>\n<script type=\"application\/ld+json\" class=\"yoast-schema-graph\">{\"@context\":\"https:\/\/schema.org\",\"@graph\":[{\"@type\":\"WebPage\",\"@id\":\"https:\/\/www.paytec.eu\/fr\/prodotto\/maitre-mdb-avec-lecteur-mifare\/\",\"url\":\"https:\/\/www.paytec.eu\/fr\/prodotto\/maitre-mdb-avec-lecteur-mifare\/\",\"name\":\"MDB-Master mit Mifare-Leseger\u00e4t CAIMAN MDB-MDB - Paytec\",\"isPartOf\":{\"@id\":\"https:\/\/www.paytec.eu\/#website\"},\"datePublished\":\"2022-03-31T12:29:32+00:00\",\"dateModified\":\"2023-10-27T07:48:24+00:00\",\"description\":\"Der MDB-Master mit Mifare-Leseger\u00e4t CAIMAN MDB-MDB bietet alle bargeldlosen Funktionen zusammen mit schnellem und sicherem Lesen\/Schreiben von Schl\u00fcsseln.\",\"breadcrumb\":{\"@id\":\"https:\/\/www.paytec.eu\/fr\/prodotto\/maitre-mdb-avec-lecteur-mifare\/#breadcrumb\"},\"inLanguage\":\"de\",\"potentialAction\":[{\"@type\":\"ReadAction\",\"target\":[\"https:\/\/www.paytec.eu\/fr\/prodotto\/maitre-mdb-avec-lecteur-mifare\/\"]}]},{\"@type\":\"BreadcrumbList\",\"@id\":\"https:\/\/www.paytec.eu\/fr\/prodotto\/maitre-mdb-avec-lecteur-mifare\/#breadcrumb\",\"itemListElement\":[{\"@type\":\"ListItem\",\"position\":1,\"name\":\"Home\",\"item\":\"https:\/\/www.paytec.eu\/de\/\"},{\"@type\":\"ListItem\",\"position\":2,\"name\":\"Shop\",\"item\":\"https:\/\/www.paytec.eu\/de\/shop\/\"},{\"@type\":\"ListItem\",\"position\":3,\"name\":\"Cashless\",\"item\":\"https:\/\/www.paytec.eu\/de\/categoria-prodotto\/cashless-de\/\"},{\"@type\":\"ListItem\",\"position\":4,\"name\":\"CAIMAN2 MIFARE\u00ae MDB-MDB EUR\"}]},{\"@type\":\"WebSite\",\"@id\":\"https:\/\/www.paytec.eu\/#website\",\"url\":\"https:\/\/www.paytec.eu\/\",\"name\":\"Paytec\",\"description\":\"Smart Payments for Vending\",\"potentialAction\":[{\"@type\":\"SearchAction\",\"target\":{\"@type\":\"EntryPoint\",\"urlTemplate\":\"https:\/\/www.paytec.eu\/?s={search_term_string}\"},\"query-input\":\"required name=search_term_string\"}],\"inLanguage\":\"de\"}]}<\/script>\n<!-- \/ Yoast SEO plugin. -->","yoast_head_json":{"title":"MDB-Master mit Mifare-Leseger\u00e4t CAIMAN MDB-MDB - Paytec","description":"Der MDB-Master mit Mifare-Leseger\u00e4t CAIMAN MDB-MDB bietet alle bargeldlosen Funktionen zusammen mit schnellem und sicherem Lesen\/Schreiben von Schl\u00fcsseln.","robots":{"index":"index","follow":"follow","max-snippet":"max-snippet:-1","max-image-preview":"max-image-preview:large","max-video-preview":"max-video-preview:-1"},"canonical":"https:\/\/www.paytec.eu\/fr\/prodotto\/maitre-mdb-avec-lecteur-mifare\/","og_locale":"de_DE","og_type":"article","og_title":"MDB-Master mit Mifare-Leseger\u00e4t CAIMAN MDB-MDB - Paytec","og_description":"Der MDB-Master mit Mifare-Leseger\u00e4t CAIMAN MDB-MDB bietet alle bargeldlosen Funktionen zusammen mit schnellem und sicherem Lesen\/Schreiben von Schl\u00fcsseln.","og_url":"https:\/\/www.paytec.eu\/fr\/prodotto\/maitre-mdb-avec-lecteur-mifare\/","og_site_name":"Paytec","article_modified_time":"2023-10-27T07:48:24+00:00","og_image":[{"width":744,"height":800,"url":"https:\/\/www.paytec.eu\/wp-content\/uploads\/2022\/03\/caiman2-exe-eur-MiFare.jpg","type":"image\/jpeg"}],"twitter_card":"summary_large_image","twitter_misc":{"Gesch\u00e4tzte Lesezeit":"1\u00a0Minute"},"schema":{"@context":"https:\/\/schema.org","@graph":[{"@type":"WebPage","@id":"https:\/\/www.paytec.eu\/fr\/prodotto\/maitre-mdb-avec-lecteur-mifare\/","url":"https:\/\/www.paytec.eu\/fr\/prodotto\/maitre-mdb-avec-lecteur-mifare\/","name":"MDB-Master mit Mifare-Leseger\u00e4t CAIMAN MDB-MDB - Paytec","isPartOf":{"@id":"https:\/\/www.paytec.eu\/#website"},"datePublished":"2022-03-31T12:29:32+00:00","dateModified":"2023-10-27T07:48:24+00:00","description":"Der MDB-Master mit Mifare-Leseger\u00e4t CAIMAN MDB-MDB bietet alle bargeldlosen Funktionen zusammen mit schnellem und sicherem Lesen\/Schreiben von Schl\u00fcsseln.","breadcrumb":{"@id":"https:\/\/www.paytec.eu\/fr\/prodotto\/maitre-mdb-avec-lecteur-mifare\/#breadcrumb"},"inLanguage":"de","potentialAction":[{"@type":"ReadAction","target":["https:\/\/www.paytec.eu\/fr\/prodotto\/maitre-mdb-avec-lecteur-mifare\/"]}]},{"@type":"BreadcrumbList","@id":"https:\/\/www.paytec.eu\/fr\/prodotto\/maitre-mdb-avec-lecteur-mifare\/#breadcrumb","itemListElement":[{"@type":"ListItem","position":1,"name":"Home","item":"https:\/\/www.paytec.eu\/de\/"},{"@type":"ListItem","position":2,"name":"Shop","item":"https:\/\/www.paytec.eu\/de\/shop\/"},{"@type":"ListItem","position":3,"name":"Cashless","item":"https:\/\/www.paytec.eu\/de\/categoria-prodotto\/cashless-de\/"},{"@type":"ListItem","position":4,"name":"CAIMAN2 MIFARE\u00ae MDB-MDB EUR"}]},{"@type":"WebSite","@id":"https:\/\/www.paytec.eu\/#website","url":"https:\/\/www.paytec.eu\/","name":"Paytec","description":"Smart Payments for Vending","potentialAction":[{"@type":"SearchAction","target":{"@type":"EntryPoint","urlTemplate":"https:\/\/www.paytec.eu\/?s={search_term_string}"},"query-input":"required name=search_term_string"}],"inLanguage":"de"}]}},"_links":{"self":[{"href":"https:\/\/www.paytec.eu\/de\/wp-json\/wp\/v2\/product\/8501","targetHints":{"allow":["GET"]}}],"collection":[{"href":"https:\/\/www.paytec.eu\/de\/wp-json\/wp\/v2\/product"}],"about":[{"href":"https:\/\/www.paytec.eu\/de\/wp-json\/wp\/v2\/types\/product"}],"wp:featuredmedia":[{"embeddable":true,"href":"https:\/\/www.paytec.eu\/de\/wp-json\/wp\/v2\/media\/14602"}],"wp:attachment":[{"href":"https:\/\/www.paytec.eu\/de\/wp-json\/wp\/v2\/media?parent=8501"}],"wp:term":[{"taxonomy":"product_cat","embeddable":true,"href":"https:\/\/www.paytec.eu\/de\/wp-json\/wp\/v2\/product_cat?post=8501"},{"taxonomy":"product_tag","embeddable":true,"href":"https:\/\/www.paytec.eu\/de\/wp-json\/wp\/v2\/product_tag?post=8501"}],"curies":[{"name":"wp","href":"https:\/\/api.w.org\/{rel}","templated":true}]}}