{"id":8520,"date":"2022-03-31T13:08:05","date_gmt":"2022-03-31T13:08:06","guid":{"rendered":"https:\/\/www.paytec.eu\/?post_type=product&#038;p=8520"},"modified":"2023-10-27T08:12:18","modified_gmt":"2023-10-27T08:12:18","slug":"exe-master-mit-pit-schluesselleser","status":"publish","type":"product","link":"https:\/\/www.paytec.eu\/de\/prodotto\/exe-master-mit-pit-schluesselleser\/","title":{"rendered":"CAIMAN2 PIT EXE EUR"},"content":{"rendered":"<p>Der <strong>CAIMAN EXE Master mit PIT-Schl\u00fcsselleser<\/strong> wurde f\u00fcr den Betrieb mit dem Verkaufsautomaten im Executive-Modus konzipiert. Als \u201eMaster\u201c -Einheit kann das System im Price-Holding-Modus mit 100 Preisen arbeiten oder das Preismanagement an den Automaten delegieren.<br \/>\nDas System umfasst ein PIT-Leseger\u00e4t, das die herk\u00f6mmlichen PIT -Schl\u00fcssel\/Karten verwaltet und gleichzeitig zwei weitere bargeldlose MDB-Ger\u00e4te (Kreditkartenleseger\u00e4t, Zahlungs-App) sowie weitere Bargeld-Peripherieger\u00e4te wie ein impulsives Banknotenleseger\u00e4t, ein MDB-M\u00fcnzwechsler oder einen 24-V-M\u00fcnzpr\u00fcfer verwalten kann.<br \/>\nNeben der klassischen Kreditverwaltung f\u00fcr die Schl\u00fcssel bietet das System extreme Flexibilit\u00e4t bei der Festlegung von Preisen und Rabatten.<\/p>\n<p>Bei richtiger Konfiguration kann der CAIMAN EXE Master mit PIT-Schl\u00fcsselleser\u00a0direkt von einem Bankkartenleser ein Guthaben auf die Schl\u00fcssel laden, wodurch die Provisionen reduziert und Bargeld vollst\u00e4ndig aus dem Kreislauf eliminiert wird.<\/p>\n<p>Die Konfiguration und Erfassung von Auditdaten kann mit einer Vielzahl von Tools und Technologien erfolgen, einschlie\u00dflich der PayTools App. Das Audit umfasst auch alle Informationen aus des MDB-M\u00fcnzwechlser, einschlie\u00dflich der Menge der M\u00fcnzen in den einzelnen Tuben.<\/p>\n","protected":false},"excerpt":{"rendered":"<div id=\"product-description-short-105\">\n<p>Dank seiner vielseitigen Architektur und zahlreichen intelligenten Verwaltungsfunktionen erh\u00f6ht die Installation eines bargeldlosen Caiman-Systems das Potenzial des Distributors und bietet ihm wichtige Marketing- und Promotion-Tools, um den Umsatz zu steigern und die Kundenbindung zu verbessern.<\/p>\n<\/div>\n<div class=\"product-actions\">\n<form id=\"add-to-cart-or-refresh\" action=\"https:\/\/shop.paytec.eu\/it\/carrello\" method=\"post\">\n<div class=\"product-variants\"><\/div>\n<section class=\"product-discounts\"><\/section>\n<\/form>\n<\/div>\n","protected":false},"featured_media":14597,"template":"","meta":[],"product_cat":[157],"product_tag":[],"class_list":["post-8520","product","type-product","status-publish","has-post-thumbnail","hentry","product_cat-cashless-de"],"acf":[],"yoast_head":"<!-- This site is optimized with the Yoast SEO plugin v21.1 - https:\/\/yoast.com\/wordpress\/plugins\/seo\/ -->\n<title>EXE Master mit PIT-Schl\u00fcsselleser - Paytec<\/title>\n<meta name=\"description\" content=\"Der CAIMAN EXE Master mit PIT-Schl\u00fcsselleser erm\u00f6glicht die vollst\u00e4ndige Verwaltung von Zahlungs- und Verkaufsdaten und integriert einen PIT-Schl\u00fcsselleser.\" \/>\n<meta name=\"robots\" content=\"index, follow, max-snippet:-1, max-image-preview:large, max-video-preview:-1\" \/>\n<link rel=\"canonical\" href=\"https:\/\/www.paytec.eu\/fr\/prodotto\/maitre-exe-avec-lecteur\/\" \/>\n<meta property=\"og:locale\" content=\"de_DE\" \/>\n<meta property=\"og:type\" content=\"article\" \/>\n<meta property=\"og:title\" content=\"EXE Master mit PIT-Schl\u00fcsselleser - Paytec\" \/>\n<meta property=\"og:description\" content=\"Der CAIMAN EXE Master mit PIT-Schl\u00fcsselleser erm\u00f6glicht die vollst\u00e4ndige Verwaltung von Zahlungs- und Verkaufsdaten und integriert einen PIT-Schl\u00fcsselleser.\" \/>\n<meta property=\"og:url\" content=\"https:\/\/www.paytec.eu\/fr\/prodotto\/maitre-exe-avec-lecteur\/\" \/>\n<meta property=\"og:site_name\" content=\"Paytec\" \/>\n<meta property=\"article:modified_time\" content=\"2023-10-27T08:12:18+00:00\" \/>\n<meta property=\"og:image\" content=\"https:\/\/www.paytec.eu\/wp-content\/uploads\/2022\/03\/caiman2-exe-eur-Pit.jpg\" \/>\n\t<meta property=\"og:image:width\" content=\"744\" \/>\n\t<meta property=\"og:image:height\" content=\"800\" \/>\n\t<meta property=\"og:image:type\" content=\"image\/jpeg\" \/>\n<meta name=\"twitter:card\" content=\"summary_large_image\" \/>\n<meta name=\"twitter:label1\" content=\"Gesch\u00e4tzte Lesezeit\" \/>\n\t<meta name=\"twitter:data1\" content=\"1\u00a0Minute\" \/>\n<script type=\"application\/ld+json\" class=\"yoast-schema-graph\">{\"@context\":\"https:\/\/schema.org\",\"@graph\":[{\"@type\":\"WebPage\",\"@id\":\"https:\/\/www.paytec.eu\/fr\/prodotto\/maitre-exe-avec-lecteur\/\",\"url\":\"https:\/\/www.paytec.eu\/fr\/prodotto\/maitre-exe-avec-lecteur\/\",\"name\":\"EXE Master mit PIT-Schl\u00fcsselleser - Paytec\",\"isPartOf\":{\"@id\":\"https:\/\/www.paytec.eu\/#website\"},\"datePublished\":\"2022-03-31T13:08:06+00:00\",\"dateModified\":\"2023-10-27T08:12:18+00:00\",\"description\":\"Der CAIMAN EXE Master mit PIT-Schl\u00fcsselleser erm\u00f6glicht die vollst\u00e4ndige Verwaltung von Zahlungs- und Verkaufsdaten und integriert einen PIT-Schl\u00fcsselleser.\",\"breadcrumb\":{\"@id\":\"https:\/\/www.paytec.eu\/fr\/prodotto\/maitre-exe-avec-lecteur\/#breadcrumb\"},\"inLanguage\":\"de\",\"potentialAction\":[{\"@type\":\"ReadAction\",\"target\":[\"https:\/\/www.paytec.eu\/fr\/prodotto\/maitre-exe-avec-lecteur\/\"]}]},{\"@type\":\"BreadcrumbList\",\"@id\":\"https:\/\/www.paytec.eu\/fr\/prodotto\/maitre-exe-avec-lecteur\/#breadcrumb\",\"itemListElement\":[{\"@type\":\"ListItem\",\"position\":1,\"name\":\"Home\",\"item\":\"https:\/\/www.paytec.eu\/de\/\"},{\"@type\":\"ListItem\",\"position\":2,\"name\":\"Shop\",\"item\":\"https:\/\/www.paytec.eu\/de\/shop\/\"},{\"@type\":\"ListItem\",\"position\":3,\"name\":\"Cashless\",\"item\":\"https:\/\/www.paytec.eu\/de\/categoria-prodotto\/cashless-de\/\"},{\"@type\":\"ListItem\",\"position\":4,\"name\":\"CAIMAN2 PIT EXE EUR\"}]},{\"@type\":\"WebSite\",\"@id\":\"https:\/\/www.paytec.eu\/#website\",\"url\":\"https:\/\/www.paytec.eu\/\",\"name\":\"Paytec\",\"description\":\"Smart Payments for Vending\",\"potentialAction\":[{\"@type\":\"SearchAction\",\"target\":{\"@type\":\"EntryPoint\",\"urlTemplate\":\"https:\/\/www.paytec.eu\/?s={search_term_string}\"},\"query-input\":\"required name=search_term_string\"}],\"inLanguage\":\"de\"}]}<\/script>\n<!-- \/ Yoast SEO plugin. -->","yoast_head_json":{"title":"EXE Master mit PIT-Schl\u00fcsselleser - Paytec","description":"Der CAIMAN EXE Master mit PIT-Schl\u00fcsselleser erm\u00f6glicht die vollst\u00e4ndige Verwaltung von Zahlungs- und Verkaufsdaten und integriert einen PIT-Schl\u00fcsselleser.","robots":{"index":"index","follow":"follow","max-snippet":"max-snippet:-1","max-image-preview":"max-image-preview:large","max-video-preview":"max-video-preview:-1"},"canonical":"https:\/\/www.paytec.eu\/fr\/prodotto\/maitre-exe-avec-lecteur\/","og_locale":"de_DE","og_type":"article","og_title":"EXE Master mit PIT-Schl\u00fcsselleser - Paytec","og_description":"Der CAIMAN EXE Master mit PIT-Schl\u00fcsselleser erm\u00f6glicht die vollst\u00e4ndige Verwaltung von Zahlungs- und Verkaufsdaten und integriert einen PIT-Schl\u00fcsselleser.","og_url":"https:\/\/www.paytec.eu\/fr\/prodotto\/maitre-exe-avec-lecteur\/","og_site_name":"Paytec","article_modified_time":"2023-10-27T08:12:18+00:00","og_image":[{"width":744,"height":800,"url":"https:\/\/www.paytec.eu\/wp-content\/uploads\/2022\/03\/caiman2-exe-eur-Pit.jpg","type":"image\/jpeg"}],"twitter_card":"summary_large_image","twitter_misc":{"Gesch\u00e4tzte Lesezeit":"1\u00a0Minute"},"schema":{"@context":"https:\/\/schema.org","@graph":[{"@type":"WebPage","@id":"https:\/\/www.paytec.eu\/fr\/prodotto\/maitre-exe-avec-lecteur\/","url":"https:\/\/www.paytec.eu\/fr\/prodotto\/maitre-exe-avec-lecteur\/","name":"EXE Master mit PIT-Schl\u00fcsselleser - Paytec","isPartOf":{"@id":"https:\/\/www.paytec.eu\/#website"},"datePublished":"2022-03-31T13:08:06+00:00","dateModified":"2023-10-27T08:12:18+00:00","description":"Der CAIMAN EXE Master mit PIT-Schl\u00fcsselleser erm\u00f6glicht die vollst\u00e4ndige Verwaltung von Zahlungs- und Verkaufsdaten und integriert einen PIT-Schl\u00fcsselleser.","breadcrumb":{"@id":"https:\/\/www.paytec.eu\/fr\/prodotto\/maitre-exe-avec-lecteur\/#breadcrumb"},"inLanguage":"de","potentialAction":[{"@type":"ReadAction","target":["https:\/\/www.paytec.eu\/fr\/prodotto\/maitre-exe-avec-lecteur\/"]}]},{"@type":"BreadcrumbList","@id":"https:\/\/www.paytec.eu\/fr\/prodotto\/maitre-exe-avec-lecteur\/#breadcrumb","itemListElement":[{"@type":"ListItem","position":1,"name":"Home","item":"https:\/\/www.paytec.eu\/de\/"},{"@type":"ListItem","position":2,"name":"Shop","item":"https:\/\/www.paytec.eu\/de\/shop\/"},{"@type":"ListItem","position":3,"name":"Cashless","item":"https:\/\/www.paytec.eu\/de\/categoria-prodotto\/cashless-de\/"},{"@type":"ListItem","position":4,"name":"CAIMAN2 PIT EXE EUR"}]},{"@type":"WebSite","@id":"https:\/\/www.paytec.eu\/#website","url":"https:\/\/www.paytec.eu\/","name":"Paytec","description":"Smart Payments for Vending","potentialAction":[{"@type":"SearchAction","target":{"@type":"EntryPoint","urlTemplate":"https:\/\/www.paytec.eu\/?s={search_term_string}"},"query-input":"required name=search_term_string"}],"inLanguage":"de"}]}},"_links":{"self":[{"href":"https:\/\/www.paytec.eu\/de\/wp-json\/wp\/v2\/product\/8520","targetHints":{"allow":["GET"]}}],"collection":[{"href":"https:\/\/www.paytec.eu\/de\/wp-json\/wp\/v2\/product"}],"about":[{"href":"https:\/\/www.paytec.eu\/de\/wp-json\/wp\/v2\/types\/product"}],"wp:featuredmedia":[{"embeddable":true,"href":"https:\/\/www.paytec.eu\/de\/wp-json\/wp\/v2\/media\/14597"}],"wp:attachment":[{"href":"https:\/\/www.paytec.eu\/de\/wp-json\/wp\/v2\/media?parent=8520"}],"wp:term":[{"taxonomy":"product_cat","embeddable":true,"href":"https:\/\/www.paytec.eu\/de\/wp-json\/wp\/v2\/product_cat?post=8520"},{"taxonomy":"product_tag","embeddable":true,"href":"https:\/\/www.paytec.eu\/de\/wp-json\/wp\/v2\/product_tag?post=8520"}],"curies":[{"name":"wp","href":"https:\/\/api.w.org\/{rel}","templated":true}]}}