{"id":9258,"date":"2022-07-05T12:15:37","date_gmt":"2022-07-05T12:15:39","guid":{"rendered":"https:\/\/www.paytec.eu\/?post_type=product&#038;p=9258"},"modified":"2023-10-27T11:27:28","modified_gmt":"2023-10-27T11:27:28","slug":"ersatzteil-paytec-adapterplatte-von-giotto-nach-caiman","status":"publish","type":"product","link":"https:\/\/www.paytec.eu\/de\/prodotto\/ersatzteil-paytec-adapterplatte-von-giotto-nach-caiman\/","title":{"rendered":"ADAPTERPLATTE von GIOTTO nach CAIMAN_KIT 5 ST"},"content":{"rendered":"<p>Ersatzteil Paytec: Adapterplatte vom Cah&amp;Cashless Validator Giotto nach CAIMAN<\/p>\n<p>Verkauft in Kit von 5 Stuck<\/p>\n","protected":false},"excerpt":{"rendered":"<p>\u00dcber den Datenschl\u00fcssel ist es m\u00f6glich, Auditdaten von einem oder mehreren Caiman PIT-Zahlungssystemen zu \u00fcbernehmen.<\/p>\n","protected":false},"featured_media":9265,"template":"","meta":[],"product_cat":[168],"product_tag":[],"class_list":["post-9258","product","type-product","status-publish","has-post-thumbnail","hentry","tipologia-ersatzteile-caiman","product_cat-zubehor-und-ersatzteile"],"acf":[],"yoast_head":"<!-- This site is optimized with the Yoast SEO plugin v21.1 - https:\/\/yoast.com\/wordpress\/plugins\/seo\/ -->\n<title>Ersatzteil Paytec Adapterplatte von Giotto nach Caiman<\/title>\n<meta name=\"description\" content=\"Ersatzteil Paytec: Adapterplatte vom Cash&amp;Cashless Validator Giotto nach CAIMAN. Sofort verf\u00fcgbar auf dem Website www.paytec.eu\" \/>\n<meta name=\"robots\" content=\"index, follow, max-snippet:-1, max-image-preview:large, max-video-preview:-1\" \/>\n<link rel=\"canonical\" href=\"https:\/\/www.paytec.eu\/fr\/prodotto\/plaque-adaptation-de-giotto-a-caiman_kit-5-pcs\/\" \/>\n<meta property=\"og:locale\" content=\"de_DE\" \/>\n<meta property=\"og:type\" content=\"article\" \/>\n<meta property=\"og:title\" content=\"Ersatzteil Paytec Adapterplatte von Giotto nach Caiman\" \/>\n<meta property=\"og:description\" content=\"Ersatzteil Paytec: Adapterplatte vom Cash&amp;Cashless Validator Giotto nach CAIMAN. Sofort verf\u00fcgbar auf dem Website www.paytec.eu\" \/>\n<meta property=\"og:url\" content=\"https:\/\/www.paytec.eu\/fr\/prodotto\/plaque-adaptation-de-giotto-a-caiman_kit-5-pcs\/\" \/>\n<meta property=\"og:site_name\" content=\"Paytec\" \/>\n<meta property=\"article:modified_time\" content=\"2023-10-27T11:27:28+00:00\" \/>\n<meta property=\"og:image\" content=\"https:\/\/www.paytec.eu\/wp-content\/uploads\/2022\/07\/piastra-giotto-oscar_caiman.jpg\" \/>\n\t<meta property=\"og:image:width\" content=\"1200\" \/>\n\t<meta property=\"og:image:height\" content=\"1600\" \/>\n\t<meta property=\"og:image:type\" content=\"image\/jpeg\" \/>\n<meta name=\"twitter:card\" content=\"summary_large_image\" \/>\n<meta name=\"twitter:label1\" content=\"Gesch\u00e4tzte Lesezeit\" \/>\n\t<meta name=\"twitter:data1\" content=\"1\u00a0Minute\" \/>\n<script type=\"application\/ld+json\" class=\"yoast-schema-graph\">{\"@context\":\"https:\/\/schema.org\",\"@graph\":[{\"@type\":\"WebPage\",\"@id\":\"https:\/\/www.paytec.eu\/fr\/prodotto\/plaque-adaptation-de-giotto-a-caiman_kit-5-pcs\/\",\"url\":\"https:\/\/www.paytec.eu\/fr\/prodotto\/plaque-adaptation-de-giotto-a-caiman_kit-5-pcs\/\",\"name\":\"Ersatzteil Paytec Adapterplatte von Giotto nach Caiman\",\"isPartOf\":{\"@id\":\"https:\/\/www.paytec.eu\/#website\"},\"datePublished\":\"2022-07-05T12:15:39+00:00\",\"dateModified\":\"2023-10-27T11:27:28+00:00\",\"description\":\"Ersatzteil Paytec: Adapterplatte vom Cash&Cashless Validator Giotto nach CAIMAN. Sofort verf\u00fcgbar auf dem Website www.paytec.eu\",\"breadcrumb\":{\"@id\":\"https:\/\/www.paytec.eu\/fr\/prodotto\/plaque-adaptation-de-giotto-a-caiman_kit-5-pcs\/#breadcrumb\"},\"inLanguage\":\"de\",\"potentialAction\":[{\"@type\":\"ReadAction\",\"target\":[\"https:\/\/www.paytec.eu\/fr\/prodotto\/plaque-adaptation-de-giotto-a-caiman_kit-5-pcs\/\"]}]},{\"@type\":\"BreadcrumbList\",\"@id\":\"https:\/\/www.paytec.eu\/fr\/prodotto\/plaque-adaptation-de-giotto-a-caiman_kit-5-pcs\/#breadcrumb\",\"itemListElement\":[{\"@type\":\"ListItem\",\"position\":1,\"name\":\"Home\",\"item\":\"https:\/\/www.paytec.eu\/de\/\"},{\"@type\":\"ListItem\",\"position\":2,\"name\":\"Shop\",\"item\":\"https:\/\/www.paytec.eu\/de\/shop\/\"},{\"@type\":\"ListItem\",\"position\":3,\"name\":\"Zubeh\u00f6r und Ersatzteile\",\"item\":\"https:\/\/www.paytec.eu\/de\/categoria-prodotto\/zubehor-und-ersatzteile\/\"},{\"@type\":\"ListItem\",\"position\":4,\"name\":\"ADAPTERPLATTE von GIOTTO nach CAIMAN_KIT 5 ST\"}]},{\"@type\":\"WebSite\",\"@id\":\"https:\/\/www.paytec.eu\/#website\",\"url\":\"https:\/\/www.paytec.eu\/\",\"name\":\"Paytec\",\"description\":\"Smart Payments for Vending\",\"potentialAction\":[{\"@type\":\"SearchAction\",\"target\":{\"@type\":\"EntryPoint\",\"urlTemplate\":\"https:\/\/www.paytec.eu\/?s={search_term_string}\"},\"query-input\":\"required name=search_term_string\"}],\"inLanguage\":\"de\"}]}<\/script>\n<!-- \/ Yoast SEO plugin. -->","yoast_head_json":{"title":"Ersatzteil Paytec Adapterplatte von Giotto nach Caiman","description":"Ersatzteil Paytec: Adapterplatte vom Cash&Cashless Validator Giotto nach CAIMAN. Sofort verf\u00fcgbar auf dem Website www.paytec.eu","robots":{"index":"index","follow":"follow","max-snippet":"max-snippet:-1","max-image-preview":"max-image-preview:large","max-video-preview":"max-video-preview:-1"},"canonical":"https:\/\/www.paytec.eu\/fr\/prodotto\/plaque-adaptation-de-giotto-a-caiman_kit-5-pcs\/","og_locale":"de_DE","og_type":"article","og_title":"Ersatzteil Paytec Adapterplatte von Giotto nach Caiman","og_description":"Ersatzteil Paytec: Adapterplatte vom Cash&Cashless Validator Giotto nach CAIMAN. Sofort verf\u00fcgbar auf dem Website www.paytec.eu","og_url":"https:\/\/www.paytec.eu\/fr\/prodotto\/plaque-adaptation-de-giotto-a-caiman_kit-5-pcs\/","og_site_name":"Paytec","article_modified_time":"2023-10-27T11:27:28+00:00","og_image":[{"width":1200,"height":1600,"url":"https:\/\/www.paytec.eu\/wp-content\/uploads\/2022\/07\/piastra-giotto-oscar_caiman.jpg","type":"image\/jpeg"}],"twitter_card":"summary_large_image","twitter_misc":{"Gesch\u00e4tzte Lesezeit":"1\u00a0Minute"},"schema":{"@context":"https:\/\/schema.org","@graph":[{"@type":"WebPage","@id":"https:\/\/www.paytec.eu\/fr\/prodotto\/plaque-adaptation-de-giotto-a-caiman_kit-5-pcs\/","url":"https:\/\/www.paytec.eu\/fr\/prodotto\/plaque-adaptation-de-giotto-a-caiman_kit-5-pcs\/","name":"Ersatzteil Paytec Adapterplatte von Giotto nach Caiman","isPartOf":{"@id":"https:\/\/www.paytec.eu\/#website"},"datePublished":"2022-07-05T12:15:39+00:00","dateModified":"2023-10-27T11:27:28+00:00","description":"Ersatzteil Paytec: Adapterplatte vom Cash&Cashless Validator Giotto nach CAIMAN. Sofort verf\u00fcgbar auf dem Website www.paytec.eu","breadcrumb":{"@id":"https:\/\/www.paytec.eu\/fr\/prodotto\/plaque-adaptation-de-giotto-a-caiman_kit-5-pcs\/#breadcrumb"},"inLanguage":"de","potentialAction":[{"@type":"ReadAction","target":["https:\/\/www.paytec.eu\/fr\/prodotto\/plaque-adaptation-de-giotto-a-caiman_kit-5-pcs\/"]}]},{"@type":"BreadcrumbList","@id":"https:\/\/www.paytec.eu\/fr\/prodotto\/plaque-adaptation-de-giotto-a-caiman_kit-5-pcs\/#breadcrumb","itemListElement":[{"@type":"ListItem","position":1,"name":"Home","item":"https:\/\/www.paytec.eu\/de\/"},{"@type":"ListItem","position":2,"name":"Shop","item":"https:\/\/www.paytec.eu\/de\/shop\/"},{"@type":"ListItem","position":3,"name":"Zubeh\u00f6r und Ersatzteile","item":"https:\/\/www.paytec.eu\/de\/categoria-prodotto\/zubehor-und-ersatzteile\/"},{"@type":"ListItem","position":4,"name":"ADAPTERPLATTE von GIOTTO nach CAIMAN_KIT 5 ST"}]},{"@type":"WebSite","@id":"https:\/\/www.paytec.eu\/#website","url":"https:\/\/www.paytec.eu\/","name":"Paytec","description":"Smart Payments for Vending","potentialAction":[{"@type":"SearchAction","target":{"@type":"EntryPoint","urlTemplate":"https:\/\/www.paytec.eu\/?s={search_term_string}"},"query-input":"required name=search_term_string"}],"inLanguage":"de"}]}},"_links":{"self":[{"href":"https:\/\/www.paytec.eu\/de\/wp-json\/wp\/v2\/product\/9258","targetHints":{"allow":["GET"]}}],"collection":[{"href":"https:\/\/www.paytec.eu\/de\/wp-json\/wp\/v2\/product"}],"about":[{"href":"https:\/\/www.paytec.eu\/de\/wp-json\/wp\/v2\/types\/product"}],"wp:featuredmedia":[{"embeddable":true,"href":"https:\/\/www.paytec.eu\/de\/wp-json\/wp\/v2\/media\/9265"}],"wp:attachment":[{"href":"https:\/\/www.paytec.eu\/de\/wp-json\/wp\/v2\/media?parent=9258"}],"wp:term":[{"taxonomy":"product_cat","embeddable":true,"href":"https:\/\/www.paytec.eu\/de\/wp-json\/wp\/v2\/product_cat?post=9258"},{"taxonomy":"product_tag","embeddable":true,"href":"https:\/\/www.paytec.eu\/de\/wp-json\/wp\/v2\/product_tag?post=9258"}],"curies":[{"name":"wp","href":"https:\/\/api.w.org\/{rel}","templated":true}]}}