{"id":13721,"date":"2024-03-12T07:50:38","date_gmt":"2024-03-12T07:50:38","guid":{"rendered":"https:\/\/www.paytec.eu\/solicitud-de-devolucion-de-producto\/"},"modified":"2024-03-12T10:36:13","modified_gmt":"2024-03-12T10:36:13","slug":"solicitud-de-devolucion-de-producto","status":"publish","type":"page","link":"https:\/\/www.paytec.eu\/es\/solicitud-de-devolucion-de-producto\/","title":{"rendered":"Solicitud de devoluci\u00f3n de producto"},"content":{"rendered":"<p>[vc_row css_animation=\u00bb\u00bb row_type=\u00bbrow\u00bb use_row_as_full_screen_section=\u00bbno\u00bb type=\u00bbgrid\u00bb angled_section=\u00bbno\u00bb text_align=\u00bbleft\u00bb background_image_as_pattern=\u00bbwithout_pattern\u00bb z_index=\u00bb\u00bb][vc_column][vc_column_text]<\/p>\n<h2 style=\"text-align: center;\">SOLICITUD DE DEVOLUCI\u00d3N DE PRODUCTO<\/h2>\n<p>[\/vc_column_text][vc_column_text]<\/p>\n<p style=\"text-align: left;\">\u00bfCometiste un error con tu pedido y quieres devolver un producto? Complete el siguiente formulario para solicitar autorizaci\u00f3n de devoluci\u00f3n y <strong>espere la respuesta<\/strong> de nuestra oficina de ventas antes de enviar los productos.<\/p>\n<p style=\"text-align: left;\">Mientras tanto, te recordamos lo dispuesto en el art\u00edculo 6 de nuestras Condiciones Generales de Venta:<\/p>\n<p style=\"text-align: left;\"><em>6.1 Transcurridos 12 (doce) meses a partir de la fecha de entrega de los Productos al Cliente, Paytec no considerar\u00e1 ning\u00fan tr\u00e1mite o solicitud de devoluci\u00f3n.<\/em><br \/>\n<em>6.2 Las devoluciones deben ser previamente verificadas, acordadas y autorizadas por escrito por Paytec y deben llegar a Paytec dentro de los 30 (treinta) d\u00edas posteriores a la autorizaci\u00f3n. Si este plazo venciera sin \u00e9xito, cualquier acuerdo o autorizaci\u00f3n de devoluci\u00f3n caducar\u00e1.<\/em><br \/>\n<em>6.3 Cualquier costo de devoluci\u00f3n de Productos sigue siendo responsabilidad exclusiva del Cliente.<\/em><\/p>\n<p>[\/vc_column_text][vc_separator type=\u00bbnormal\u00bb]<div role=\"form\" class=\"wpcf7\" id=\"wpcf7-f13726-o1\" lang=\"it-IT\" dir=\"ltr\">\n<div class=\"screen-reader-response\"><p role=\"status\" aria-live=\"polite\" aria-atomic=\"true\"><\/p> <ul><\/ul><\/div>\n<form action=\"\/es\/wp-json\/wp\/v2\/pages\/13721#wpcf7-f13726-o1\" method=\"post\" class=\"wpcf7-form init cf7_custom_style_1\" novalidate=\"novalidate\" data-status=\"init\">\n<div style=\"display: none;\">\n<input type=\"hidden\" name=\"_wpcf7\" value=\"13726\" \/>\n<input type=\"hidden\" name=\"_wpcf7_version\" value=\"5.5.3\" \/>\n<input type=\"hidden\" name=\"_wpcf7_locale\" value=\"it_IT\" \/>\n<input type=\"hidden\" name=\"_wpcf7_unit_tag\" value=\"wpcf7-f13726-o1\" \/>\n<input type=\"hidden\" name=\"_wpcf7_container_post\" value=\"0\" \/>\n<input type=\"hidden\" name=\"_wpcf7_posted_data_hash\" value=\"\" \/>\n<input type=\"hidden\" name=\"_wpcf7_recaptcha_response\" value=\"\" \/>\n<\/div>\n<div class=\"vc_row\">\n<div class=\"vc_col-md-12\">\n<div class=\"wpcf7-response-output\" aria-hidden=\"true\"><\/div>\n<\/div>\n<\/div>\n<div class=\"vc_row\">\n<div class=\"vc_col-md-6\"><span class=\"wpcf7-form-control-wrap ragsoc\"><input type=\"text\" name=\"ragsoc\" value=\"\" size=\"40\" class=\"wpcf7-form-control wpcf7-text wpcf7-validates-as-required\" aria-required=\"true\" aria-invalid=\"false\" placeholder=\"Nombre Empresa*\" \/><\/span><\/div>\n<div class=\"vc_col-md-6\"><span class=\"wpcf7-form-control-wrap nome\"><input type=\"text\" name=\"nome\" value=\"\" size=\"40\" class=\"wpcf7-form-control wpcf7-text wpcf7-validates-as-required\" aria-required=\"true\" aria-invalid=\"false\" placeholder=\"Nombre Persona de contacto*\" \/><\/span><\/div>\n<\/div>\n<div class=\"vc_row\">\n<div class=\"vc_col-md-6\"><span class=\"wpcf7-form-control-wrap email\"><input type=\"email\" name=\"email\" value=\"\" size=\"40\" class=\"wpcf7-form-control wpcf7-text wpcf7-email wpcf7-validates-as-required wpcf7-validates-as-email\" aria-required=\"true\" aria-invalid=\"false\" placeholder=\"E-mail*\" \/><\/span><\/div>\n<div class=\"vc_col-md-6\"><span class=\"wpcf7-form-control-wrap tel\"><input type=\"tel\" name=\"tel\" value=\"\" size=\"40\" class=\"wpcf7-form-control wpcf7-text wpcf7-tel wpcf7-validates-as-required wpcf7-validates-as-tel\" aria-required=\"true\" aria-invalid=\"false\" placeholder=\"Tel\u00e9fono*\" \/><\/span><\/div>\n<\/div>\n<div class=\"vc_row\">\n<div class=\"vc_col-md-12\">\n<h4>Producto a devolver<\/h4>\n<\/div>\n<\/div>\n<p><span class=\"wpcf7-form-control-wrap NomeProd\"><textarea name=\"NomeProd\" cols=\"40\" rows=\"10\" class=\"wpcf7-form-control wpcf7-textarea\" aria-invalid=\"false\" placeholder=\"Nombre Producto\"><\/textarea><\/span><br \/>\nMotivo de la devoluci\u00f3n:<br \/>\n<span class=\"wpcf7-form-control-wrap breveDes\"><textarea name=\"breveDes\" cols=\"40\" rows=\"10\" class=\"wpcf7-form-control wpcf7-textarea\" aria-invalid=\"false\" placeholder=\"Breve descripci\u00f3n\"><\/textarea><\/span>\n<\/p><\/div>\n<\/div>\n<div class=\"vc_col-md-12\"><span class=\"wpcf7-form-control-wrap acceptance-475\"><span class=\"wpcf7-form-control wpcf7-acceptance\"><span class=\"wpcf7-list-item\"><input type=\"checkbox\" name=\"acceptance-475\" value=\"1\" aria-invalid=\"false\" \/><\/span><\/span><\/span> <span style=\"font-size:12px;\">He le\u00eddo la <a href=\"?page_id=20\">Privacy Policy<\/a> y acepto el tratamiento de datos personales.<\/span><\/div>\n<div class=\"vc_row\">\n<div class=\"vc_col-md-12\"><input type=\"submit\" value=\"Enviar\" class=\"wpcf7-form-control has-spinner wpcf7-submit\" \/><\/div>\n<\/div>\n<input type='hidden' class='wpcf7-pum' value='{\"closepopup\":false,\"closedelay\":0,\"openpopup\":false,\"openpopup_id\":0}' \/><\/form><\/div>[\/vc_column][\/vc_row]<\/p>\n","protected":false},"excerpt":{"rendered":"<p>[vc_row css_animation=\u00bb\u00bb row_type=\u00bbrow\u00bb use_row_as_full_screen_section=\u00bbno\u00bb type=\u00bbgrid\u00bb angled_section=\u00bbno\u00bb text_align=\u00bbleft\u00bb background_image_as_pattern=\u00bbwithout_pattern\u00bb z_index=\u00bb\u00bb][vc_column][vc_column_text] SOLICITUD DE DEVOLUCI\u00d3N DE PRODUCTO [\/vc_column_text][vc_column_text] \u00bfCometiste un error con tu pedido y quieres devolver un producto? Complete el siguiente formulario para solicitar autorizaci\u00f3n de devoluci\u00f3n y espere la respuesta de nuestra oficina de ventas antes&#8230;<\/p>\n","protected":false},"author":3,"featured_media":0,"parent":0,"menu_order":0,"comment_status":"closed","ping_status":"closed","template":"full_width.php","meta":{"footnotes":""},"class_list":["post-13721","page","type-page","status-publish","hentry"],"acf":[],"yoast_head":"<!-- This site is optimized with the Yoast SEO plugin v21.1 - https:\/\/yoast.com\/wordpress\/plugins\/seo\/ -->\n<title>Solicitud de devoluci\u00f3n de producto - Paytec<\/title>\n<meta name=\"robots\" content=\"index, follow, max-snippet:-1, max-image-preview:large, max-video-preview:-1\" \/>\n<link rel=\"canonical\" href=\"https:\/\/www.paytec.eu\/es\/solicitud-de-devolucion-de-producto\/\" \/>\n<meta property=\"og:locale\" content=\"es_ES\" \/>\n<meta property=\"og:type\" content=\"article\" \/>\n<meta property=\"og:title\" content=\"Solicitud de devoluci\u00f3n de producto - Paytec\" \/>\n<meta property=\"og:description\" content=\"[vc_row css_animation=\u00bb\u00bb row_type=\u00bbrow\u00bb use_row_as_full_screen_section=\u00bbno\u00bb type=\u00bbgrid\u00bb angled_section=\u00bbno\u00bb text_align=\u00bbleft\u00bb background_image_as_pattern=\u00bbwithout_pattern\u00bb z_index=\u00bb\u00bb][vc_column][vc_column_text] SOLICITUD DE DEVOLUCI\u00d3N DE PRODUCTO [\/vc_column_text][vc_column_text] \u00bfCometiste un error con tu pedido y quieres devolver un producto? Complete el siguiente formulario para solicitar autorizaci\u00f3n de devoluci\u00f3n y espere la respuesta de nuestra oficina de ventas antes...\" \/>\n<meta property=\"og:url\" content=\"https:\/\/www.paytec.eu\/es\/solicitud-de-devolucion-de-producto\/\" \/>\n<meta property=\"og:site_name\" content=\"Paytec\" \/>\n<meta property=\"article:modified_time\" content=\"2024-03-12T10:36:13+00:00\" \/>\n<meta name=\"twitter:card\" content=\"summary_large_image\" \/>\n<meta name=\"twitter:label1\" content=\"Tiempo de lectura\" \/>\n\t<meta name=\"twitter:data1\" content=\"1 minuto\" \/>\n<script type=\"application\/ld+json\" class=\"yoast-schema-graph\">{\"@context\":\"https:\/\/schema.org\",\"@graph\":[{\"@type\":\"WebPage\",\"@id\":\"https:\/\/www.paytec.eu\/es\/solicitud-de-devolucion-de-producto\/\",\"url\":\"https:\/\/www.paytec.eu\/es\/solicitud-de-devolucion-de-producto\/\",\"name\":\"Solicitud de devoluci\u00f3n de producto - Paytec\",\"isPartOf\":{\"@id\":\"https:\/\/www.paytec.eu\/#website\"},\"datePublished\":\"2024-03-12T07:50:38+00:00\",\"dateModified\":\"2024-03-12T10:36:13+00:00\",\"breadcrumb\":{\"@id\":\"https:\/\/www.paytec.eu\/es\/solicitud-de-devolucion-de-producto\/#breadcrumb\"},\"inLanguage\":\"es\",\"potentialAction\":[{\"@type\":\"ReadAction\",\"target\":[\"https:\/\/www.paytec.eu\/es\/solicitud-de-devolucion-de-producto\/\"]}]},{\"@type\":\"BreadcrumbList\",\"@id\":\"https:\/\/www.paytec.eu\/es\/solicitud-de-devolucion-de-producto\/#breadcrumb\",\"itemListElement\":[{\"@type\":\"ListItem\",\"position\":1,\"name\":\"Home\",\"item\":\"https:\/\/www.paytec.eu\/es\/\"},{\"@type\":\"ListItem\",\"position\":2,\"name\":\"Solicitud de devoluci\u00f3n de producto\"}]},{\"@type\":\"WebSite\",\"@id\":\"https:\/\/www.paytec.eu\/#website\",\"url\":\"https:\/\/www.paytec.eu\/\",\"name\":\"Paytec\",\"description\":\"Smart Payments for Vending\",\"potentialAction\":[{\"@type\":\"SearchAction\",\"target\":{\"@type\":\"EntryPoint\",\"urlTemplate\":\"https:\/\/www.paytec.eu\/?s={search_term_string}\"},\"query-input\":\"required name=search_term_string\"}],\"inLanguage\":\"es\"}]}<\/script>\n<!-- \/ Yoast SEO plugin. -->","yoast_head_json":{"title":"Solicitud de devoluci\u00f3n de producto - Paytec","robots":{"index":"index","follow":"follow","max-snippet":"max-snippet:-1","max-image-preview":"max-image-preview:large","max-video-preview":"max-video-preview:-1"},"canonical":"https:\/\/www.paytec.eu\/es\/solicitud-de-devolucion-de-producto\/","og_locale":"es_ES","og_type":"article","og_title":"Solicitud de devoluci\u00f3n de producto - Paytec","og_description":"[vc_row css_animation=\u00bb\u00bb row_type=\u00bbrow\u00bb use_row_as_full_screen_section=\u00bbno\u00bb type=\u00bbgrid\u00bb angled_section=\u00bbno\u00bb text_align=\u00bbleft\u00bb background_image_as_pattern=\u00bbwithout_pattern\u00bb z_index=\u00bb\u00bb][vc_column][vc_column_text] SOLICITUD DE DEVOLUCI\u00d3N DE PRODUCTO [\/vc_column_text][vc_column_text] \u00bfCometiste un error con tu pedido y quieres devolver un producto? Complete el siguiente formulario para solicitar autorizaci\u00f3n de devoluci\u00f3n y espere la respuesta de nuestra oficina de ventas antes...","og_url":"https:\/\/www.paytec.eu\/es\/solicitud-de-devolucion-de-producto\/","og_site_name":"Paytec","article_modified_time":"2024-03-12T10:36:13+00:00","twitter_card":"summary_large_image","twitter_misc":{"Tiempo de lectura":"1 minuto"},"schema":{"@context":"https:\/\/schema.org","@graph":[{"@type":"WebPage","@id":"https:\/\/www.paytec.eu\/es\/solicitud-de-devolucion-de-producto\/","url":"https:\/\/www.paytec.eu\/es\/solicitud-de-devolucion-de-producto\/","name":"Solicitud de devoluci\u00f3n de producto - Paytec","isPartOf":{"@id":"https:\/\/www.paytec.eu\/#website"},"datePublished":"2024-03-12T07:50:38+00:00","dateModified":"2024-03-12T10:36:13+00:00","breadcrumb":{"@id":"https:\/\/www.paytec.eu\/es\/solicitud-de-devolucion-de-producto\/#breadcrumb"},"inLanguage":"es","potentialAction":[{"@type":"ReadAction","target":["https:\/\/www.paytec.eu\/es\/solicitud-de-devolucion-de-producto\/"]}]},{"@type":"BreadcrumbList","@id":"https:\/\/www.paytec.eu\/es\/solicitud-de-devolucion-de-producto\/#breadcrumb","itemListElement":[{"@type":"ListItem","position":1,"name":"Home","item":"https:\/\/www.paytec.eu\/es\/"},{"@type":"ListItem","position":2,"name":"Solicitud de devoluci\u00f3n de producto"}]},{"@type":"WebSite","@id":"https:\/\/www.paytec.eu\/#website","url":"https:\/\/www.paytec.eu\/","name":"Paytec","description":"Smart Payments for Vending","potentialAction":[{"@type":"SearchAction","target":{"@type":"EntryPoint","urlTemplate":"https:\/\/www.paytec.eu\/?s={search_term_string}"},"query-input":"required name=search_term_string"}],"inLanguage":"es"}]}},"_links":{"self":[{"href":"https:\/\/www.paytec.eu\/es\/wp-json\/wp\/v2\/pages\/13721","targetHints":{"allow":["GET"]}}],"collection":[{"href":"https:\/\/www.paytec.eu\/es\/wp-json\/wp\/v2\/pages"}],"about":[{"href":"https:\/\/www.paytec.eu\/es\/wp-json\/wp\/v2\/types\/page"}],"author":[{"embeddable":true,"href":"https:\/\/www.paytec.eu\/es\/wp-json\/wp\/v2\/users\/3"}],"replies":[{"embeddable":true,"href":"https:\/\/www.paytec.eu\/es\/wp-json\/wp\/v2\/comments?post=13721"}],"version-history":[{"count":0,"href":"https:\/\/www.paytec.eu\/es\/wp-json\/wp\/v2\/pages\/13721\/revisions"}],"wp:attachment":[{"href":"https:\/\/www.paytec.eu\/es\/wp-json\/wp\/v2\/media?parent=13721"}],"curies":[{"name":"wp","href":"https:\/\/api.w.org\/{rel}","templated":true}]}}