{"id":18313,"date":"2025-02-06T10:18:37","date_gmt":"2025-02-06T10:18:37","guid":{"rendered":"https:\/\/www.paytec.eu\/catalogo-paytec\/"},"modified":"2025-03-14T11:22:40","modified_gmt":"2025-03-14T11:22:40","slug":"catalogo-paytec","status":"publish","type":"page","link":"https:\/\/www.paytec.eu\/es\/catalogo-paytec\/","title":{"rendered":"Cat\u00e1logo Paytec"},"content":{"rendered":"<p>[vc_row css_animation=\u00bb\u00bb row_type=\u00bbrow\u00bb use_row_as_full_screen_section=\u00bbno\u00bb type=\u00bbfull_width\u00bb angled_section=\u00bbno\u00bb text_align=\u00bbleft\u00bb background_image_as_pattern=\u00bbwithout_pattern\u00bb][vc_column][vc_column_text]<\/p>\n<h3 style=\"text-align: center;\">Introduce tu direcci\u00f3n de correo electr\u00f3nico para recibir nuestro cat\u00e1logo de inmediato.<\/h3>\n<h3 style=\"text-align: center;\"><\/h3>\n<p>[\/vc_column_text][vc_empty_space]<div role=\"form\" class=\"wpcf7\" id=\"wpcf7-f18321-o1\" lang=\"it-IT\" dir=\"ltr\">\n<div class=\"screen-reader-response\"><p role=\"status\" aria-live=\"polite\" aria-atomic=\"true\"><\/p> <ul><\/ul><\/div>\n<form action=\"\/es\/wp-json\/wp\/v2\/pages\/18313#wpcf7-f18321-o1\" method=\"post\" class=\"wpcf7-form init cf7_custom_style_1\" novalidate=\"novalidate\" data-status=\"init\">\n<div style=\"display: none;\">\n<input type=\"hidden\" name=\"_wpcf7\" value=\"18321\" \/>\n<input type=\"hidden\" name=\"_wpcf7_version\" value=\"5.5.3\" \/>\n<input type=\"hidden\" name=\"_wpcf7_locale\" value=\"it_IT\" \/>\n<input type=\"hidden\" name=\"_wpcf7_unit_tag\" value=\"wpcf7-f18321-o1\" \/>\n<input type=\"hidden\" name=\"_wpcf7_container_post\" value=\"0\" \/>\n<input type=\"hidden\" name=\"_wpcf7_posted_data_hash\" value=\"\" \/>\n<input type=\"hidden\" name=\"_wpcf7_recaptcha_response\" value=\"\" \/>\n<\/div>\n<div class=\"vc_col-md-12\">\n<div class=\"wpcf7-response-output\" aria-hidden=\"true\"><\/div>\n<\/div>\n<div class=\"vc_col-md-12\">   <span class=\"wpcf7-form-control-wrap email\"><input type=\"email\" name=\"email\" value=\"\" size=\"40\" class=\"wpcf7-form-control wpcf7-text wpcf7-email wpcf7-validates-as-required wpcf7-validates-as-email\" aria-required=\"true\" aria-invalid=\"false\" placeholder=\"Email*\" \/><\/span> <\/div>\n<div class=\"vc_col-md-6\">    <span class=\"wpcf7-form-control-wrap nome\"><input type=\"text\" name=\"nome\" value=\"\" size=\"40\" class=\"wpcf7-form-control wpcf7-text\" aria-invalid=\"false\" placeholder=\"Nombre\" \/><\/span> <\/div>\n<div class=\"vc_col-md-6\">    <span class=\"wpcf7-form-control-wrap cognome\"><input type=\"text\" name=\"cognome\" value=\"\" size=\"40\" class=\"wpcf7-form-control wpcf7-text\" aria-invalid=\"false\" placeholder=\"Apellido\" \/><\/span> <\/div>\n<div class=\"vc_col-md-12\">   <span class=\"wpcf7-form-control-wrap azienda\"><input type=\"text\" name=\"azienda\" value=\"\" size=\"40\" class=\"wpcf7-form-control wpcf7-text\" aria-invalid=\"false\" placeholder=\"Sociedad\" \/><\/span> <\/div>\n<div class=\"vc_col-md-6\">    <span class=\"wpcf7-form-control-wrap tel\"><input type=\"tel\" name=\"tel\" value=\"\" size=\"40\" class=\"wpcf7-form-control wpcf7-text wpcf7-tel wpcf7-validates-as-tel\" aria-invalid=\"false\" placeholder=\"Tel\u00e9fono\" \/><\/span> <\/div>\n<div class=\"vc_col-md-6\">   <span class=\"wpcf7-form-control-wrap nazione\"><input type=\"text\" name=\"nazione\" value=\"\" size=\"40\" class=\"wpcf7-form-control wpcf7-text\" aria-invalid=\"false\" placeholder=\"Pa\u00eds\" \/><\/span> <\/div>\n<div class=\"vc_col-md-12\"><span class=\"wpcf7-form-control-wrap acceptance-475\"><span class=\"wpcf7-form-control wpcf7-acceptance\"><span class=\"wpcf7-list-item\"><input type=\"checkbox\" name=\"acceptance-475\" value=\"1\" aria-invalid=\"false\" \/><\/span><\/span><\/span> <span style=\"font-size:12px;\">He le\u00eddo la <a href=\"?page_id=20\">Pol\u00edtica de Privacidad<\/a> y acepto el tratamiento de datos personales.<\/span><\/div>\n<div class=\"vc_col-md-12\"><input type=\"submit\" value=\"Recibir ahora\" class=\"wpcf7-form-control has-spinner wpcf7-submit\" \/><\/div>\n<div class=\"hidden\">\n <span class=\"wpcf7-form-control-wrap slugpagina\"><input type=\"text\" name=\"slugpagina\" value=\"catalogo-paytec\" size=\"40\" class=\"wpcf7-form-control wpcf7dtx-dynamictext wpcf7-dynamictext\" id=\"post_slug\" aria-invalid=\"false\" \/><\/span> <\/div>\n<input type='hidden' class='wpcf7-pum' value='{\"closepopup\":false,\"closedelay\":0,\"openpopup\":false,\"openpopup_id\":0}' \/><\/form><\/div>[\/vc_column][\/vc_row]<\/p>\n","protected":false},"excerpt":{"rendered":"<p>[vc_row css_animation=\u00bb\u00bb row_type=\u00bbrow\u00bb use_row_as_full_screen_section=\u00bbno\u00bb type=\u00bbfull_width\u00bb angled_section=\u00bbno\u00bb text_align=\u00bbleft\u00bb background_image_as_pattern=\u00bbwithout_pattern\u00bb][vc_column][vc_column_text] Introduce tu direcci\u00f3n de correo electr\u00f3nico para recibir nuestro cat\u00e1logo de inmediato. [\/vc_column_text][vc_empty_space][\/vc_column][\/vc_row]<\/p>\n","protected":false},"author":3,"featured_media":0,"parent":0,"menu_order":0,"comment_status":"closed","ping_status":"closed","template":"","meta":{"footnotes":""},"class_list":["post-18313","page","type-page","status-publish","hentry"],"acf":[],"yoast_head":"<!-- This site is optimized with the Yoast SEO plugin v21.1 - https:\/\/yoast.com\/wordpress\/plugins\/seo\/ -->\n<title>Cat\u00e1logo Paytec - Paytec<\/title>\n<meta name=\"robots\" content=\"index, follow, max-snippet:-1, max-image-preview:large, max-video-preview:-1\" \/>\n<link rel=\"canonical\" href=\"https:\/\/www.paytec.eu\/es\/catalogo-paytec\/\" \/>\n<meta property=\"og:locale\" content=\"es_ES\" \/>\n<meta property=\"og:type\" content=\"article\" \/>\n<meta property=\"og:title\" content=\"Cat\u00e1logo Paytec - Paytec\" \/>\n<meta property=\"og:description\" content=\"[vc_row css_animation=\u00bb\u00bb row_type=\u00bbrow\u00bb use_row_as_full_screen_section=\u00bbno\u00bb type=\u00bbfull_width\u00bb angled_section=\u00bbno\u00bb text_align=\u00bbleft\u00bb background_image_as_pattern=\u00bbwithout_pattern\u00bb][vc_column][vc_column_text] Introduce tu direcci\u00f3n de correo electr\u00f3nico para recibir nuestro cat\u00e1logo de inmediato. [\/vc_column_text][vc_empty_space][\/vc_column][\/vc_row]\" \/>\n<meta property=\"og:url\" content=\"https:\/\/www.paytec.eu\/es\/catalogo-paytec\/\" \/>\n<meta property=\"og:site_name\" content=\"Paytec\" \/>\n<meta property=\"article:modified_time\" content=\"2025-03-14T11:22:40+00:00\" \/>\n<meta name=\"twitter:card\" content=\"summary_large_image\" \/>\n<meta name=\"twitter:label1\" content=\"Tiempo de lectura\" \/>\n\t<meta name=\"twitter:data1\" content=\"1 minuto\" \/>\n<script type=\"application\/ld+json\" class=\"yoast-schema-graph\">{\"@context\":\"https:\/\/schema.org\",\"@graph\":[{\"@type\":\"WebPage\",\"@id\":\"https:\/\/www.paytec.eu\/es\/catalogo-paytec\/\",\"url\":\"https:\/\/www.paytec.eu\/es\/catalogo-paytec\/\",\"name\":\"Cat\u00e1logo Paytec - Paytec\",\"isPartOf\":{\"@id\":\"https:\/\/www.paytec.eu\/#website\"},\"datePublished\":\"2025-02-06T10:18:37+00:00\",\"dateModified\":\"2025-03-14T11:22:40+00:00\",\"breadcrumb\":{\"@id\":\"https:\/\/www.paytec.eu\/es\/catalogo-paytec\/#breadcrumb\"},\"inLanguage\":\"es\",\"potentialAction\":[{\"@type\":\"ReadAction\",\"target\":[\"https:\/\/www.paytec.eu\/es\/catalogo-paytec\/\"]}]},{\"@type\":\"BreadcrumbList\",\"@id\":\"https:\/\/www.paytec.eu\/es\/catalogo-paytec\/#breadcrumb\",\"itemListElement\":[{\"@type\":\"ListItem\",\"position\":1,\"name\":\"Home\",\"item\":\"https:\/\/www.paytec.eu\/es\/\"},{\"@type\":\"ListItem\",\"position\":2,\"name\":\"Cat\u00e1logo Paytec\"}]},{\"@type\":\"WebSite\",\"@id\":\"https:\/\/www.paytec.eu\/#website\",\"url\":\"https:\/\/www.paytec.eu\/\",\"name\":\"Paytec\",\"description\":\"Smart Payments for Vending\",\"potentialAction\":[{\"@type\":\"SearchAction\",\"target\":{\"@type\":\"EntryPoint\",\"urlTemplate\":\"https:\/\/www.paytec.eu\/?s={search_term_string}\"},\"query-input\":\"required name=search_term_string\"}],\"inLanguage\":\"es\"}]}<\/script>\n<!-- \/ Yoast SEO plugin. -->","yoast_head_json":{"title":"Cat\u00e1logo Paytec - Paytec","robots":{"index":"index","follow":"follow","max-snippet":"max-snippet:-1","max-image-preview":"max-image-preview:large","max-video-preview":"max-video-preview:-1"},"canonical":"https:\/\/www.paytec.eu\/es\/catalogo-paytec\/","og_locale":"es_ES","og_type":"article","og_title":"Cat\u00e1logo Paytec - Paytec","og_description":"[vc_row css_animation=\u00bb\u00bb row_type=\u00bbrow\u00bb use_row_as_full_screen_section=\u00bbno\u00bb type=\u00bbfull_width\u00bb angled_section=\u00bbno\u00bb text_align=\u00bbleft\u00bb background_image_as_pattern=\u00bbwithout_pattern\u00bb][vc_column][vc_column_text] Introduce tu direcci\u00f3n de correo electr\u00f3nico para recibir nuestro cat\u00e1logo de inmediato. [\/vc_column_text][vc_empty_space][\/vc_column][\/vc_row]","og_url":"https:\/\/www.paytec.eu\/es\/catalogo-paytec\/","og_site_name":"Paytec","article_modified_time":"2025-03-14T11:22:40+00:00","twitter_card":"summary_large_image","twitter_misc":{"Tiempo de lectura":"1 minuto"},"schema":{"@context":"https:\/\/schema.org","@graph":[{"@type":"WebPage","@id":"https:\/\/www.paytec.eu\/es\/catalogo-paytec\/","url":"https:\/\/www.paytec.eu\/es\/catalogo-paytec\/","name":"Cat\u00e1logo Paytec - Paytec","isPartOf":{"@id":"https:\/\/www.paytec.eu\/#website"},"datePublished":"2025-02-06T10:18:37+00:00","dateModified":"2025-03-14T11:22:40+00:00","breadcrumb":{"@id":"https:\/\/www.paytec.eu\/es\/catalogo-paytec\/#breadcrumb"},"inLanguage":"es","potentialAction":[{"@type":"ReadAction","target":["https:\/\/www.paytec.eu\/es\/catalogo-paytec\/"]}]},{"@type":"BreadcrumbList","@id":"https:\/\/www.paytec.eu\/es\/catalogo-paytec\/#breadcrumb","itemListElement":[{"@type":"ListItem","position":1,"name":"Home","item":"https:\/\/www.paytec.eu\/es\/"},{"@type":"ListItem","position":2,"name":"Cat\u00e1logo Paytec"}]},{"@type":"WebSite","@id":"https:\/\/www.paytec.eu\/#website","url":"https:\/\/www.paytec.eu\/","name":"Paytec","description":"Smart Payments for Vending","potentialAction":[{"@type":"SearchAction","target":{"@type":"EntryPoint","urlTemplate":"https:\/\/www.paytec.eu\/?s={search_term_string}"},"query-input":"required name=search_term_string"}],"inLanguage":"es"}]}},"_links":{"self":[{"href":"https:\/\/www.paytec.eu\/es\/wp-json\/wp\/v2\/pages\/18313","targetHints":{"allow":["GET"]}}],"collection":[{"href":"https:\/\/www.paytec.eu\/es\/wp-json\/wp\/v2\/pages"}],"about":[{"href":"https:\/\/www.paytec.eu\/es\/wp-json\/wp\/v2\/types\/page"}],"author":[{"embeddable":true,"href":"https:\/\/www.paytec.eu\/es\/wp-json\/wp\/v2\/users\/3"}],"replies":[{"embeddable":true,"href":"https:\/\/www.paytec.eu\/es\/wp-json\/wp\/v2\/comments?post=18313"}],"version-history":[{"count":0,"href":"https:\/\/www.paytec.eu\/es\/wp-json\/wp\/v2\/pages\/18313\/revisions"}],"wp:attachment":[{"href":"https:\/\/www.paytec.eu\/es\/wp-json\/wp\/v2\/media?parent=18313"}],"curies":[{"name":"wp","href":"https:\/\/api.w.org\/{rel}","templated":true}]}}