{"id":6324,"date":"2022-01-02T11:53:44","date_gmt":"2022-01-02T11:53:44","guid":{"rendered":"https:\/\/www.paytec.eu\/sobre-paytec\/"},"modified":"2023-10-25T08:34:30","modified_gmt":"2023-10-25T08:34:30","slug":"about-paytec","status":"publish","type":"page","link":"https:\/\/www.paytec.eu\/es\/about-paytec\/","title":{"rendered":"Sobre Paytec"},"content":{"rendered":"<p>[vc_row css_animation=\u00bb\u00bb row_type=\u00bbrow\u00bb use_row_as_full_screen_section=\u00bbno\u00bb type=\u00bbgrid\u00bb angled_section=\u00bbno\u00bb text_align=\u00bbleft\u00bb background_image_as_pattern=\u00bbwithout_pattern\u00bb z_index=\u00bb\u00bb][vc_column][qode_elements_holder number_of_columns=\u00bbtwo_columns\u00bb][qode_elements_holder_item vertical_alignment=\u00bbmiddle\u00bb advanced_animations=\u00bbno\u00bb][vc_column_text]Nunca nos cansamos de escuchar a nuestros clientes: conocer sus h\u00e1bitos, deseos e incertidumbres nos permite desarrollar soluciones cada vez m\u00e1s eficientes y cercanas a las necesidades de Vending de hoy y ma\u00f1ana.<\/p>\n<p>Durante <strong>m\u00e1s de 40 a\u00f1os<\/strong> todos los d\u00edas experimentamos y nos esforzamos en apoyar a los operadores con una gama completa de solucione en constante evoluci\u00f3n, enfoc\u00e1ndonos en el \u00e1rea de los pagos digitales.<\/p>\n<p>Cada momento corporativo, desde el desarrollo hasta la atenci\u00f3n al cliente, se caracteriza por un enfoque Lean, para encontrar siempre soluciones simples y efectivas en todas las circunstancias. Todas nuestras actividades de alto valor a\u00f1adido, como el dise\u00f1o, la producci\u00f3n, las pruebas y el SAT se manejan internamente, mientras que casi el 80% del valor de los componentes es adquirido por proveedores nacionales.<\/p>\n<p>La estrecha colaboraci\u00f3n entre el departamento de <strong>I+D<\/strong> y el <strong>SAT<\/strong>permite un intercambio directo de competencias y experiencias, alimentando un ciclo continuo de innovaci\u00f3n de productos y servicios.<\/p>\n<p>Los altos est\u00e1ndares de calidad, velocidad, flexibilidad y precios competitivos hacen de nuestra empresa un ejemplo virtuoso de <strong>Made in Italy<\/strong>, reconocido por Clientes de todo el mundo.[\/vc_column_text][\/qode_elements_holder_item][qode_elements_holder_item vertical_alignment=\u00bbmiddle\u00bb horizontal_alignment=\u00bbcenter\u00bb advanced_animations=\u00bbno\u00bb][vc_column_text css=\u00bb.vc_custom_1626185077969{padding-bottom: 40px !important;}\u00bb]<span style=\"color: #229892;\">CONTAMOS CON LA COMPETENCIA PARA GUIAR TUS DECISIONES<\/span><br \/>\n<span style=\"color: #229892;\">Y PARA ORIENTARTE HACIA TUS NUEVOS OBJETIVOS.<\/span><br \/>\n<span style=\"color: #229892;\">TE OFRECEMOS SOLUCIONES INTELIGENTES Y PR\u00c1CTICAS,<\/span><br \/>\n<span style=\"color: #229892;\">INSPIRADAS EN TUS DESAF\u00cdOS DIARIOS.<\/span>[\/vc_column_text][vc_single_image image=\u00bb5277&#8243; img_size=\u00bbfull\u00bb alignment=\u00bbcenter\u00bb qode_css_animation=\u00bb\u00bb][\/qode_elements_holder_item][\/qode_elements_holder][\/vc_column][\/vc_row][vc_row css_animation=\u00bb\u00bb row_type=\u00bbrow\u00bb use_row_as_full_screen_section=\u00bbno\u00bb type=\u00bbgrid\u00bb angled_section=\u00bbno\u00bb text_align=\u00bbleft\u00bb background_image_as_pattern=\u00bbwithout_pattern\u00bb css=\u00bb.vc_custom_1637921220804{background-image: url(https:\/\/www.paytec.eu\/wp-content\/uploads\/2018\/09\/bgRow2.jpg?id=93) !important;background-position: center !important;background-repeat: no-repeat !important;background-size: cover !important;}\u00bb z_index=\u00bb\u00bb background_image=\u00bb62&#8243;][vc_column]<div class=\"custom_font_holder\" style=\"font-family: Roboto; font-size: 32px; line-height: 40px; font-style: normal; font-weight: 600; color: #229892; text-decoration: none; text-align: center;\">VALORES Y COMPORTAMIENTO COMPARTIDOS<\/div>[vc_row_inner row_type=\u00bbrow\u00bb type=\u00bbfull_width\u00bb text_align=\u00bbcenter\u00bb css_animation=\u00bb\u00bb][vc_column_inner width=\u00bb1\/4&#8243;]<div class=\"image_with_text\"><img decoding=\"async\" itemprop=\"image\" src=\"https:\/\/www.paytec.eu\/wp-content\/uploads\/2021\/11\/compIcon.png\" alt=\"COMPETENCIA\" \/><h3 >COMPETENCIA<\/h3><span style=\"margin: 6px 0px;\" class=\"separator transparent\"><\/span><\/p>\n<p style=\"text-align: center;\">El conocimiento de mercados, tecnolog\u00edas y procesos nos hace capaces de tomar las decisiones oportunas.<\/p>\n<p><\/div>[\/vc_column_inner][vc_column_inner width=\u00bb1\/4&#8243;]<div class=\"image_with_text\"><img decoding=\"async\" itemprop=\"image\" src=\"https:\/\/www.paytec.eu\/wp-content\/uploads\/2021\/11\/curIcon.png\" alt=\"CURIOSIDAD\" \/><h3 >CURIOSIDAD<\/h3><span style=\"margin: 6px 0px;\" class=\"separator transparent\"><\/span>Buscamos y experimentamos nuevas soluciones de producto y servicio para innovar e innovarse.<\/div>[\/vc_column_inner][vc_column_inner width=\u00bb1\/4&#8243;]<div class=\"image_with_text\"><img decoding=\"async\" itemprop=\"image\" src=\"https:\/\/www.paytec.eu\/wp-content\/uploads\/2021\/11\/comunIcon.png\" alt=\"COMUNICACI\u00d3N\" \/><h3 >COMUNICACI\u00d3N<\/h3><span style=\"margin: 6px 0px;\" class=\"separator transparent\"><\/span>Dialogamos con nuestros clientes para transferir ideas de manera \u00fatil y eficaz.<\/div>[\/vc_column_inner][vc_column_inner width=\u00bb1\/4&#8243;]<div class=\"image_with_text\"><img decoding=\"async\" itemprop=\"image\" src=\"https:\/\/www.paytec.eu\/wp-content\/uploads\/2021\/11\/apparIcon.png\" alt=\"PERTENENCIA\" \/><h3 >PERTENENCIA<\/h3><span style=\"margin: 6px 0px;\" class=\"separator transparent\"><\/span><\/p>\n<p style=\"text-align: center;\">Somos un equipo unido y ganador, que sabe aprender del pasado para poder mirar al futuro.<\/p>\n<p><\/div>[\/vc_column_inner][\/vc_row_inner][\/vc_column][\/vc_row][vc_row css_animation=\u00bb\u00bb row_type=\u00bbrow\u00bb use_row_as_full_screen_section=\u00bbno\u00bb type=\u00bbgrid\u00bb angled_section=\u00bbno\u00bb text_align=\u00bbleft\u00bb background_image_as_pattern=\u00bbwithout_pattern\u00bb z_index=\u00bb\u00bb][vc_column]<div class=\"custom_font_holder\" style=\"font-family: Roboto; font-size: 32px; line-height: 40px; font-style: normal; font-weight: 600; color: #229892; text-decoration: none; text-align: center;\">PAYTEC, SU GU\u00cdA SEGURA EN EL VENDING<\/div>[vc_column_text]Competencia, solidez, proximidad al cliente.<br \/>\nSer tu punto de referencia en vending para nosotros significa estar siempre a tu lado, con los mejores productos pero sobre todo con las soluciones adecuadas para ti.[\/vc_column_text][qode_elements_holder number_of_columns=\u00bbtwo_columns\u00bb][qode_elements_holder_item vertical_alignment=\u00bbmiddle\u00bb advanced_animations=\u00bbno\u00bb item_padding=\u00bb20px\u00bb][vc_column_text]<strong><span style=\"color: #229892;\">UN FARO PARA HABLAR DE NOSOTROS<\/span><\/strong><\/p>\n<p>\u00bfPor qu\u00e9 elegimos un faro para representarnos?<br \/>\nPorque es s\u00f3lido y siempre presente. Muestra el camino a cualquiera que quiera \u00abver lejos\u00bb en su negocio.<\/p>\n<p><em>Un viaje de 40 a\u00f1os en una direcci\u00f3n: el cliente<\/em><br \/>\nEl cliente es nuestro objetivo. Sin perjuicio de la calidad de los productos, de hecho, lo que nos caracteriza es estar cerca de ti. Puedes hablar con nosotros, puedes preguntarnos. Juntos encontraremos la mejor forma para su negocio.<\/p>\n<p><em>La solidez y la seguridad descansan siempre sobre una base concreta.<\/em><\/p>\n<p>Competencia no significa solo haber estado presente en un mismo sector durante muchos a\u00f1os, sino sobre todo significa conocer en profundidad el propio tema y el mercado relativo, para afrontar imprevistos y hacer previsiones fiables.<\/p>\n<p><em>M\u00e1s all\u00e1 de los productos, vemos personas y relaciones.<\/em><\/p>\n<p>En lo alto del faro est\u00e1 el guardi\u00e1n. Es \u00e9l quien lo pone alerta, presente, confiado. De la misma forma, estamos detr\u00e1s de cada uno de nuestros productos y procesos. Personas a las que est\u00e1s acostumbrado a llamar por su nombre.<\/p>\n<p>Personas que est\u00e1n acostumbradas a responderte, siempre.[\/vc_column_text][\/qode_elements_holder_item][qode_elements_holder_item vertical_alignment=\u00bbmiddle\u00bb advanced_animations=\u00bbno\u00bb item_padding=\u00bb40px\u00bb][vc_gallery type=\u00bbflexslider_slide\u00bb interval=\u00bb0&#8243; images=\u00bb5329,5333,5337&#8243; img_size=\u00bbfull\u00bb][\/qode_elements_holder_item][\/qode_elements_holder][\/vc_column][\/vc_row][vc_row css_animation=\u00bb\u00bb row_type=\u00bbrow\u00bb use_row_as_full_screen_section=\u00bbno\u00bb type=\u00bbgrid\u00bb angled_section=\u00bbno\u00bb text_align=\u00bbleft\u00bb background_image_as_pattern=\u00bbwithout_pattern\u00bb css=\u00bb.vc_custom_1637921246675{background-image: url(https:\/\/www.paytec.eu\/wp-content\/uploads\/2018\/09\/bgRow2.jpg?id=93) !important;background-position: center !important;background-repeat: no-repeat !important;background-size: cover !important;}\u00bb z_index=\u00bb\u00bb el_id=\u00bbqualitaecertificazioni\u00bb background_image=\u00bb62&#8243;][vc_column]<div class=\"custom_font_holder\" style=\"font-family: Roboto; font-size: 32px; line-height: 40px; font-style: normal; font-weight: 600; color: #229892; text-decoration: none; text-align: center;\">SISTEMA DE CALIDAD<\/div>[vc_row_inner row_type=\u00bbrow\u00bb type=\u00bbfull_width\u00bb text_align=\u00bbcenter\u00bb css_animation=\u00bb\u00bb][vc_column_inner][vc_column_text]<\/p>\n<p style=\"text-align: center;\">La atenci\u00f3n a la calidad de los productos y de los procesos es constante.<\/p>\n<p style=\"text-align: center;\">Paytec observa de manera escrupulosa las directrices ISO9001 y supera con regularidad las inspecciones de los entes certificadores.<\/p>\n<p>[\/vc_column_text][\/vc_column_inner][\/vc_row_inner][\/vc_column][\/vc_row][vc_row css_animation=\u00bb\u00bb row_type=\u00bbrow\u00bb use_row_as_full_screen_section=\u00bbno\u00bb type=\u00bbgrid\u00bb angled_section=\u00bbno\u00bb text_align=\u00bbcenter\u00bb background_image_as_pattern=\u00bbwithout_pattern\u00bb z_index=\u00bb\u00bb css=\u00bb.vc_custom_1547544608247{margin-top: 0px !important;padding-top: 0px !important;}\u00bb][vc_column][vc_empty_space]<div class=\"custom_font_holder\" style=\"font-family: Roboto; font-size: 32px; line-height: 40px; font-style: normal; font-weight: 600; color: #229892; text-decoration: none; text-align: center;\">CERTIFICACIONES<\/div>[vc_row_inner row_type=\u00bbrow\u00bb type=\u00bbfull_width\u00bb text_align=\u00bbcenter\u00bb css_animation=\u00bb\u00bb][vc_column_inner width=\u00bb1\/3&#8243;]<div class=\"image_with_text\"><img decoding=\"async\" itemprop=\"image\" src=\"https:\/\/www.paytec.eu\/wp-content\/uploads\/2021\/11\/rohsLogo.jpg\" alt=\"\" \/><h3 ><\/h3><span style=\"margin: 6px 0px;\" class=\"separator transparent\"><\/span>Declaraci\u00f3n de Conformidad RoHS<\/div>[\/vc_column_inner][vc_column_inner width=\u00bb1\/3&#8243;]<div class=\"image_with_text\"><img decoding=\"async\" itemprop=\"image\" src=\"https:\/\/www.paytec.eu\/wp-content\/uploads\/2021\/11\/csqLogo.jpg\" alt=\"\" \/><h3 ><\/h3><span style=\"margin: 6px 0px;\" class=\"separator transparent\"><\/span>Certificaci\u00f3n de Calidad CSQ<\/div>[\/vc_column_inner][vc_column_inner width=\u00bb1\/3&#8243;]<div class=\"image_with_text\"><img decoding=\"async\" itemprop=\"image\" src=\"https:\/\/www.paytec.eu\/wp-content\/uploads\/2021\/11\/iqNetLogo.jpg\" alt=\"\" \/><h3 ><\/h3><span style=\"margin: 6px 0px;\" class=\"separator transparent\"><\/span>Certificaci\u00f3n de Calidad IQNET<\/div>[\/vc_column_inner][\/vc_row_inner][\/vc_column][\/vc_row][vc_row css_animation=\u00bb\u00bb row_type=\u00bbrow\u00bb use_row_as_full_screen_section=\u00bbno\u00bb type=\u00bbgrid\u00bb angled_section=\u00bbno\u00bb text_align=\u00bbleft\u00bb background_image_as_pattern=\u00bbwithout_pattern\u00bb css=\u00bb.vc_custom_1637921246675{background-image: url(https:\/\/www.paytec.eu\/wp-content\/uploads\/2018\/09\/bgRow2.jpg?id=93) !important;background-position: center !important;background-repeat: no-repeat !important;background-size: cover !important;}\u00bb z_index=\u00bb\u00bb background_image=\u00bb62&#8243;][vc_column]<div class=\"custom_font_holder\" style=\"font-family: Roboto; font-size: 32px; line-height: 40px; font-style: normal; font-weight: 600; color: #229892; text-decoration: none; text-align: center;\">.<\/div>[vc_row_inner row_type=\u00bbrow\u00bb type=\u00bbfull_width\u00bb text_align=\u00bbcenter\u00bb css_animation=\u00bb\u00bb][vc_column_inner][vc_column_text]<br \/>\n.<br \/>\n[\/vc_column_text][\/vc_column_inner][\/vc_row_inner][\/vc_column][\/vc_row]<\/p>\n","protected":false},"excerpt":{"rendered":"<p>[vc_row css_animation=\u00bb\u00bb row_type=\u00bbrow\u00bb use_row_as_full_screen_section=\u00bbno\u00bb type=\u00bbgrid\u00bb angled_section=\u00bbno\u00bb text_align=\u00bbleft\u00bb background_image_as_pattern=\u00bbwithout_pattern\u00bb z_index=\u00bb\u00bb][vc_column][qode_elements_holder number_of_columns=\u00bbtwo_columns\u00bb][qode_elements_holder_item vertical_alignment=\u00bbmiddle\u00bb advanced_animations=\u00bbno\u00bb][vc_column_text]Nunca nos cansamos de escuchar a nuestros clientes: conocer sus h\u00e1bitos, deseos e incertidumbres nos permite desarrollar soluciones cada vez m\u00e1s eficientes y cercanas a las necesidades de Vending de hoy y ma\u00f1ana. Durante&#8230;<\/p>\n","protected":false},"author":1,"featured_media":0,"parent":0,"menu_order":0,"comment_status":"closed","ping_status":"closed","template":"full_width.php","meta":{"footnotes":""},"class_list":["post-6324","page","type-page","status-publish","hentry"],"acf":[],"yoast_head":"<!-- This site is optimized with the Yoast SEO plugin v21.1 - https:\/\/yoast.com\/wordpress\/plugins\/seo\/ -->\n<title>Paytec, tu gu\u00eda segura en el Vending<\/title>\n<meta name=\"description\" content=\"Desde m\u00e1s de 40 a\u00f1os apoyamos a los gerentes con una gama de soluciones en constante evoluci\u00f3n, con especial atenci\u00f3n al \u00e1rea digital.\" \/>\n<meta name=\"robots\" content=\"index, follow, max-snippet:-1, max-image-preview:large, max-video-preview:-1\" \/>\n<link rel=\"canonical\" href=\"https:\/\/www.paytec.eu\/about-paytec\/\" \/>\n<meta property=\"og:locale\" content=\"es_ES\" \/>\n<meta property=\"og:type\" content=\"article\" \/>\n<meta property=\"og:title\" content=\"Paytec, tu gu\u00eda segura en el Vending\" \/>\n<meta property=\"og:description\" content=\"Desde m\u00e1s de 40 a\u00f1os apoyamos a los gerentes con una gama de soluciones en constante evoluci\u00f3n, con especial atenci\u00f3n al \u00e1rea digital.\" \/>\n<meta property=\"og:url\" content=\"https:\/\/www.paytec.eu\/about-paytec\/\" \/>\n<meta property=\"og:site_name\" content=\"Paytec\" \/>\n<meta property=\"article:modified_time\" content=\"2023-10-25T08:34:30+00:00\" \/>\n<meta name=\"twitter:card\" content=\"summary_large_image\" \/>\n<meta name=\"twitter:label1\" content=\"Tiempo de lectura\" \/>\n\t<meta name=\"twitter:data1\" content=\"7 minutos\" \/>\n<script type=\"application\/ld+json\" class=\"yoast-schema-graph\">{\"@context\":\"https:\/\/schema.org\",\"@graph\":[{\"@type\":\"WebPage\",\"@id\":\"https:\/\/www.paytec.eu\/about-paytec\/\",\"url\":\"https:\/\/www.paytec.eu\/about-paytec\/\",\"name\":\"Paytec, tu gu\u00eda segura en el Vending\",\"isPartOf\":{\"@id\":\"https:\/\/www.paytec.eu\/#website\"},\"datePublished\":\"2022-01-02T11:53:44+00:00\",\"dateModified\":\"2023-10-25T08:34:30+00:00\",\"description\":\"Desde m\u00e1s de 40 a\u00f1os apoyamos a los gerentes con una gama de soluciones en constante evoluci\u00f3n, con especial atenci\u00f3n al \u00e1rea digital.\",\"breadcrumb\":{\"@id\":\"https:\/\/www.paytec.eu\/about-paytec\/#breadcrumb\"},\"inLanguage\":\"es\",\"potentialAction\":[{\"@type\":\"ReadAction\",\"target\":[\"https:\/\/www.paytec.eu\/about-paytec\/\"]}]},{\"@type\":\"BreadcrumbList\",\"@id\":\"https:\/\/www.paytec.eu\/about-paytec\/#breadcrumb\",\"itemListElement\":[{\"@type\":\"ListItem\",\"position\":1,\"name\":\"Home\",\"item\":\"https:\/\/www.paytec.eu\/es\/\"},{\"@type\":\"ListItem\",\"position\":2,\"name\":\"Sobre Paytec\"}]},{\"@type\":\"WebSite\",\"@id\":\"https:\/\/www.paytec.eu\/#website\",\"url\":\"https:\/\/www.paytec.eu\/\",\"name\":\"Paytec\",\"description\":\"Smart Payments for Vending\",\"potentialAction\":[{\"@type\":\"SearchAction\",\"target\":{\"@type\":\"EntryPoint\",\"urlTemplate\":\"https:\/\/www.paytec.eu\/?s={search_term_string}\"},\"query-input\":\"required name=search_term_string\"}],\"inLanguage\":\"es\"}]}<\/script>\n<!-- \/ Yoast SEO plugin. -->","yoast_head_json":{"title":"Paytec, tu gu\u00eda segura en el Vending","description":"Desde m\u00e1s de 40 a\u00f1os apoyamos a los gerentes con una gama de soluciones en constante evoluci\u00f3n, con especial atenci\u00f3n al \u00e1rea digital.","robots":{"index":"index","follow":"follow","max-snippet":"max-snippet:-1","max-image-preview":"max-image-preview:large","max-video-preview":"max-video-preview:-1"},"canonical":"https:\/\/www.paytec.eu\/about-paytec\/","og_locale":"es_ES","og_type":"article","og_title":"Paytec, tu gu\u00eda segura en el Vending","og_description":"Desde m\u00e1s de 40 a\u00f1os apoyamos a los gerentes con una gama de soluciones en constante evoluci\u00f3n, con especial atenci\u00f3n al \u00e1rea digital.","og_url":"https:\/\/www.paytec.eu\/about-paytec\/","og_site_name":"Paytec","article_modified_time":"2023-10-25T08:34:30+00:00","twitter_card":"summary_large_image","twitter_misc":{"Tiempo de lectura":"7 minutos"},"schema":{"@context":"https:\/\/schema.org","@graph":[{"@type":"WebPage","@id":"https:\/\/www.paytec.eu\/about-paytec\/","url":"https:\/\/www.paytec.eu\/about-paytec\/","name":"Paytec, tu gu\u00eda segura en el Vending","isPartOf":{"@id":"https:\/\/www.paytec.eu\/#website"},"datePublished":"2022-01-02T11:53:44+00:00","dateModified":"2023-10-25T08:34:30+00:00","description":"Desde m\u00e1s de 40 a\u00f1os apoyamos a los gerentes con una gama de soluciones en constante evoluci\u00f3n, con especial atenci\u00f3n al \u00e1rea digital.","breadcrumb":{"@id":"https:\/\/www.paytec.eu\/about-paytec\/#breadcrumb"},"inLanguage":"es","potentialAction":[{"@type":"ReadAction","target":["https:\/\/www.paytec.eu\/about-paytec\/"]}]},{"@type":"BreadcrumbList","@id":"https:\/\/www.paytec.eu\/about-paytec\/#breadcrumb","itemListElement":[{"@type":"ListItem","position":1,"name":"Home","item":"https:\/\/www.paytec.eu\/es\/"},{"@type":"ListItem","position":2,"name":"Sobre Paytec"}]},{"@type":"WebSite","@id":"https:\/\/www.paytec.eu\/#website","url":"https:\/\/www.paytec.eu\/","name":"Paytec","description":"Smart Payments for Vending","potentialAction":[{"@type":"SearchAction","target":{"@type":"EntryPoint","urlTemplate":"https:\/\/www.paytec.eu\/?s={search_term_string}"},"query-input":"required name=search_term_string"}],"inLanguage":"es"}]}},"_links":{"self":[{"href":"https:\/\/www.paytec.eu\/es\/wp-json\/wp\/v2\/pages\/6324","targetHints":{"allow":["GET"]}}],"collection":[{"href":"https:\/\/www.paytec.eu\/es\/wp-json\/wp\/v2\/pages"}],"about":[{"href":"https:\/\/www.paytec.eu\/es\/wp-json\/wp\/v2\/types\/page"}],"author":[{"embeddable":true,"href":"https:\/\/www.paytec.eu\/es\/wp-json\/wp\/v2\/users\/1"}],"replies":[{"embeddable":true,"href":"https:\/\/www.paytec.eu\/es\/wp-json\/wp\/v2\/comments?post=6324"}],"version-history":[{"count":0,"href":"https:\/\/www.paytec.eu\/es\/wp-json\/wp\/v2\/pages\/6324\/revisions"}],"wp:attachment":[{"href":"https:\/\/www.paytec.eu\/es\/wp-json\/wp\/v2\/media?parent=6324"}],"curies":[{"name":"wp","href":"https:\/\/api.w.org\/{rel}","templated":true}]}}