{"id":7002,"date":"2022-01-13T15:59:58","date_gmt":"2022-01-13T15:59:58","guid":{"rendered":"https:\/\/www.paytec.eu\/general-terms-and-conditions\/"},"modified":"2026-03-10T09:59:15","modified_gmt":"2026-03-10T09:59:15","slug":"general-terms-and-conditions","status":"publish","type":"page","link":"https:\/\/www.paytec.eu\/es\/general-terms-and-conditions\/","title":{"rendered":"Condiciones Generales de Venta"},"content":{"rendered":"<p>Las presentes Condiciones Generales de Contrato, v\u00e1lidas hasta su modificaci\u00f3n, regulan las relaciones de suministro de los productos Paytec y, adem\u00e1s de publicarse en el sitio web www.paytec.eu, se remiten al Cliente en el momento de la formalizaci\u00f3n de las condiciones de precio y se mencionan en las comunicaciones comerciales como parte integrante del Contrato.<\/p>\n<p><strong>ART. 1 \u2013 DEFINICIONES<\/strong><\/p>\n<p>1.1 A efectos de las presentes condiciones generales de contrato, se entiende (en orden alfab\u00e9tico) por:<\/p>\n<p>Carta de Confirmaci\u00f3n de Pedido: la aceptaci\u00f3n formal por parte de Paytec del pedido de compra individual del Cliente;<\/p>\n<p>Cliente: la persona jur\u00eddica que adquiere los Productos;<\/p>\n<p>Contrato: la relaci\u00f3n individual de Suministro aceptada mediante la Confirmaci\u00f3n de Pedido y regulada por las condiciones espec\u00edficas y las siguientes Condiciones Generales de Contrato, aunque no hayan sido firmadas (v\u00e9ase el art. 3 siguiente);<\/p>\n<p>Establecimiento: el establecimiento de Paytec ubicado en Rovellasca (Como);<\/p>\n<p>Lista de Precios: la lista de precios aplicada por Paytec en relaci\u00f3n con los Productos enumerados en cada momento;<\/p>\n<p>Oferta al Cliente: la formalizaci\u00f3n por parte de Paytec de los precios de los productos solicitados por el Cliente, que sirve de base para el Pedido de Compra;<\/p>\n<p>Partes: Paytec y el Cliente, considerados colectivamente;<\/p>\n<p>Paytec: Payment Technologies S.r.l.;<\/p>\n<p>Pedido(s) de Compra: cualquier pedido de Productos enviado por el Cliente en formato papel o electr\u00f3nico;<\/p>\n<p>Productos: los bienes que forman parte en cada momento de la Lista de Precios de Paytec, solicitados o adquiridos por el Cliente;<\/p>\n<p>Suministro: el conjunto de los Productos pedidos por el Cliente y, en caso de aceptaci\u00f3n mediante Confirmaci\u00f3n de Pedido, entregados por Paytec;<\/p>\n<p><strong>ART. 2 \u2013 PROCEDIMIENTO DE PEDIDOS<\/strong><\/p>\n<p>2.1 El Pedido de Compra del Cliente debe realizarse por escrito y sobre la base de la Oferta al Cliente.<\/p>\n<p>2.2 Paytec se reserva el derecho de aceptar el Pedido de Compra en un plazo de 20 (veinte) d\u00edas h\u00e1biles desde su recepci\u00f3n, mediante el env\u00edo al Cliente de la Confirmaci\u00f3n de Pedido.<\/p>\n<p>2.3 Cualquier modificaci\u00f3n posterior del Pedido de Compra deber\u00e1 comunicarse por escrito a Paytec y se considerar\u00e1 aceptada \u00fanicamente en caso de aprobaci\u00f3n escrita espec\u00edfica por parte de esta \u00faltima.<\/p>\n<p><strong>ART. 3 \u2013 PERFECCI\u00d3N DEL CONTRATO<\/strong><\/p>\n<p>3.1 Las condiciones de precio y la obligaci\u00f3n de entrega del Suministro quedan definitivamente acordadas en el momento en que Paytec env\u00eda la Confirmaci\u00f3n de Pedido por correo postal, electr\u00f3nico, fax o PEC.<\/p>\n<p>3.2 En caso de que la Confirmaci\u00f3n de Pedido no coincida exactamente con el Pedido de Compra, la recepci\u00f3n de los Productos (o su recogida en el Establecimiento) por parte del Cliente sin m\u00e1s especificaciones o nuevos acuerdos determinar\u00e1 la aplicaci\u00f3n al Suministro de las condiciones previstas en la Confirmaci\u00f3n de Pedido y en las presentes condiciones generales de contrato.<\/p>\n<p><strong>ART. 4 \u2013 CARACTER\u00cdSTICAS DE LOS PRODUCTOS<\/strong><\/p>\n<p>4.1 Dado que los Productos est\u00e1n sujetos a continuas innovaciones y mejoras, las caracter\u00edsticas constructivas y el dise\u00f1o podr\u00e1n sufrir variaciones incluso durante el mismo suministro, sin perjuicio de lo indicado en la cl\u00e1usula 10.1.<\/p>\n<p><strong>ART. 5 \u2013 MODALIDADES Y PLAZOS DE ENTREGA<\/strong><\/p>\n<p>5.1 Salvo acuerdo contrario entre las Partes, los Productos son entregados por Paytec al Cliente franco f\u00e1brica (Establecimiento), en la fecha indicada en la Confirmaci\u00f3n de Pedido. Los costes de transporte y los riesgos asociados corren a cargo del Cliente.<\/p>\n<p>5.2 Los plazos de entrega de Paytec son meramente indicativos con una tolerancia de 90 (noventa) d\u00edas, salvo que se acuerde su car\u00e1cter esencial; entretanto queda excluida cualquier obligaci\u00f3n de indemnizaci\u00f3n por da\u00f1os.<\/p>\n<p>5.3 Transcurridos 2 (dos) meses desde la comunicaci\u00f3n de Paytec sobre la disponibilidad de los Productos en el Establecimiento y ante el silencio del Cliente, Paytec tendr\u00e1 derecho a disponer libremente y a su discreci\u00f3n de los Productos, incluso frente a terceros, y a efectuar al Cliente una entrega sustitutiva aunque haya habido pago anticipado, total o parcial. El nuevo plazo de entrega se ampliar\u00e1 por un per\u00edodo igual al indicado en la Confirmaci\u00f3n de Pedido, manteni\u00e9ndose la obligaci\u00f3n de adquisici\u00f3n. En caso de segunda falta de recogida del mismo Suministro, Paytec podr\u00e1 resolver el contrato con indemnizaci\u00f3n por da\u00f1os.<\/p>\n<p>5.4 Si la entrega de los Productos se pospone a petici\u00f3n expresa del Cliente m\u00e1s all\u00e1 de los mencionados 2 (dos) meses, Paytec se reserva el derecho de fijar aut\u00f3nomamente los nuevos plazos de entrega en funci\u00f3n de la producci\u00f3n, a los precios indicados en la lista vigente en el momento de la nueva entrega.<\/p>\n<p>5.5 En cualquier caso de retraso o aplazamiento de la entrega ya puesta a disposici\u00f3n del Cliente, este deber\u00e1 mantener indemne a Paytec de los costes de almacenamiento incurridos ante terceros y de las cargas financieras pasivas devengadas sobre el capital invertido en los Productos cuya entrega se haya retrasado. Los costes de almacenamiento en el Establecimiento equivalen al 1 % del precio de lista de los Productos cuya entrega se haya diferido, por cada mes de retraso.<\/p>\n<p><strong>ART. 6 \u2013 DEVOLUCIONES<\/strong><\/p>\n<p>6.1 Transcurridos 12 (doce) meses desde la fecha de entrega de los Productos al Cliente, Paytec no tomar\u00e1 en consideraci\u00f3n ning\u00fan procedimiento o solicitud de devoluci\u00f3n.<\/p>\n<p>6.2 Las devoluciones deben ser previamente verificadas, acordadas y autorizadas por escrito por Paytec y deben llegar a Paytec dentro de los 30 (treinta) d\u00edas siguientes a la autorizaci\u00f3n. Transcurrido dicho plazo sin efecto, cualquier acuerdo o autorizaci\u00f3n de devoluci\u00f3n quedar\u00e1 sin efecto.<\/p>\n<p>6.3 Cualquier coste derivado de la devoluci\u00f3n de Productos corre exclusivamente a cargo del Cliente.<\/p>\n<p><strong>ART. 7 \u2013 PRECIOS<\/strong><\/p>\n<p>7.1 Los precios de los Productos corresponden a los indicados en la Lista de Precios vigente en el momento de la Confirmaci\u00f3n de Pedido y se entienden franco f\u00e1brica, netos de IVA y de cualquier coste, como embalaje, transporte, seguro e instalaci\u00f3n.<\/p>\n<p>7.2 Paytec podr\u00e1, a su discreci\u00f3n, modificar los precios establecidos en la Lista de Precios y podr\u00e1 cambiar la composici\u00f3n de la misma en cualquier momento; las modificaciones surtir\u00e1n efecto a partir de su comunicaci\u00f3n al Cliente.<\/p>\n<p>7.3 Las modificaciones de la Lista de Precios no se aplican a los Pedidos de Compra ya aceptados por Paytec mediante Confirmaci\u00f3n de Pedido.<\/p>\n<p><strong>ART. 8 \u2013 CONDICIONES DE PAGO<\/strong><\/p>\n<p>8.1 El pago del precio de los Productos debe efectuarse en el momento de su entrega o en el plazo indicado en la Confirmaci\u00f3n de Pedido.<\/p>\n<p>8.2 En todo caso, hasta el pago \u00edntegro, los Productos, aunque ya hayan sido entregados o recogidos, seguir\u00e1n siendo propiedad de Paytec, pero el riesgo de p\u00e9rdida o da\u00f1o (tambi\u00e9n por fuerza mayor o caso fortuito) recae plena e \u00edntegramente sobre el Cliente.<\/p>\n<p><strong>ART. 9 \u2013 CL\u00c1USULA RESOLUTORIA EXPRESA<\/strong><\/p>\n<p>9.1 El impago de los Productos y\/o la negativa del Cliente a recibir o recoger los Productos, una vez requerido al efecto, conlleva la resoluci\u00f3n de pleno derecho del Contrato, conforme al art. 1456 del C\u00f3digo Civil italiano, a discreci\u00f3n de Paytec y mediante simple declaraci\u00f3n de Paytec de querer acogerse a la presente cl\u00e1usula.<\/p>\n<p>9.2 La no aplicaci\u00f3n de este art\u00edculo, incluso de forma reiterada, no constituye una renuncia a invocarlo en el futuro, sino mera tolerancia.<\/p>\n<p>9.3 El incumplimiento del Cliente aqu\u00ed previsto conlleva el pago, a t\u00edtulo de penalizaci\u00f3n, de una suma equivalente al 15 % de la contraprestaci\u00f3n indicada en la factura, con obligaci\u00f3n de reembolso de todos los gastos de transporte y eventual almacenamiento soportados por Paytec, sin perjuicio en todo caso del mayor da\u00f1o.<\/p>\n<p><strong>ART. 10 \u2013 GARANT\u00cdA<\/strong><\/p>\n<p>10.1 Paytec garantiza que los Productos entregados al Cliente est\u00e1n libres de defectos y son conformes con sus especificaciones t\u00e9cnicas de cat\u00e1logo en el momento de la recepci\u00f3n del Pedido, en t\u00e9rminos de calidad, tecnolog\u00eda y est\u00e1ndares de seguridad.<\/p>\n<p>10.2 Los Productos se venden con la garant\u00eda de f\u00e1brica, reconocida \u00fanicamente franco f\u00e1brica Paytec, que cubre exclusivamente los componentes fabricados por Paytec que resulten defectuosos debido a defectos del material o de fabricaci\u00f3n durante la producci\u00f3n del Producto, as\u00ed como en caso de montaje incorrecto de los componentes en el Establecimiento.<\/p>\n<p>10.3 La garant\u00eda no cubre los defectos y\/o fallos de los componentes fabricados por terceros y utilizados para la construcci\u00f3n y\/o el ensamblaje de los Productos.<\/p>\n<p>10.4 La garant\u00eda relativa a las llaves PIT Tipo 98 y Llaves PIT Tipo Auto programables es v\u00e1lida por un per\u00edodo de 7 a\u00f1os desde la fecha de entrega del Producto al Cliente.<\/p>\n<p>10.5 La garant\u00eda relativa a los sistemas EAGLE, EAGLE Plus, EAGLE Premium, EAGLE Smart, FOUR, FOUR Plus, FOUR Premium y FOUR MDB-only es v\u00e1lida hasta 24 meses desde la fecha de su entrega.<\/p>\n<p>10.6 La garant\u00eda no es v\u00e1lida en los siguientes casos: a) si las reparaciones del Producto han sido denunciadas y\/o encargadas a terceros; b) si no se han seguido todas las prescripciones y\/o instrucciones de mantenimiento, instalaci\u00f3n y\/o funcionamiento previstas en el manual de uso; c) si el Producto ha sido manipulado; d) si el defecto ha sido causado por un uso incorrecto y\/o negligencia en el uso y\/o uso indebido del Producto; e) si el n\u00famero de serie ha sido borrado (total o parcialmente) y\/o manipulado; f) si el defecto, el mal funcionamiento y\/o la dispensaci\u00f3n imprevista de monedas se deben a la conducta dolosa y\/o fraudulenta de terceros, a la manipulaci\u00f3n del Producto por parte del Cliente y\/o de terceros, o a negligencia, falta de actualizaci\u00f3n, dolo o culpa grave del Cliente, de sus clientes, de sus empleados y\/o colaboradores y\/o causahabientes.<\/p>\n<p>10.7 En todos los casos mencionados, Paytec no podr\u00e1 ser considerada en modo alguno responsable frente al Cliente y\/o sus causahabientes y\/o cualquier tercero, incluidos los usuarios finales, en relaci\u00f3n con da\u00f1os de cualquier naturaleza que estos puedan haber sufrido.<\/p>\n<p><strong>ART. 11 \u2013 LIMITACI\u00d3N DE RESPONSABILIDAD Y EXONERACI\u00d3N<\/strong><\/p>\n<p>11.1 Salvo dolo o culpa grave de Paytec, demostrado mediante peritaje, la indemnizaci\u00f3n por da\u00f1os causados por los Productos no podr\u00e1 exceder el 10 % de la contraprestaci\u00f3n pagada por el Cliente por el Producto individual que haya dado lugar al evento.<\/p>\n<p>11.2 En caso de que el Cliente solicite Productos, aunque figuren en el cat\u00e1logo, con tecnolog\u00eda hardware y\/o software superada (p. ej., tecnolog\u00eda MIFARE\u00ae Classic) o de versiones anteriores, Paytec no responder\u00e1 de los da\u00f1os y mal funcionamientos que el Cliente o terceros pudieran sufrir como consecuencia de vulneraciones, intrusiones o modificaciones hardware o software.<\/p>\n<p>11.3 Paytec podr\u00e1 aceptar, a su exclusivo criterio, la programaci\u00f3n personalizada de los Productos (p. ej., inserci\u00f3n en el Producto del PIN, facilitado o no por el Cliente). Una vez realizada la personalizaci\u00f3n y puestos a disposici\u00f3n los Productos objeto de intervenci\u00f3n, el Cliente est\u00e1 obligado a la actualizaci\u00f3n continua y a la protecci\u00f3n de los c\u00f3digos objeto de personalizaci\u00f3n. En todo caso, Paytec quedar\u00e1 exonerada, siendo indemnizada por el Cliente, de cualquier reclamaci\u00f3n de indemnizaci\u00f3n por da\u00f1os, compensaciones y\/o reembolsos, formulada por cualquier persona, como consecuencia de la interceptaci\u00f3n maliciosa de c\u00f3digos u otros elementos de protecci\u00f3n y del uso incorrecto y\/o perjudicial de los Productos personalizados.<\/p>\n<p><strong>ART. 12 \u2013 LEY APLICABLE Y JURISDICCI\u00d3N<\/strong><\/p>\n<p>12.1 El Contrato se rige por la ley italiana y para cualquier controversia relacionada con el Contrato, su aplicaci\u00f3n, ejecuci\u00f3n o interpretaci\u00f3n ser\u00e1 exclusivamente competente el tribunal de Como.<\/p>\n<p><strong>ART. 13 \u2013 CL\u00c1USULA DE SALVAGUARDA<\/strong><\/p>\n<p>13.1 La eventual invalidez o ineficacia de una o m\u00e1s cl\u00e1usulas del presente Contrato, por cualquier motivo, no determina la invalidez o la ineficacia del Contrato en su totalidad.<\/p>\n<p><strong>ART. 14 \u2013 CONDICIONES PARTICULARES<\/strong><\/p>\n<p>14.1 En caso de conflicto entre las presentes condiciones generales y las condiciones particulares pactadas entre las Partes, estas \u00faltimas se considerar\u00e1n prevalentes, siempre que consten por escrito y est\u00e9n firmadas y expresamente aceptadas por los representantes de las Partes con los poderes necesarios.<\/p>\n<p><strong>ART. 15 \u2013 DURACI\u00d3N Y RENOVACI\u00d3N T\u00c1CITA DE LAS CONDICIONES GENERALES DE CONTRATO<\/strong><\/p>\n<p>15.1 Las presentes condiciones generales de contrato tienen una validez anual, a partir de la fecha de su firma.<\/p>\n<p>15.2 Al vencimiento, se renuevan t\u00e1citamente de a\u00f1o en a\u00f1o, salvo desistimiento, que deber\u00e1 enviarse por PEC con al menos 3 (tres) meses de antelaci\u00f3n al vencimiento.<\/p>\n<p><strong>ART. 16 \u2013 COMUNICACIONES<\/strong><\/p>\n<p>16.1 Salvo las disposiciones legales que impongan formas obligatorias, cualquier notificaci\u00f3n u otra comunicaci\u00f3n necesaria o autorizada, relativa al presente Contrato, deber\u00e1 transmitirse por correo certificado, fax o PEC a los siguientes datos de contacto:<\/p>\n<p>(a) Payment Technologies S.r.l. | Via XX Settembre 49 | Italia 22069 Rovellasca (CO) | Fax 0039 0296961414 | P.E.C. payment.technologies@legalmail.it<\/p>\n<p>(b) Cliente: en su domicilio social.<\/p>\n<p>16.2 Cada una de las Partes est\u00e1 obligada a comunicar puntualmente a la otra Parte cualquier modificaci\u00f3n relativa a los datos de contacto indicados.<\/p>\n<p><strong>ART. 17 \u2013 IDIOMA DEL CONTRATO<\/strong><\/p>\n<p>17.1 El presente Contrato est\u00e1 redactado en italiano y traducido al espa\u00f1ol \u00fanicamente con fines informativos. En caso de discrepancia, contradicci\u00f3n o divergencia de interpretaci\u00f3n entre la versi\u00f3n italiana y cualquier traducci\u00f3n, la versi\u00f3n italiana prevalecer\u00e1 en todo caso y ser\u00e1 la versi\u00f3n aut\u00e9ntica.<\/p>\n<p><strong>De conformidad con los arts. 1341 y 1342 del C\u00f3digo Civil italiano, se declara la aprobaci\u00f3n expresa de las siguientes cl\u00e1usulas de las Condiciones Generales de Contrato 2018:<\/strong><\/p>\n<p>Art. 2 (Pedidos); Art. 3 (Perfecci\u00f3n del Contrato); Art. 5 (Modalidades y plazos de entrega); Art. 6 (Verificaciones y devoluciones); Art. 7 (Precios); Art. 8 (Condiciones de pago); Art. 9 (Cl\u00e1usula resolutoria expresa); Art. 10 (Garant\u00eda); Art. 11 (Limitaci\u00f3n de responsabilidad y exoneraci\u00f3n); Art. 12 (Ley aplicable y Jurisdicci\u00f3n); Art. 14 (Condiciones particulares); Art. 15 (Duraci\u00f3n y renovaci\u00f3n t\u00e1cita de las condiciones generales de contrato).<\/p>\n","protected":false},"excerpt":{"rendered":"<p>Las presentes Condiciones Generales de Contrato, v\u00e1lidas hasta su modificaci\u00f3n, regulan las relaciones de suministro de los productos Paytec y, adem\u00e1s de publicarse en el sitio web www.paytec.eu, se remiten al Cliente en el momento de la formalizaci\u00f3n de las condiciones de precio y se&#8230;<\/p>\n","protected":false},"author":1,"featured_media":0,"parent":0,"menu_order":0,"comment_status":"closed","ping_status":"closed","template":"","meta":{"footnotes":""},"class_list":["post-7002","page","type-page","status-publish","hentry"],"acf":[],"yoast_head":"<!-- This site is optimized with the Yoast SEO plugin v21.1 - https:\/\/yoast.com\/wordpress\/plugins\/seo\/ -->\n<title>Condiciones Generales de Venta - Paytec<\/title>\n<meta name=\"robots\" content=\"index, follow, max-snippet:-1, max-image-preview:large, max-video-preview:-1\" \/>\n<link rel=\"canonical\" href=\"https:\/\/www.paytec.eu\/es\/general-terms-and-conditions\/\" \/>\n<meta property=\"og:locale\" content=\"es_ES\" \/>\n<meta property=\"og:type\" content=\"article\" \/>\n<meta property=\"og:title\" content=\"Condiciones Generales de Venta - Paytec\" \/>\n<meta property=\"og:description\" content=\"Las presentes Condiciones Generales de Contrato, v\u00e1lidas hasta su modificaci\u00f3n, regulan las relaciones de suministro de los productos Paytec y, adem\u00e1s de publicarse en el sitio web www.paytec.eu, se remiten al Cliente en el momento de la formalizaci\u00f3n de las condiciones de precio y se...\" \/>\n<meta property=\"og:url\" content=\"https:\/\/www.paytec.eu\/es\/general-terms-and-conditions\/\" \/>\n<meta property=\"og:site_name\" content=\"Paytec\" \/>\n<meta property=\"article:modified_time\" content=\"2026-03-10T09:59:15+00:00\" \/>\n<meta name=\"twitter:card\" content=\"summary_large_image\" \/>\n<meta name=\"twitter:label1\" content=\"Tiempo de lectura\" \/>\n\t<meta name=\"twitter:data1\" content=\"12 minutos\" \/>\n<script type=\"application\/ld+json\" class=\"yoast-schema-graph\">{\"@context\":\"https:\/\/schema.org\",\"@graph\":[{\"@type\":\"WebPage\",\"@id\":\"https:\/\/www.paytec.eu\/es\/general-terms-and-conditions\/\",\"url\":\"https:\/\/www.paytec.eu\/es\/general-terms-and-conditions\/\",\"name\":\"Condiciones Generales de Venta - Paytec\",\"isPartOf\":{\"@id\":\"https:\/\/www.paytec.eu\/#website\"},\"datePublished\":\"2022-01-13T15:59:58+00:00\",\"dateModified\":\"2026-03-10T09:59:15+00:00\",\"breadcrumb\":{\"@id\":\"https:\/\/www.paytec.eu\/es\/general-terms-and-conditions\/#breadcrumb\"},\"inLanguage\":\"es\",\"potentialAction\":[{\"@type\":\"ReadAction\",\"target\":[\"https:\/\/www.paytec.eu\/es\/general-terms-and-conditions\/\"]}]},{\"@type\":\"BreadcrumbList\",\"@id\":\"https:\/\/www.paytec.eu\/es\/general-terms-and-conditions\/#breadcrumb\",\"itemListElement\":[{\"@type\":\"ListItem\",\"position\":1,\"name\":\"Home\",\"item\":\"https:\/\/www.paytec.eu\/es\/\"},{\"@type\":\"ListItem\",\"position\":2,\"name\":\"Condiciones Generales de Venta\"}]},{\"@type\":\"WebSite\",\"@id\":\"https:\/\/www.paytec.eu\/#website\",\"url\":\"https:\/\/www.paytec.eu\/\",\"name\":\"Paytec\",\"description\":\"Smart Payments for Vending\",\"potentialAction\":[{\"@type\":\"SearchAction\",\"target\":{\"@type\":\"EntryPoint\",\"urlTemplate\":\"https:\/\/www.paytec.eu\/?s={search_term_string}\"},\"query-input\":\"required name=search_term_string\"}],\"inLanguage\":\"es\"}]}<\/script>\n<!-- \/ Yoast SEO plugin. -->","yoast_head_json":{"title":"Condiciones Generales de Venta - Paytec","robots":{"index":"index","follow":"follow","max-snippet":"max-snippet:-1","max-image-preview":"max-image-preview:large","max-video-preview":"max-video-preview:-1"},"canonical":"https:\/\/www.paytec.eu\/es\/general-terms-and-conditions\/","og_locale":"es_ES","og_type":"article","og_title":"Condiciones Generales de Venta - Paytec","og_description":"Las presentes Condiciones Generales de Contrato, v\u00e1lidas hasta su modificaci\u00f3n, regulan las relaciones de suministro de los productos Paytec y, adem\u00e1s de publicarse en el sitio web www.paytec.eu, se remiten al Cliente en el momento de la formalizaci\u00f3n de las condiciones de precio y se...","og_url":"https:\/\/www.paytec.eu\/es\/general-terms-and-conditions\/","og_site_name":"Paytec","article_modified_time":"2026-03-10T09:59:15+00:00","twitter_card":"summary_large_image","twitter_misc":{"Tiempo de lectura":"12 minutos"},"schema":{"@context":"https:\/\/schema.org","@graph":[{"@type":"WebPage","@id":"https:\/\/www.paytec.eu\/es\/general-terms-and-conditions\/","url":"https:\/\/www.paytec.eu\/es\/general-terms-and-conditions\/","name":"Condiciones Generales de Venta - Paytec","isPartOf":{"@id":"https:\/\/www.paytec.eu\/#website"},"datePublished":"2022-01-13T15:59:58+00:00","dateModified":"2026-03-10T09:59:15+00:00","breadcrumb":{"@id":"https:\/\/www.paytec.eu\/es\/general-terms-and-conditions\/#breadcrumb"},"inLanguage":"es","potentialAction":[{"@type":"ReadAction","target":["https:\/\/www.paytec.eu\/es\/general-terms-and-conditions\/"]}]},{"@type":"BreadcrumbList","@id":"https:\/\/www.paytec.eu\/es\/general-terms-and-conditions\/#breadcrumb","itemListElement":[{"@type":"ListItem","position":1,"name":"Home","item":"https:\/\/www.paytec.eu\/es\/"},{"@type":"ListItem","position":2,"name":"Condiciones Generales de Venta"}]},{"@type":"WebSite","@id":"https:\/\/www.paytec.eu\/#website","url":"https:\/\/www.paytec.eu\/","name":"Paytec","description":"Smart Payments for Vending","potentialAction":[{"@type":"SearchAction","target":{"@type":"EntryPoint","urlTemplate":"https:\/\/www.paytec.eu\/?s={search_term_string}"},"query-input":"required name=search_term_string"}],"inLanguage":"es"}]}},"_links":{"self":[{"href":"https:\/\/www.paytec.eu\/es\/wp-json\/wp\/v2\/pages\/7002","targetHints":{"allow":["GET"]}}],"collection":[{"href":"https:\/\/www.paytec.eu\/es\/wp-json\/wp\/v2\/pages"}],"about":[{"href":"https:\/\/www.paytec.eu\/es\/wp-json\/wp\/v2\/types\/page"}],"author":[{"embeddable":true,"href":"https:\/\/www.paytec.eu\/es\/wp-json\/wp\/v2\/users\/1"}],"replies":[{"embeddable":true,"href":"https:\/\/www.paytec.eu\/es\/wp-json\/wp\/v2\/comments?post=7002"}],"version-history":[{"count":0,"href":"https:\/\/www.paytec.eu\/es\/wp-json\/wp\/v2\/pages\/7002\/revisions"}],"wp:attachment":[{"href":"https:\/\/www.paytec.eu\/es\/wp-json\/wp\/v2\/media?parent=7002"}],"curies":[{"name":"wp","href":"https:\/\/api.w.org\/{rel}","templated":true}]}}