{"id":8446,"date":"2022-03-31T07:42:03","date_gmt":"2022-03-31T07:42:03","guid":{"rendered":"https:\/\/www.paytec.eu\/sistemas-de-pago-digitales\/"},"modified":"2023-10-25T08:46:59","modified_gmt":"2023-10-25T08:46:59","slug":"sistemas-de-pago-digitales","status":"publish","type":"page","link":"https:\/\/www.paytec.eu\/es\/sistemas-de-pago-digitales\/","title":{"rendered":"Sistemas de pago digitales"},"content":{"rendered":"<p>.[vc_row css_animation=\u00bb\u00bb row_type=\u00bbrow\u00bb use_row_as_full_screen_section=\u00bbno\u00bb type=\u00bbgrid\u00bb angled_section=\u00bbno\u00bb text_align=\u00bbleft\u00bb background_image_as_pattern=\u00bbwithout_pattern\u00bb z_index=\u00bb\u00bb][vc_column][qode_elements_holder number_of_columns=\u00bbtwo_columns\u00bb columns_proportion=\u00bb33_66&#8243;][qode_elements_holder_item vertical_alignment=\u00bbmiddle\u00bb advanced_animations=\u00bbno\u00bb custom_class=\u00bbbgBlue textwhite\u00bb item_padding=\u00bb15px 0 15px 15px\u00bb][vc_column_text css=\u00bb.vc_custom_1648111600163{padding-right: 20px !important;padding-left: 20px !important;}\u00bb]<\/p>\n<h4>Explorar nuevas soluciones<\/h4>\n<h4>para afrontar los nuevos retos del Vending<\/h4>\n<p>[\/vc_column_text][\/qode_elements_holder_item][qode_elements_holder_item vertical_alignment=\u00bbmiddle\u00bb advanced_animations=\u00bbno\u00bb item_padding=\u00bb0px 0 0 15px\u00bb][vc_single_image image=\u00bb8101&#8243; img_size=\u00bb1200&#215;550&#8243; qode_css_animation=\u00bb\u00bb][\/qode_elements_holder_item][\/qode_elements_holder][\/vc_column][\/vc_row][vc_row css_animation=\u00bb\u00bb row_type=\u00bbrow\u00bb use_row_as_full_screen_section=\u00bbno\u00bb type=\u00bbgrid\u00bb angled_section=\u00bbno\u00bb text_align=\u00bbleft\u00bb background_image_as_pattern=\u00bbwithout_pattern\u00bb z_index=\u00bb\u00bb padding_top=\u00bb0&#8243; padding_bottom=\u00bb0&#8243;][vc_column][vc_row_inner row_type=\u00bbrow\u00bb type=\u00bbfull_width\u00bb text_align=\u00bbleft\u00bb row_negative_margin=\u00bbdisable_negative_margin\u00bb css_animation=\u00bb\u00bb background_color=\u00bb#f3f3f3&#8243;][vc_column_inner][vc_column_text css=\u00bb.vc_custom_1648102585342{padding-right: 20px !important;padding-left: 20px !important;}\u00bb]<\/p>\n<h5 class=\"custom_font_holder\">La gesti\u00f3n del efectivo es cada vez m\u00e1s compleja y costosa.<\/h5>\n<h5 class=\"custom_font_holder\">Los consumidores tienen menos monedas en sus bolsillos y muchos quieren poder comprar con m\u00e9todos de pago utilizados en otros contextos.<\/h5>\n<h5 class=\"custom_font_holder\">Tutto parla a favore di soluzioni di pagamento elettronico, anche nel Vending, un mondo di microtransazioni che fino ad oggi ha visto il contante giocare un ruolo dominante.<\/h5>\n<p>[\/vc_column_text][\/vc_column_inner][\/vc_row_inner][\/vc_column][\/vc_row][vc_row css_animation=\u00bb\u00bb row_type=\u00bbrow\u00bb use_row_as_full_screen_section=\u00bbno\u00bb type=\u00bbgrid\u00bb angled_section=\u00bbno\u00bb text_align=\u00bbleft\u00bb background_image_as_pattern=\u00bbwithout_pattern\u00bb z_index=\u00bb\u00bb][vc_column][vc_column_text css=\u00bb.vc_custom_1648037415232{padding-right: 20px !important;padding-left: 20px !important;}\u00bb]<\/p>\n<h5>\u00bfDonde empezar?<\/h5>\n<p>[\/vc_column_text][vc_column_text css=\u00bb.vc_custom_1648068746725{padding-right: 20px !important;padding-left: 20px !important;}\u00bb]Frente a este camino ya marcado, el gerente se enfrenta a un sinf\u00edn de soluciones disponibles que var\u00edan ampliamente en funcionalidad, seguridad, facilidad de uso y costos.<\/p>\n<p><strong>Ser capaz de tomar sus decisiones requiere no solo habilidades tecnol\u00f3gicas, sino sobre todo un profundo conocimiento de los consumidores y de los lugares en los que desea operar.<\/strong><\/p>\n<p>No existen soluciones mejores \u201csiempre\u201d, sino m\u00e1s elementos que ayuden al gestor a emprender el camino hacia una reducci\u00f3n progresiva del efectivo y de los problemas que ocasiona. No existe una sola forma de retener a los consumidores, sino numerosos enfoques y herramientas que le permiten aumentar el monto promedio de compra y la frecuencia de uso de los distribuidores.<\/p>\n<p>Paytec quiere asistir al gerente en la exploraci\u00f3n del del camino, as\u00ed como en la elecci\u00f3n y despliegue de las herramientas m\u00e1s adecuadas.<\/p>\n<p>Comencemos con una breve comparaci\u00f3n entre dos de los sistemas de pago digital m\u00e1s populares en los \u00faltimos tiempos: el <b>LECTOR DE TARJETAS DE CR\u00c9DITO<\/b> y la <strong>APLICACI\u00d3N EN SMARTPHONE<\/strong>.[\/vc_column_text][\/vc_column][\/vc_row][vc_row css_animation=\u00bb\u00bb row_type=\u00bbrow\u00bb use_row_as_full_screen_section=\u00bbno\u00bb type=\u00bbgrid\u00bb angled_section=\u00bbno\u00bb text_align=\u00bbleft\u00bb background_image_as_pattern=\u00bbwithout_pattern\u00bb z_index=\u00bb\u00bb css=\u00bb.vc_custom_1648807740647{margin-right: 20px !important;margin-left: 20px !important;background-position: center !important;background-repeat: no-repeat !important;background-size: cover !important;}\u00bb padding_top=\u00bb0&#8243; el_class=\u00bbaccordionBlu\u00bb][vc_column width=\u00bb1\/2&#8243;][vc_row_inner row_type=\u00bbrow\u00bb type=\u00bbfull_width\u00bb text_align=\u00bbleft\u00bb row_negative_margin=\u00bbdisable_negative_margin\u00bb css_animation=\u00bb\u00bb background_color=\u00bb#f3f3f3&#8243;][vc_column_inner][vc_column_text]<\/p>\n<h2 style=\"text-align: center;\">VENDOTEK<\/h2>\n<h5 style=\"text-align: center;\">Lector de tarjetas de cr\u00e9dito<\/h5>\n<p>[\/vc_column_text][vc_empty_space height=\u00bb30px\u00bb][vc_gallery interval=\u00bb0&#8243; images=\u00bb6857,6842,5741&#8243; img_size=\u00bb600&#215;400&#8243; css=\u00bb.vc_custom_1648067860693{background-color: #144b8d !important;}\u00bb][vc_column_text css=\u00bb.vc_custom_1648068033236{padding-top: 15px !important;padding-right: 10px !important;padding-bottom: 15px !important;padding-left: 10px !important;}\u00bb]<\/p>\n<ul>\n<li>rapido y universal<\/li>\n<li>inmediatamente operativo<\/li>\n<li>ideal para una audiencia transitoria<\/li>\n<\/ul>\n<p>[\/vc_column_text]<div class=\"qode-accordion-holder clearfix qode-toggle qode-initial \">\n\t<h6 class=\"clearfix qode-title-holder\">\n<span class=\"qode-tab-title\">\n\t\t\t<span class=\"qode-tab-title-icon\">\n\t\t\t<span aria-hidden=\"true\" class=\"qode_icon_font_elegant arrow_down \" ><\/span>\t\t<\/span>\n\t    <span class=\"qode-tab-title-inner\">\n        Saber m\u00e1s    <\/span>\n<\/span>\n<span class=\"qode-accordion-mark\">\n    <span class=\"qode-accordion-mark-icon\">\n        <span class=\"icon_plus\"><\/span>\n        <span class=\"icon_minus-06\"><\/span>\n    <\/span>\n<\/span>\n<\/h6>\n<div  class=\"qode-accordion-content qode-acc-title-with-icon\" >\n    <div class=\"qode-accordion-content-inner\">\n        [vc_column_text]<\/p>\n<h5>Rapido y universal<\/h5>\n<p>[\/vc_column_text][vc_column_text]En lugares p\u00fablicos o semip\u00fablicos, con clientes ocasionales y alto tr\u00e1fico &#8211; aeropuertos, estaciones, tiendas autom\u00e1ticas, pero tambi\u00e9n piscinas, hospitales, universidades, etc. &#8211; la elecci\u00f3n de una herramienta de pago electr\u00f3nico r\u00e1pida y universal es fundamental: el gesto de acercar una tarjeta o una herramienta m\u00f3vil (tel\u00e9fono, reloj inteligente&#8230;) para pagar est\u00e1 ahora muy extendido.[\/vc_column_text][vc_empty_space height=\u00bb20px\u00bb][vc_column_text]<\/p>\n<h5>Inmediatamente operativo<\/h5>\n<p>[\/vc_column_text][vc_column_text]El lector de tarjetas <a href=\"https:\/\/www.paytec.eu\/prodotto\/vendotek\/\">VENDOTEK<\/a> puede ser un v\u00e1lido aliado para aceptar pagos de consumidores no recurrentes. El dispositivo funciona en modo \u00absin contacto\u00bb, aceptando las principales tarjetas de pago como Visa, MasterCard, Maestro, as\u00ed como soluciones m\u00f3viles como ApplePay, GooglePay o SamsungPay.<br \/>\nLa oferta ha sido formulada para permitir que el operador opere de inmediato gracias a una f\u00e1cil instalaci\u00f3n, una tarjeta SIM preinstalada y un contrato bancario est\u00e1ndar ya negociado y r\u00e1pidamente activado.[\/vc_column_text]    <\/div>\n<\/div><\/div>[vc_empty_space][vc_column_text css=\u00bb.vc_custom_1648068983394{padding-left: 20px !important;}\u00bb]<\/p>\n<h5>Ver el v\u00eddeo VENDOTEK<\/h5>\n<p>&nbsp;[\/vc_column_text][vc_empty_space height=\u00bb15px\u00bb][vc_column_text css=\u00bb.vc_custom_1648818425227{padding-left: 20px !important;}\u00bb]Permite compras inmediatas e impulsivas. Ofrece una manera f\u00e1cil de recargar una llave y reducir el flujo de caja. Y mant\u00e9n el control a trav\u00e9s del Portal dedicado.[\/vc_column_text][vc_empty_space height=\u00bb20px\u00bb][vc_video link=\u00bbhttps:\/\/youtu.be\/ocG0KPET134&#8243; el_width=\u00bb80&#8243; align=\u00bbcenter\u00bb][\/vc_column_inner][\/vc_row_inner][\/vc_column][vc_column width=\u00bb1\/2&#8243;][vc_row_inner row_type=\u00bbrow\u00bb type=\u00bbfull_width\u00bb text_align=\u00bbleft\u00bb row_negative_margin=\u00bbdisable_negative_margin\u00bb css_animation=\u00bb\u00bb background_color=\u00bb#f3f3f3&#8243;][vc_column_inner][vc_column_text]<\/p>\n<h2 style=\"text-align: center;\">OPTO<\/h2>\n<h5 style=\"text-align: center;\">App en Smartphone<\/h5>\n<p>[\/vc_column_text][vc_empty_space height=\u00bb30px\u00bb][vc_gallery interval=\u00bb0&#8243; images=\u00bb6852,6847,7872,7878&#8243; img_size=\u00bb600&#215;400&#8243; onclick=\u00bb\u00bb css=\u00bb.vc_custom_1648067875258{background-color: #144b8d !important;}\u00bb][vc_column_text css=\u00bb.vc_custom_1648068070639{padding-top: 15px !important;padding-right: 10px !important;padding-bottom: 15px !important;padding-left: 10px !important;}\u00bb]<\/p>\n<ul>\n<li>transici\u00f3n gradual de efectivo a sin efectivo<\/li>\n<li>aumentar la lealtad del usuario<\/li>\n<li>ideal para una audiencia recurrente<\/li>\n<\/ul>\n<p>[\/vc_column_text]<div class=\"qode-accordion-holder clearfix qode-toggle qode-initial \">\n\t<h6 class=\"clearfix qode-title-holder\">\n<span class=\"qode-tab-title\">\n\t\t\t<span class=\"qode-tab-title-icon\">\n\t\t\t<span aria-hidden=\"true\" class=\"qode_icon_font_elegant arrow_down \" ><\/span>\t\t<\/span>\n\t    <span class=\"qode-tab-title-inner\">\n        Saber m\u00e1s    <\/span>\n<\/span>\n<span class=\"qode-accordion-mark\">\n    <span class=\"qode-accordion-mark-icon\">\n        <span class=\"icon_plus\"><\/span>\n        <span class=\"icon_minus-06\"><\/span>\n    <\/span>\n<\/span>\n<\/h6>\n<div  class=\"qode-accordion-content qode-acc-title-with-icon\" >\n    <div class=\"qode-accordion-content-inner\">\n        [vc_column_text]<\/p>\n<h5>Reducir el efectivo sin perder ventas<\/h5>\n<p>[\/vc_column_text][vc_column_text]Para alquileres particulares o con clientes recurrentes, tambi\u00e9n es posible ofrecer el pago con tarjeta junto con el uso de llaves, para una soluci\u00f3n h\u00edbrida que permite una recarga totalmente cashless y una reducci\u00f3n dr\u00e1stica del efectivo.<\/p>\n<p>En contextos privados donde el uso de llaves es problem\u00e1tico, por ejemplo debido a la alta rotaci\u00f3n de empleados, la introducci\u00f3n de una aplicaci\u00f3n de pago como <a href=\"https:\/\/www.paytec.eu\/es\/prodotto\/opto-2\/\">OPTO<\/a> a menudo representa una soluci\u00f3n ganadora. <strong>OPTO puede complementar o incluso sustituir el uso de la llave de forma segura y econ\u00f3mica.<\/strong>[\/vc_column_text][vc_empty_space height=\u00bb20px\u00bb][vc_column_text]<\/p>\n<h5>Retener a los usuarios para aumentar las ventas<\/h5>\n<p>[\/vc_column_text][vc_column_text]Como herramienta de pago digital, la soluci\u00f3n no solo permite una importante reducci\u00f3n de efectivo, sino que abre al operador un mundo de <strong>nuevas funcionalidades y servicios de alto valor a\u00f1adido<\/strong>: perfilado de usuarios, comunicaci\u00f3n directa con ellos, informaci\u00f3n en tiempo real sobre el estado de los distribuidores, etc. Todo ello con una herramienta sumamente sencilla y eficaz.<\/p>\n<p>Obtenga m\u00e1s informaci\u00f3n en: <a href=\"https:\/\/www.optopayment.com\/\" target=\"_blank\" rel=\"noopener\">optopayment.com<\/a>[\/vc_column_text]    <\/div>\n<\/div><\/div>[vc_empty_space][vc_column_text css=\u00bb.vc_custom_1648053172986{padding-left: 20px !important;}\u00bb]<\/p>\n<h5>Ver el v\u00eddeo OPTO<\/h5>\n<p>&nbsp;[\/vc_column_text][vc_empty_space height=\u00bb15px\u00bb][vc_column_text css=\u00bb.vc_custom_1648069482073{padding-left: 20px !important;}\u00bb]Mira lo f\u00e1cil que es comprar en cualquier lugar, recargar tu monedero, seleccionar el producto sin tocar el teclado de la m\u00e1quina y consultar la informaci\u00f3n nutricional.[\/vc_column_text][vc_empty_space height=\u00bb20px\u00bb][vc_video link=\u00bbhttps:\/\/www.youtube.com\/watch?v=hUpiZ0QM5_E\u00bb el_width=\u00bb80&#8243; align=\u00bbcenter\u00bb][\/vc_column_inner][\/vc_row_inner][\/vc_column][\/vc_row][vc_row css_animation=\u00bb\u00bb row_type=\u00bbrow\u00bb use_row_as_full_screen_section=\u00bbno\u00bb type=\u00bbgrid\u00bb angled_section=\u00bbno\u00bb text_align=\u00bbleft\u00bb background_image_as_pattern=\u00bbwithout_pattern\u00bb z_index=\u00bb\u00bb el_class=\u00bbbgLeft\u00bb][vc_column][vc_row_inner row_type=\u00bbrow\u00bb type=\u00bbfull_width\u00bb text_align=\u00bbleft\u00bb css_animation=\u00bb\u00bb css=\u00bb.vc_custom_1645797030104{background-image: url(https:\/\/www.paytec.eu\/wp-content\/uploads\/2022\/02\/assistenza-home-ok.png?id=7250) !important;background-position: center !important;background-repeat: no-repeat !important;background-size: cover !important;}\u00bb][vc_column_inner width=\u00bb5\/12&#8243;][vc_column_text]<\/p>\n<h3>Las situaciones siempre son distintas y requieren un enfoque bien dirigido cada vez.<\/h3>\n<p>Paytec ofrece una gama particularmente amplia de soluciones y quiere estar al lado del gerente en la elecci\u00f3n e implementaci\u00f3n de las herramientas digitales m\u00e1s adecuadas para lograr sus objetivos.[\/vc_column_text][vc_empty_space]<a  itemprop=\"url\" href=\"https:\/\/www.paytec.eu\/contatti\/\" target=\"_self\"  class=\"qbutton  medium white default\" style=\"\">CONTACTANOSpara una consulta gratuita<\/a>[vc_empty_space][\/vc_column_inner][vc_column_inner width=\u00bb7\/12&#8243;][\/vc_column_inner][\/vc_row_inner][\/vc_column][\/vc_row].<\/p>\n","protected":false},"excerpt":{"rendered":"<p>.[vc_row css_animation=\u00bb\u00bb row_type=\u00bbrow\u00bb use_row_as_full_screen_section=\u00bbno\u00bb type=\u00bbgrid\u00bb angled_section=\u00bbno\u00bb text_align=\u00bbleft\u00bb background_image_as_pattern=\u00bbwithout_pattern\u00bb z_index=\u00bb\u00bb][vc_column][qode_elements_holder number_of_columns=\u00bbtwo_columns\u00bb columns_proportion=\u00bb33_66&#8243;][qode_elements_holder_item vertical_alignment=\u00bbmiddle\u00bb advanced_animations=\u00bbno\u00bb custom_class=\u00bbbgBlue textwhite\u00bb item_padding=\u00bb15px 0 15px 15px\u00bb][vc_column_text css=\u00bb.vc_custom_1648111600163{padding-right: 20px !important;padding-left: 20px !important;}\u00bb] Explorar nuevas soluciones para afrontar los nuevos retos del Vending [\/vc_column_text][\/qode_elements_holder_item][qode_elements_holder_item vertical_alignment=\u00bbmiddle\u00bb advanced_animations=\u00bbno\u00bb item_padding=\u00bb0px 0 0 15px\u00bb][vc_single_image image=\u00bb8101&#8243; img_size=\u00bb1200&#215;550&#8243; qode_css_animation=\u00bb\u00bb][\/qode_elements_holder_item][\/qode_elements_holder][\/vc_column][\/vc_row][vc_row css_animation=\u00bb\u00bb&#8230;<\/p>\n","protected":false},"author":3,"featured_media":0,"parent":0,"menu_order":0,"comment_status":"closed","ping_status":"closed","template":"full_width.php","meta":{"footnotes":""},"class_list":["post-8446","page","type-page","status-publish","hentry"],"acf":[],"yoast_head":"<!-- This site is optimized with the Yoast SEO plugin v21.1 - https:\/\/yoast.com\/wordpress\/plugins\/seo\/ -->\n<title>Sistemas de pago digitales - Paytec<\/title>\n<meta name=\"robots\" content=\"index, follow, max-snippet:-1, max-image-preview:large, max-video-preview:-1\" \/>\n<link rel=\"canonical\" href=\"https:\/\/www.paytec.eu\/sistemi-di-pagamento-digitali\/\" \/>\n<meta property=\"og:locale\" content=\"es_ES\" \/>\n<meta property=\"og:type\" content=\"article\" \/>\n<meta property=\"og:title\" content=\"Sistemas de pago digitales - Paytec\" \/>\n<meta property=\"og:description\" content=\".[vc_row css_animation=\u00bb\u00bb row_type=\u00bbrow\u00bb use_row_as_full_screen_section=\u00bbno\u00bb type=\u00bbgrid\u00bb angled_section=\u00bbno\u00bb text_align=\u00bbleft\u00bb background_image_as_pattern=\u00bbwithout_pattern\u00bb z_index=\u00bb\u00bb][vc_column][qode_elements_holder number_of_columns=\u00bbtwo_columns\u00bb columns_proportion=\u00bb33_66&#8243;][qode_elements_holder_item vertical_alignment=\u00bbmiddle\u00bb advanced_animations=\u00bbno\u00bb custom_class=\u00bbbgBlue textwhite\u00bb item_padding=\u00bb15px 0 15px 15px\u00bb][vc_column_text css=\u00bb.vc_custom_1648111600163{padding-right: 20px !important;padding-left: 20px !important;}\u00bb] Explorar nuevas soluciones para afrontar los nuevos retos del Vending [\/vc_column_text][\/qode_elements_holder_item][qode_elements_holder_item vertical_alignment=\u00bbmiddle\u00bb advanced_animations=\u00bbno\u00bb item_padding=\u00bb0px 0 0 15px\u00bb][vc_single_image image=\u00bb8101&#8243; img_size=\u00bb1200&#215;550&#8243; qode_css_animation=\u00bb\u00bb][\/qode_elements_holder_item][\/qode_elements_holder][\/vc_column][\/vc_row][vc_row css_animation=\u00bb\u00bb...\" \/>\n<meta property=\"og:url\" content=\"https:\/\/www.paytec.eu\/sistemi-di-pagamento-digitali\/\" \/>\n<meta property=\"og:site_name\" content=\"Paytec\" \/>\n<meta property=\"article:modified_time\" content=\"2023-10-25T08:46:59+00:00\" \/>\n<meta name=\"twitter:card\" content=\"summary_large_image\" \/>\n<meta name=\"twitter:label1\" content=\"Tiempo de lectura\" \/>\n\t<meta name=\"twitter:data1\" content=\"4 minutos\" \/>\n<script type=\"application\/ld+json\" class=\"yoast-schema-graph\">{\"@context\":\"https:\/\/schema.org\",\"@graph\":[{\"@type\":\"WebPage\",\"@id\":\"https:\/\/www.paytec.eu\/sistemi-di-pagamento-digitali\/\",\"url\":\"https:\/\/www.paytec.eu\/sistemi-di-pagamento-digitali\/\",\"name\":\"Sistemas de pago digitales - Paytec\",\"isPartOf\":{\"@id\":\"https:\/\/www.paytec.eu\/#website\"},\"datePublished\":\"2022-03-31T07:42:03+00:00\",\"dateModified\":\"2023-10-25T08:46:59+00:00\",\"breadcrumb\":{\"@id\":\"https:\/\/www.paytec.eu\/sistemi-di-pagamento-digitali\/#breadcrumb\"},\"inLanguage\":\"es\",\"potentialAction\":[{\"@type\":\"ReadAction\",\"target\":[\"https:\/\/www.paytec.eu\/sistemi-di-pagamento-digitali\/\"]}]},{\"@type\":\"BreadcrumbList\",\"@id\":\"https:\/\/www.paytec.eu\/sistemi-di-pagamento-digitali\/#breadcrumb\",\"itemListElement\":[{\"@type\":\"ListItem\",\"position\":1,\"name\":\"Home\",\"item\":\"https:\/\/www.paytec.eu\/es\/\"},{\"@type\":\"ListItem\",\"position\":2,\"name\":\"Sistemas de pago digitales\"}]},{\"@type\":\"WebSite\",\"@id\":\"https:\/\/www.paytec.eu\/#website\",\"url\":\"https:\/\/www.paytec.eu\/\",\"name\":\"Paytec\",\"description\":\"Smart Payments for Vending\",\"potentialAction\":[{\"@type\":\"SearchAction\",\"target\":{\"@type\":\"EntryPoint\",\"urlTemplate\":\"https:\/\/www.paytec.eu\/?s={search_term_string}\"},\"query-input\":\"required name=search_term_string\"}],\"inLanguage\":\"es\"}]}<\/script>\n<!-- \/ Yoast SEO plugin. -->","yoast_head_json":{"title":"Sistemas de pago digitales - Paytec","robots":{"index":"index","follow":"follow","max-snippet":"max-snippet:-1","max-image-preview":"max-image-preview:large","max-video-preview":"max-video-preview:-1"},"canonical":"https:\/\/www.paytec.eu\/sistemi-di-pagamento-digitali\/","og_locale":"es_ES","og_type":"article","og_title":"Sistemas de pago digitales - Paytec","og_description":".[vc_row css_animation=\u00bb\u00bb row_type=\u00bbrow\u00bb use_row_as_full_screen_section=\u00bbno\u00bb type=\u00bbgrid\u00bb angled_section=\u00bbno\u00bb text_align=\u00bbleft\u00bb background_image_as_pattern=\u00bbwithout_pattern\u00bb z_index=\u00bb\u00bb][vc_column][qode_elements_holder number_of_columns=\u00bbtwo_columns\u00bb columns_proportion=\u00bb33_66&#8243;][qode_elements_holder_item vertical_alignment=\u00bbmiddle\u00bb advanced_animations=\u00bbno\u00bb custom_class=\u00bbbgBlue textwhite\u00bb item_padding=\u00bb15px 0 15px 15px\u00bb][vc_column_text css=\u00bb.vc_custom_1648111600163{padding-right: 20px !important;padding-left: 20px !important;}\u00bb] Explorar nuevas soluciones para afrontar los nuevos retos del Vending [\/vc_column_text][\/qode_elements_holder_item][qode_elements_holder_item vertical_alignment=\u00bbmiddle\u00bb advanced_animations=\u00bbno\u00bb item_padding=\u00bb0px 0 0 15px\u00bb][vc_single_image image=\u00bb8101&#8243; img_size=\u00bb1200&#215;550&#8243; qode_css_animation=\u00bb\u00bb][\/qode_elements_holder_item][\/qode_elements_holder][\/vc_column][\/vc_row][vc_row css_animation=\u00bb\u00bb...","og_url":"https:\/\/www.paytec.eu\/sistemi-di-pagamento-digitali\/","og_site_name":"Paytec","article_modified_time":"2023-10-25T08:46:59+00:00","twitter_card":"summary_large_image","twitter_misc":{"Tiempo de lectura":"4 minutos"},"schema":{"@context":"https:\/\/schema.org","@graph":[{"@type":"WebPage","@id":"https:\/\/www.paytec.eu\/sistemi-di-pagamento-digitali\/","url":"https:\/\/www.paytec.eu\/sistemi-di-pagamento-digitali\/","name":"Sistemas de pago digitales - Paytec","isPartOf":{"@id":"https:\/\/www.paytec.eu\/#website"},"datePublished":"2022-03-31T07:42:03+00:00","dateModified":"2023-10-25T08:46:59+00:00","breadcrumb":{"@id":"https:\/\/www.paytec.eu\/sistemi-di-pagamento-digitali\/#breadcrumb"},"inLanguage":"es","potentialAction":[{"@type":"ReadAction","target":["https:\/\/www.paytec.eu\/sistemi-di-pagamento-digitali\/"]}]},{"@type":"BreadcrumbList","@id":"https:\/\/www.paytec.eu\/sistemi-di-pagamento-digitali\/#breadcrumb","itemListElement":[{"@type":"ListItem","position":1,"name":"Home","item":"https:\/\/www.paytec.eu\/es\/"},{"@type":"ListItem","position":2,"name":"Sistemas de pago digitales"}]},{"@type":"WebSite","@id":"https:\/\/www.paytec.eu\/#website","url":"https:\/\/www.paytec.eu\/","name":"Paytec","description":"Smart Payments for Vending","potentialAction":[{"@type":"SearchAction","target":{"@type":"EntryPoint","urlTemplate":"https:\/\/www.paytec.eu\/?s={search_term_string}"},"query-input":"required name=search_term_string"}],"inLanguage":"es"}]}},"_links":{"self":[{"href":"https:\/\/www.paytec.eu\/es\/wp-json\/wp\/v2\/pages\/8446","targetHints":{"allow":["GET"]}}],"collection":[{"href":"https:\/\/www.paytec.eu\/es\/wp-json\/wp\/v2\/pages"}],"about":[{"href":"https:\/\/www.paytec.eu\/es\/wp-json\/wp\/v2\/types\/page"}],"author":[{"embeddable":true,"href":"https:\/\/www.paytec.eu\/es\/wp-json\/wp\/v2\/users\/3"}],"replies":[{"embeddable":true,"href":"https:\/\/www.paytec.eu\/es\/wp-json\/wp\/v2\/comments?post=8446"}],"version-history":[{"count":0,"href":"https:\/\/www.paytec.eu\/es\/wp-json\/wp\/v2\/pages\/8446\/revisions"}],"wp:attachment":[{"href":"https:\/\/www.paytec.eu\/es\/wp-json\/wp\/v2\/media?parent=8446"}],"curies":[{"name":"wp","href":"https:\/\/api.w.org\/{rel}","templated":true}]}}