{"id":11123,"date":"2023-06-08T09:09:47","date_gmt":"2023-06-08T09:09:53","guid":{"rendered":"https:\/\/www.paytec.eu\/?post_type=product&#038;p=11123"},"modified":"2023-10-17T15:29:48","modified_gmt":"2023-10-17T15:29:48","slug":"cable-serie-caiman2","status":"publish","type":"product","link":"https:\/\/www.paytec.eu\/es\/prodotto\/cable-serie-caiman2\/","title":{"rendered":"CABLE SERIE CAIMAN CPU para PERIFERICA MDB"},"content":{"rendered":"<p>Cable serie de repuesto para conectar perif\u00e9ricos MDB a la unidad central Caiman2.<\/p>\n<p>No compatible con Caiman1. Para Caiman1, ver el c\u00f3digo RKT.03105\u00a0 (kit 5 pzs)<\/p>\n","protected":false},"excerpt":{"rendered":"<p>Cable serie de repuesto para conectar perif\u00e9ricos MDB a la unidad central Caiman2. No compatible con Caiman1. Para Caiman1, ver el c\u00f3digo RKT.03105\u00a0 (kit 5 pzs)<\/p>\n","protected":false},"featured_media":11439,"template":"","meta":[],"product_cat":[137],"product_tag":[],"class_list":["post-11123","product","type-product","status-publish","has-post-thumbnail","hentry","tipologia-accessorios-cashless-es","product_cat-accesorios-y-repuestos"],"acf":[],"yoast_head":"<!-- This site is optimized with the Yoast SEO plugin v21.1 - https:\/\/yoast.com\/wordpress\/plugins\/seo\/ -->\n<title>Cable serie Caiman2 - repuesto para sistemas de pago Paytec<\/title>\n<meta name=\"description\" content=\"El cable serie CPU Caiman2 para perif\u00e9ricos MDB permite la conexi\u00f3n de perif\u00e9ricos MDB a la unidad central Caiman2. Disponible en el sitio web paytec.eu\" \/>\n<meta name=\"robots\" content=\"index, follow, max-snippet:-1, max-image-preview:large, max-video-preview:-1\" \/>\n<link rel=\"canonical\" href=\"https:\/\/www.paytec.eu\/prodotto\/cavo-seriale-caiman2\/\" \/>\n<meta property=\"og:locale\" content=\"es_ES\" \/>\n<meta property=\"og:type\" content=\"article\" \/>\n<meta property=\"og:title\" content=\"Cable serie Caiman2 - repuesto para sistemas de pago Paytec\" \/>\n<meta property=\"og:description\" content=\"El cable serie CPU Caiman2 para perif\u00e9ricos MDB permite la conexi\u00f3n de perif\u00e9ricos MDB a la unidad central Caiman2. Disponible en el sitio web paytec.eu\" \/>\n<meta property=\"og:url\" content=\"https:\/\/www.paytec.eu\/prodotto\/cavo-seriale-caiman2\/\" \/>\n<meta property=\"og:site_name\" content=\"Paytec\" \/>\n<meta property=\"article:modified_time\" content=\"2023-10-17T15:29:48+00:00\" \/>\n<meta property=\"og:image\" content=\"https:\/\/www.paytec.eu\/wp-content\/uploads\/2023\/06\/AC200008510_cavo_seriale_mdb_caiman2.png\" \/>\n\t<meta property=\"og:image:width\" content=\"800\" \/>\n\t<meta property=\"og:image:height\" content=\"1101\" \/>\n\t<meta property=\"og:image:type\" content=\"image\/png\" \/>\n<meta name=\"twitter:card\" content=\"summary_large_image\" \/>\n<script type=\"application\/ld+json\" class=\"yoast-schema-graph\">{\"@context\":\"https:\/\/schema.org\",\"@graph\":[{\"@type\":\"WebPage\",\"@id\":\"https:\/\/www.paytec.eu\/prodotto\/cavo-seriale-caiman2\/\",\"url\":\"https:\/\/www.paytec.eu\/prodotto\/cavo-seriale-caiman2\/\",\"name\":\"Cable serie Caiman2 - repuesto para sistemas de pago Paytec\",\"isPartOf\":{\"@id\":\"https:\/\/www.paytec.eu\/#website\"},\"datePublished\":\"2023-06-08T09:09:53+00:00\",\"dateModified\":\"2023-10-17T15:29:48+00:00\",\"description\":\"El cable serie CPU Caiman2 para perif\u00e9ricos MDB permite la conexi\u00f3n de perif\u00e9ricos MDB a la unidad central Caiman2. Disponible en el sitio web paytec.eu\",\"breadcrumb\":{\"@id\":\"https:\/\/www.paytec.eu\/prodotto\/cavo-seriale-caiman2\/#breadcrumb\"},\"inLanguage\":\"es\",\"potentialAction\":[{\"@type\":\"ReadAction\",\"target\":[\"https:\/\/www.paytec.eu\/prodotto\/cavo-seriale-caiman2\/\"]}]},{\"@type\":\"BreadcrumbList\",\"@id\":\"https:\/\/www.paytec.eu\/prodotto\/cavo-seriale-caiman2\/#breadcrumb\",\"itemListElement\":[{\"@type\":\"ListItem\",\"position\":1,\"name\":\"Home\",\"item\":\"https:\/\/www.paytec.eu\/es\/\"},{\"@type\":\"ListItem\",\"position\":2,\"name\":\"Tienda\",\"item\":\"https:\/\/www.paytec.eu\/shop\/\"},{\"@type\":\"ListItem\",\"position\":3,\"name\":\"Accesorios y Repuestos\",\"item\":\"https:\/\/www.paytec.eu\/es\/categoria-prodotto\/accesorios-y-repuestos\/\"},{\"@type\":\"ListItem\",\"position\":4,\"name\":\"CABLE SERIE CAIMAN CPU para PERIFERICA MDB\"}]},{\"@type\":\"WebSite\",\"@id\":\"https:\/\/www.paytec.eu\/#website\",\"url\":\"https:\/\/www.paytec.eu\/\",\"name\":\"Paytec\",\"description\":\"Smart Payments for Vending\",\"potentialAction\":[{\"@type\":\"SearchAction\",\"target\":{\"@type\":\"EntryPoint\",\"urlTemplate\":\"https:\/\/www.paytec.eu\/?s={search_term_string}\"},\"query-input\":\"required name=search_term_string\"}],\"inLanguage\":\"es\"}]}<\/script>\n<!-- \/ Yoast SEO plugin. -->","yoast_head_json":{"title":"Cable serie Caiman2 - repuesto para sistemas de pago Paytec","description":"El cable serie CPU Caiman2 para perif\u00e9ricos MDB permite la conexi\u00f3n de perif\u00e9ricos MDB a la unidad central Caiman2. Disponible en el sitio web paytec.eu","robots":{"index":"index","follow":"follow","max-snippet":"max-snippet:-1","max-image-preview":"max-image-preview:large","max-video-preview":"max-video-preview:-1"},"canonical":"https:\/\/www.paytec.eu\/prodotto\/cavo-seriale-caiman2\/","og_locale":"es_ES","og_type":"article","og_title":"Cable serie Caiman2 - repuesto para sistemas de pago Paytec","og_description":"El cable serie CPU Caiman2 para perif\u00e9ricos MDB permite la conexi\u00f3n de perif\u00e9ricos MDB a la unidad central Caiman2. Disponible en el sitio web paytec.eu","og_url":"https:\/\/www.paytec.eu\/prodotto\/cavo-seriale-caiman2\/","og_site_name":"Paytec","article_modified_time":"2023-10-17T15:29:48+00:00","og_image":[{"width":800,"height":1101,"url":"https:\/\/www.paytec.eu\/wp-content\/uploads\/2023\/06\/AC200008510_cavo_seriale_mdb_caiman2.png","type":"image\/png"}],"twitter_card":"summary_large_image","schema":{"@context":"https:\/\/schema.org","@graph":[{"@type":"WebPage","@id":"https:\/\/www.paytec.eu\/prodotto\/cavo-seriale-caiman2\/","url":"https:\/\/www.paytec.eu\/prodotto\/cavo-seriale-caiman2\/","name":"Cable serie Caiman2 - repuesto para sistemas de pago Paytec","isPartOf":{"@id":"https:\/\/www.paytec.eu\/#website"},"datePublished":"2023-06-08T09:09:53+00:00","dateModified":"2023-10-17T15:29:48+00:00","description":"El cable serie CPU Caiman2 para perif\u00e9ricos MDB permite la conexi\u00f3n de perif\u00e9ricos MDB a la unidad central Caiman2. Disponible en el sitio web paytec.eu","breadcrumb":{"@id":"https:\/\/www.paytec.eu\/prodotto\/cavo-seriale-caiman2\/#breadcrumb"},"inLanguage":"es","potentialAction":[{"@type":"ReadAction","target":["https:\/\/www.paytec.eu\/prodotto\/cavo-seriale-caiman2\/"]}]},{"@type":"BreadcrumbList","@id":"https:\/\/www.paytec.eu\/prodotto\/cavo-seriale-caiman2\/#breadcrumb","itemListElement":[{"@type":"ListItem","position":1,"name":"Home","item":"https:\/\/www.paytec.eu\/es\/"},{"@type":"ListItem","position":2,"name":"Tienda","item":"https:\/\/www.paytec.eu\/shop\/"},{"@type":"ListItem","position":3,"name":"Accesorios y Repuestos","item":"https:\/\/www.paytec.eu\/es\/categoria-prodotto\/accesorios-y-repuestos\/"},{"@type":"ListItem","position":4,"name":"CABLE SERIE CAIMAN CPU para PERIFERICA MDB"}]},{"@type":"WebSite","@id":"https:\/\/www.paytec.eu\/#website","url":"https:\/\/www.paytec.eu\/","name":"Paytec","description":"Smart Payments for Vending","potentialAction":[{"@type":"SearchAction","target":{"@type":"EntryPoint","urlTemplate":"https:\/\/www.paytec.eu\/?s={search_term_string}"},"query-input":"required name=search_term_string"}],"inLanguage":"es"}]}},"_links":{"self":[{"href":"https:\/\/www.paytec.eu\/es\/wp-json\/wp\/v2\/product\/11123","targetHints":{"allow":["GET"]}}],"collection":[{"href":"https:\/\/www.paytec.eu\/es\/wp-json\/wp\/v2\/product"}],"about":[{"href":"https:\/\/www.paytec.eu\/es\/wp-json\/wp\/v2\/types\/product"}],"wp:featuredmedia":[{"embeddable":true,"href":"https:\/\/www.paytec.eu\/es\/wp-json\/wp\/v2\/media\/11439"}],"wp:attachment":[{"href":"https:\/\/www.paytec.eu\/es\/wp-json\/wp\/v2\/media?parent=11123"}],"wp:term":[{"taxonomy":"product_cat","embeddable":true,"href":"https:\/\/www.paytec.eu\/es\/wp-json\/wp\/v2\/product_cat?post=11123"},{"taxonomy":"product_tag","embeddable":true,"href":"https:\/\/www.paytec.eu\/es\/wp-json\/wp\/v2\/product_tag?post=11123"}],"curies":[{"name":"wp","href":"https:\/\/api.w.org\/{rel}","templated":true}]}}