{"id":13070,"date":"2021-12-23T16:14:00","date_gmt":"2021-12-23T16:14:00","guid":{"rendered":"https:\/\/www.paytec.eu\/prodotto\/master-con-monedero-mdb-2\/"},"modified":"2025-05-08T12:44:58","modified_gmt":"2025-05-08T12:44:58","slug":"master-con-monedero-mdb-2","status":"publish","type":"product","link":"https:\/\/www.paytec.eu\/es\/prodotto\/master-con-monedero-mdb-2\/","title":{"rendered":"FOUR PREMIUM PIT"},"content":{"rendered":"<p>FOUR Premium &#8211; kit compuesto por un master con monedero MDB de 4 tubos y un lector de llaves PIT &#8211; facilita el trabajo del operador con una soluci\u00f3n eficaz y al mismo tiempo escalable.<\/p>\n<p><strong>El control y la gesti\u00f3n del sistema est\u00e1 a cargo de la unidad master Caiman probada<\/strong> que, adem\u00e1s de gestionar directamente la parte cashless a trav\u00e9s del lector Caiman, controla el monedero FOUR MDB-only. De esta forma,<strong> la informaci\u00f3n de auditor\u00eda y configuraci\u00f3n queda almacenada y disponible en la unidad Caiman y no en el monedero<\/strong>.<\/p>\n<p><strong>La unidad Caiman puede gestionar otros perif\u00e9ricos MDB<\/strong> (como por ejemplo un lector de billetes, un lector de tarjetas bancarias, una aplicaci\u00f3n de pago) para lograr un sistema de pago aun m\u00e1s completo. El lector Caiman permite una lectura\/escritura r\u00e1pida y segura de llaves Paytec PIT.<\/p>\n<p>El sistema <strong>FOUR Premium PIT<\/strong> es una soluci\u00f3n extremadamente simple, confiable y, lo m\u00e1s importante, conveniente para la gesti\u00f3n de las monedas.<\/p>\n","protected":false},"excerpt":{"rendered":"<p>El sistema Paytec FOUR Premium es una soluci\u00f3n integrada de bajo coste que permite al operador adaptarse progresivamente a las demandas del mercado de manera sencilla y eficaz.<\/p>\n","protected":false},"featured_media":5987,"template":"","meta":[],"product_cat":[142],"product_tag":[],"class_list":["post-13070","product","type-product","status-publish","has-post-thumbnail","hentry","protocollo-exe-es","protocollo-mdb-es","tipologia-lector-llaves-es","tipologia-master-es","tipologia-monederos-es","pagamento-chiave-es","pagamento-moneta-es","product_cat-cash-es"],"acf":[],"yoast_head":"<!-- This site is optimized with the Yoast SEO plugin v21.1 - https:\/\/yoast.com\/wordpress\/plugins\/seo\/ -->\n<title>Master con monedero MDB FOUR PREMIUM PIT de Paytec<\/title>\n<meta name=\"description\" content=\"El master con monedero MDB FOUR PREMIUM de Paytec controla tanto el cashless como el monedero FOUR MDB-only y permite la lectura\/escritura de llaves PIT.\" \/>\n<meta name=\"robots\" content=\"index, follow, max-snippet:-1, max-image-preview:large, max-video-preview:-1\" \/>\n<link rel=\"canonical\" href=\"https:\/\/www.paytec.eu\/es\/prodotto\/master-con-monedero-mdb-2\/\" \/>\n<meta property=\"og:locale\" content=\"es_ES\" \/>\n<meta property=\"og:type\" content=\"article\" \/>\n<meta property=\"og:title\" content=\"Master con monedero MDB FOUR PREMIUM PIT de Paytec\" \/>\n<meta property=\"og:description\" content=\"El master con monedero MDB FOUR PREMIUM de Paytec controla tanto el cashless como el monedero FOUR MDB-only y permite la lectura\/escritura de llaves PIT.\" \/>\n<meta property=\"og:url\" content=\"https:\/\/www.paytec.eu\/es\/prodotto\/master-con-monedero-mdb-2\/\" \/>\n<meta property=\"og:site_name\" content=\"Paytec\" \/>\n<meta property=\"article:modified_time\" content=\"2025-05-08T12:44:58+00:00\" \/>\n<meta property=\"og:image\" content=\"https:\/\/www.paytec.eu\/wp-content\/uploads\/2021\/12\/Four-Premium-PIT.png\" \/>\n\t<meta property=\"og:image:width\" content=\"580\" \/>\n\t<meta property=\"og:image:height\" content=\"580\" \/>\n\t<meta property=\"og:image:type\" content=\"image\/png\" \/>\n<meta name=\"twitter:card\" content=\"summary_large_image\" \/>\n<meta name=\"twitter:label1\" content=\"Tiempo de lectura\" \/>\n\t<meta name=\"twitter:data1\" content=\"1 minuto\" \/>\n<script type=\"application\/ld+json\" class=\"yoast-schema-graph\">{\"@context\":\"https:\/\/schema.org\",\"@graph\":[{\"@type\":\"WebPage\",\"@id\":\"https:\/\/www.paytec.eu\/es\/prodotto\/master-con-monedero-mdb-2\/\",\"url\":\"https:\/\/www.paytec.eu\/es\/prodotto\/master-con-monedero-mdb-2\/\",\"name\":\"Master con monedero MDB FOUR PREMIUM PIT de Paytec\",\"isPartOf\":{\"@id\":\"https:\/\/www.paytec.eu\/#website\"},\"datePublished\":\"2021-12-23T16:14:00+00:00\",\"dateModified\":\"2025-05-08T12:44:58+00:00\",\"description\":\"El master con monedero MDB FOUR PREMIUM de Paytec controla tanto el cashless como el monedero FOUR MDB-only y permite la lectura\/escritura de llaves PIT.\",\"breadcrumb\":{\"@id\":\"https:\/\/www.paytec.eu\/es\/prodotto\/master-con-monedero-mdb-2\/#breadcrumb\"},\"inLanguage\":\"es\",\"potentialAction\":[{\"@type\":\"ReadAction\",\"target\":[\"https:\/\/www.paytec.eu\/es\/prodotto\/master-con-monedero-mdb-2\/\"]}]},{\"@type\":\"BreadcrumbList\",\"@id\":\"https:\/\/www.paytec.eu\/es\/prodotto\/master-con-monedero-mdb-2\/#breadcrumb\",\"itemListElement\":[{\"@type\":\"ListItem\",\"position\":1,\"name\":\"Home\",\"item\":\"https:\/\/www.paytec.eu\/es\/\"},{\"@type\":\"ListItem\",\"position\":2,\"name\":\"Tienda\",\"item\":\"https:\/\/www.paytec.eu\/shop\/\"},{\"@type\":\"ListItem\",\"position\":3,\"name\":\"Cash\",\"item\":\"https:\/\/www.paytec.eu\/categoria-prodotto\/cash\/\"},{\"@type\":\"ListItem\",\"position\":4,\"name\":\"FOUR PREMIUM PIT\"}]},{\"@type\":\"WebSite\",\"@id\":\"https:\/\/www.paytec.eu\/#website\",\"url\":\"https:\/\/www.paytec.eu\/\",\"name\":\"Paytec\",\"description\":\"Smart Payments for Vending\",\"potentialAction\":[{\"@type\":\"SearchAction\",\"target\":{\"@type\":\"EntryPoint\",\"urlTemplate\":\"https:\/\/www.paytec.eu\/?s={search_term_string}\"},\"query-input\":\"required name=search_term_string\"}],\"inLanguage\":\"es\"}]}<\/script>\n<!-- \/ Yoast SEO plugin. -->","yoast_head_json":{"title":"Master con monedero MDB FOUR PREMIUM PIT de Paytec","description":"El master con monedero MDB FOUR PREMIUM de Paytec controla tanto el cashless como el monedero FOUR MDB-only y permite la lectura\/escritura de llaves PIT.","robots":{"index":"index","follow":"follow","max-snippet":"max-snippet:-1","max-image-preview":"max-image-preview:large","max-video-preview":"max-video-preview:-1"},"canonical":"https:\/\/www.paytec.eu\/es\/prodotto\/master-con-monedero-mdb-2\/","og_locale":"es_ES","og_type":"article","og_title":"Master con monedero MDB FOUR PREMIUM PIT de Paytec","og_description":"El master con monedero MDB FOUR PREMIUM de Paytec controla tanto el cashless como el monedero FOUR MDB-only y permite la lectura\/escritura de llaves PIT.","og_url":"https:\/\/www.paytec.eu\/es\/prodotto\/master-con-monedero-mdb-2\/","og_site_name":"Paytec","article_modified_time":"2025-05-08T12:44:58+00:00","og_image":[{"width":580,"height":580,"url":"https:\/\/www.paytec.eu\/wp-content\/uploads\/2021\/12\/Four-Premium-PIT.png","type":"image\/png"}],"twitter_card":"summary_large_image","twitter_misc":{"Tiempo de lectura":"1 minuto"},"schema":{"@context":"https:\/\/schema.org","@graph":[{"@type":"WebPage","@id":"https:\/\/www.paytec.eu\/es\/prodotto\/master-con-monedero-mdb-2\/","url":"https:\/\/www.paytec.eu\/es\/prodotto\/master-con-monedero-mdb-2\/","name":"Master con monedero MDB FOUR PREMIUM PIT de Paytec","isPartOf":{"@id":"https:\/\/www.paytec.eu\/#website"},"datePublished":"2021-12-23T16:14:00+00:00","dateModified":"2025-05-08T12:44:58+00:00","description":"El master con monedero MDB FOUR PREMIUM de Paytec controla tanto el cashless como el monedero FOUR MDB-only y permite la lectura\/escritura de llaves PIT.","breadcrumb":{"@id":"https:\/\/www.paytec.eu\/es\/prodotto\/master-con-monedero-mdb-2\/#breadcrumb"},"inLanguage":"es","potentialAction":[{"@type":"ReadAction","target":["https:\/\/www.paytec.eu\/es\/prodotto\/master-con-monedero-mdb-2\/"]}]},{"@type":"BreadcrumbList","@id":"https:\/\/www.paytec.eu\/es\/prodotto\/master-con-monedero-mdb-2\/#breadcrumb","itemListElement":[{"@type":"ListItem","position":1,"name":"Home","item":"https:\/\/www.paytec.eu\/es\/"},{"@type":"ListItem","position":2,"name":"Tienda","item":"https:\/\/www.paytec.eu\/shop\/"},{"@type":"ListItem","position":3,"name":"Cash","item":"https:\/\/www.paytec.eu\/categoria-prodotto\/cash\/"},{"@type":"ListItem","position":4,"name":"FOUR PREMIUM PIT"}]},{"@type":"WebSite","@id":"https:\/\/www.paytec.eu\/#website","url":"https:\/\/www.paytec.eu\/","name":"Paytec","description":"Smart Payments for Vending","potentialAction":[{"@type":"SearchAction","target":{"@type":"EntryPoint","urlTemplate":"https:\/\/www.paytec.eu\/?s={search_term_string}"},"query-input":"required name=search_term_string"}],"inLanguage":"es"}]}},"_links":{"self":[{"href":"https:\/\/www.paytec.eu\/es\/wp-json\/wp\/v2\/product\/13070","targetHints":{"allow":["GET"]}}],"collection":[{"href":"https:\/\/www.paytec.eu\/es\/wp-json\/wp\/v2\/product"}],"about":[{"href":"https:\/\/www.paytec.eu\/es\/wp-json\/wp\/v2\/types\/product"}],"wp:featuredmedia":[{"embeddable":true,"href":"https:\/\/www.paytec.eu\/es\/wp-json\/wp\/v2\/media\/5987"}],"wp:attachment":[{"href":"https:\/\/www.paytec.eu\/es\/wp-json\/wp\/v2\/media?parent=13070"}],"wp:term":[{"taxonomy":"product_cat","embeddable":true,"href":"https:\/\/www.paytec.eu\/es\/wp-json\/wp\/v2\/product_cat?post=13070"},{"taxonomy":"product_tag","embeddable":true,"href":"https:\/\/www.paytec.eu\/es\/wp-json\/wp\/v2\/product_tag?post=13070"}],"curies":[{"name":"wp","href":"https:\/\/api.w.org\/{rel}","templated":true}]}}