{"id":13516,"date":"2023-01-30T09:11:24","date_gmt":"2023-01-30T09:11:24","guid":{"rendered":"https:\/\/www.paytec.eu\/prodotto\/monedero-de-cambio-6-tubos\/"},"modified":"2025-05-08T12:53:08","modified_gmt":"2025-05-08T12:53:08","slug":"monedero-de-cambio-6-tubos","status":"publish","type":"product","link":"https:\/\/www.paytec.eu\/es\/prodotto\/monedero-de-cambio-6-tubos\/","title":{"rendered":"EAGLE 2 EXE-MDB"},"content":{"rendered":"<p>El monedero de cambio a 6 tubos EAGLE2 dispone de un consolidado sistema de discriminaci\u00f3n y separaci\u00f3n de las monedas desarrollado con tecnolog\u00eda inductiva para asegurar el <strong>pleno funcionamiento tambi\u00e9n en condiciones ambientales dif\u00edciles y de suciedad<\/strong>.<\/p>\n<p>El monedero ofrece un amplio abanico de configuraciones de monedas para garantizar la <strong>m\u00e1xima flexibilidad en la gesti\u00f3n del cambio<\/strong>.<\/p>\n<p>La gesti\u00f3n de las monedas en los tubos se conf\u00eda a algoritmos que optimizan continuamente la dispensaci\u00f3n del resto para ampliar la disponibilidad al m\u00e1ximo. Tanto la caja de tubos como los tubos mismos pueden ser f\u00e1cilmente sustituidos.<\/p>\n<p>EAGLE2 est\u00e1 predispuesta para gestionar un sistema de pago cashless, conectando sencillamente un lector de llaves\/tarjetas Caiman. Tambi\u00e9n se pueden conectar otros dispositivos MDB (por ejemplo, lector de tarjetas de cr\u00e9dito, aplicaci\u00f3n de pago) para aumentar la oferta de tipos de pago.<br \/>\nLa <strong>pantalla de serie integrada<\/strong> en el monedero\u00a0 a 6 tubos EAGLE2 facilita el trabajo de ajustes y de diagn\u00f3stico. Una cerradura con llave para la caja de tubos (opci\u00f3n) permite, si es necesario, un nivel de seguridad a\u00fan mayor. Un sensor autom\u00e1tico registra la abertura de la caja de tubos, tambi\u00e9n con el monedero apagado.<\/p>\n","protected":false},"excerpt":{"rendered":"<p>Una verdadera plataforma tecnol\u00f3gica sobre la que integrar una amplia gama de sistemas de pago.<\/p>\n","protected":false},"featured_media":10714,"template":"","meta":[],"product_cat":[142],"product_tag":[],"class_list":["post-13516","product","type-product","status-publish","has-post-thumbnail","hentry","product_cat-cash-es"],"acf":[],"yoast_head":"<!-- This site is optimized with the Yoast SEO plugin v21.1 - https:\/\/yoast.com\/wordpress\/plugins\/seo\/ -->\n<title>Monedero de cambio a 6 tubos EAGLE2<\/title>\n<meta name=\"description\" content=\"El monedero de cambio a 6 tubos EAGLE2 de Paytec constituye una aut\u00e9ntica plataforma tecnol\u00f3gica para la gesti\u00f3n de pagos en m\u00e1quinas expendedoras.\" \/>\n<meta name=\"robots\" content=\"index, follow, max-snippet:-1, max-image-preview:large, max-video-preview:-1\" \/>\n<link rel=\"canonical\" href=\"https:\/\/www.paytec.eu\/es\/prodotto\/monedero-de-cambio-6-tubos\/\" \/>\n<meta property=\"og:locale\" content=\"es_ES\" \/>\n<meta property=\"og:type\" content=\"article\" \/>\n<meta property=\"og:title\" content=\"Monedero de cambio a 6 tubos EAGLE2\" \/>\n<meta property=\"og:description\" content=\"El monedero de cambio a 6 tubos EAGLE2 de Paytec constituye una aut\u00e9ntica plataforma tecnol\u00f3gica para la gesti\u00f3n de pagos en m\u00e1quinas expendedoras.\" \/>\n<meta property=\"og:url\" content=\"https:\/\/www.paytec.eu\/es\/prodotto\/monedero-de-cambio-6-tubos\/\" \/>\n<meta property=\"og:site_name\" content=\"Paytec\" \/>\n<meta property=\"article:modified_time\" content=\"2025-05-08T12:53:08+00:00\" \/>\n<meta property=\"og:image\" content=\"https:\/\/www.paytec.eu\/wp-content\/uploads\/2021\/12\/Eagle2.png\" \/>\n\t<meta property=\"og:image:width\" content=\"539\" \/>\n\t<meta property=\"og:image:height\" content=\"567\" \/>\n\t<meta property=\"og:image:type\" content=\"image\/png\" \/>\n<meta name=\"twitter:card\" content=\"summary_large_image\" \/>\n<meta name=\"twitter:label1\" content=\"Tiempo de lectura\" \/>\n\t<meta name=\"twitter:data1\" content=\"2 minutos\" \/>\n<script type=\"application\/ld+json\" class=\"yoast-schema-graph\">{\"@context\":\"https:\/\/schema.org\",\"@graph\":[{\"@type\":\"WebPage\",\"@id\":\"https:\/\/www.paytec.eu\/es\/prodotto\/monedero-de-cambio-6-tubos\/\",\"url\":\"https:\/\/www.paytec.eu\/es\/prodotto\/monedero-de-cambio-6-tubos\/\",\"name\":\"Monedero de cambio a 6 tubos EAGLE2\",\"isPartOf\":{\"@id\":\"https:\/\/www.paytec.eu\/#website\"},\"datePublished\":\"2023-01-30T09:11:24+00:00\",\"dateModified\":\"2025-05-08T12:53:08+00:00\",\"description\":\"El monedero de cambio a 6 tubos EAGLE2 de Paytec constituye una aut\u00e9ntica plataforma tecnol\u00f3gica para la gesti\u00f3n de pagos en m\u00e1quinas expendedoras.\",\"breadcrumb\":{\"@id\":\"https:\/\/www.paytec.eu\/es\/prodotto\/monedero-de-cambio-6-tubos\/#breadcrumb\"},\"inLanguage\":\"es\",\"potentialAction\":[{\"@type\":\"ReadAction\",\"target\":[\"https:\/\/www.paytec.eu\/es\/prodotto\/monedero-de-cambio-6-tubos\/\"]}]},{\"@type\":\"BreadcrumbList\",\"@id\":\"https:\/\/www.paytec.eu\/es\/prodotto\/monedero-de-cambio-6-tubos\/#breadcrumb\",\"itemListElement\":[{\"@type\":\"ListItem\",\"position\":1,\"name\":\"Home\",\"item\":\"https:\/\/www.paytec.eu\/es\/\"},{\"@type\":\"ListItem\",\"position\":2,\"name\":\"Tienda\",\"item\":\"https:\/\/www.paytec.eu\/shop\/\"},{\"@type\":\"ListItem\",\"position\":3,\"name\":\"Cash\",\"item\":\"https:\/\/www.paytec.eu\/categoria-prodotto\/cash\/\"},{\"@type\":\"ListItem\",\"position\":4,\"name\":\"EAGLE 2 EXE-MDB\"}]},{\"@type\":\"WebSite\",\"@id\":\"https:\/\/www.paytec.eu\/#website\",\"url\":\"https:\/\/www.paytec.eu\/\",\"name\":\"Paytec\",\"description\":\"Smart Payments for Vending\",\"potentialAction\":[{\"@type\":\"SearchAction\",\"target\":{\"@type\":\"EntryPoint\",\"urlTemplate\":\"https:\/\/www.paytec.eu\/?s={search_term_string}\"},\"query-input\":\"required name=search_term_string\"}],\"inLanguage\":\"es\"}]}<\/script>\n<!-- \/ Yoast SEO plugin. -->","yoast_head_json":{"title":"Monedero de cambio a 6 tubos EAGLE2","description":"El monedero de cambio a 6 tubos EAGLE2 de Paytec constituye una aut\u00e9ntica plataforma tecnol\u00f3gica para la gesti\u00f3n de pagos en m\u00e1quinas expendedoras.","robots":{"index":"index","follow":"follow","max-snippet":"max-snippet:-1","max-image-preview":"max-image-preview:large","max-video-preview":"max-video-preview:-1"},"canonical":"https:\/\/www.paytec.eu\/es\/prodotto\/monedero-de-cambio-6-tubos\/","og_locale":"es_ES","og_type":"article","og_title":"Monedero de cambio a 6 tubos EAGLE2","og_description":"El monedero de cambio a 6 tubos EAGLE2 de Paytec constituye una aut\u00e9ntica plataforma tecnol\u00f3gica para la gesti\u00f3n de pagos en m\u00e1quinas expendedoras.","og_url":"https:\/\/www.paytec.eu\/es\/prodotto\/monedero-de-cambio-6-tubos\/","og_site_name":"Paytec","article_modified_time":"2025-05-08T12:53:08+00:00","og_image":[{"width":539,"height":567,"url":"https:\/\/www.paytec.eu\/wp-content\/uploads\/2021\/12\/Eagle2.png","type":"image\/png"}],"twitter_card":"summary_large_image","twitter_misc":{"Tiempo de lectura":"2 minutos"},"schema":{"@context":"https:\/\/schema.org","@graph":[{"@type":"WebPage","@id":"https:\/\/www.paytec.eu\/es\/prodotto\/monedero-de-cambio-6-tubos\/","url":"https:\/\/www.paytec.eu\/es\/prodotto\/monedero-de-cambio-6-tubos\/","name":"Monedero de cambio a 6 tubos EAGLE2","isPartOf":{"@id":"https:\/\/www.paytec.eu\/#website"},"datePublished":"2023-01-30T09:11:24+00:00","dateModified":"2025-05-08T12:53:08+00:00","description":"El monedero de cambio a 6 tubos EAGLE2 de Paytec constituye una aut\u00e9ntica plataforma tecnol\u00f3gica para la gesti\u00f3n de pagos en m\u00e1quinas expendedoras.","breadcrumb":{"@id":"https:\/\/www.paytec.eu\/es\/prodotto\/monedero-de-cambio-6-tubos\/#breadcrumb"},"inLanguage":"es","potentialAction":[{"@type":"ReadAction","target":["https:\/\/www.paytec.eu\/es\/prodotto\/monedero-de-cambio-6-tubos\/"]}]},{"@type":"BreadcrumbList","@id":"https:\/\/www.paytec.eu\/es\/prodotto\/monedero-de-cambio-6-tubos\/#breadcrumb","itemListElement":[{"@type":"ListItem","position":1,"name":"Home","item":"https:\/\/www.paytec.eu\/es\/"},{"@type":"ListItem","position":2,"name":"Tienda","item":"https:\/\/www.paytec.eu\/shop\/"},{"@type":"ListItem","position":3,"name":"Cash","item":"https:\/\/www.paytec.eu\/categoria-prodotto\/cash\/"},{"@type":"ListItem","position":4,"name":"EAGLE 2 EXE-MDB"}]},{"@type":"WebSite","@id":"https:\/\/www.paytec.eu\/#website","url":"https:\/\/www.paytec.eu\/","name":"Paytec","description":"Smart Payments for Vending","potentialAction":[{"@type":"SearchAction","target":{"@type":"EntryPoint","urlTemplate":"https:\/\/www.paytec.eu\/?s={search_term_string}"},"query-input":"required name=search_term_string"}],"inLanguage":"es"}]}},"_links":{"self":[{"href":"https:\/\/www.paytec.eu\/es\/wp-json\/wp\/v2\/product\/13516","targetHints":{"allow":["GET"]}}],"collection":[{"href":"https:\/\/www.paytec.eu\/es\/wp-json\/wp\/v2\/product"}],"about":[{"href":"https:\/\/www.paytec.eu\/es\/wp-json\/wp\/v2\/types\/product"}],"wp:featuredmedia":[{"embeddable":true,"href":"https:\/\/www.paytec.eu\/es\/wp-json\/wp\/v2\/media\/10714"}],"wp:attachment":[{"href":"https:\/\/www.paytec.eu\/es\/wp-json\/wp\/v2\/media?parent=13516"}],"wp:term":[{"taxonomy":"product_cat","embeddable":true,"href":"https:\/\/www.paytec.eu\/es\/wp-json\/wp\/v2\/product_cat?post=13516"},{"taxonomy":"product_tag","embeddable":true,"href":"https:\/\/www.paytec.eu\/es\/wp-json\/wp\/v2\/product_tag?post=13516"}],"curies":[{"name":"wp","href":"https:\/\/api.w.org\/{rel}","templated":true}]}}