{"id":15515,"date":"2024-07-08T08:57:03","date_gmt":"2024-07-08T08:57:23","guid":{"rendered":"https:\/\/www.paytec.eu\/?post_type=product&#038;p=15515"},"modified":"2025-05-06T11:57:15","modified_gmt":"2025-05-06T11:57:15","slug":"vendotek-copy","status":"publish","type":"product","link":"https:\/\/www.paytec.eu\/es\/prodotto\/vendotek-copy\/","title":{"rendered":"VENDOTEK 3G"},"content":{"rendered":"<p>El Lector de Tarjetas para el Vending VENDOTEK opera en modalidad \u201csin contacto\u201d (contactless) aceptando las principales tarjetas de pago como Visa, MasterCard, Maestro PayPass, as\u00ed como numerosas soluciones m\u00f3viles como ApplePay, GooglePay o SamsungPay.<\/p>\n<p>El terminal se suministra con una tarjeta SIM integrada y con un contrato bancario est\u00e1ndar, lo que lo hace operativo de inmediato. En caso de mala conectividad, Vendotek tambi\u00e9n se puede conectar a la <strong>red Ethernet<\/strong>.<\/p>\n<p>Su dise\u00f1o robusto y compacto permite su uso en entornos dif\u00edciles, tambi\u00e9n en el exterior.&nbsp;El lector se instala f\u00e1cilmente (un cable y cuatro tornillos), soporta los niveles MDB1 (\u201ccr\u00e9dito primero\u201d) y MDB3 (\u201cselecci\u00f3n primero\u201d), puede operar indistintamente como cashless #1 o #2 y permite la recuperaci\u00f3n del fichero de auditor\u00eda tanto por cable como por v\u00eda telem\u00e1tica.<\/p>\n<p>En combinaci\u00f3n con una unidad central CAIMAN, el lector de tarjetas bancarias para el Vending Vendotek tambi\u00e9n se puede usar para <strong>cargar cr\u00e9dito directamente en una llave tradicional<\/strong>, reduciendo significativamente el impacto de los cargos bancarios.<\/p>\n<p>Su pantalla integrada permite una interacci\u00f3n inmediata con el usuario, as\u00ed como la personalizaci\u00f3n de los contenidos a trav\u00e9s de im\u00e1genes cargables de forma remota.<\/p>\n<p>El Portal a disposici\u00f3n del Operador permite tener bajo control todas la transacciones que pasan por el terminal y puede ser integrado con los sistemas inform\u00e1ticos de la empresa.<\/p>\n","protected":false},"excerpt":{"rendered":"<p>El lector de tarjetas VENDOTEK 3G es un TPV desarrollado espec\u00edficamente para el Vending y operativo de inmediato.<\/p>\n<p><em>Atenci\u00f3n: \u00a1Versi\u00f3n 3G!<\/em><\/p>\n<p><em>El producto es completamente funcional pero ha sido usado y muestra algunos peque\u00f1os signos de desgaste. Se vende con <strong>garant\u00eda de 6 meses<\/strong>.<\/em><\/p>\n","protected":false},"featured_media":8460,"template":"","meta":[],"product_cat":[151],"product_tag":[],"class_list":["post-15515","product","type-product","status-publish","has-post-thumbnail","hentry","product_cat-occasiones"],"acf":[],"yoast_head":"<!-- This site is optimized with the Yoast SEO plugin v21.1 - https:\/\/yoast.com\/wordpress\/plugins\/seo\/ -->\n<title>Lector de tarjetas bancarias para el Vending VENDOTEK- Paytec<\/title>\n<meta name=\"description\" content=\"El lector de tarjetas bancarias Paytec VENDOTEK es un TPV desarrollado espec\u00edficamente para Vending y operativo de forma inmediata.\" \/>\n<meta name=\"robots\" content=\"index, follow, max-snippet:-1, max-image-preview:large, max-video-preview:-1\" \/>\n<link rel=\"canonical\" href=\"https:\/\/www.paytec.eu\/es\/prodotto\/vendotek-copy\/\" \/>\n<meta property=\"og:locale\" content=\"es_ES\" \/>\n<meta property=\"og:type\" content=\"article\" \/>\n<meta property=\"og:title\" content=\"Lector de tarjetas bancarias para el Vending VENDOTEK- Paytec\" \/>\n<meta property=\"og:description\" content=\"El lector de tarjetas bancarias Paytec VENDOTEK es un TPV desarrollado espec\u00edficamente para Vending y operativo de forma inmediata.\" \/>\n<meta property=\"og:url\" content=\"https:\/\/www.paytec.eu\/es\/prodotto\/vendotek-copy\/\" \/>\n<meta property=\"og:site_name\" content=\"Paytec\" \/>\n<meta property=\"article:modified_time\" content=\"2025-05-06T11:57:15+00:00\" \/>\n<meta property=\"og:image\" content=\"https:\/\/www.paytec.eu\/wp-content\/uploads\/2022\/01\/vendotek-scaled.jpg\" \/>\n\t<meta property=\"og:image:width\" content=\"2289\" \/>\n\t<meta property=\"og:image:height\" content=\"2560\" \/>\n\t<meta property=\"og:image:type\" content=\"image\/jpeg\" \/>\n<meta name=\"twitter:card\" content=\"summary_large_image\" \/>\n<meta name=\"twitter:label1\" content=\"Tiempo de lectura\" \/>\n\t<meta name=\"twitter:data1\" content=\"2 minutos\" \/>\n<script type=\"application\/ld+json\" class=\"yoast-schema-graph\">{\"@context\":\"https:\/\/schema.org\",\"@graph\":[{\"@type\":\"WebPage\",\"@id\":\"https:\/\/www.paytec.eu\/es\/prodotto\/vendotek-copy\/\",\"url\":\"https:\/\/www.paytec.eu\/es\/prodotto\/vendotek-copy\/\",\"name\":\"Lector de tarjetas bancarias para el Vending VENDOTEK- Paytec\",\"isPartOf\":{\"@id\":\"https:\/\/www.paytec.eu\/#website\"},\"datePublished\":\"2024-07-08T08:57:23+00:00\",\"dateModified\":\"2025-05-06T11:57:15+00:00\",\"description\":\"El lector de tarjetas bancarias Paytec VENDOTEK es un TPV desarrollado espec\u00edficamente para Vending y operativo de forma inmediata.\",\"breadcrumb\":{\"@id\":\"https:\/\/www.paytec.eu\/es\/prodotto\/vendotek-copy\/#breadcrumb\"},\"inLanguage\":\"es\",\"potentialAction\":[{\"@type\":\"ReadAction\",\"target\":[\"https:\/\/www.paytec.eu\/es\/prodotto\/vendotek-copy\/\"]}]},{\"@type\":\"BreadcrumbList\",\"@id\":\"https:\/\/www.paytec.eu\/es\/prodotto\/vendotek-copy\/#breadcrumb\",\"itemListElement\":[{\"@type\":\"ListItem\",\"position\":1,\"name\":\"Home\",\"item\":\"https:\/\/www.paytec.eu\/es\/\"},{\"@type\":\"ListItem\",\"position\":2,\"name\":\"Tienda\",\"item\":\"https:\/\/www.paytec.eu\/shop\/\"},{\"@type\":\"ListItem\",\"position\":3,\"name\":\"Occasioni\",\"item\":\"https:\/\/www.paytec.eu\/categoria-prodotto\/occasioni\/\"},{\"@type\":\"ListItem\",\"position\":4,\"name\":\"VENDOTEK 3G\"}]},{\"@type\":\"WebSite\",\"@id\":\"https:\/\/www.paytec.eu\/#website\",\"url\":\"https:\/\/www.paytec.eu\/\",\"name\":\"Paytec\",\"description\":\"Smart Payments for Vending\",\"potentialAction\":[{\"@type\":\"SearchAction\",\"target\":{\"@type\":\"EntryPoint\",\"urlTemplate\":\"https:\/\/www.paytec.eu\/?s={search_term_string}\"},\"query-input\":\"required name=search_term_string\"}],\"inLanguage\":\"es\"}]}<\/script>\n<!-- \/ Yoast SEO plugin. -->","yoast_head_json":{"title":"Lector de tarjetas bancarias para el Vending VENDOTEK- Paytec","description":"El lector de tarjetas bancarias Paytec VENDOTEK es un TPV desarrollado espec\u00edficamente para Vending y operativo de forma inmediata.","robots":{"index":"index","follow":"follow","max-snippet":"max-snippet:-1","max-image-preview":"max-image-preview:large","max-video-preview":"max-video-preview:-1"},"canonical":"https:\/\/www.paytec.eu\/es\/prodotto\/vendotek-copy\/","og_locale":"es_ES","og_type":"article","og_title":"Lector de tarjetas bancarias para el Vending VENDOTEK- Paytec","og_description":"El lector de tarjetas bancarias Paytec VENDOTEK es un TPV desarrollado espec\u00edficamente para Vending y operativo de forma inmediata.","og_url":"https:\/\/www.paytec.eu\/es\/prodotto\/vendotek-copy\/","og_site_name":"Paytec","article_modified_time":"2025-05-06T11:57:15+00:00","og_image":[{"width":2289,"height":2560,"url":"https:\/\/www.paytec.eu\/wp-content\/uploads\/2022\/01\/vendotek-scaled.jpg","type":"image\/jpeg"}],"twitter_card":"summary_large_image","twitter_misc":{"Tiempo de lectura":"2 minutos"},"schema":{"@context":"https:\/\/schema.org","@graph":[{"@type":"WebPage","@id":"https:\/\/www.paytec.eu\/es\/prodotto\/vendotek-copy\/","url":"https:\/\/www.paytec.eu\/es\/prodotto\/vendotek-copy\/","name":"Lector de tarjetas bancarias para el Vending VENDOTEK- Paytec","isPartOf":{"@id":"https:\/\/www.paytec.eu\/#website"},"datePublished":"2024-07-08T08:57:23+00:00","dateModified":"2025-05-06T11:57:15+00:00","description":"El lector de tarjetas bancarias Paytec VENDOTEK es un TPV desarrollado espec\u00edficamente para Vending y operativo de forma inmediata.","breadcrumb":{"@id":"https:\/\/www.paytec.eu\/es\/prodotto\/vendotek-copy\/#breadcrumb"},"inLanguage":"es","potentialAction":[{"@type":"ReadAction","target":["https:\/\/www.paytec.eu\/es\/prodotto\/vendotek-copy\/"]}]},{"@type":"BreadcrumbList","@id":"https:\/\/www.paytec.eu\/es\/prodotto\/vendotek-copy\/#breadcrumb","itemListElement":[{"@type":"ListItem","position":1,"name":"Home","item":"https:\/\/www.paytec.eu\/es\/"},{"@type":"ListItem","position":2,"name":"Tienda","item":"https:\/\/www.paytec.eu\/shop\/"},{"@type":"ListItem","position":3,"name":"Occasioni","item":"https:\/\/www.paytec.eu\/categoria-prodotto\/occasioni\/"},{"@type":"ListItem","position":4,"name":"VENDOTEK 3G"}]},{"@type":"WebSite","@id":"https:\/\/www.paytec.eu\/#website","url":"https:\/\/www.paytec.eu\/","name":"Paytec","description":"Smart Payments for Vending","potentialAction":[{"@type":"SearchAction","target":{"@type":"EntryPoint","urlTemplate":"https:\/\/www.paytec.eu\/?s={search_term_string}"},"query-input":"required name=search_term_string"}],"inLanguage":"es"}]}},"_links":{"self":[{"href":"https:\/\/www.paytec.eu\/es\/wp-json\/wp\/v2\/product\/15515","targetHints":{"allow":["GET"]}}],"collection":[{"href":"https:\/\/www.paytec.eu\/es\/wp-json\/wp\/v2\/product"}],"about":[{"href":"https:\/\/www.paytec.eu\/es\/wp-json\/wp\/v2\/types\/product"}],"wp:featuredmedia":[{"embeddable":true,"href":"https:\/\/www.paytec.eu\/es\/wp-json\/wp\/v2\/media\/8460"}],"wp:attachment":[{"href":"https:\/\/www.paytec.eu\/es\/wp-json\/wp\/v2\/media?parent=15515"}],"wp:term":[{"taxonomy":"product_cat","embeddable":true,"href":"https:\/\/www.paytec.eu\/es\/wp-json\/wp\/v2\/product_cat?post=15515"},{"taxonomy":"product_tag","embeddable":true,"href":"https:\/\/www.paytec.eu\/es\/wp-json\/wp\/v2\/product_tag?post=15515"}],"curies":[{"name":"wp","href":"https:\/\/api.w.org\/{rel}","templated":true}]}}