{"id":15923,"date":"2024-08-29T08:24:26","date_gmt":"2024-08-29T08:24:34","guid":{"rendered":"https:\/\/www.paytec.eu\/?post_type=product&#038;p=15923"},"modified":"2024-08-29T08:29:26","modified_gmt":"2024-08-29T08:29:26","slug":"eagle-smart-mdb-only-copy","status":"publish","type":"product","link":"https:\/\/www.paytec.eu\/es\/prodotto\/eagle-smart-mdb-only-copy\/","title":{"rendered":"EAGLE Smart MDB-ONLY 2\u20ac-1\u20ac-10-50-20-5"},"content":{"rendered":"<p>El monedero MDB a 6 tubos EAGLE Smart es dotado solamente del protocolo MDB, para que su uso y funcionamiento sean m\u00e1s sencillos. El monedero se conecta a una unidad master o directamente a la m\u00e1quina vending.<\/p>\n<p>EAGLE Smart mantiene al mismo tiempo todas las caracter\u00edsticas mec\u00e1nicas de EAGLE, incluyendo el consolidado sistema de discriminaci\u00f3n y separaci\u00f3n de las monedas desarrollado con tecnolog\u00eda inductiva para asegurar el pleno funcionamiento tambi\u00e9n en condiciones ambientales dif\u00edciles y de suciedad.<\/p>\n<p>El monedero ofrece adem\u00e1s un amplio abanico de configuraciones de monedas para garantizar la <strong>m\u00e1xima flexibilidad en la gesti\u00f3n del cambio<\/strong>. La gesti\u00f3n de las monedas en los tubos se conf\u00eda a algoritmos que optimizan continuamente la dispensaci\u00f3n del resto para ampliar la disponibilidad al m\u00e1ximo.<\/p>\n<p><strong>Tanto la caja de tubos como los tubos mismos pueden ser f\u00e1cilmente sustituidos.<\/strong> Un sensor autom\u00e1tico registra la abertura de caja de tubos, tambi\u00e9n con monedero apagado. Una cerradura con llave para la caja de tubos en opci\u00f3n permite, si necesario, un nivel de seguridad a\u00fan mayor.<\/p>\n<p><strong>EAGLE Smart <\/strong><strong>transmite todos los datos diagn\u00f3sticos y funcionales al Master, incluyendo el estado de los tubos, alarmas y otras posibles anomal\u00edas.<\/strong><\/p>\n<p>&nbsp;<\/p>\n","protected":false},"excerpt":{"rendered":"<p>Con el monedero de cambio EAGLE Smart, Paytec ofrece a los operadores un perif\u00e9rico especifico para la gesti\u00f3n del efectivo, delegando las funciones de control y de auditor\u00eda a otros dispositivos presentes en la m\u00e1quina vending.<\/p>\n<p>Configuraci\u00f3n tubos: 2\u20ac-1\u20ac-10-50-20-5<\/p>\n","protected":false},"featured_media":5517,"template":"","meta":[],"product_cat":[151],"product_tag":[],"class_list":["post-15923","product","type-product","status-publish","has-post-thumbnail","hentry","product_cat-occasiones"],"acf":[],"yoast_head":"<!-- This site is optimized with the Yoast SEO plugin v21.1 - https:\/\/yoast.com\/wordpress\/plugins\/seo\/ -->\n<title>Monedero MDB a 6 tubos EAGLE Smart de Paytec<\/title>\n<meta name=\"description\" content=\"El monedero MDB a 6 tubos EAGLE Smart de Paytec es ideal para configuraciones donde el monedero no desempe\u00f1a el papel de master.\" \/>\n<meta name=\"robots\" content=\"index, follow, max-snippet:-1, max-image-preview:large, max-video-preview:-1\" \/>\n<link rel=\"canonical\" href=\"https:\/\/www.paytec.eu\/fr\/prodotto\/eagle-smart-mdb-only-copy\/\" \/>\n<meta property=\"og:locale\" content=\"es_ES\" \/>\n<meta property=\"og:type\" content=\"article\" \/>\n<meta property=\"og:title\" content=\"Monedero MDB a 6 tubos EAGLE Smart de Paytec\" \/>\n<meta property=\"og:description\" content=\"El monedero MDB a 6 tubos EAGLE Smart de Paytec es ideal para configuraciones donde el monedero no desempe\u00f1a el papel de master.\" \/>\n<meta property=\"og:url\" content=\"https:\/\/www.paytec.eu\/fr\/prodotto\/eagle-smart-mdb-only-copy\/\" \/>\n<meta property=\"og:site_name\" content=\"Paytec\" \/>\n<meta property=\"article:modified_time\" content=\"2024-08-29T08:29:26+00:00\" \/>\n<meta property=\"og:image\" content=\"https:\/\/www.paytec.eu\/wp-content\/uploads\/2021\/12\/eagle-smart-mdb-only.jpg\" \/>\n\t<meta property=\"og:image:width\" content=\"744\" \/>\n\t<meta property=\"og:image:height\" content=\"800\" \/>\n\t<meta property=\"og:image:type\" content=\"image\/jpeg\" \/>\n<meta name=\"twitter:card\" content=\"summary_large_image\" \/>\n<meta name=\"twitter:label1\" content=\"Tiempo de lectura\" \/>\n\t<meta name=\"twitter:data1\" content=\"2 minutos\" \/>\n<script type=\"application\/ld+json\" class=\"yoast-schema-graph\">{\"@context\":\"https:\/\/schema.org\",\"@graph\":[{\"@type\":\"WebPage\",\"@id\":\"https:\/\/www.paytec.eu\/fr\/prodotto\/eagle-smart-mdb-only-copy\/\",\"url\":\"https:\/\/www.paytec.eu\/fr\/prodotto\/eagle-smart-mdb-only-copy\/\",\"name\":\"Monedero MDB a 6 tubos EAGLE Smart de Paytec\",\"isPartOf\":{\"@id\":\"https:\/\/www.paytec.eu\/#website\"},\"datePublished\":\"2024-08-29T08:24:34+00:00\",\"dateModified\":\"2024-08-29T08:29:26+00:00\",\"description\":\"El monedero MDB a 6 tubos EAGLE Smart de Paytec es ideal para configuraciones donde el monedero no desempe\u00f1a el papel de master.\",\"breadcrumb\":{\"@id\":\"https:\/\/www.paytec.eu\/fr\/prodotto\/eagle-smart-mdb-only-copy\/#breadcrumb\"},\"inLanguage\":\"es\",\"potentialAction\":[{\"@type\":\"ReadAction\",\"target\":[\"https:\/\/www.paytec.eu\/fr\/prodotto\/eagle-smart-mdb-only-copy\/\"]}]},{\"@type\":\"BreadcrumbList\",\"@id\":\"https:\/\/www.paytec.eu\/fr\/prodotto\/eagle-smart-mdb-only-copy\/#breadcrumb\",\"itemListElement\":[{\"@type\":\"ListItem\",\"position\":1,\"name\":\"Home\",\"item\":\"https:\/\/www.paytec.eu\/es\/\"},{\"@type\":\"ListItem\",\"position\":2,\"name\":\"Tienda\",\"item\":\"https:\/\/www.paytec.eu\/shop\/\"},{\"@type\":\"ListItem\",\"position\":3,\"name\":\"Ocasiones\",\"item\":\"https:\/\/www.paytec.eu\/es\/categoria-prodotto\/occasiones\/\"},{\"@type\":\"ListItem\",\"position\":4,\"name\":\"EAGLE Smart MDB-ONLY 2\u20ac-1\u20ac-10-50-20-5\"}]},{\"@type\":\"WebSite\",\"@id\":\"https:\/\/www.paytec.eu\/#website\",\"url\":\"https:\/\/www.paytec.eu\/\",\"name\":\"Paytec\",\"description\":\"Smart Payments for Vending\",\"potentialAction\":[{\"@type\":\"SearchAction\",\"target\":{\"@type\":\"EntryPoint\",\"urlTemplate\":\"https:\/\/www.paytec.eu\/?s={search_term_string}\"},\"query-input\":\"required name=search_term_string\"}],\"inLanguage\":\"es\"}]}<\/script>\n<!-- \/ Yoast SEO plugin. -->","yoast_head_json":{"title":"Monedero MDB a 6 tubos EAGLE Smart de Paytec","description":"El monedero MDB a 6 tubos EAGLE Smart de Paytec es ideal para configuraciones donde el monedero no desempe\u00f1a el papel de master.","robots":{"index":"index","follow":"follow","max-snippet":"max-snippet:-1","max-image-preview":"max-image-preview:large","max-video-preview":"max-video-preview:-1"},"canonical":"https:\/\/www.paytec.eu\/fr\/prodotto\/eagle-smart-mdb-only-copy\/","og_locale":"es_ES","og_type":"article","og_title":"Monedero MDB a 6 tubos EAGLE Smart de Paytec","og_description":"El monedero MDB a 6 tubos EAGLE Smart de Paytec es ideal para configuraciones donde el monedero no desempe\u00f1a el papel de master.","og_url":"https:\/\/www.paytec.eu\/fr\/prodotto\/eagle-smart-mdb-only-copy\/","og_site_name":"Paytec","article_modified_time":"2024-08-29T08:29:26+00:00","og_image":[{"width":744,"height":800,"url":"https:\/\/www.paytec.eu\/wp-content\/uploads\/2021\/12\/eagle-smart-mdb-only.jpg","type":"image\/jpeg"}],"twitter_card":"summary_large_image","twitter_misc":{"Tiempo de lectura":"2 minutos"},"schema":{"@context":"https:\/\/schema.org","@graph":[{"@type":"WebPage","@id":"https:\/\/www.paytec.eu\/fr\/prodotto\/eagle-smart-mdb-only-copy\/","url":"https:\/\/www.paytec.eu\/fr\/prodotto\/eagle-smart-mdb-only-copy\/","name":"Monedero MDB a 6 tubos EAGLE Smart de Paytec","isPartOf":{"@id":"https:\/\/www.paytec.eu\/#website"},"datePublished":"2024-08-29T08:24:34+00:00","dateModified":"2024-08-29T08:29:26+00:00","description":"El monedero MDB a 6 tubos EAGLE Smart de Paytec es ideal para configuraciones donde el monedero no desempe\u00f1a el papel de master.","breadcrumb":{"@id":"https:\/\/www.paytec.eu\/fr\/prodotto\/eagle-smart-mdb-only-copy\/#breadcrumb"},"inLanguage":"es","potentialAction":[{"@type":"ReadAction","target":["https:\/\/www.paytec.eu\/fr\/prodotto\/eagle-smart-mdb-only-copy\/"]}]},{"@type":"BreadcrumbList","@id":"https:\/\/www.paytec.eu\/fr\/prodotto\/eagle-smart-mdb-only-copy\/#breadcrumb","itemListElement":[{"@type":"ListItem","position":1,"name":"Home","item":"https:\/\/www.paytec.eu\/es\/"},{"@type":"ListItem","position":2,"name":"Tienda","item":"https:\/\/www.paytec.eu\/shop\/"},{"@type":"ListItem","position":3,"name":"Ocasiones","item":"https:\/\/www.paytec.eu\/es\/categoria-prodotto\/occasiones\/"},{"@type":"ListItem","position":4,"name":"EAGLE Smart MDB-ONLY 2\u20ac-1\u20ac-10-50-20-5"}]},{"@type":"WebSite","@id":"https:\/\/www.paytec.eu\/#website","url":"https:\/\/www.paytec.eu\/","name":"Paytec","description":"Smart Payments for Vending","potentialAction":[{"@type":"SearchAction","target":{"@type":"EntryPoint","urlTemplate":"https:\/\/www.paytec.eu\/?s={search_term_string}"},"query-input":"required name=search_term_string"}],"inLanguage":"es"}]}},"_links":{"self":[{"href":"https:\/\/www.paytec.eu\/es\/wp-json\/wp\/v2\/product\/15923","targetHints":{"allow":["GET"]}}],"collection":[{"href":"https:\/\/www.paytec.eu\/es\/wp-json\/wp\/v2\/product"}],"about":[{"href":"https:\/\/www.paytec.eu\/es\/wp-json\/wp\/v2\/types\/product"}],"wp:featuredmedia":[{"embeddable":true,"href":"https:\/\/www.paytec.eu\/es\/wp-json\/wp\/v2\/media\/5517"}],"wp:attachment":[{"href":"https:\/\/www.paytec.eu\/es\/wp-json\/wp\/v2\/media?parent=15923"}],"wp:term":[{"taxonomy":"product_cat","embeddable":true,"href":"https:\/\/www.paytec.eu\/es\/wp-json\/wp\/v2\/product_cat?post=15923"},{"taxonomy":"product_tag","embeddable":true,"href":"https:\/\/www.paytec.eu\/es\/wp-json\/wp\/v2\/product_tag?post=15923"}],"curies":[{"name":"wp","href":"https:\/\/api.w.org\/{rel}","templated":true}]}}