{"id":16129,"date":"2024-10-31T08:17:48","date_gmt":"2024-10-17T08:22:44","guid":{"rendered":"https:\/\/www.paytec.eu\/prodotto\/audit-view\/"},"modified":"2025-05-08T14:17:47","modified_gmt":"2025-05-08T14:17:47","slug":"audit-view","status":"publish","type":"product","link":"https:\/\/www.paytec.eu\/es\/prodotto\/audit-view\/","title":{"rendered":"Audit View"},"content":{"rendered":"<p>Audit View es una aplicaci\u00f3n de software compatible con Windows\u00ae, desarrollada para facilitar la <strong>gesti\u00f3n de los datos generados por el retiro de Auditor\u00eda<\/strong> de los sistemas de pago de Paytec.<\/p>\n<p>Permite obtener el detalle de los pagos a nivel de usuario \u00fanico (llave) para profundizar a\u00fan m\u00e1s en el an\u00e1lisis y lograr una visi\u00f3n general.<\/p>\n<p>Acceda al \u00c1rea Reservada para descargarlo inmediatamente y consulte los tutoriales en l\u00ednea para resolver las dudas m\u00e1s comunes o p\u00f3ngase en contacto con el servicio al cliente para obtener m\u00e1s informaci\u00f3n.<\/p>\n","protected":false},"excerpt":{"rendered":"<p>Facilita la <strong>gesti\u00f3n de datos generados por muestreo de auditor\u00eda<\/strong> de los sistemas de pago de Paytec.<\/p>\n<p><a class=\"loginBtn\" href=\"https:\/\/paydoc.paytec.it\/it\/login\" target=\"_blank\" rel=\"noopener\">Descarga el Software<\/a><\/p>\n","protected":false},"featured_media":16166,"template":"","meta":[],"product_cat":[1015],"product_tag":[],"class_list":["post-16129","product","type-product","status-publish","has-post-thumbnail","hentry","product_cat-software-es"],"acf":[],"yoast_head":"<!-- This site is optimized with the Yoast SEO plugin v21.1 - https:\/\/yoast.com\/wordpress\/plugins\/seo\/ -->\n<title>Audit View - Paytec<\/title>\n<meta name=\"robots\" content=\"index, follow, max-snippet:-1, max-image-preview:large, max-video-preview:-1\" \/>\n<link rel=\"canonical\" href=\"https:\/\/www.paytec.eu\/es\/prodotto\/audit-view\/\" \/>\n<meta property=\"og:locale\" content=\"es_ES\" \/>\n<meta property=\"og:type\" content=\"article\" \/>\n<meta property=\"og:title\" content=\"Audit View - Paytec\" \/>\n<meta property=\"og:description\" content=\"Facilita la gesti\u00f3n de datos generados por muestreo de auditor\u00eda de los sistemas de pago de Paytec.  Descarga el Software\" \/>\n<meta property=\"og:url\" content=\"https:\/\/www.paytec.eu\/es\/prodotto\/audit-view\/\" \/>\n<meta property=\"og:site_name\" content=\"Paytec\" \/>\n<meta property=\"article:modified_time\" content=\"2025-05-08T14:17:47+00:00\" \/>\n<meta property=\"og:image\" content=\"https:\/\/www.paytec.eu\/wp-content\/uploads\/2024\/10\/auditview-1.webp\" \/>\n\t<meta property=\"og:image:width\" content=\"445\" \/>\n\t<meta property=\"og:image:height\" content=\"270\" \/>\n\t<meta property=\"og:image:type\" content=\"image\/webp\" \/>\n<meta name=\"twitter:card\" content=\"summary_large_image\" \/>\n<meta name=\"twitter:label1\" content=\"Tiempo de lectura\" \/>\n\t<meta name=\"twitter:data1\" content=\"1 minuto\" \/>\n<script type=\"application\/ld+json\" class=\"yoast-schema-graph\">{\"@context\":\"https:\/\/schema.org\",\"@graph\":[{\"@type\":\"WebPage\",\"@id\":\"https:\/\/www.paytec.eu\/es\/prodotto\/audit-view\/\",\"url\":\"https:\/\/www.paytec.eu\/es\/prodotto\/audit-view\/\",\"name\":\"Audit View - Paytec\",\"isPartOf\":{\"@id\":\"https:\/\/www.paytec.eu\/#website\"},\"datePublished\":\"2024-10-17T08:22:44+00:00\",\"dateModified\":\"2025-05-08T14:17:47+00:00\",\"breadcrumb\":{\"@id\":\"https:\/\/www.paytec.eu\/es\/prodotto\/audit-view\/#breadcrumb\"},\"inLanguage\":\"es\",\"potentialAction\":[{\"@type\":\"ReadAction\",\"target\":[\"https:\/\/www.paytec.eu\/es\/prodotto\/audit-view\/\"]}]},{\"@type\":\"BreadcrumbList\",\"@id\":\"https:\/\/www.paytec.eu\/es\/prodotto\/audit-view\/#breadcrumb\",\"itemListElement\":[{\"@type\":\"ListItem\",\"position\":1,\"name\":\"Home\",\"item\":\"https:\/\/www.paytec.eu\/es\/\"},{\"@type\":\"ListItem\",\"position\":2,\"name\":\"Tienda\",\"item\":\"https:\/\/www.paytec.eu\/shop\/\"},{\"@type\":\"ListItem\",\"position\":3,\"name\":\"Software\",\"item\":\"https:\/\/www.paytec.eu\/es\/categoria-prodotto\/software-es\/\"},{\"@type\":\"ListItem\",\"position\":4,\"name\":\"Audit View\"}]},{\"@type\":\"WebSite\",\"@id\":\"https:\/\/www.paytec.eu\/#website\",\"url\":\"https:\/\/www.paytec.eu\/\",\"name\":\"Paytec\",\"description\":\"Smart Payments for Vending\",\"potentialAction\":[{\"@type\":\"SearchAction\",\"target\":{\"@type\":\"EntryPoint\",\"urlTemplate\":\"https:\/\/www.paytec.eu\/?s={search_term_string}\"},\"query-input\":\"required name=search_term_string\"}],\"inLanguage\":\"es\"}]}<\/script>\n<!-- \/ Yoast SEO plugin. -->","yoast_head_json":{"title":"Audit View - Paytec","robots":{"index":"index","follow":"follow","max-snippet":"max-snippet:-1","max-image-preview":"max-image-preview:large","max-video-preview":"max-video-preview:-1"},"canonical":"https:\/\/www.paytec.eu\/es\/prodotto\/audit-view\/","og_locale":"es_ES","og_type":"article","og_title":"Audit View - Paytec","og_description":"Facilita la gesti\u00f3n de datos generados por muestreo de auditor\u00eda de los sistemas de pago de Paytec.  Descarga el Software","og_url":"https:\/\/www.paytec.eu\/es\/prodotto\/audit-view\/","og_site_name":"Paytec","article_modified_time":"2025-05-08T14:17:47+00:00","og_image":[{"width":445,"height":270,"url":"https:\/\/www.paytec.eu\/wp-content\/uploads\/2024\/10\/auditview-1.webp","type":"image\/webp"}],"twitter_card":"summary_large_image","twitter_misc":{"Tiempo de lectura":"1 minuto"},"schema":{"@context":"https:\/\/schema.org","@graph":[{"@type":"WebPage","@id":"https:\/\/www.paytec.eu\/es\/prodotto\/audit-view\/","url":"https:\/\/www.paytec.eu\/es\/prodotto\/audit-view\/","name":"Audit View - Paytec","isPartOf":{"@id":"https:\/\/www.paytec.eu\/#website"},"datePublished":"2024-10-17T08:22:44+00:00","dateModified":"2025-05-08T14:17:47+00:00","breadcrumb":{"@id":"https:\/\/www.paytec.eu\/es\/prodotto\/audit-view\/#breadcrumb"},"inLanguage":"es","potentialAction":[{"@type":"ReadAction","target":["https:\/\/www.paytec.eu\/es\/prodotto\/audit-view\/"]}]},{"@type":"BreadcrumbList","@id":"https:\/\/www.paytec.eu\/es\/prodotto\/audit-view\/#breadcrumb","itemListElement":[{"@type":"ListItem","position":1,"name":"Home","item":"https:\/\/www.paytec.eu\/es\/"},{"@type":"ListItem","position":2,"name":"Tienda","item":"https:\/\/www.paytec.eu\/shop\/"},{"@type":"ListItem","position":3,"name":"Software","item":"https:\/\/www.paytec.eu\/es\/categoria-prodotto\/software-es\/"},{"@type":"ListItem","position":4,"name":"Audit View"}]},{"@type":"WebSite","@id":"https:\/\/www.paytec.eu\/#website","url":"https:\/\/www.paytec.eu\/","name":"Paytec","description":"Smart Payments for Vending","potentialAction":[{"@type":"SearchAction","target":{"@type":"EntryPoint","urlTemplate":"https:\/\/www.paytec.eu\/?s={search_term_string}"},"query-input":"required name=search_term_string"}],"inLanguage":"es"}]}},"_links":{"self":[{"href":"https:\/\/www.paytec.eu\/es\/wp-json\/wp\/v2\/product\/16129","targetHints":{"allow":["GET"]}}],"collection":[{"href":"https:\/\/www.paytec.eu\/es\/wp-json\/wp\/v2\/product"}],"about":[{"href":"https:\/\/www.paytec.eu\/es\/wp-json\/wp\/v2\/types\/product"}],"wp:featuredmedia":[{"embeddable":true,"href":"https:\/\/www.paytec.eu\/es\/wp-json\/wp\/v2\/media\/16166"}],"wp:attachment":[{"href":"https:\/\/www.paytec.eu\/es\/wp-json\/wp\/v2\/media?parent=16129"}],"wp:term":[{"taxonomy":"product_cat","embeddable":true,"href":"https:\/\/www.paytec.eu\/es\/wp-json\/wp\/v2\/product_cat?post=16129"},{"taxonomy":"product_tag","embeddable":true,"href":"https:\/\/www.paytec.eu\/es\/wp-json\/wp\/v2\/product_tag?post=16129"}],"curies":[{"name":"wp","href":"https:\/\/api.w.org\/{rel}","templated":true}]}}