{"id":16140,"date":"2024-10-31T08:17:46","date_gmt":"2024-10-17T09:41:35","guid":{"rendered":"https:\/\/www.paytec.eu\/prodotto\/audit-control\/"},"modified":"2025-05-08T14:16:59","modified_gmt":"2025-05-08T14:16:59","slug":"audit-control","status":"publish","type":"product","link":"https:\/\/www.paytec.eu\/es\/prodotto\/audit-control\/","title":{"rendered":"Audit Control"},"content":{"rendered":"<p>Audit Control es una aplicaci\u00f3n de software compatible con Windows\u00ae, desarrollada para <strong>facilitar la gesti\u00f3n de los datos recopilados<\/strong> y <strong>obtener una visibilidad completa de los flujos de pago<\/strong> de cada distribuidor individual, cada modo de pago, tanto efectivo y sin efectivo.<\/p>\n<p>Acceda al \u00c1rea Reservada para descargarlo inmediatamente y consulte los tutoriales en l\u00ednea para resolver las dudas m\u00e1s comunes o p\u00f3ngase en contacto con el servicio al cliente para obtener m\u00e1s informaci\u00f3n.<\/p>\n","protected":false},"excerpt":{"rendered":"<p>Obtenga una visibilidad completa de los flujos de pago<\/p>\n<p><a class=\"loginBtn\" href=\"https:\/\/paydoc.paytec.it\/it\/login\" target=\"_blank\" rel=\"noopener\">Descarga el software<\/a><\/p>\n<p>&nbsp;<\/p>\n","protected":false},"featured_media":16125,"template":"","meta":[],"product_cat":[1015],"product_tag":[],"class_list":["post-16140","product","type-product","status-publish","has-post-thumbnail","hentry","product_cat-software-es"],"acf":[],"yoast_head":"<!-- This site is optimized with the Yoast SEO plugin v21.1 - https:\/\/yoast.com\/wordpress\/plugins\/seo\/ -->\n<title>Audit Control - Paytec<\/title>\n<meta name=\"robots\" content=\"index, follow, max-snippet:-1, max-image-preview:large, max-video-preview:-1\" \/>\n<link rel=\"canonical\" href=\"https:\/\/www.paytec.eu\/es\/prodotto\/audit-control\/\" \/>\n<meta property=\"og:locale\" content=\"es_ES\" \/>\n<meta property=\"og:type\" content=\"article\" \/>\n<meta property=\"og:title\" content=\"Audit Control - Paytec\" \/>\n<meta property=\"og:description\" content=\"Obtenga una visibilidad completa de los flujos de pago  Descarga el software  &nbsp;\" \/>\n<meta property=\"og:url\" content=\"https:\/\/www.paytec.eu\/es\/prodotto\/audit-control\/\" \/>\n<meta property=\"og:site_name\" content=\"Paytec\" \/>\n<meta property=\"article:modified_time\" content=\"2025-05-08T14:16:59+00:00\" \/>\n<meta property=\"og:image\" content=\"https:\/\/www.paytec.eu\/wp-content\/uploads\/2024\/10\/auditcontrol.webp\" \/>\n\t<meta property=\"og:image:width\" content=\"445\" \/>\n\t<meta property=\"og:image:height\" content=\"270\" \/>\n\t<meta property=\"og:image:type\" content=\"image\/webp\" \/>\n<meta name=\"twitter:card\" content=\"summary_large_image\" \/>\n<meta name=\"twitter:label1\" content=\"Tiempo de lectura\" \/>\n\t<meta name=\"twitter:data1\" content=\"1 minuto\" \/>\n<script type=\"application\/ld+json\" class=\"yoast-schema-graph\">{\"@context\":\"https:\/\/schema.org\",\"@graph\":[{\"@type\":\"WebPage\",\"@id\":\"https:\/\/www.paytec.eu\/es\/prodotto\/audit-control\/\",\"url\":\"https:\/\/www.paytec.eu\/es\/prodotto\/audit-control\/\",\"name\":\"Audit Control - Paytec\",\"isPartOf\":{\"@id\":\"https:\/\/www.paytec.eu\/#website\"},\"datePublished\":\"2024-10-17T09:41:35+00:00\",\"dateModified\":\"2025-05-08T14:16:59+00:00\",\"breadcrumb\":{\"@id\":\"https:\/\/www.paytec.eu\/es\/prodotto\/audit-control\/#breadcrumb\"},\"inLanguage\":\"es\",\"potentialAction\":[{\"@type\":\"ReadAction\",\"target\":[\"https:\/\/www.paytec.eu\/es\/prodotto\/audit-control\/\"]}]},{\"@type\":\"BreadcrumbList\",\"@id\":\"https:\/\/www.paytec.eu\/es\/prodotto\/audit-control\/#breadcrumb\",\"itemListElement\":[{\"@type\":\"ListItem\",\"position\":1,\"name\":\"Home\",\"item\":\"https:\/\/www.paytec.eu\/es\/\"},{\"@type\":\"ListItem\",\"position\":2,\"name\":\"Tienda\",\"item\":\"https:\/\/www.paytec.eu\/shop\/\"},{\"@type\":\"ListItem\",\"position\":3,\"name\":\"Software\",\"item\":\"https:\/\/www.paytec.eu\/es\/categoria-prodotto\/software-es\/\"},{\"@type\":\"ListItem\",\"position\":4,\"name\":\"Audit Control\"}]},{\"@type\":\"WebSite\",\"@id\":\"https:\/\/www.paytec.eu\/#website\",\"url\":\"https:\/\/www.paytec.eu\/\",\"name\":\"Paytec\",\"description\":\"Smart Payments for Vending\",\"potentialAction\":[{\"@type\":\"SearchAction\",\"target\":{\"@type\":\"EntryPoint\",\"urlTemplate\":\"https:\/\/www.paytec.eu\/?s={search_term_string}\"},\"query-input\":\"required name=search_term_string\"}],\"inLanguage\":\"es\"}]}<\/script>\n<!-- \/ Yoast SEO plugin. -->","yoast_head_json":{"title":"Audit Control - Paytec","robots":{"index":"index","follow":"follow","max-snippet":"max-snippet:-1","max-image-preview":"max-image-preview:large","max-video-preview":"max-video-preview:-1"},"canonical":"https:\/\/www.paytec.eu\/es\/prodotto\/audit-control\/","og_locale":"es_ES","og_type":"article","og_title":"Audit Control - Paytec","og_description":"Obtenga una visibilidad completa de los flujos de pago  Descarga el software  &nbsp;","og_url":"https:\/\/www.paytec.eu\/es\/prodotto\/audit-control\/","og_site_name":"Paytec","article_modified_time":"2025-05-08T14:16:59+00:00","og_image":[{"width":445,"height":270,"url":"https:\/\/www.paytec.eu\/wp-content\/uploads\/2024\/10\/auditcontrol.webp","type":"image\/webp"}],"twitter_card":"summary_large_image","twitter_misc":{"Tiempo de lectura":"1 minuto"},"schema":{"@context":"https:\/\/schema.org","@graph":[{"@type":"WebPage","@id":"https:\/\/www.paytec.eu\/es\/prodotto\/audit-control\/","url":"https:\/\/www.paytec.eu\/es\/prodotto\/audit-control\/","name":"Audit Control - Paytec","isPartOf":{"@id":"https:\/\/www.paytec.eu\/#website"},"datePublished":"2024-10-17T09:41:35+00:00","dateModified":"2025-05-08T14:16:59+00:00","breadcrumb":{"@id":"https:\/\/www.paytec.eu\/es\/prodotto\/audit-control\/#breadcrumb"},"inLanguage":"es","potentialAction":[{"@type":"ReadAction","target":["https:\/\/www.paytec.eu\/es\/prodotto\/audit-control\/"]}]},{"@type":"BreadcrumbList","@id":"https:\/\/www.paytec.eu\/es\/prodotto\/audit-control\/#breadcrumb","itemListElement":[{"@type":"ListItem","position":1,"name":"Home","item":"https:\/\/www.paytec.eu\/es\/"},{"@type":"ListItem","position":2,"name":"Tienda","item":"https:\/\/www.paytec.eu\/shop\/"},{"@type":"ListItem","position":3,"name":"Software","item":"https:\/\/www.paytec.eu\/es\/categoria-prodotto\/software-es\/"},{"@type":"ListItem","position":4,"name":"Audit Control"}]},{"@type":"WebSite","@id":"https:\/\/www.paytec.eu\/#website","url":"https:\/\/www.paytec.eu\/","name":"Paytec","description":"Smart Payments for Vending","potentialAction":[{"@type":"SearchAction","target":{"@type":"EntryPoint","urlTemplate":"https:\/\/www.paytec.eu\/?s={search_term_string}"},"query-input":"required name=search_term_string"}],"inLanguage":"es"}]}},"_links":{"self":[{"href":"https:\/\/www.paytec.eu\/es\/wp-json\/wp\/v2\/product\/16140","targetHints":{"allow":["GET"]}}],"collection":[{"href":"https:\/\/www.paytec.eu\/es\/wp-json\/wp\/v2\/product"}],"about":[{"href":"https:\/\/www.paytec.eu\/es\/wp-json\/wp\/v2\/types\/product"}],"wp:featuredmedia":[{"embeddable":true,"href":"https:\/\/www.paytec.eu\/es\/wp-json\/wp\/v2\/media\/16125"}],"wp:attachment":[{"href":"https:\/\/www.paytec.eu\/es\/wp-json\/wp\/v2\/media?parent=16140"}],"wp:term":[{"taxonomy":"product_cat","embeddable":true,"href":"https:\/\/www.paytec.eu\/es\/wp-json\/wp\/v2\/product_cat?post=16140"},{"taxonomy":"product_tag","embeddable":true,"href":"https:\/\/www.paytec.eu\/es\/wp-json\/wp\/v2\/product_tag?post=16140"}],"curies":[{"name":"wp","href":"https:\/\/api.w.org\/{rel}","templated":true}]}}