{"id":16353,"date":"2024-10-31T08:17:38","date_gmt":"2024-10-30T14:10:38","guid":{"rendered":"https:\/\/www.paytec.eu\/prodotto\/pc-programmer-2\/"},"modified":"2025-05-08T14:15:40","modified_gmt":"2025-05-08T14:15:40","slug":"pc-programmer-2","status":"publish","type":"product","link":"https:\/\/www.paytec.eu\/es\/prodotto\/pc-programmer-2\/","title":{"rendered":"PC Programmer"},"content":{"rendered":"<div class=\"wpb_text_column wpb_content_element vc_custom_1648046829319\">\n<div class=\"wpb_wrapper\">\n<div class=\"q_icon_list\">PC Programmer es una aplicaci\u00f3n de Windows\u00ae dedicada a la\u00a0<strong>gesti\u00f3n de todas las tarjetas\/llaves Paytec<\/strong>\u00a0a trav\u00e9s de Caiman Programmers para dispositivos PIT o Mifare\u00ae.<\/div>\n<\/div>\n<\/div>\n<div class=\"wpb_text_column wpb_content_element vc_custom_1648046818521\">\n<div class=\"wpb_wrapper\">\n<div class=\"q_icon_list\">\n<ul>\n<li>lectura y programaci\u00f3n de llaves y tarjetas<\/li>\n<li>transferencia de datos de auditor\u00eda desde la llave\/tarjeta a la PC<\/li>\n<li>gesti\u00f3n de licencias Mifare\u00ae<\/li>\n<\/ul>\n<div><\/div>\n<div>Acceda al\u00a0<a href=\"https:\/\/paydoc.paytec.it\/es\/login\">\u00c1rea Reservada\u00a0<\/a>para descargarlo inmediatamente y consulte los tutoriales en l\u00ednea para resolver las dudas m\u00e1s comunes o p\u00f3ngase en contacto con el servicio al cliente para obtener m\u00e1s informaci\u00f3n.<\/div>\n<\/div>\n<\/div>\n<\/div>\n","protected":false},"excerpt":{"rendered":"<p>Administre todas las tarjetas\/llaves de Paytec<\/p>\n<p><a class=\"loginBtn\" href=\"https:\/\/paydoc.paytec.it\/it\/login\" target=\"_blank\" rel=\"noopener\">Descarga el software<\/a><\/p>\n","protected":false},"featured_media":16157,"template":"","meta":[],"product_cat":[1015],"product_tag":[],"class_list":["post-16353","product","type-product","status-publish","has-post-thumbnail","hentry","product_cat-software-es"],"acf":[],"yoast_head":"<!-- This site is optimized with the Yoast SEO plugin v21.1 - https:\/\/yoast.com\/wordpress\/plugins\/seo\/ -->\n<title>PC Programmer - Paytec<\/title>\n<meta name=\"robots\" content=\"index, follow, max-snippet:-1, max-image-preview:large, max-video-preview:-1\" \/>\n<link rel=\"canonical\" href=\"https:\/\/www.paytec.eu\/es\/prodotto\/pc-programmer-2\/\" \/>\n<meta property=\"og:locale\" content=\"es_ES\" \/>\n<meta property=\"og:type\" content=\"article\" \/>\n<meta property=\"og:title\" content=\"PC Programmer - Paytec\" \/>\n<meta property=\"og:description\" content=\"Administre todas las tarjetas\/llaves de Paytec  Descarga el software\" \/>\n<meta property=\"og:url\" content=\"https:\/\/www.paytec.eu\/es\/prodotto\/pc-programmer-2\/\" \/>\n<meta property=\"og:site_name\" content=\"Paytec\" \/>\n<meta property=\"article:modified_time\" content=\"2025-05-08T14:15:40+00:00\" \/>\n<meta property=\"og:image\" content=\"https:\/\/www.paytec.eu\/wp-content\/uploads\/2024\/10\/PCProgrammer.webp\" \/>\n\t<meta property=\"og:image:width\" content=\"445\" \/>\n\t<meta property=\"og:image:height\" content=\"270\" \/>\n\t<meta property=\"og:image:type\" content=\"image\/webp\" \/>\n<meta name=\"twitter:card\" content=\"summary_large_image\" \/>\n<meta name=\"twitter:label1\" content=\"Tiempo de lectura\" \/>\n\t<meta name=\"twitter:data1\" content=\"1 minuto\" \/>\n<script type=\"application\/ld+json\" class=\"yoast-schema-graph\">{\"@context\":\"https:\/\/schema.org\",\"@graph\":[{\"@type\":\"WebPage\",\"@id\":\"https:\/\/www.paytec.eu\/es\/prodotto\/pc-programmer-2\/\",\"url\":\"https:\/\/www.paytec.eu\/es\/prodotto\/pc-programmer-2\/\",\"name\":\"PC Programmer - Paytec\",\"isPartOf\":{\"@id\":\"https:\/\/www.paytec.eu\/#website\"},\"datePublished\":\"2024-10-30T14:10:38+00:00\",\"dateModified\":\"2025-05-08T14:15:40+00:00\",\"breadcrumb\":{\"@id\":\"https:\/\/www.paytec.eu\/es\/prodotto\/pc-programmer-2\/#breadcrumb\"},\"inLanguage\":\"es\",\"potentialAction\":[{\"@type\":\"ReadAction\",\"target\":[\"https:\/\/www.paytec.eu\/es\/prodotto\/pc-programmer-2\/\"]}]},{\"@type\":\"BreadcrumbList\",\"@id\":\"https:\/\/www.paytec.eu\/es\/prodotto\/pc-programmer-2\/#breadcrumb\",\"itemListElement\":[{\"@type\":\"ListItem\",\"position\":1,\"name\":\"Home\",\"item\":\"https:\/\/www.paytec.eu\/es\/\"},{\"@type\":\"ListItem\",\"position\":2,\"name\":\"Tienda\",\"item\":\"https:\/\/www.paytec.eu\/shop\/\"},{\"@type\":\"ListItem\",\"position\":3,\"name\":\"Software\",\"item\":\"https:\/\/www.paytec.eu\/es\/categoria-prodotto\/software-es\/\"},{\"@type\":\"ListItem\",\"position\":4,\"name\":\"PC Programmer\"}]},{\"@type\":\"WebSite\",\"@id\":\"https:\/\/www.paytec.eu\/#website\",\"url\":\"https:\/\/www.paytec.eu\/\",\"name\":\"Paytec\",\"description\":\"Smart Payments for Vending\",\"potentialAction\":[{\"@type\":\"SearchAction\",\"target\":{\"@type\":\"EntryPoint\",\"urlTemplate\":\"https:\/\/www.paytec.eu\/?s={search_term_string}\"},\"query-input\":\"required name=search_term_string\"}],\"inLanguage\":\"es\"}]}<\/script>\n<!-- \/ Yoast SEO plugin. -->","yoast_head_json":{"title":"PC Programmer - Paytec","robots":{"index":"index","follow":"follow","max-snippet":"max-snippet:-1","max-image-preview":"max-image-preview:large","max-video-preview":"max-video-preview:-1"},"canonical":"https:\/\/www.paytec.eu\/es\/prodotto\/pc-programmer-2\/","og_locale":"es_ES","og_type":"article","og_title":"PC Programmer - Paytec","og_description":"Administre todas las tarjetas\/llaves de Paytec  Descarga el software","og_url":"https:\/\/www.paytec.eu\/es\/prodotto\/pc-programmer-2\/","og_site_name":"Paytec","article_modified_time":"2025-05-08T14:15:40+00:00","og_image":[{"width":445,"height":270,"url":"https:\/\/www.paytec.eu\/wp-content\/uploads\/2024\/10\/PCProgrammer.webp","type":"image\/webp"}],"twitter_card":"summary_large_image","twitter_misc":{"Tiempo de lectura":"1 minuto"},"schema":{"@context":"https:\/\/schema.org","@graph":[{"@type":"WebPage","@id":"https:\/\/www.paytec.eu\/es\/prodotto\/pc-programmer-2\/","url":"https:\/\/www.paytec.eu\/es\/prodotto\/pc-programmer-2\/","name":"PC Programmer - Paytec","isPartOf":{"@id":"https:\/\/www.paytec.eu\/#website"},"datePublished":"2024-10-30T14:10:38+00:00","dateModified":"2025-05-08T14:15:40+00:00","breadcrumb":{"@id":"https:\/\/www.paytec.eu\/es\/prodotto\/pc-programmer-2\/#breadcrumb"},"inLanguage":"es","potentialAction":[{"@type":"ReadAction","target":["https:\/\/www.paytec.eu\/es\/prodotto\/pc-programmer-2\/"]}]},{"@type":"BreadcrumbList","@id":"https:\/\/www.paytec.eu\/es\/prodotto\/pc-programmer-2\/#breadcrumb","itemListElement":[{"@type":"ListItem","position":1,"name":"Home","item":"https:\/\/www.paytec.eu\/es\/"},{"@type":"ListItem","position":2,"name":"Tienda","item":"https:\/\/www.paytec.eu\/shop\/"},{"@type":"ListItem","position":3,"name":"Software","item":"https:\/\/www.paytec.eu\/es\/categoria-prodotto\/software-es\/"},{"@type":"ListItem","position":4,"name":"PC Programmer"}]},{"@type":"WebSite","@id":"https:\/\/www.paytec.eu\/#website","url":"https:\/\/www.paytec.eu\/","name":"Paytec","description":"Smart Payments for Vending","potentialAction":[{"@type":"SearchAction","target":{"@type":"EntryPoint","urlTemplate":"https:\/\/www.paytec.eu\/?s={search_term_string}"},"query-input":"required name=search_term_string"}],"inLanguage":"es"}]}},"_links":{"self":[{"href":"https:\/\/www.paytec.eu\/es\/wp-json\/wp\/v2\/product\/16353","targetHints":{"allow":["GET"]}}],"collection":[{"href":"https:\/\/www.paytec.eu\/es\/wp-json\/wp\/v2\/product"}],"about":[{"href":"https:\/\/www.paytec.eu\/es\/wp-json\/wp\/v2\/types\/product"}],"wp:featuredmedia":[{"embeddable":true,"href":"https:\/\/www.paytec.eu\/es\/wp-json\/wp\/v2\/media\/16157"}],"wp:attachment":[{"href":"https:\/\/www.paytec.eu\/es\/wp-json\/wp\/v2\/media?parent=16353"}],"wp:term":[{"taxonomy":"product_cat","embeddable":true,"href":"https:\/\/www.paytec.eu\/es\/wp-json\/wp\/v2\/product_cat?post=16353"},{"taxonomy":"product_tag","embeddable":true,"href":"https:\/\/www.paytec.eu\/es\/wp-json\/wp\/v2\/product_tag?post=16353"}],"curies":[{"name":"wp","href":"https:\/\/api.w.org\/{rel}","templated":true}]}}