{"id":16358,"date":"2024-10-31T08:17:44","date_gmt":"2024-10-30T14:47:15","guid":{"rendered":"https:\/\/www.paytec.eu\/prodotto\/paytools-2\/"},"modified":"2025-05-08T14:19:49","modified_gmt":"2025-05-08T14:19:49","slug":"paytools","status":"publish","type":"product","link":"https:\/\/www.paytec.eu\/es\/prodotto\/paytools\/","title":{"rendered":"PayTools"},"content":{"rendered":"<p><strong>Recogida de archivos audit a trav\u00e9s de Bluetooth<\/strong>:<\/p>\n<p>con PayTools el smartphone de la ARD y del t\u00e9cnico se convierte en un programador port\u00e1til, capaz de tomar la auditor\u00eda v\u00eda Bluetooth de los sistemas Paytec y de los principales modelos de monederos de otros fabricantes<\/p>\n<p><strong>Programaci\u00f3n r\u00e1pida y completa de los productos Paytec:<\/strong><\/p>\n<p>PayTools tambi\u00e9n permite una programaci\u00f3n r\u00e1pida y completa de los productos Paytec, tanto siguiendo la l\u00f3gica del programador port\u00e1til P6000, como a trav\u00e9s de p\u00e1ginas de configuraci\u00f3n intuitivas, desarrolladas espec\u00edficamente para dispositivos port\u00e1tiles de varios tama\u00f1os. Finalmente, PayTools tambi\u00e9n te permite realizar el diagn\u00f3stico funcional del monedero<\/p>\n<p><strong>Actualizaci\u00f3n de firmware OPTO y gesti\u00f3n de lista negra de llaves:<\/strong><\/p>\n<p>La \u00faltima versi\u00f3n de PayTools ahora tambi\u00e9n permite la actualizaci\u00f3n directa del Firmware OPTO sin el uso de otras herramientas y la gesti\u00f3n de las Listas Negras, cargando r\u00e1pidamente los n\u00fameros de las llaves a bloquear<\/p>\n<p><strong>Compartir archivos descargados:<\/strong><\/p>\n<p>Los archivos descargados se pueden compartir con la asistencia de Paytec pr\u00e1cticamente en tiempo real, para verificar la correcta configuraci\u00f3n de los sistemas directamente en el campo.A trav\u00e9s de la aplicaci\u00f3n PayTools, los archivos de auditor\u00eda y configuraci\u00f3n tambi\u00e9n se pueden cargar en la plataforma PayCloud para controlar y actualizar de forma remota a sus distribuidores de manera similar a las soluciones de telemetr\u00eda, pero sin incurrir en los costos t\u00edpicos de este tipo de servicio. Todas las configuraciones y auditor\u00edas se almacenan de forma segura, eliminando la posibilidad de errores y asegurando siempre la m\u00e1xima visibilidad sobre la situaci\u00f3n en el campo y sin tener que conectar remotamente todas las m\u00e1quinas expendedoras.<\/p>\n<p>&nbsp;<\/p>\n","protected":false},"excerpt":{"rendered":"<div class=\"wpb_text_column wpb_content_element vc_custom_1648211128330\">\n<div class=\"wpb_wrapper\">\n<div class=\"q_icon_list\">\n<div class=\"wpb_text_column wpb_content_element vc_custom_1648211128330\">\n<div class=\"wpb_wrapper\">\n<div class=\"q_icon_list\">PayTools es una\u00a0<strong>aplicaci\u00f3n gratuita para Android<\/strong>\u00a0que te permite entrar en una dimensi\u00f3n m\u00e1s\u00a0<strong>pr\u00e1ctica<\/strong>\u00a0para la gesti\u00f3n de los sistemas de pago.<\/div>\n<\/div>\n<\/div>\n<div class=\"wpb_text_column wpb_content_element vc_custom_1648209810588\">\n<div class=\"wpb_wrapper\">\n<div class=\"q_icon_list\">Con PayTools, el smartphone de la ARD y del t\u00e9cnico se convierte en un\u00a0<strong>programador port\u00e1til<\/strong> y m\u00e1s.<\/div>\n<\/div>\n<\/div>\n<\/div>\n<\/div>\n<\/div>\n<div class=\"wpb_text_column wpb_content_element vc_custom_1648209810588\">\n<div><\/div>\n<div><strong>Puedes descargarlo inmediatamente desde Play Store o con el c\u00f3digo QR.<\/strong><\/div>\n<\/div>\n<p>&nbsp;<\/p>\n","protected":false},"featured_media":16079,"template":"","meta":[],"product_cat":[1015],"product_tag":[],"class_list":["post-16358","product","type-product","status-publish","has-post-thumbnail","hentry","product_cat-software-es"],"acf":[],"yoast_head":"<!-- This site is optimized with the Yoast SEO plugin v21.1 - https:\/\/yoast.com\/wordpress\/plugins\/seo\/ -->\n<title>PayTools - Paytec<\/title>\n<meta name=\"robots\" content=\"index, follow, max-snippet:-1, max-image-preview:large, max-video-preview:-1\" \/>\n<link rel=\"canonical\" href=\"https:\/\/www.paytec.eu\/es\/prodotto\/paytools\/\" \/>\n<meta property=\"og:locale\" content=\"es_ES\" \/>\n<meta property=\"og:type\" content=\"article\" \/>\n<meta property=\"og:title\" content=\"PayTools - Paytec\" \/>\n<meta property=\"og:description\" content=\"PayTools es una\u00a0aplicaci\u00f3n gratuita para Android\u00a0que te permite entrar en una dimensi\u00f3n m\u00e1s\u00a0pr\u00e1ctica\u00a0para la gesti\u00f3n de los sistemas de pago.     Con PayTools, el smartphone de la ARD y del t\u00e9cnico se convierte en un\u00a0programador port\u00e1til y m\u00e1s.        Puedes descargarlo inmediatamente desde Play Store o con el c\u00f3digo QR.  &nbsp;\" \/>\n<meta property=\"og:url\" content=\"https:\/\/www.paytec.eu\/es\/prodotto\/paytools\/\" \/>\n<meta property=\"og:site_name\" content=\"Paytec\" \/>\n<meta property=\"article:modified_time\" content=\"2025-05-08T14:19:49+00:00\" \/>\n<meta property=\"og:image\" content=\"https:\/\/www.paytec.eu\/wp-content\/uploads\/2024\/10\/paytools-tel.webp\" \/>\n\t<meta property=\"og:image:width\" content=\"1275\" \/>\n\t<meta property=\"og:image:height\" content=\"1275\" \/>\n\t<meta property=\"og:image:type\" content=\"image\/webp\" \/>\n<meta name=\"twitter:card\" content=\"summary_large_image\" \/>\n<meta name=\"twitter:label1\" content=\"Tiempo de lectura\" \/>\n\t<meta name=\"twitter:data1\" content=\"2 minutos\" \/>\n<script type=\"application\/ld+json\" class=\"yoast-schema-graph\">{\"@context\":\"https:\/\/schema.org\",\"@graph\":[{\"@type\":\"WebPage\",\"@id\":\"https:\/\/www.paytec.eu\/es\/prodotto\/paytools\/\",\"url\":\"https:\/\/www.paytec.eu\/es\/prodotto\/paytools\/\",\"name\":\"PayTools - Paytec\",\"isPartOf\":{\"@id\":\"https:\/\/www.paytec.eu\/#website\"},\"datePublished\":\"2024-10-30T14:47:15+00:00\",\"dateModified\":\"2025-05-08T14:19:49+00:00\",\"breadcrumb\":{\"@id\":\"https:\/\/www.paytec.eu\/es\/prodotto\/paytools\/#breadcrumb\"},\"inLanguage\":\"es\",\"potentialAction\":[{\"@type\":\"ReadAction\",\"target\":[\"https:\/\/www.paytec.eu\/es\/prodotto\/paytools\/\"]}]},{\"@type\":\"BreadcrumbList\",\"@id\":\"https:\/\/www.paytec.eu\/es\/prodotto\/paytools\/#breadcrumb\",\"itemListElement\":[{\"@type\":\"ListItem\",\"position\":1,\"name\":\"Home\",\"item\":\"https:\/\/www.paytec.eu\/es\/\"},{\"@type\":\"ListItem\",\"position\":2,\"name\":\"Tienda\",\"item\":\"https:\/\/www.paytec.eu\/shop\/\"},{\"@type\":\"ListItem\",\"position\":3,\"name\":\"Software\",\"item\":\"https:\/\/www.paytec.eu\/es\/categoria-prodotto\/software-es\/\"},{\"@type\":\"ListItem\",\"position\":4,\"name\":\"PayTools\"}]},{\"@type\":\"WebSite\",\"@id\":\"https:\/\/www.paytec.eu\/#website\",\"url\":\"https:\/\/www.paytec.eu\/\",\"name\":\"Paytec\",\"description\":\"Smart Payments for Vending\",\"potentialAction\":[{\"@type\":\"SearchAction\",\"target\":{\"@type\":\"EntryPoint\",\"urlTemplate\":\"https:\/\/www.paytec.eu\/?s={search_term_string}\"},\"query-input\":\"required name=search_term_string\"}],\"inLanguage\":\"es\"}]}<\/script>\n<!-- \/ Yoast SEO plugin. -->","yoast_head_json":{"title":"PayTools - Paytec","robots":{"index":"index","follow":"follow","max-snippet":"max-snippet:-1","max-image-preview":"max-image-preview:large","max-video-preview":"max-video-preview:-1"},"canonical":"https:\/\/www.paytec.eu\/es\/prodotto\/paytools\/","og_locale":"es_ES","og_type":"article","og_title":"PayTools - Paytec","og_description":"PayTools es una\u00a0aplicaci\u00f3n gratuita para Android\u00a0que te permite entrar en una dimensi\u00f3n m\u00e1s\u00a0pr\u00e1ctica\u00a0para la gesti\u00f3n de los sistemas de pago.     Con PayTools, el smartphone de la ARD y del t\u00e9cnico se convierte en un\u00a0programador port\u00e1til y m\u00e1s.        Puedes descargarlo inmediatamente desde Play Store o con el c\u00f3digo QR.  &nbsp;","og_url":"https:\/\/www.paytec.eu\/es\/prodotto\/paytools\/","og_site_name":"Paytec","article_modified_time":"2025-05-08T14:19:49+00:00","og_image":[{"width":1275,"height":1275,"url":"https:\/\/www.paytec.eu\/wp-content\/uploads\/2024\/10\/paytools-tel.webp","type":"image\/webp"}],"twitter_card":"summary_large_image","twitter_misc":{"Tiempo de lectura":"2 minutos"},"schema":{"@context":"https:\/\/schema.org","@graph":[{"@type":"WebPage","@id":"https:\/\/www.paytec.eu\/es\/prodotto\/paytools\/","url":"https:\/\/www.paytec.eu\/es\/prodotto\/paytools\/","name":"PayTools - Paytec","isPartOf":{"@id":"https:\/\/www.paytec.eu\/#website"},"datePublished":"2024-10-30T14:47:15+00:00","dateModified":"2025-05-08T14:19:49+00:00","breadcrumb":{"@id":"https:\/\/www.paytec.eu\/es\/prodotto\/paytools\/#breadcrumb"},"inLanguage":"es","potentialAction":[{"@type":"ReadAction","target":["https:\/\/www.paytec.eu\/es\/prodotto\/paytools\/"]}]},{"@type":"BreadcrumbList","@id":"https:\/\/www.paytec.eu\/es\/prodotto\/paytools\/#breadcrumb","itemListElement":[{"@type":"ListItem","position":1,"name":"Home","item":"https:\/\/www.paytec.eu\/es\/"},{"@type":"ListItem","position":2,"name":"Tienda","item":"https:\/\/www.paytec.eu\/shop\/"},{"@type":"ListItem","position":3,"name":"Software","item":"https:\/\/www.paytec.eu\/es\/categoria-prodotto\/software-es\/"},{"@type":"ListItem","position":4,"name":"PayTools"}]},{"@type":"WebSite","@id":"https:\/\/www.paytec.eu\/#website","url":"https:\/\/www.paytec.eu\/","name":"Paytec","description":"Smart Payments for Vending","potentialAction":[{"@type":"SearchAction","target":{"@type":"EntryPoint","urlTemplate":"https:\/\/www.paytec.eu\/?s={search_term_string}"},"query-input":"required name=search_term_string"}],"inLanguage":"es"}]}},"_links":{"self":[{"href":"https:\/\/www.paytec.eu\/es\/wp-json\/wp\/v2\/product\/16358","targetHints":{"allow":["GET"]}}],"collection":[{"href":"https:\/\/www.paytec.eu\/es\/wp-json\/wp\/v2\/product"}],"about":[{"href":"https:\/\/www.paytec.eu\/es\/wp-json\/wp\/v2\/types\/product"}],"wp:featuredmedia":[{"embeddable":true,"href":"https:\/\/www.paytec.eu\/es\/wp-json\/wp\/v2\/media\/16079"}],"wp:attachment":[{"href":"https:\/\/www.paytec.eu\/es\/wp-json\/wp\/v2\/media?parent=16358"}],"wp:term":[{"taxonomy":"product_cat","embeddable":true,"href":"https:\/\/www.paytec.eu\/es\/wp-json\/wp\/v2\/product_cat?post=16358"},{"taxonomy":"product_tag","embeddable":true,"href":"https:\/\/www.paytec.eu\/es\/wp-json\/wp\/v2\/product_tag?post=16358"}],"curies":[{"name":"wp","href":"https:\/\/api.w.org\/{rel}","templated":true}]}}